{"id":995,"date":"2023-03-27T11:58:13","date_gmt":"2023-03-27T11:58:13","guid":{"rendered":"https:\/\/nashvilleknifeshop.com\/de\/?page_id=995"},"modified":"2023-04-11T19:16:23","modified_gmt":"2023-04-11T19:16:23","slug":"nassrasur","status":"publish","type":"page","link":"https:\/\/nashvilleknifeshop.com\/de\/nassrasur\/","title":{"rendered":"Nassrasur"},"content":{"rendered":"<div class=\"gb-container gb-container-a68f7ee7\"><div class=\"gb-inside-container\">\n\n<p class=\"gb-headline gb-headline-da857073 icon-reversed\"><span class=\"gb-icon\"><svg viewBox=\"0 0 218.28 17.62\" xmlns=\"http:\/\/www.w3.org\/2000\/svg\" data-name=\"Capa 1\"><path d=\"M0 0h217.92v17.62H0z\"><\/path><\/svg><\/span><span class=\"gb-headline-text\">DIE RICHTIGE RASUR F\u00dcR DEN MANN<\/span><\/p>\n\n<\/div><\/div>\n\n<div class=\"gb-container gb-container-72aaaf6c\"><div class=\"gb-inside-container\">\n<div class=\"gb-grid-wrapper gb-grid-wrapper-97dd5751\">\n<div class=\"gb-grid-column gb-grid-column-cfc59179\"><div class=\"gb-container gb-container-cfc59179\"><div class=\"gb-inside-container\">\n<a class=\"gb-container gb-container-989de8ad\" href=\"https:\/\/nashvilleknifeshop.com\/de\/nassrasur\/nassrasur-maenner\/\"><div class=\"gb-inside-container\"><\/div><\/a>\n\n<div class=\"gb-container gb-container-4adb3d94\"><div class=\"gb-inside-container\">\n\n<h4 class=\"gb-headline gb-headline-9f7a434d gb-headline-text\">Was macht den besten Nassrasierer aus?<\/h4>\n\n\n\n<p class=\"gb-headline gb-headline-e8b326cd gb-headline-text\">Die Ausstattungen guter Nassrasierer sind unterschiedlich. In der Regel besitzen sie einen Rasierkopf mit zwei bis sechs Klingen. Nur der Rasierhobel und der Einmalrasierer kommen mit einer Klinge aus, wobei es Einmalrasierer auch mit mehreren Klingen gibt. Nassrasierer werden auch als Systemrasierer bezeichnet. Wir zeigen, welche Nassrasierer es gibt.<\/p>\n\n\n<div class=\"gb-button-wrapper gb-button-wrapper-4c966cca\">\n\n<a class=\"gb-button gb-button-fe56df04 gb-button-text\" href=\"https:\/\/nashvilleknifeshop.com\/de\/nassrasur\/nassrasur-maenner\/\">MEHR ERFAHREN<\/a>\n\n<\/div>\n<\/div><\/div>\n<\/div><\/div><\/div>\n\n<div class=\"gb-grid-column gb-grid-column-7d7743f8\"><div class=\"gb-container gb-container-7d7743f8\"><div class=\"gb-inside-container\">\n<a class=\"gb-container gb-container-74988aa5\" href=\"https:\/\/nashvilleknifeshop.com\/de\/nassrasur\/rasierschaum\/\"><div class=\"gb-inside-container\"><\/div><\/a>\n\n<div class=\"gb-container gb-container-348b2423\"><div class=\"gb-inside-container\">\n\n<h4 class=\"gb-headline gb-headline-b1827398 gb-headline-text\">Rasierschaum \u2013 ein Multitalent<\/h4>\n\n\n\n<p class=\"gb-headline gb-headline-70170f97 gb-headline-text\">Die Nassrasur ohne Rasierschaum ist undenkbar, denn Rasierschaum verbessert die Gleiteigenschaften der Rasierklinge, sodass die Haut bei der Rasur weniger gereizt wird. Rasierschaum enth\u00e4lt Pflegestoffe, die der Haut Feuchtigkeit schenken, denn jede Rasur ist im Gesicht wie ein kleines Peeling.<\/p>\n\n\n<div class=\"gb-button-wrapper gb-button-wrapper-4c966cca\">\n\n<a class=\"gb-button gb-button-fe56df04 gb-button-text\" href=\"https:\/\/nashvilleknifeshop.com\/de\/nassrasur\/rasierschaum\/\">MEHR ERFAHREN<\/a>\n\n<\/div>\n<\/div><\/div>\n<\/div><\/div><\/div>\n\n<div class=\"gb-grid-column gb-grid-column-dbb32930\"><div class=\"gb-container gb-container-dbb32930\"><div class=\"gb-inside-container\">\n<a class=\"gb-container gb-container-bec2e3db\" href=\"https:\/\/nashvilleknifeshop.com\/de\/nassrasur\/rasieroel\/\"><div class=\"gb-inside-container\"><\/div><\/a>\n\n<div class=\"gb-container gb-container-3757e8a6\"><div class=\"gb-inside-container\">\n\n<h4 class=\"gb-headline gb-headline-d7767cef gb-headline-text\">Rasier\u00f6l <br>richtig verwenden<\/h4>\n\n\n\n<p class=\"gb-headline gb-headline-95cbf062 gb-headline-text\">Neben Rasierschaum, Rasiergel und Rasierseife ist Rasier\u00f6l ein weiteres Produkt um die Haare auf die Rasur vorzubereiten. Warum aber Rasier\u00f6l verwenden? Welche Vorteile hat Rasier\u00f6l, das seit einigen Jahren einen Aufschwung erlebt, gegen\u00fcber den anderen Produkten f\u00fcr die Nassrasur?<\/p>\n\n\n<div class=\"gb-button-wrapper gb-button-wrapper-4c966cca\">\n\n<a class=\"gb-button gb-button-fe56df04 gb-button-text\" href=\"https:\/\/nashvilleknifeshop.com\/de\/nassrasur\/rasieroel\/\">MEHR ERFAHREN<\/a>\n\n<\/div>\n<\/div><\/div>\n<\/div><\/div><\/div>\n<\/div>\n<\/div><\/div>\n\n<div class=\"gb-container gb-container-2c1e614d\"><div class=\"gb-inside-container\">\n<div class=\"gb-grid-wrapper gb-grid-wrapper-08d13165\">\n<div class=\"gb-grid-column gb-grid-column-c3903205\"><div class=\"gb-container gb-container-c3903205\"><div class=\"gb-inside-container\">\n<a class=\"gb-container gb-container-33f8914e\" href=\"https:\/\/nashvilleknifeshop.com\/de\/nassrasur\/rasiergel\/\"><div class=\"gb-inside-container\"><\/div><\/a>\n\n<div class=\"gb-container gb-container-a73f372e\"><div class=\"gb-inside-container\">\n\n<h4 class=\"gb-headline gb-headline-41567a8c gb-headline-text\">Rasiergel f\u00fcr die Nassrasur<\/h4>\n\n\n\n<p class=\"gb-headline gb-headline-a81be3b6 gb-headline-text\">Anders als Rasierschaum ist das Gel nach der Entnahme nicht gebrauchsfertig. Es muss erst zwischen den Handfl\u00e4chen oder mit einem sch\u00f6nen Rasierpinsel fertig aufgesch\u00e4umt werden. Erst anschlie\u00dfend kann es leicht in die Haut einmassiert werden. Rasiergel haftet im Vergleich mit Rasierschaum besser auf der Haut und ist sparsamer im Verbrauch als der Schaum aus der Dose.<\/p>\n\n\n<div class=\"gb-button-wrapper gb-button-wrapper-4c966cca\">\n\n<a class=\"gb-button gb-button-fe56df04 gb-button-text\" href=\"https:\/\/nashvilleknifeshop.com\/de\/nassrasur\/rasiergel\/\">MEHR ERFAHREN<\/a>\n\n<\/div>\n<\/div><\/div>\n<\/div><\/div><\/div>\n\n<div class=\"gb-grid-column gb-grid-column-4d1d3211\"><div class=\"gb-container gb-container-4d1d3211\"><div class=\"gb-inside-container\">\n<a class=\"gb-container gb-container-7d37c0d0\" href=\"https:\/\/nashvilleknifeshop.com\/de\/nassrasur\/rasierseife\/\"><div class=\"gb-inside-container\"><\/div><\/a>\n\n<div class=\"gb-container gb-container-3a41e2a9\"><div class=\"gb-inside-container\">\n\n<h4 class=\"gb-headline gb-headline-47b78b59 gb-headline-text\">Die beste Rasierseife finden<\/h4>\n\n\n\n<p class=\"gb-headline gb-headline-fa890bb0 gb-headline-text\">Wer das Rasieren zu einem Ritual machen will, kann anstatt von Rasierschaum eine Rasierseife verwenden. Anders als Rasierschaum hat Rasierseife eine cremige Konsistenz. Daf\u00fcr muss die Rasierseife mit Wasser und einem Rasierpinsel aufgesch\u00e4umt werden. Durch den stabilen Rasierschaum werden auch feinere Barthaare besonders gut auf die Rasur vorbereitet.<\/p>\n\n\n<div class=\"gb-button-wrapper gb-button-wrapper-99183aa6\">\n\n<a class=\"gb-button gb-button-b05e493d gb-button-text\" href=\"https:\/\/nashvilleknifeshop.com\/de\/nassrasur\/rasierseife\/\">MEHR ERFAHREN<\/a>\n\n<\/div>\n<\/div><\/div>\n<\/div><\/div><\/div>\n\n<div class=\"gb-grid-column gb-grid-column-ca02f54c\"><div class=\"gb-container gb-container-ca02f54c\"><div class=\"gb-inside-container\">\n<a class=\"gb-container gb-container-33436373\" href=\"https:\/\/nashvilleknifeshop.com\/de\/nassrasur\/bart-schneiden-leicht-gemacht\/\"><div class=\"gb-inside-container\"><\/div><\/a>\n\n<div class=\"gb-container gb-container-cea05228\"><div class=\"gb-inside-container\">\n\n<h4 class=\"gb-headline gb-headline-67fc2f93 gb-headline-text\">Bart schneiden leicht gemacht<\/h4>\n\n\n\n<p class=\"gb-headline gb-headline-e7784ae9 gb-headline-text\">Wer sich einen Bart stehen lassen will, muss diesen pflegen, damit der Vollbart, Oberlippenbart oder 3-Tage-Bart auch gut aussieht. Das wichtigste Zubeh\u00f6r ist ein Barttrimmer. Hoch im Kurs stehen Trimmer mit verschiedenen Aufs\u00e4tzen f\u00fcr unterschiedliche Schnittl\u00e4ngen, die sich auch ohne Aufsatz f\u00fcr die Konturen an Hals und Wangen verwenden lassen. Wer es sich zutraut, kann die Konturen auch mit einem Nassrasierer oder dem Rasiermesser ziehen.<\/p>\n\n\n<div class=\"gb-button-wrapper gb-button-wrapper-2fef5e6e\">\n\n<a class=\"gb-button gb-button-b3d2887e gb-button-text\" href=\"https:\/\/nashvilleknifeshop.com\/de\/nassrasur\/bart-schneiden-leicht-gemacht\/\">MEHR ERFAHREN<\/a>\n\n<\/div>\n<\/div><\/div>\n<\/div><\/div><\/div>\n<\/div>\n<\/div><\/div>","protected":false},"excerpt":{"rendered":"<p>DIE RICHTIGE RASUR F\u00dcR DEN MANN<\/p>\n","protected":false},"author":1,"featured_media":46,"parent":0,"menu_order":0,"comment_status":"closed","ping_status":"closed","template":"","meta":{"inline_featured_image":false,"footnotes":""},"class_list":["post-995","page","type-page","status-publish","has-post-thumbnail"],"yoast_head":"<!-- This site is optimized with the Yoast SEO plugin v26.8 - https:\/\/yoast.com\/product\/yoast-seo-wordpress\/ -->\n<title>Nassrasur - die richtige Rasur f\u00fcr den Mann<\/title>\n<meta name=\"description\" content=\"Wer sich einen Bart stehen lassen will, muss diesen pflegen, damit der Vollbart, Oberlippenbart oder 3-Tage-Bart auch gut aussieht.\" \/>\n<meta name=\"robots\" content=\"index, follow, max-snippet:-1, max-image-preview:large, max-video-preview:-1\" \/>\n<link rel=\"canonical\" href=\"https:\/\/nashvilleknifeshop.com\/de\/nassrasur\/\" \/>\n<meta property=\"og:locale\" content=\"de_DE\" \/>\n<meta property=\"og:type\" content=\"article\" \/>\n<meta property=\"og:title\" content=\"Nassrasur - die richtige Rasur f\u00fcr den Mann\" \/>\n<meta property=\"og:description\" content=\"Wer sich einen Bart stehen lassen will, muss diesen pflegen, damit der Vollbart, Oberlippenbart oder 3-Tage-Bart auch gut aussieht.\" \/>\n<meta property=\"og:url\" content=\"https:\/\/nashvilleknifeshop.com\/de\/nassrasur\/\" \/>\n<meta property=\"og:site_name\" content=\"Deutsch\" \/>\n<meta property=\"article:modified_time\" content=\"2023-04-11T19:16:23+00:00\" \/>\n<meta name=\"twitter:card\" content=\"summary_large_image\" \/>\n<meta name=\"twitter:label1\" content=\"Gesch\u00e4tzte Lesezeit\" \/>\n\t<meta name=\"twitter:data1\" content=\"2\u00a0Minuten\" \/>\n<script type=\"application\/ld+json\" class=\"yoast-schema-graph\">{\"@context\":\"https:\/\/schema.org\",\"@graph\":[{\"@type\":\"WebPage\",\"@id\":\"https:\/\/nashvilleknifeshop.com\/de\/nassrasur\/\",\"url\":\"https:\/\/nashvilleknifeshop.com\/de\/nassrasur\/\",\"name\":\"Nassrasur - die richtige Rasur f\u00fcr den Mann\",\"isPartOf\":{\"@id\":\"https:\/\/nashvilleknifeshop.com\/de\/#website\"},\"primaryImageOfPage\":{\"@id\":\"https:\/\/nashvilleknifeshop.com\/de\/nassrasur\/#primaryimage\"},\"image\":{\"@id\":\"https:\/\/nashvilleknifeshop.com\/de\/nassrasur\/#primaryimage\"},\"thumbnailUrl\":\"https:\/\/nashvilleknifeshop.com\/de\/wp-content\/uploads\/2023\/03\/wet-shave-header-2-800px.jpg\",\"datePublished\":\"2023-03-27T11:58:13+00:00\",\"dateModified\":\"2023-04-11T19:16:23+00:00\",\"description\":\"Wer sich einen Bart stehen lassen will, muss diesen pflegen, damit der Vollbart, Oberlippenbart oder 3-Tage-Bart auch gut aussieht.\",\"breadcrumb\":{\"@id\":\"https:\/\/nashvilleknifeshop.com\/de\/nassrasur\/#breadcrumb\"},\"inLanguage\":\"de\",\"potentialAction\":[{\"@type\":\"ReadAction\",\"target\":[\"https:\/\/nashvilleknifeshop.com\/de\/nassrasur\/\"]}]},{\"@type\":\"ImageObject\",\"inLanguage\":\"de\",\"@id\":\"https:\/\/nashvilleknifeshop.com\/de\/nassrasur\/#primaryimage\",\"url\":\"https:\/\/nashvilleknifeshop.com\/de\/wp-content\/uploads\/2023\/03\/wet-shave-header-2-800px.jpg\",\"contentUrl\":\"https:\/\/nashvilleknifeshop.com\/de\/wp-content\/uploads\/2023\/03\/wet-shave-header-2-800px.jpg\"},{\"@type\":\"BreadcrumbList\",\"@id\":\"https:\/\/nashvilleknifeshop.com\/de\/nassrasur\/#breadcrumb\",\"itemListElement\":[{\"@type\":\"ListItem\",\"position\":1,\"name\":\"Home\",\"item\":\"https:\/\/nashvilleknifeshop.com\/de\/\"},{\"@type\":\"ListItem\",\"position\":2,\"name\":\"Nassrasur\"}]},{\"@type\":\"WebSite\",\"@id\":\"https:\/\/nashvilleknifeshop.com\/de\/#website\",\"url\":\"https:\/\/nashvilleknifeshop.com\/de\/\",\"name\":\"Deutsch\",\"description\":\"Just another nashvilleknifeshop Sites site\",\"publisher\":{\"@id\":\"https:\/\/nashvilleknifeshop.com\/de\/#organization\"},\"potentialAction\":[{\"@type\":\"SearchAction\",\"target\":{\"@type\":\"EntryPoint\",\"urlTemplate\":\"https:\/\/nashvilleknifeshop.com\/de\/?s={search_term_string}\"},\"query-input\":{\"@type\":\"PropertyValueSpecification\",\"valueRequired\":true,\"valueName\":\"search_term_string\"}}],\"inLanguage\":\"de\"},{\"@type\":\"Organization\",\"@id\":\"https:\/\/nashvilleknifeshop.com\/de\/#organization\",\"name\":\"Deutsch\",\"url\":\"https:\/\/nashvilleknifeshop.com\/de\/\",\"logo\":{\"@type\":\"ImageObject\",\"inLanguage\":\"de\",\"@id\":\"https:\/\/nashvilleknifeshop.com\/de\/#\/schema\/logo\/image\/\",\"url\":\"https:\/\/nashvilleknifeshop.com\/de\/wp-content\/uploads\/2023\/03\/cropped-favicon.png\",\"contentUrl\":\"https:\/\/nashvilleknifeshop.com\/de\/wp-content\/uploads\/2023\/03\/cropped-favicon.png\",\"width\":512,\"height\":512,\"caption\":\"Deutsch\"},\"image\":{\"@id\":\"https:\/\/nashvilleknifeshop.com\/de\/#\/schema\/logo\/image\/\"}}]}<\/script>\n<!-- \/ Yoast SEO plugin. -->","yoast_head_json":{"title":"Nassrasur - die richtige Rasur f\u00fcr den Mann","description":"Wer sich einen Bart stehen lassen will, muss diesen pflegen, damit der Vollbart, Oberlippenbart oder 3-Tage-Bart auch gut aussieht.","robots":{"index":"index","follow":"follow","max-snippet":"max-snippet:-1","max-image-preview":"max-image-preview:large","max-video-preview":"max-video-preview:-1"},"canonical":"https:\/\/nashvilleknifeshop.com\/de\/nassrasur\/","og_locale":"de_DE","og_type":"article","og_title":"Nassrasur - die richtige Rasur f\u00fcr den Mann","og_description":"Wer sich einen Bart stehen lassen will, muss diesen pflegen, damit der Vollbart, Oberlippenbart oder 3-Tage-Bart auch gut aussieht.","og_url":"https:\/\/nashvilleknifeshop.com\/de\/nassrasur\/","og_site_name":"Deutsch","article_modified_time":"2023-04-11T19:16:23+00:00","twitter_card":"summary_large_image","twitter_misc":{"Gesch\u00e4tzte Lesezeit":"2\u00a0Minuten"},"schema":{"@context":"https:\/\/schema.org","@graph":[{"@type":"WebPage","@id":"https:\/\/nashvilleknifeshop.com\/de\/nassrasur\/","url":"https:\/\/nashvilleknifeshop.com\/de\/nassrasur\/","name":"Nassrasur - die richtige Rasur f\u00fcr den Mann","isPartOf":{"@id":"https:\/\/nashvilleknifeshop.com\/de\/#website"},"primaryImageOfPage":{"@id":"https:\/\/nashvilleknifeshop.com\/de\/nassrasur\/#primaryimage"},"image":{"@id":"https:\/\/nashvilleknifeshop.com\/de\/nassrasur\/#primaryimage"},"thumbnailUrl":"https:\/\/nashvilleknifeshop.com\/de\/wp-content\/uploads\/2023\/03\/wet-shave-header-2-800px.jpg","datePublished":"2023-03-27T11:58:13+00:00","dateModified":"2023-04-11T19:16:23+00:00","description":"Wer sich einen Bart stehen lassen will, muss diesen pflegen, damit der Vollbart, Oberlippenbart oder 3-Tage-Bart auch gut aussieht.","breadcrumb":{"@id":"https:\/\/nashvilleknifeshop.com\/de\/nassrasur\/#breadcrumb"},"inLanguage":"de","potentialAction":[{"@type":"ReadAction","target":["https:\/\/nashvilleknifeshop.com\/de\/nassrasur\/"]}]},{"@type":"ImageObject","inLanguage":"de","@id":"https:\/\/nashvilleknifeshop.com\/de\/nassrasur\/#primaryimage","url":"https:\/\/nashvilleknifeshop.com\/de\/wp-content\/uploads\/2023\/03\/wet-shave-header-2-800px.jpg","contentUrl":"https:\/\/nashvilleknifeshop.com\/de\/wp-content\/uploads\/2023\/03\/wet-shave-header-2-800px.jpg"},{"@type":"BreadcrumbList","@id":"https:\/\/nashvilleknifeshop.com\/de\/nassrasur\/#breadcrumb","itemListElement":[{"@type":"ListItem","position":1,"name":"Home","item":"https:\/\/nashvilleknifeshop.com\/de\/"},{"@type":"ListItem","position":2,"name":"Nassrasur"}]},{"@type":"WebSite","@id":"https:\/\/nashvilleknifeshop.com\/de\/#website","url":"https:\/\/nashvilleknifeshop.com\/de\/","name":"Deutsch","description":"Just another nashvilleknifeshop Sites site","publisher":{"@id":"https:\/\/nashvilleknifeshop.com\/de\/#organization"},"potentialAction":[{"@type":"SearchAction","target":{"@type":"EntryPoint","urlTemplate":"https:\/\/nashvilleknifeshop.com\/de\/?s={search_term_string}"},"query-input":{"@type":"PropertyValueSpecification","valueRequired":true,"valueName":"search_term_string"}}],"inLanguage":"de"},{"@type":"Organization","@id":"https:\/\/nashvilleknifeshop.com\/de\/#organization","name":"Deutsch","url":"https:\/\/nashvilleknifeshop.com\/de\/","logo":{"@type":"ImageObject","inLanguage":"de","@id":"https:\/\/nashvilleknifeshop.com\/de\/#\/schema\/logo\/image\/","url":"https:\/\/nashvilleknifeshop.com\/de\/wp-content\/uploads\/2023\/03\/cropped-favicon.png","contentUrl":"https:\/\/nashvilleknifeshop.com\/de\/wp-content\/uploads\/2023\/03\/cropped-favicon.png","width":512,"height":512,"caption":"Deutsch"},"image":{"@id":"https:\/\/nashvilleknifeshop.com\/de\/#\/schema\/logo\/image\/"}}]}},"_links":{"self":[{"href":"https:\/\/nashvilleknifeshop.com\/de\/wp-json\/wp\/v2\/pages\/995","targetHints":{"allow":["GET"]}}],"collection":[{"href":"https:\/\/nashvilleknifeshop.com\/de\/wp-json\/wp\/v2\/pages"}],"about":[{"href":"https:\/\/nashvilleknifeshop.com\/de\/wp-json\/wp\/v2\/types\/page"}],"author":[{"embeddable":true,"href":"https:\/\/nashvilleknifeshop.com\/de\/wp-json\/wp\/v2\/users\/1"}],"replies":[{"embeddable":true,"href":"https:\/\/nashvilleknifeshop.com\/de\/wp-json\/wp\/v2\/comments?post=995"}],"version-history":[{"count":24,"href":"https:\/\/nashvilleknifeshop.com\/de\/wp-json\/wp\/v2\/pages\/995\/revisions"}],"predecessor-version":[{"id":1323,"href":"https:\/\/nashvilleknifeshop.com\/de\/wp-json\/wp\/v2\/pages\/995\/revisions\/1323"}],"wp:featuredmedia":[{"embeddable":true,"href":"https:\/\/nashvilleknifeshop.com\/de\/wp-json\/"}],"wp:attachment":[{"href":"https:\/\/nashvilleknifeshop.com\/de\/wp-json\/wp\/v2\/media?parent=995"}],"curies":[{"name":"wp","href":"https:\/\/api.w.org\/{rel}","templated":true}]}}