{"id":889,"date":"2023-03-26T14:40:17","date_gmt":"2023-03-26T12:40:17","guid":{"rendered":"https:\/\/test.nashvilleknifeshop.com\/?page_id=889"},"modified":"2023-04-04T16:53:40","modified_gmt":"2023-04-04T16:53:40","slug":"frauen-rasierer","status":"publish","type":"page","link":"https:\/\/nashvilleknifeshop.com\/de\/frauen-rasierer\/","title":{"rendered":"Damenrasur"},"content":{"rendered":"<div class=\"gb-container gb-container-a68f7ee7\"><div class=\"gb-inside-container\">\n\n<p class=\"has-text-align-center has-medium-font-size\">DAMENRASUR<\/p>\n\n\n\n<p class=\"gb-headline gb-headline-da857073 icon-reversed\"><span class=\"gb-icon\"><svg viewBox=\"0 0 218.28 17.62\" xmlns=\"http:\/\/www.w3.org\/2000\/svg\" data-name=\"Capa 1\"><path d=\"M0 0h217.92v17.62H0z\"><\/path><\/svg><\/span><span class=\"gb-headline-text\">Frauen haben andere bed\u00fcrfnisse<\/span><\/p>\n\n<\/div><\/div>\n\n<div class=\"gb-container gb-container-72aaaf6c\"><div class=\"gb-inside-container\">\n<div class=\"gb-grid-wrapper gb-grid-wrapper-97dd5751\">\n<div class=\"gb-grid-column gb-grid-column-cfc59179\"><div class=\"gb-container gb-container-cfc59179\"><div class=\"gb-inside-container\">\n<a class=\"gb-container gb-container-989de8ad\" href=\"https:\/\/nashvilleknifeshop.com\/de\/frauen-rasierer\/frau-perfekte-rasur\/\"><div class=\"gb-inside-container\"><\/div><\/a>\n\n<div class=\"gb-container gb-container-4adb3d94\"><div class=\"gb-inside-container\">\n\n<h4 class=\"gb-headline gb-headline-9f7a434d gb-headline-text\">Die perfekte Rasur f\u00fcr die Frau<\/h4>\n\n\n\n<p class=\"gb-headline gb-headline-e8b326cd gb-headline-text\">Was rasiert Frau? K\u00f6rperhaare wachsen unter den Achseln, an den Beinen, im Intimbereich und manchmal auch im Gesicht als Damenbart. F\u00fcr jeden Bereich gibt es den richtigen Rasierer Damen und die richtige Taktik f\u00fcr glatte, zarte Haut nach der Rasur: Die Beine werden vom Kn\u00f6chel nach oben rasiert. Die K\u00f6rperhaare an den Unterarmen rasieren Sie am besten in die Richtung, in die die Haare wachsen.<\/p>\n\n\n<div class=\"gb-button-wrapper gb-button-wrapper-4c966cca\">\n\n<a class=\"gb-button gb-button-fe56df04 gb-button-text\" href=\"https:\/\/nashvilleknifeshop.com\/de\/frauen-rasierer\/frau-perfekte-rasur\/\">MEHR ERFAHREN<\/a>\n\n<\/div>\n<\/div><\/div>\n<\/div><\/div><\/div>\n\n<div class=\"gb-grid-column gb-grid-column-7d7743f8\"><div class=\"gb-container gb-container-7d7743f8\"><div class=\"gb-inside-container\">\n<a class=\"gb-container gb-container-74988aa5\" href=\"https:\/\/nashvilleknifeshop.com\/de\/frauen-rasierer\/richtig-rasieren-damen\/\"><div class=\"gb-inside-container\"><\/div><\/a>\n\n<div class=\"gb-container gb-container-348b2423\"><div class=\"gb-inside-container\">\n\n<h4 class=\"gb-headline gb-headline-b1827398 gb-headline-text\">So rasieren sich Frauen besser<\/h4>\n\n\n\n<p class=\"gb-headline gb-headline-70170f97 gb-headline-text\"> Haarlose K\u00f6rper wirken attraktiver und K\u00f6rpergeruch kann sich nicht in den Haaren festsetzen. Damen rasieren sich die Achseln, die Beine oder den Intimbereich, um dem g\u00e4ngigen Sch\u00f6nheitsideal zu entsprechen oder sich einfach wohlzuf\u00fchlen. Glatte Haut nach der Rasur, gerade in der Bikinizone, erhalten Sie jedoch nur mit der richtigen Vorbereitung, einer scharfen Rasierklinge und der richtigen Technik beim Rasieren.<\/p>\n\n\n<div class=\"gb-button-wrapper gb-button-wrapper-41cf8c85\">\n\n<a class=\"gb-button gb-button-7c6ddbc0 gb-button-text\" href=\"https:\/\/nashvilleknifeshop.com\/de\/frauen-rasierer\/richtig-rasieren-damen\/\">MEHR ERFAHREN<\/a>\n\n<\/div>\n<\/div><\/div>\n<\/div><\/div><\/div>\n\n<div class=\"gb-grid-column gb-grid-column-dbb32930\"><div class=\"gb-container gb-container-dbb32930\"><div class=\"gb-inside-container\">\n<a class=\"gb-container gb-container-bec2e3db\" href=\"https:\/\/nashvilleknifeshop.com\/de\/frauen-rasierer\/rasierhobel-frauen\/\"><div class=\"gb-inside-container\"><\/div><\/a>\n\n<div class=\"gb-container gb-container-3757e8a6\"><div class=\"gb-inside-container\">\n\n<h4 class=\"gb-headline gb-headline-d7767cef gb-headline-text\">Rasierhobel f\u00fcr Frauen<\/h4>\n\n\n\n<p class=\"gb-headline gb-headline-95cbf062 gb-headline-text\">Sie werden es nicht glauben, aber mit einem speziellen Rasierhobel f\u00fcr Frauen, auch als Rasierhobel Intimbereich, erzielen Sie nicht nur bessere Ergebnisse bei der Rasur, sondern auch Hautunreinheiten und R\u00f6tungen kommen weniger vor. Wie kann das sein? Nachfolgend finden Sie die wichtigsten Eigenschaften und Ausstattungsmerkmale bester Rasierhobel Frauen.<\/p>\n\n\n<div class=\"gb-button-wrapper gb-button-wrapper-cba0a28b\">\n\n<a class=\"gb-button gb-button-60fbd9dc gb-button-text\" href=\"https:\/\/nashvilleknifeshop.com\/de\/frauen-rasierer\/rasierhobel-frauen\/\">MEHR ERFAHREN<\/a>\n\n<\/div>\n<\/div><\/div>\n<\/div><\/div><\/div>\n<\/div>\n<\/div><\/div>","protected":false},"excerpt":{"rendered":"<p>DAMENRASUR Frauen haben andere bed\u00fcrfnisse<\/p>\n","protected":false},"author":1,"featured_media":47,"parent":0,"menu_order":0,"comment_status":"closed","ping_status":"closed","template":"","meta":{"inline_featured_image":false,"footnotes":""},"class_list":["post-889","page","type-page","status-publish","has-post-thumbnail"],"yoast_head":"<!-- This site is optimized with the Yoast SEO plugin v26.8 - https:\/\/yoast.com\/product\/yoast-seo-wordpress\/ -->\n<title>Damenrasur - Deutsch<\/title>\n<meta name=\"robots\" content=\"index, follow, max-snippet:-1, max-image-preview:large, max-video-preview:-1\" \/>\n<link rel=\"canonical\" href=\"https:\/\/nashvilleknifeshop.com\/de\/frauen-rasierer\/\" \/>\n<meta property=\"og:locale\" content=\"de_DE\" \/>\n<meta property=\"og:type\" content=\"article\" \/>\n<meta property=\"og:title\" content=\"Damenrasur - Deutsch\" \/>\n<meta property=\"og:description\" content=\"DAMENRASUR Frauen haben andere bed\u00fcrfnisse\" \/>\n<meta property=\"og:url\" content=\"https:\/\/nashvilleknifeshop.com\/de\/frauen-rasierer\/\" \/>\n<meta property=\"og:site_name\" content=\"Deutsch\" \/>\n<meta property=\"article:modified_time\" content=\"2023-04-04T16:53:40+00:00\" \/>\n<meta name=\"twitter:card\" content=\"summary_large_image\" \/>\n<meta name=\"twitter:label1\" content=\"Gesch\u00e4tzte Lesezeit\" \/>\n\t<meta name=\"twitter:data1\" content=\"1\u00a0Minute\" \/>\n<script type=\"application\/ld+json\" class=\"yoast-schema-graph\">{\"@context\":\"https:\/\/schema.org\",\"@graph\":[{\"@type\":\"WebPage\",\"@id\":\"https:\/\/nashvilleknifeshop.com\/de\/frauen-rasierer\/\",\"url\":\"https:\/\/nashvilleknifeshop.com\/de\/frauen-rasierer\/\",\"name\":\"Damenrasur - Deutsch\",\"isPartOf\":{\"@id\":\"https:\/\/nashvilleknifeshop.com\/de\/#website\"},\"primaryImageOfPage\":{\"@id\":\"https:\/\/nashvilleknifeshop.com\/de\/frauen-rasierer\/#primaryimage\"},\"image\":{\"@id\":\"https:\/\/nashvilleknifeshop.com\/de\/frauen-rasierer\/#primaryimage\"},\"thumbnailUrl\":\"https:\/\/nashvilleknifeshop.com\/de\/wp-content\/uploads\/2023\/03\/woman-shaves-legs.jpg\",\"datePublished\":\"2023-03-26T12:40:17+00:00\",\"dateModified\":\"2023-04-04T16:53:40+00:00\",\"breadcrumb\":{\"@id\":\"https:\/\/nashvilleknifeshop.com\/de\/frauen-rasierer\/#breadcrumb\"},\"inLanguage\":\"de\",\"potentialAction\":[{\"@type\":\"ReadAction\",\"target\":[\"https:\/\/nashvilleknifeshop.com\/de\/frauen-rasierer\/\"]}]},{\"@type\":\"ImageObject\",\"inLanguage\":\"de\",\"@id\":\"https:\/\/nashvilleknifeshop.com\/de\/frauen-rasierer\/#primaryimage\",\"url\":\"https:\/\/nashvilleknifeshop.com\/de\/wp-content\/uploads\/2023\/03\/woman-shaves-legs.jpg\",\"contentUrl\":\"https:\/\/nashvilleknifeshop.com\/de\/wp-content\/uploads\/2023\/03\/woman-shaves-legs.jpg\"},{\"@type\":\"BreadcrumbList\",\"@id\":\"https:\/\/nashvilleknifeshop.com\/de\/frauen-rasierer\/#breadcrumb\",\"itemListElement\":[{\"@type\":\"ListItem\",\"position\":1,\"name\":\"Home\",\"item\":\"https:\/\/nashvilleknifeshop.com\/de\/\"},{\"@type\":\"ListItem\",\"position\":2,\"name\":\"Damenrasur\"}]},{\"@type\":\"WebSite\",\"@id\":\"https:\/\/nashvilleknifeshop.com\/de\/#website\",\"url\":\"https:\/\/nashvilleknifeshop.com\/de\/\",\"name\":\"Deutsch\",\"description\":\"Just another nashvilleknifeshop Sites site\",\"publisher\":{\"@id\":\"https:\/\/nashvilleknifeshop.com\/de\/#organization\"},\"potentialAction\":[{\"@type\":\"SearchAction\",\"target\":{\"@type\":\"EntryPoint\",\"urlTemplate\":\"https:\/\/nashvilleknifeshop.com\/de\/?s={search_term_string}\"},\"query-input\":{\"@type\":\"PropertyValueSpecification\",\"valueRequired\":true,\"valueName\":\"search_term_string\"}}],\"inLanguage\":\"de\"},{\"@type\":\"Organization\",\"@id\":\"https:\/\/nashvilleknifeshop.com\/de\/#organization\",\"name\":\"Deutsch\",\"url\":\"https:\/\/nashvilleknifeshop.com\/de\/\",\"logo\":{\"@type\":\"ImageObject\",\"inLanguage\":\"de\",\"@id\":\"https:\/\/nashvilleknifeshop.com\/de\/#\/schema\/logo\/image\/\",\"url\":\"https:\/\/nashvilleknifeshop.com\/de\/wp-content\/uploads\/2023\/03\/cropped-favicon.png\",\"contentUrl\":\"https:\/\/nashvilleknifeshop.com\/de\/wp-content\/uploads\/2023\/03\/cropped-favicon.png\",\"width\":512,\"height\":512,\"caption\":\"Deutsch\"},\"image\":{\"@id\":\"https:\/\/nashvilleknifeshop.com\/de\/#\/schema\/logo\/image\/\"}}]}<\/script>\n<!-- \/ Yoast SEO plugin. -->","yoast_head_json":{"title":"Damenrasur - Deutsch","robots":{"index":"index","follow":"follow","max-snippet":"max-snippet:-1","max-image-preview":"max-image-preview:large","max-video-preview":"max-video-preview:-1"},"canonical":"https:\/\/nashvilleknifeshop.com\/de\/frauen-rasierer\/","og_locale":"de_DE","og_type":"article","og_title":"Damenrasur - Deutsch","og_description":"DAMENRASUR Frauen haben andere bed\u00fcrfnisse","og_url":"https:\/\/nashvilleknifeshop.com\/de\/frauen-rasierer\/","og_site_name":"Deutsch","article_modified_time":"2023-04-04T16:53:40+00:00","twitter_card":"summary_large_image","twitter_misc":{"Gesch\u00e4tzte Lesezeit":"1\u00a0Minute"},"schema":{"@context":"https:\/\/schema.org","@graph":[{"@type":"WebPage","@id":"https:\/\/nashvilleknifeshop.com\/de\/frauen-rasierer\/","url":"https:\/\/nashvilleknifeshop.com\/de\/frauen-rasierer\/","name":"Damenrasur - Deutsch","isPartOf":{"@id":"https:\/\/nashvilleknifeshop.com\/de\/#website"},"primaryImageOfPage":{"@id":"https:\/\/nashvilleknifeshop.com\/de\/frauen-rasierer\/#primaryimage"},"image":{"@id":"https:\/\/nashvilleknifeshop.com\/de\/frauen-rasierer\/#primaryimage"},"thumbnailUrl":"https:\/\/nashvilleknifeshop.com\/de\/wp-content\/uploads\/2023\/03\/woman-shaves-legs.jpg","datePublished":"2023-03-26T12:40:17+00:00","dateModified":"2023-04-04T16:53:40+00:00","breadcrumb":{"@id":"https:\/\/nashvilleknifeshop.com\/de\/frauen-rasierer\/#breadcrumb"},"inLanguage":"de","potentialAction":[{"@type":"ReadAction","target":["https:\/\/nashvilleknifeshop.com\/de\/frauen-rasierer\/"]}]},{"@type":"ImageObject","inLanguage":"de","@id":"https:\/\/nashvilleknifeshop.com\/de\/frauen-rasierer\/#primaryimage","url":"https:\/\/nashvilleknifeshop.com\/de\/wp-content\/uploads\/2023\/03\/woman-shaves-legs.jpg","contentUrl":"https:\/\/nashvilleknifeshop.com\/de\/wp-content\/uploads\/2023\/03\/woman-shaves-legs.jpg"},{"@type":"BreadcrumbList","@id":"https:\/\/nashvilleknifeshop.com\/de\/frauen-rasierer\/#breadcrumb","itemListElement":[{"@type":"ListItem","position":1,"name":"Home","item":"https:\/\/nashvilleknifeshop.com\/de\/"},{"@type":"ListItem","position":2,"name":"Damenrasur"}]},{"@type":"WebSite","@id":"https:\/\/nashvilleknifeshop.com\/de\/#website","url":"https:\/\/nashvilleknifeshop.com\/de\/","name":"Deutsch","description":"Just another nashvilleknifeshop Sites site","publisher":{"@id":"https:\/\/nashvilleknifeshop.com\/de\/#organization"},"potentialAction":[{"@type":"SearchAction","target":{"@type":"EntryPoint","urlTemplate":"https:\/\/nashvilleknifeshop.com\/de\/?s={search_term_string}"},"query-input":{"@type":"PropertyValueSpecification","valueRequired":true,"valueName":"search_term_string"}}],"inLanguage":"de"},{"@type":"Organization","@id":"https:\/\/nashvilleknifeshop.com\/de\/#organization","name":"Deutsch","url":"https:\/\/nashvilleknifeshop.com\/de\/","logo":{"@type":"ImageObject","inLanguage":"de","@id":"https:\/\/nashvilleknifeshop.com\/de\/#\/schema\/logo\/image\/","url":"https:\/\/nashvilleknifeshop.com\/de\/wp-content\/uploads\/2023\/03\/cropped-favicon.png","contentUrl":"https:\/\/nashvilleknifeshop.com\/de\/wp-content\/uploads\/2023\/03\/cropped-favicon.png","width":512,"height":512,"caption":"Deutsch"},"image":{"@id":"https:\/\/nashvilleknifeshop.com\/de\/#\/schema\/logo\/image\/"}}]}},"_links":{"self":[{"href":"https:\/\/nashvilleknifeshop.com\/de\/wp-json\/wp\/v2\/pages\/889","targetHints":{"allow":["GET"]}}],"collection":[{"href":"https:\/\/nashvilleknifeshop.com\/de\/wp-json\/wp\/v2\/pages"}],"about":[{"href":"https:\/\/nashvilleknifeshop.com\/de\/wp-json\/wp\/v2\/types\/page"}],"author":[{"embeddable":true,"href":"https:\/\/nashvilleknifeshop.com\/de\/wp-json\/wp\/v2\/users\/1"}],"replies":[{"embeddable":true,"href":"https:\/\/nashvilleknifeshop.com\/de\/wp-json\/wp\/v2\/comments?post=889"}],"version-history":[{"count":14,"href":"https:\/\/nashvilleknifeshop.com\/de\/wp-json\/wp\/v2\/pages\/889\/revisions"}],"predecessor-version":[{"id":1274,"href":"https:\/\/nashvilleknifeshop.com\/de\/wp-json\/wp\/v2\/pages\/889\/revisions\/1274"}],"wp:featuredmedia":[{"embeddable":true,"href":"https:\/\/nashvilleknifeshop.com\/de\/wp-json\/"}],"wp:attachment":[{"href":"https:\/\/nashvilleknifeshop.com\/de\/wp-json\/wp\/v2\/media?parent=889"}],"curies":[{"name":"wp","href":"https:\/\/api.w.org\/{rel}","templated":true}]}}