{"id":8,"date":"2022-02-02T12:47:34","date_gmt":"2022-02-02T12:47:34","guid":{"rendered":"https:\/\/nashvilleknifeshop.com\/de\/?page_id=8"},"modified":"2023-04-12T10:25:32","modified_gmt":"2023-04-12T10:25:32","slug":"rasierseife","status":"publish","type":"page","link":"https:\/\/nashvilleknifeshop.com\/de\/nassrasur\/rasierseife\/","title":{"rendered":"Die beste Rasierseife finden"},"content":{"rendered":"\n<p class=\"intro\">Ohne Rasierschaum, Rasierseife oder Rasiergel funktioniert die Nassrasur nicht. Die Pflegeprodukte vor der Rasur machen die Barthaare weich und verhindern eine Irritation der Haut. Die Rasierklinge gleitet besser auf der Haut und die Stoppeln stellen sich auf, was das Rasieren vereinfacht. Wer das Rasieren zu einem Ritual machen will, kann anstatt von Rasierschaum eine Rasierseife verwenden.<\/p>\n\n\n\n<h2 class=\"wp-block-heading\" id=\"rasierseife-eigenschaften-und-inhaltsstoffe\">Rasierseife: Eigenschaften und Inhaltsstoffe<\/h2>\n\n\n\n<p>Anders als Rasierschaum hat Rasierseife im Selbsttest eine cremige Konsistenz. Daf\u00fcr muss die Rasierseife mit Wasser und einem Rasierpinsel aufgesch\u00e4umt werden. Experten empfehlen einen Rasierpinsel mit Dachshaar. Andere Rasierpinsel gehen aber genauso gut. Trotzdem ist das Herstellen von Rasierseife aufwendiger als die Verwendung von Rasierschaum aus der Dose. Wenn Sie dazu aber einen hochwertigen Rasierpinsel verwenden, entsteht ein ganz neues luxuri\u00f6ses Rasiergef\u00fchl. Durch den stabilen Rasierschaum werden auch feinere Barthaare besonders gut auf die Rasur vorbereitet. Der Schaum von Rasierseife hat einen alkalischen Wert. Das bedeutet, dass die Gesichtshaut leicht aufgeweicht wird und die Barthaare weiter aus den Poren herausstehen. <\/p>\n\n\n\n<p>Die beste Rasierseife braucht keine k\u00fcnstlichen Inhaltsstoffe. So versorgen beispielsweise \u00f6lhaltige Rasierseifen die Haut mit Feuchtigkeit, sch\u00e4umen aber weniger stark. Der Duft von Rasierseifen kann speziell auf M\u00e4nner oder Frauen ausgerichtet sein. Oft werden aber auch Rasierseifen mit einem neutralen und weniger stark ausgepr\u00e4gtem Duft angeboten und von M\u00e4nnern wie Frauen dankbar angebommen. <\/p>\n\n\n\n<p><strong>Weitere Duftstoffe in Rasierseifen k\u00f6nnen sein:<\/strong><\/p>\n\n\n\n<ul class=\"wp-block-list\">\n<li>Sandelholz<\/li>\n\n\n\n<li>Avocado \u00d6l<\/li>\n\n\n\n<li>Kokos\u00f6l<\/li>\n\n\n\n<li>Pfefferminz\u00f6l<\/li>\n\n\n\n<li>Mandel\u00f6l<\/li>\n<\/ul>\n\n\n\n<p>Pflegestoffe k\u00f6nnen Ziegenmilch, Lanolin, Honig, Aloe-Vera-Gel, Kr\u00e4uter, Vitamine und Heilpflanzen sein. Auch der Bereich, in dem die Rasierseife verwendet wird, ist definiert. So gibt es Rasierseifen f\u00fcr den Bart, die Haut und Rasierseife f\u00fcr die Intimregion. Je mehr Inhaltsstoffe enthalten sind, umso gr\u00f6\u00dfer ist die Gefahr von Hautirritationen. Veganer finden inzwischen eine Vielzahl an veganen Rasierseifen, was auf der Verpackung ersichtlich ist. Sensitive Rasierseife ist frei von Mineral\u00f6l, Parabenen, k\u00fcnstlichen Farbstoffen und Silikonen. Jeder Hersteller verwendet sein eigenes Rezept zur Herstellung von Rasierseife. Angefangene Rasierseife sollte meist innerhalb von 12 Monaten aufgebraucht werden.<\/p>\n\n\n\n<figure class=\"wp-block-image size-full\"><img loading=\"lazy\" decoding=\"async\" width=\"1920\" height=\"800\" src=\"https:\/\/nashvilleknifeshop.com\/wp-content\/uploads\/2023\/03\/shaving-soap-800px.jpg\" alt=\"shaving soap\" class=\"wp-image-49\" srcset=\"https:\/\/nashvilleknifeshop.com\/de\/wp-content\/uploads\/2023\/03\/shaving-soap-800px.jpg 1920w, https:\/\/nashvilleknifeshop.com\/de\/wp-content\/uploads\/2023\/03\/shaving-soap-800px-300x125.jpg 300w, https:\/\/nashvilleknifeshop.com\/de\/wp-content\/uploads\/2023\/03\/shaving-soap-800px-1024x427.jpg 1024w, https:\/\/nashvilleknifeshop.com\/de\/wp-content\/uploads\/2023\/03\/shaving-soap-800px-768x320.jpg 768w, https:\/\/nashvilleknifeshop.com\/de\/wp-content\/uploads\/2023\/03\/shaving-soap-800px-1536x640.jpg 1536w\" sizes=\"auto, (max-width: 1920px) 100vw, 1920px\" \/><figcaption class=\"wp-element-caption\">Das Rasieren mit Rasierseife ist anfangs etwas aufw\u00e4ndiger und ungewohnt. Doch immer mehr M\u00e4nner wechseln von Gel oder Schaum aus der Dose zu klassischer Rasierseife. Neben Nachhaltigkeit steht auch das klassische Erlebnis im Vordergrund.<\/figcaption><\/figure>\n\n\n\n<h2 class=\"wp-block-heading\" id=\"worin-unterscheidet-sich-rasierseife-von-normaler-seife\">Worin unterscheidet sich Rasierseife von normaler Seife?<\/h2>\n\n\n\n<p>Rasierseife ist im Gegensatz zu normaler Seife mit ihren vielen Tensiden nicht auf das Reinigen der Haut ausgelegt. Die verwendeten \u00d6le in Rasierseife erzeugen einen stabilen Schaum, der nicht wie bei normaler Seife sofort zerrinnt.<\/p>\n\n\n\n<h2 class=\"wp-block-heading\" id=\"rasierseife-aufschlagen\">Rasierseife aufschlagen<\/h2>\n\n\n\n<p>Es ist noch kein Meister vom Himmel gefallen. Langj\u00e4hrige Verwender von Rasierseife ben\u00f6tigen f\u00fcr das Aufschlagen des Schaumes rund 30 Sekunden. Weichen Sie den Rasierpinsel rund eine Minute in warmem Wasser ein. Streifen Sie \u00fcbersch\u00fcssiges Wasser ab und streichen Sie mit dem Pinsel mehrmals \u00fcber den Tiegel der Rasierseife, bis die Seife gut am Pinsel haftet und geben Sie die Seife in die Rasierschale. <br>Nun gibt es verschiedene Techniken, wie Sie den Schaum aufschlagen k\u00f6nnen. Sie k\u00f6nnen die Seife mit dem Pinsel r\u00fchren, stampfen oder den Pinsel hin und her schlagen, damit Rasierschaum entsteht. Danach wird der Rasierschaum mit dem Rasierpinsel mit kreisenden Bewegungen auf die Haut aufgetragen. Die Einwirkzeit liegt bei rund drei Minuten. Rasierseifen ohne Tiegel k\u00f6nnen direkt auf der Haut aufgesch\u00e4umt werden. Die Aufbewahrung der Rasierseife ohne Beh\u00e4ltnis erfolgt luftig in einem Beutel aus Organza.<\/p>\n\n\n\n<h2 class=\"wp-block-heading\" id=\"rasierseife-selber-machen\">Rasierseife selber machen<\/h2>\n\n\n\n<p>Durch ausgew\u00e4hlte Inhaltsstoffe ist sich eine Rasierseife auf die eigenen Bed\u00fcrfnisse anpassen. Allerdings ist das Seifen sieden nicht ganz ungef\u00e4hrlich, denn es wird mit \u00e4tzenden Stoffen gearbeitet. Eine Schutzausr\u00fcstung ist deshalb unabdinglich.<\/p>\n\n\n\n<p><strong>Als Grundrezept empfiehlt sich zur Herstellung von Rasierseife:<\/strong><\/p>\n\n\n\n<ul class=\"wp-block-list\">\n<li>310 g destilliertes Wasser<\/li>\n\n\n\n<li>300 g Oliven\u00f6l<\/li>\n\n\n\n<li>450 g Kokos\u00f6l<\/li>\n\n\n\n<li>150 g Raps\u00f6l<\/li>\n\n\n\n<li>100 g Rizinus\u00f6l<\/li>\n\n\n\n<li>149 g Natriumhydroxid<\/li>\n<\/ul>\n\n\n\n<p>Nach dem Schmelzen der festen Fette in einem Topf aus Edelstahl werden die fl\u00fcssigen zimmerwarmen \u00d6le zu der Mischung gegeben und anschlie\u00dfend das Ganze abgek\u00fchlt. Natriumhydroxid (\u00c4tznatron) ist f\u00fcr die Verseifung zust\u00e4ndig. Tragen Sie Schutzhandschuhe, eine Schutzbrille und verwenden Sie zur Herstellung von Rasierseife einem hohen Topf, um Spritzer der nun \u00e4tzenden Seifenlauge zu vermeiden. Spritzer der Seifenlaufe f\u00fchren zu Verbrennungen und Ver\u00e4tzungen auf Haut und Schleimh\u00e4uten.  Wenn Sie das Natriumhydroxid mit dem destillierten Wasser vermischen, erfolgt eine exotherme Reaktion. Die Mischung erw\u00e4rmt sich stark und es entstehen besonders zu Beginn stechende D\u00e4mpfe. \u00d6ffnen Sie zu Bel\u00fcftung das Fenster!<br>Ist die Mischung wieder abgek\u00fchlt, geben Sie die \u00d6le hinzu und mixen alles mit einem Mixstab durch. Die Seife entwickelt eine dickliche Konsistenz. F\u00fcgen Sie nun die Pflegestoffe hinzu, bevor Sie die breiartige Rasierseife in die gew\u00fcnschten Formen f\u00fcllen.  In den n\u00e4chsten 24 Stunden findet der Verseifungsprozess bei Hitze statt. Am besten stellen Sie die Formen in einen mit Handt\u00fcchern und Decken ausgekleideten Karton. Am n\u00e4chsten Tag nehmen Sie die Rasierseife aus den Formen und schneiden diese in handliche St\u00fccke. Die Seife muss nun drei bis vier Wochen reifen, bis sie verwendet werden kann.<\/p>\n\n\n\n<h2 class=\"wp-block-heading\" id=\"rasierseife-der-test\">Rasierseife &#8211; der Test<\/h2>\n\n\n\n<p>Die Stiftung Warentest hat Rasierseife bereits im Jahr 2014 gemeinsam mit Rasierschaum, Rasiercreme und Rasiergel getestet. Viele Nutzer w\u00fcnschen sich aber einen neuen Rasierseife Test, weil sich seitdem viel ver\u00e4ndert hat und neue Rasierseife auf den Markt gekommen ist. Positiv wird gewertet, dass f\u00fcr Rasierseife im Gegensatz zu Rasierschaum kein Treibgas ben\u00f6tigt wird und die Seife sehr sparsam im Verbrauch ist. Kritische Substanzen im Rasierseife Test sind Parabene (Mehylparaben\/PHB-Ester), EDTA oder Mineral\u00f6le. Aus der Liste der Inhaltsstoffe ist Stearins\u00e4ure bei Rasierseife nicht wegzudenken. Sie sorgt daf\u00fcr, dass der Schaum stabil bliebt und eine cremige Konsistenz hat. Bei der Vertr\u00e4glichkeit gab es im Test keine Unterschiede bei den Testprodukten. Alle waren gut vertr\u00e4glich. Als gute Alternative zu Rasierschaum bewertet Stiftung Warentest Rasierseife von Wilkinson Sword.<\/p>\n\n\n\n<h2 class=\"wp-block-heading\" id=\"rasierseife-gibt-es-alternativen\">Rasierseife &#8211; gibt es Alternativen?<\/h2>\n\n\n\n<p>Eine gute Kernseife macht die Barthaare ebenso weich wie Rasierseife. Bei Haushaltsseife oder Shampoo funktioniert das nicht.<\/p>\n\n\n\n<h2 class=\"wp-block-heading\" id=\"rasierseife-kaufen\">Rasierseife kaufen<\/h2>\n\n\n\n<p>Einige Kaufkriterien sind: Da sich \u00fcberwiegend M\u00e4nner nass rasieren, haben die meisten Rasierseifen einen herben Duft. F\u00fcr Frauen gibt es femininere Duftkreationen. Eine gute Rasierseife kommt ohne k\u00fcnstliche Inhaltsstoffe aus, die die Haut reizen k\u00f6nnten. Die meisten Rasierseifen sind r\u00fcckfettend. Sie trocknen die Haut nicht aus. Bei einer Hartseife dauert das Schaumschlagen l\u00e4nger als bei einer weicheren Seife und wer sich t\u00e4glich rasiert, sollte von Haus aus eine gr\u00f6\u00dfere Rasierseife w\u00e4hlen als bei seltener Rasur.<\/p>\n\n\n\n<h2 class=\"wp-block-heading\" id=\"rasierseife-im-tiegel-oder-ein-rasierseifen-stick\">Rasierseife im Tiegel oder ein Rasierseifen Stick?<\/h2>\n\n\n\n<p>Wer keine Lust hat, Rasierseife aufzusch\u00e4umen, kann auf einen Rasierseife Stick zur\u00fcckgreifen. Der Stick wird angefeuchtet und im Gesicht aufgesch\u00e4umt. Andere Nutzer schaben vom Stick etwas Rasierseife ab und sch\u00e4umen die Seifenschnitzel in einer Schale auf.<\/p>\n\n\n\n<h2 class=\"wp-block-heading\" id=\"welches-zubehor-fur-nassrasieren-mit-rasierseife\">Welches Zubeh\u00f6r f\u00fcr Nassrasieren mit Rasierseife?<\/h2>\n\n\n\n<ul class=\"wp-block-list\">\n<li>Rasierpinsel<\/li>\n\n\n\n<li>Seifenschale<\/li>\n\n\n\n<li>Nassrasierer oder Rasiermesser\/Rasierhobel<\/li>\n<\/ul>\n","protected":false},"excerpt":{"rendered":"<p>Ohne Rasierschaum, Rasierseife oder Rasiergel funktioniert die Nassrasur nicht. Die Pflegeprodukte vor der Rasur machen die Barthaare weich und verhindern eine Irritation der Haut. Die &#8230; <a title=\"Die beste Rasierseife finden\" class=\"read-more\" href=\"https:\/\/nashvilleknifeshop.com\/de\/nassrasur\/rasierseife\/\" aria-label=\"Mehr Informationen \u00fcber Die beste Rasierseife finden\">Weiterlesen &#8230;<\/a><\/p>\n","protected":false},"author":3,"featured_media":49,"parent":995,"menu_order":0,"comment_status":"closed","ping_status":"closed","template":"","meta":{"inline_featured_image":false,"footnotes":""},"class_list":["post-8","page","type-page","status-publish","has-post-thumbnail"],"yoast_head":"<!-- This site is optimized with the Yoast SEO plugin v26.8 - https:\/\/yoast.com\/product\/yoast-seo-wordpress\/ -->\n<title>Die beste Rasierseife finden - die Alternative zu Rasierschaum<\/title>\n<meta name=\"description\" content=\"Anders als Rasierschaum hat Rasierseife eine cremige Konsistenz. Daf\u00fcr muss die Rasierseife mit Wasser und einem Rasierpinsel aufgesch\u00e4umt werden. Experten empfehlen einen Rasierpinsel mit Dachshaar.\" \/>\n<meta name=\"robots\" content=\"index, follow, max-snippet:-1, max-image-preview:large, max-video-preview:-1\" \/>\n<link rel=\"canonical\" href=\"https:\/\/nashvilleknifeshop.com\/de\/nassrasur\/rasierseife\/\" \/>\n<meta property=\"og:locale\" content=\"de_DE\" \/>\n<meta property=\"og:type\" content=\"article\" \/>\n<meta property=\"og:title\" content=\"Die beste Rasierseife finden - die Alternative zu Rasierschaum\" \/>\n<meta property=\"og:description\" content=\"Anders als Rasierschaum hat Rasierseife eine cremige Konsistenz. Daf\u00fcr muss die Rasierseife mit Wasser und einem Rasierpinsel aufgesch\u00e4umt werden. Experten empfehlen einen Rasierpinsel mit Dachshaar.\" \/>\n<meta property=\"og:url\" content=\"https:\/\/nashvilleknifeshop.com\/de\/nassrasur\/rasierseife\/\" \/>\n<meta property=\"og:site_name\" content=\"Deutsch\" \/>\n<meta property=\"article:modified_time\" content=\"2023-04-12T10:25:32+00:00\" \/>\n<meta name=\"twitter:card\" content=\"summary_large_image\" \/>\n<meta name=\"twitter:label1\" content=\"Gesch\u00e4tzte Lesezeit\" \/>\n\t<meta name=\"twitter:data1\" content=\"6\u00a0Minuten\" \/>\n<script type=\"application\/ld+json\" class=\"yoast-schema-graph\">{\"@context\":\"https:\/\/schema.org\",\"@graph\":[{\"@type\":\"WebPage\",\"@id\":\"https:\/\/nashvilleknifeshop.com\/de\/nassrasur\/rasierseife\/\",\"url\":\"https:\/\/nashvilleknifeshop.com\/de\/nassrasur\/rasierseife\/\",\"name\":\"Die beste Rasierseife finden - die Alternative zu Rasierschaum\",\"isPartOf\":{\"@id\":\"https:\/\/nashvilleknifeshop.com\/de\/#website\"},\"primaryImageOfPage\":{\"@id\":\"https:\/\/nashvilleknifeshop.com\/de\/nassrasur\/rasierseife\/#primaryimage\"},\"image\":{\"@id\":\"https:\/\/nashvilleknifeshop.com\/de\/nassrasur\/rasierseife\/#primaryimage\"},\"thumbnailUrl\":\"https:\/\/nashvilleknifeshop.com\/de\/wp-content\/uploads\/2023\/03\/shaving-soap-800px.jpg\",\"datePublished\":\"2022-02-02T12:47:34+00:00\",\"dateModified\":\"2023-04-12T10:25:32+00:00\",\"description\":\"Anders als Rasierschaum hat Rasierseife eine cremige Konsistenz. Daf\u00fcr muss die Rasierseife mit Wasser und einem Rasierpinsel aufgesch\u00e4umt werden. Experten empfehlen einen Rasierpinsel mit Dachshaar.\",\"breadcrumb\":{\"@id\":\"https:\/\/nashvilleknifeshop.com\/de\/nassrasur\/rasierseife\/#breadcrumb\"},\"inLanguage\":\"de\",\"potentialAction\":[{\"@type\":\"ReadAction\",\"target\":[\"https:\/\/nashvilleknifeshop.com\/de\/nassrasur\/rasierseife\/\"]}]},{\"@type\":\"ImageObject\",\"inLanguage\":\"de\",\"@id\":\"https:\/\/nashvilleknifeshop.com\/de\/nassrasur\/rasierseife\/#primaryimage\",\"url\":\"https:\/\/nashvilleknifeshop.com\/de\/wp-content\/uploads\/2023\/03\/shaving-soap-800px.jpg\",\"contentUrl\":\"https:\/\/nashvilleknifeshop.com\/de\/wp-content\/uploads\/2023\/03\/shaving-soap-800px.jpg\"},{\"@type\":\"BreadcrumbList\",\"@id\":\"https:\/\/nashvilleknifeshop.com\/de\/nassrasur\/rasierseife\/#breadcrumb\",\"itemListElement\":[{\"@type\":\"ListItem\",\"position\":1,\"name\":\"Home\",\"item\":\"https:\/\/nashvilleknifeshop.com\/de\/\"},{\"@type\":\"ListItem\",\"position\":2,\"name\":\"Nassrasur\",\"item\":\"https:\/\/nashvilleknifeshop.com\/de\/nassrasur\/\"},{\"@type\":\"ListItem\",\"position\":3,\"name\":\"Die beste Rasierseife finden\"}]},{\"@type\":\"WebSite\",\"@id\":\"https:\/\/nashvilleknifeshop.com\/de\/#website\",\"url\":\"https:\/\/nashvilleknifeshop.com\/de\/\",\"name\":\"Deutsch\",\"description\":\"Just another nashvilleknifeshop Sites site\",\"publisher\":{\"@id\":\"https:\/\/nashvilleknifeshop.com\/de\/#organization\"},\"potentialAction\":[{\"@type\":\"SearchAction\",\"target\":{\"@type\":\"EntryPoint\",\"urlTemplate\":\"https:\/\/nashvilleknifeshop.com\/de\/?s={search_term_string}\"},\"query-input\":{\"@type\":\"PropertyValueSpecification\",\"valueRequired\":true,\"valueName\":\"search_term_string\"}}],\"inLanguage\":\"de\"},{\"@type\":\"Organization\",\"@id\":\"https:\/\/nashvilleknifeshop.com\/de\/#organization\",\"name\":\"Deutsch\",\"url\":\"https:\/\/nashvilleknifeshop.com\/de\/\",\"logo\":{\"@type\":\"ImageObject\",\"inLanguage\":\"de\",\"@id\":\"https:\/\/nashvilleknifeshop.com\/de\/#\/schema\/logo\/image\/\",\"url\":\"https:\/\/nashvilleknifeshop.com\/de\/wp-content\/uploads\/2023\/03\/cropped-favicon.png\",\"contentUrl\":\"https:\/\/nashvilleknifeshop.com\/de\/wp-content\/uploads\/2023\/03\/cropped-favicon.png\",\"width\":512,\"height\":512,\"caption\":\"Deutsch\"},\"image\":{\"@id\":\"https:\/\/nashvilleknifeshop.com\/de\/#\/schema\/logo\/image\/\"}}]}<\/script>\n<!-- \/ Yoast SEO plugin. -->","yoast_head_json":{"title":"Die beste Rasierseife finden - die Alternative zu Rasierschaum","description":"Anders als Rasierschaum hat Rasierseife eine cremige Konsistenz. Daf\u00fcr muss die Rasierseife mit Wasser und einem Rasierpinsel aufgesch\u00e4umt werden. Experten empfehlen einen Rasierpinsel mit Dachshaar.","robots":{"index":"index","follow":"follow","max-snippet":"max-snippet:-1","max-image-preview":"max-image-preview:large","max-video-preview":"max-video-preview:-1"},"canonical":"https:\/\/nashvilleknifeshop.com\/de\/nassrasur\/rasierseife\/","og_locale":"de_DE","og_type":"article","og_title":"Die beste Rasierseife finden - die Alternative zu Rasierschaum","og_description":"Anders als Rasierschaum hat Rasierseife eine cremige Konsistenz. Daf\u00fcr muss die Rasierseife mit Wasser und einem Rasierpinsel aufgesch\u00e4umt werden. Experten empfehlen einen Rasierpinsel mit Dachshaar.","og_url":"https:\/\/nashvilleknifeshop.com\/de\/nassrasur\/rasierseife\/","og_site_name":"Deutsch","article_modified_time":"2023-04-12T10:25:32+00:00","twitter_card":"summary_large_image","twitter_misc":{"Gesch\u00e4tzte Lesezeit":"6\u00a0Minuten"},"schema":{"@context":"https:\/\/schema.org","@graph":[{"@type":"WebPage","@id":"https:\/\/nashvilleknifeshop.com\/de\/nassrasur\/rasierseife\/","url":"https:\/\/nashvilleknifeshop.com\/de\/nassrasur\/rasierseife\/","name":"Die beste Rasierseife finden - die Alternative zu Rasierschaum","isPartOf":{"@id":"https:\/\/nashvilleknifeshop.com\/de\/#website"},"primaryImageOfPage":{"@id":"https:\/\/nashvilleknifeshop.com\/de\/nassrasur\/rasierseife\/#primaryimage"},"image":{"@id":"https:\/\/nashvilleknifeshop.com\/de\/nassrasur\/rasierseife\/#primaryimage"},"thumbnailUrl":"https:\/\/nashvilleknifeshop.com\/de\/wp-content\/uploads\/2023\/03\/shaving-soap-800px.jpg","datePublished":"2022-02-02T12:47:34+00:00","dateModified":"2023-04-12T10:25:32+00:00","description":"Anders als Rasierschaum hat Rasierseife eine cremige Konsistenz. Daf\u00fcr muss die Rasierseife mit Wasser und einem Rasierpinsel aufgesch\u00e4umt werden. Experten empfehlen einen Rasierpinsel mit Dachshaar.","breadcrumb":{"@id":"https:\/\/nashvilleknifeshop.com\/de\/nassrasur\/rasierseife\/#breadcrumb"},"inLanguage":"de","potentialAction":[{"@type":"ReadAction","target":["https:\/\/nashvilleknifeshop.com\/de\/nassrasur\/rasierseife\/"]}]},{"@type":"ImageObject","inLanguage":"de","@id":"https:\/\/nashvilleknifeshop.com\/de\/nassrasur\/rasierseife\/#primaryimage","url":"https:\/\/nashvilleknifeshop.com\/de\/wp-content\/uploads\/2023\/03\/shaving-soap-800px.jpg","contentUrl":"https:\/\/nashvilleknifeshop.com\/de\/wp-content\/uploads\/2023\/03\/shaving-soap-800px.jpg"},{"@type":"BreadcrumbList","@id":"https:\/\/nashvilleknifeshop.com\/de\/nassrasur\/rasierseife\/#breadcrumb","itemListElement":[{"@type":"ListItem","position":1,"name":"Home","item":"https:\/\/nashvilleknifeshop.com\/de\/"},{"@type":"ListItem","position":2,"name":"Nassrasur","item":"https:\/\/nashvilleknifeshop.com\/de\/nassrasur\/"},{"@type":"ListItem","position":3,"name":"Die beste Rasierseife finden"}]},{"@type":"WebSite","@id":"https:\/\/nashvilleknifeshop.com\/de\/#website","url":"https:\/\/nashvilleknifeshop.com\/de\/","name":"Deutsch","description":"Just another nashvilleknifeshop Sites site","publisher":{"@id":"https:\/\/nashvilleknifeshop.com\/de\/#organization"},"potentialAction":[{"@type":"SearchAction","target":{"@type":"EntryPoint","urlTemplate":"https:\/\/nashvilleknifeshop.com\/de\/?s={search_term_string}"},"query-input":{"@type":"PropertyValueSpecification","valueRequired":true,"valueName":"search_term_string"}}],"inLanguage":"de"},{"@type":"Organization","@id":"https:\/\/nashvilleknifeshop.com\/de\/#organization","name":"Deutsch","url":"https:\/\/nashvilleknifeshop.com\/de\/","logo":{"@type":"ImageObject","inLanguage":"de","@id":"https:\/\/nashvilleknifeshop.com\/de\/#\/schema\/logo\/image\/","url":"https:\/\/nashvilleknifeshop.com\/de\/wp-content\/uploads\/2023\/03\/cropped-favicon.png","contentUrl":"https:\/\/nashvilleknifeshop.com\/de\/wp-content\/uploads\/2023\/03\/cropped-favicon.png","width":512,"height":512,"caption":"Deutsch"},"image":{"@id":"https:\/\/nashvilleknifeshop.com\/de\/#\/schema\/logo\/image\/"}}]}},"_links":{"self":[{"href":"https:\/\/nashvilleknifeshop.com\/de\/wp-json\/wp\/v2\/pages\/8","targetHints":{"allow":["GET"]}}],"collection":[{"href":"https:\/\/nashvilleknifeshop.com\/de\/wp-json\/wp\/v2\/pages"}],"about":[{"href":"https:\/\/nashvilleknifeshop.com\/de\/wp-json\/wp\/v2\/types\/page"}],"author":[{"embeddable":true,"href":"https:\/\/nashvilleknifeshop.com\/de\/wp-json\/wp\/v2\/users\/3"}],"replies":[{"embeddable":true,"href":"https:\/\/nashvilleknifeshop.com\/de\/wp-json\/wp\/v2\/comments?post=8"}],"version-history":[{"count":5,"href":"https:\/\/nashvilleknifeshop.com\/de\/wp-json\/wp\/v2\/pages\/8\/revisions"}],"predecessor-version":[{"id":1189,"href":"https:\/\/nashvilleknifeshop.com\/de\/wp-json\/wp\/v2\/pages\/8\/revisions\/1189"}],"up":[{"embeddable":true,"href":"https:\/\/nashvilleknifeshop.com\/de\/wp-json\/wp\/v2\/pages\/995"}],"wp:featuredmedia":[{"embeddable":true,"href":"https:\/\/nashvilleknifeshop.com\/de\/wp-json\/"}],"wp:attachment":[{"href":"https:\/\/nashvilleknifeshop.com\/de\/wp-json\/wp\/v2\/media?parent=8"}],"curies":[{"name":"wp","href":"https:\/\/api.w.org\/{rel}","templated":true}]}}