{"id":48,"date":"2022-07-25T13:18:13","date_gmt":"2022-07-25T13:18:13","guid":{"rendered":"https:\/\/nashvilleknifeshop.com\/de\/?page_id=48"},"modified":"2023-04-12T10:30:00","modified_gmt":"2023-04-12T10:30:00","slug":"frau-perfekte-rasur","status":"publish","type":"page","link":"https:\/\/nashvilleknifeshop.com\/de\/frauen-rasierer\/frau-perfekte-rasur\/","title":{"rendered":"Die perfekte Rasur f\u00fcr die Frau"},"content":{"rendered":"\n<p class=\"intro\">Moderne Frauen rasieren sich mindestens genau so oft wie M\u00e4nner, denn ein K\u00f6rper ohne K\u00f6rperhaare gilt als schick, feminin und attraktiv. Der Trend zur weiblichen Rasur kommt aus Amerika, wo 1915 der erste Rasierer f\u00fcr Frauen hergestellt wurde. Das Sch\u00f6nheitsideal schwappte nach Europa und so ist es heute nicht verwunderlich, dass sich die meisten Frauen rasieren.<\/p>\n\n\n\n<h2 class=\"wp-block-heading\">Frauen: Die optimale Rasur<\/h2>\n\n\n\n<p>Was rasiert die Frau? K\u00f6rperhaare wachsen unter den Achseln, an den Beinen, im Intimbereich und manchmal auch im Gesicht als Damenbart. F\u00fcr jeden Bereich gibt es den richtigen Damen Rasierer und die richtige Taktik f\u00fcr glatte, zarte Haut nach der Rasur: Die Beine werden vom Kn\u00f6chel nach oben rasiert. Die K\u00f6rperhaare an den Unterarmen rasieren Sie am besten in die Richtung, in die die Haare wachsen. F\u00fcr die Intimrasur wird zuerst mit dem Strich und dann noch einmal f\u00fcr eine gr\u00fcndlichere Rasur gegen den Strich ausgef\u00fchrt. Alle K\u00f6rperhaare m\u00fcssen vor der Rasur gut befeuchtet werden. Die Haare quellen auf, werden weicher und lassen sich so besser abrasieren. Deshalb rasieren sich viele Frauen in der Badewanne oder beim Duschen oder unter flie\u00dfendem Wasser.<\/p>\n\n\n\n<figure class=\"wp-block-image size-full\"><img loading=\"lazy\" decoding=\"async\" width=\"1920\" height=\"800\" src=\"https:\/\/nashvilleknifeshop.com\/wp-content\/uploads\/2023\/03\/woman-shaves-legs-800px.jpg\" alt=\"Frau rasiert sich die Beine\" class=\"wp-image-48\" srcset=\"https:\/\/nashvilleknifeshop.com\/de\/wp-content\/uploads\/2023\/03\/woman-shaves-legs-800px.jpg 1920w, https:\/\/nashvilleknifeshop.com\/de\/wp-content\/uploads\/2023\/03\/woman-shaves-legs-800px-300x125.jpg 300w, https:\/\/nashvilleknifeshop.com\/de\/wp-content\/uploads\/2023\/03\/woman-shaves-legs-800px-1024x427.jpg 1024w, https:\/\/nashvilleknifeshop.com\/de\/wp-content\/uploads\/2023\/03\/woman-shaves-legs-800px-768x320.jpg 768w, https:\/\/nashvilleknifeshop.com\/de\/wp-content\/uploads\/2023\/03\/woman-shaves-legs-800px-1536x640.jpg 1536w\" sizes=\"auto, (max-width: 1920px) 100vw, 1920px\" \/><figcaption class=\"wp-element-caption\">Der klassische Bereich der Damenrasur sind die Beine und die Achseln. Aber auch die Intimrasur geh\u00f6rt heute zum t\u00e4glichen oder w\u00f6chentlichen Ritual vieler Frauen.<\/figcaption><\/figure>\n\n\n\n<h3 class=\"wp-block-heading\">So rasieren sich Damen richtig<\/h3>\n\n\n\n<p>Wie oft sollten sich Frauen rasieren? Daf\u00fcr gibt es keinen Zeitplan. Die H\u00e4ufigkeit h\u00e4ngt davon ab, wie schnell die Haare nachwachsen und wie hoch die Toleranz gegen\u00fcber Stoppeln ist. F\u00fcr eine glatte Haut rasieren sich Frauen aller zwei bis drei Tage. Bis zu einer Woche k\u00f6nnen Sie warten, wenn Sie die Intimregion nur Trimmen anstatt zu rasieren. Warten Sie bei Hautreizungen, Rasurbrand oder Wunden so lange mit einer erneuten Rasur, bis alles gut verheilt ist. Es empfiehlt sich vorab, die Haut vor dem Rasieren zu peelen. Abgestorbene Hautschuppen werden mit dem Peeling gel\u00f6st und der Rasierer gleitet leichter. F\u00fcr ein sanftes Peeling auf sensibler Haut verwenden Sie einfach einen Schwamm. Nach dem Peeling tragen Sie Rasiergel, Rasierschaum oder Rasier\u00f6l auf. Die Produkte bilden einen Schutzfilm auf der Haut und verhindern einen Feuchtigkeitsverlust bei der Rasur. Verwenden Sie immer scharfe Rasierklingen, um Schnitte und Rasurbrand zu vermeiden. Nach der Rasur tragen Sie zu Pflege eine Feuchtigkeitscreme ohne Alkohol auf, um die Haut zu beruhigen und mit weiterer Feuchtigkeit zu versorgen.<\/p>\n\n\n\n<h3 class=\"wp-block-heading\">Wie oft sollte ich die Rasierklinge wechseln?<\/h3>\n\n\n\n<p>Bei der t\u00e4glichen Rasur sollten die Rasierklingen mindestens aller ein bis zwei Wochen gewechselt werden. Bei der Rasur aller zwei Tage empfiehlt sich ein Wechsel aller zwei bis drei Wochen. Bei der Rasur zweimal in der Woche reicht es, die Rasierklinge aller vier bis sechs Wochen zu wechseln. Die Lebenszeit einer Rasierklinge kann verl\u00e4ngert werden, wenn:<\/p>\n\n\n\n<ul class=\"wp-block-list\">\n<li>Reste von Rasierseife, Haaren und Hautschuppen nach der Rasur gr\u00fcndlich abgesp\u00fclt werden<\/li>\n\n\n\n<li>Die Rasierklingen nach der Rasur an der Luft trocknen d\u00fcrfen.<\/li>\n<\/ul>\n\n\n\n<h2 class=\"wp-block-heading\">Intim Rasur bei Frauen: So gelingt die Rasur<\/h2>\n\n\n\n<p>Stutzen, Trimmen, glatt rasieren: All das ist im Intimbereich m\u00f6glich. Erlaubt ist, was gef\u00e4llt. Dabei ist die Intimzone der Frau inklusive des Pos beim Rasieren besonders empfindlich, sodass Rasierpickel und R\u00f6tungen nach der Rasur keine Seltenheit sind. Deshalb gilt es, den Intimbereich richtig auf die Rasur vorzubereiten und keine stumpfen Klingen zu verwenden.<\/p>\n\n\n\n<h3 class=\"wp-block-heading\">Rasur im Intimbereich \u2013 die Anleitung<\/h3>\n\n\n\n<p>Rasieren Sie den Intimbereich zum ersten Mal oder nach langer Zeit, empfiehlt es sich, die Haare mit einem Trimmer zuerst zu k\u00fcrzen, damit der Rasierer bei der Rasur im Intimbereich nicht verstopft. Bereiten Sie die Haut mit warmem Wasser auf die Rasur vor und tragen Sie anschlie\u00dfend ein Pre-Shave-Produkt wie Rasierschaum, Rasiergel oder Rasierseife auf, die schon w\u00e4hrend der Rasur pflegend wirken. Nach der vorgeschriebenen Einwirkzeit geht es der Intimbehaarung per Nassrasur nun mit dem Rasierhobel oder einem Systemrasierer an den Kragen. F\u00fcr die Rasur straffen Sie die Haut und rasieren die Haare ohne gro\u00dfen Druck in Wuchsrichtung ab. Duschen Sie nach der Intimrasur kalt, damit sich die Poren wieder zusammenziehen.<\/p>\n\n\n\n<figure class=\"wp-block-image size-full\"><img loading=\"lazy\" decoding=\"async\" width=\"1920\" height=\"800\" src=\"https:\/\/nashvilleknifeshop.com\/de\/wp-content\/uploads\/2023\/04\/ladies-razor-with-three-blades.jpg\" alt=\"ladies razor with three blades\" class=\"wp-image-69\" srcset=\"https:\/\/nashvilleknifeshop.com\/de\/wp-content\/uploads\/2023\/04\/ladies-razor-with-three-blades.jpg 1920w, https:\/\/nashvilleknifeshop.com\/de\/wp-content\/uploads\/2023\/04\/ladies-razor-with-three-blades-300x125.jpg 300w, https:\/\/nashvilleknifeshop.com\/de\/wp-content\/uploads\/2023\/04\/ladies-razor-with-three-blades-1024x427.jpg 1024w, https:\/\/nashvilleknifeshop.com\/de\/wp-content\/uploads\/2023\/04\/ladies-razor-with-three-blades-768x320.jpg 768w, https:\/\/nashvilleknifeshop.com\/de\/wp-content\/uploads\/2023\/04\/ladies-razor-with-three-blades-1536x640.jpg 1536w\" sizes=\"auto, (max-width: 1920px) 100vw, 1920px\" \/><figcaption class=\"wp-element-caption\">Auch mit einem normalen Nassrasierer k\u00f6nnen auch im Intimbereich gute Ergebnisse erziehlt werden.<\/figcaption><\/figure>\n\n\n\n<h3 class=\"wp-block-heading\">Welche Pflege nach der Rasur im Intimbereich?<\/h3>\n\n\n\n<p>Tragen Sie eine Aftershave-Lotion f\u00fcr den Intimbereich nach der Rasur, eine Pflegecreme oder einen Pflegespray auf. Sie finden im Handel speziell auf diese K\u00f6rperregion abgestimmte Pflegeprodukte, die helfen, Hautirritationen und Pickel zu vermeiden. Reizungen nach der Rasur k\u00f6nnen durch UV-Strahlung, Chlor- oder Salzwasser ausgel\u00f6st werden.<\/p>\n\n\n\n<h2 class=\"wp-block-heading\">Rasur im Intimbereich &#8211; die optimale Pflege f\u00fcr die Frau<\/h2>\n\n\n\n<h3 class=\"wp-block-heading\">Hautirritationen nach der Rasur behandeln<\/h3>\n\n\n\n<p>Nach der Rasur im Genitalbereich Frau kommt es h\u00e4ufig zu Pickelchen, Jucken und Irritationen.<\/p>\n\n\n\n<h3 class=\"wp-block-heading\">Jucken im Intimbereich der Frau<\/h3>\n\n\n\n<p>Ist der Intimbereich oder die Bikinizone nach der Rasur ger\u00f6tet und juckt, spricht man von Rasurbrand. Hier hilft das K\u00fchlen mit kalten Umschl\u00e4gen oder mit Wasser. Quark d\u00fcnn auf die betroffenen Stellen aufzutragen, ist ein altes Hausmittel gegen Juckreiz.<\/p>\n\n\n\n<h3 class=\"wp-block-heading\">Pickel im Intimbereich der Frau<\/h3>\n\n\n\n<p>Best\u00e4uben oder betupfen Sie die Rasierpickel mit Puder oder mit einer Wundsalbe. Wichtig ist, dass Zinkoxid enthalten ist, welches eine entz\u00fcndungshemmende Wirkung aus\u00fcbt. Hautberuhigende Wirkungen werden auch Hamamelis und Panthenol nachgesagt. Tragen Sie Unterw\u00e4sche aus Baumwolle, die an den entz\u00fcndeten Bereichen nicht reibt. Meistens beruhigt sich die Haut schnell wieder. Wenn Sie sich abends den Intimbereich rasieren, hat die Haut Zeit, sich \u00fcber Nacht zu regenerieren, ohne dass die Kleidung reibt oder der K\u00f6rper schwitzt. Verleihen Sie Ihren Rasierer niemals und desinfizieren Sie die Rasierklinge vor dem Rasieren.<\/p>\n\n\n\n<figure class=\"wp-block-image size-full\"><img loading=\"lazy\" decoding=\"async\" width=\"1920\" height=\"800\" src=\"https:\/\/nashvilleknifeshop.com\/de\/wp-content\/uploads\/2023\/04\/ladies-razor-sustainable.jpg\" alt=\"ladies razor sustainable\" class=\"wp-image-68\" srcset=\"https:\/\/nashvilleknifeshop.com\/de\/wp-content\/uploads\/2023\/04\/ladies-razor-sustainable.jpg 1920w, https:\/\/nashvilleknifeshop.com\/de\/wp-content\/uploads\/2023\/04\/ladies-razor-sustainable-300x125.jpg 300w, https:\/\/nashvilleknifeshop.com\/de\/wp-content\/uploads\/2023\/04\/ladies-razor-sustainable-1024x427.jpg 1024w, https:\/\/nashvilleknifeshop.com\/de\/wp-content\/uploads\/2023\/04\/ladies-razor-sustainable-768x320.jpg 768w, https:\/\/nashvilleknifeshop.com\/de\/wp-content\/uploads\/2023\/04\/ladies-razor-sustainable-1536x640.jpg 1536w\" sizes=\"auto, (max-width: 1920px) 100vw, 1920px\" \/><figcaption class=\"wp-element-caption\">F\u00fcr eine einfache Rasur gen\u00fcgt ein Enwegrasierer (im Vordergrund), den es f\u00fcr Damen auch in passenden Farben gibt. Aber auch Rasierer mit auswechselbaren Klingen werden speziell f\u00fcr Frauen angeboten. Im Hintergrund ein Mehrwegrasierer mit Holzgriff aus schnellwachsendem Bambus.<\/figcaption><\/figure>\n\n\n\n<h2 class=\"wp-block-heading\">Schick mit Muster: Rasur im Intimbereich<\/h2>\n\n\n\n<p>Nicht glatt rasiert, sondern mit Muster wird der Intimbereich aufgeh\u00fcbscht. Jedes Jahr gibt es neue Mustervorschl\u00e4ge f\u00fcr die Bikinizone.<\/p>\n\n\n\n<p><strong>Welche Muster gibt es?<\/strong><br>Schlicht und h\u00fcbsch sieht die Bikinizone aus, wenn ein klassisches Dreieck getrimmt wird. Wer mehr Erfahrung hat, kann es mit einem kleinen Viereck, bezeichnet als \u201eBriefmarke\u201c versuchen. Breiter als der bekannte \u201eLanding Strip ist der \u201eIrokese\u201c. Ein auf dem Kopf stehendes Dreieck wird als \u201eSchampus-Glas\u201c interpretiert. Wer sich traut, versucht es mit einem Herz-Cut. Die Spitze m\u00fcndet unten. Nach oben zeigen zwei Rundungen. Eine Rasurschablone brauchen Sie f\u00fcr den Schmetterling, den Stern oder die Initialen des Liebsten, damit die Intimrasur gelingt.<\/p>\n\n\n\n<h2 class=\"wp-block-heading\">Rasierhobel f\u00fcr Frauen<\/h2>\n\n\n\n<p>Das Wort \u201eRasierhobel\u201c klingt ziemlich grob f\u00fcr das zarte Geschlecht. Dennoch ist ein Rasierhobel f\u00fcr Frauen gleicherma\u00dfen geeignet wie f\u00fcr M\u00e4nner. Grunds\u00e4tzlich k\u00f6nnen Frauen jeden Rasierhobel f\u00fcr M\u00e4nner benutzen. Rasierhobel f\u00fcr Frauen k\u00f6nnen aber vom Gewicht her leichter sein und eine dekorative Farbe haben. Weil die Haare von Frauen feiner sind, empfiehlt sich zudem ein Rasierhobel mit geschlossenem Kamm. Die Rasierklinge liegt anders als bei einem Rasierhobel mit offenem Kamm nicht direkt auf der Haut auf und ist deshalb sanfter zur Haut. Die Rasur ist aber genauso gr\u00fcndlich wie bei einem Hobel mit offenem Kamm. Bei der Handhabung hat sich bei Frauen ein Rasierhobel mit mittlerer Griffl\u00e4nge durchgesetzt.<\/p>\n\n\n\n<h2 class=\"wp-block-heading\">Mit welchem Pe-Shave-Produkt gelingt die Intimrasur bei Frauen am besten?<\/h2>\n\n\n\n<ul class=\"wp-block-list\">\n<li><strong>Rasierschaum<\/strong> eignet sich f\u00fcr eine Rasur auf die Schnelle. Durch kurzes Sch\u00fctteln werden die Inhaltsstoffe vermischt und auf Druck aus der Spr\u00fchdose entnommen. Das Anmischen wie bei Rasierseife entf\u00e4llt. Rasierschaum aus der Dose erm\u00f6glicht eine einfache Dosierung und Entnahme und enth\u00e4lt auch pflegende Inhaltsstoffe.<\/li>\n\n\n\n<li><strong>Rasier\u00f6l<\/strong> ist das optimale Zubeh\u00f6r zur Rasur empfindlicher Haut. Es bildet einen Schutzfilm auf der Haut und durch verschiedenste Inhaltsstoffe pflegt es die Haut. Denkbare Inhaltsstoffe sind Jojoba\u00f6l, Argan\u00f6l, Mandel\u00f6l und es kann frisch, herb oder blumig duften. Rasier\u00f6l ist durch seine \u00f6lige Konsistenz in der Lage, Hautreizungen und Rasurbrand vorzubeugen.<\/li>\n\n\n\n<li><strong>Rasiergel<\/strong> eignet sich, um beispielsweise im Intimbereich Konturen sauber zu rasieren. Das Gel wird manuell aufgesch\u00e4umt. Dazu befeuchten Sie die Haut und tragen anschlie\u00dfend das Rasiergel auf. Schaum aus Rasiergel ist langlebiger als Schaum von Rasierschaum aus der Dose und sorgt zudem f\u00fcr einen k\u00fchlenden Effekt auf der Haut.<\/li>\n<\/ul>\n","protected":false},"excerpt":{"rendered":"<p>Moderne Frauen rasieren sich mindestens genau so oft wie M\u00e4nner, denn ein K\u00f6rper ohne K\u00f6rperhaare gilt als schick, feminin und attraktiv. Der Trend zur weiblichen &#8230; <a title=\"Die perfekte Rasur f\u00fcr die Frau\" class=\"read-more\" href=\"https:\/\/nashvilleknifeshop.com\/de\/frauen-rasierer\/frau-perfekte-rasur\/\" aria-label=\"Mehr Informationen \u00fcber Die perfekte Rasur f\u00fcr die Frau\">Weiterlesen &#8230;<\/a><\/p>\n","protected":false},"author":3,"featured_media":47,"parent":889,"menu_order":0,"comment_status":"closed","ping_status":"closed","template":"","meta":{"inline_featured_image":false,"footnotes":""},"class_list":["post-48","page","type-page","status-publish","has-post-thumbnail"],"yoast_head":"<!-- This site is optimized with the Yoast SEO plugin v26.8 - https:\/\/yoast.com\/product\/yoast-seo-wordpress\/ -->\n<title>Die perfekte Rasur f\u00fcr die Frau - so rasieren Damen sich richtig<\/title>\n<meta name=\"description\" content=\"Moderne Frauen rasieren sich mindestens genau so oft wie M\u00e4nner, denn ein K\u00f6rper ohne K\u00f6rperhaare gilt als schick, feminin und attraktiv. Auch die Intimrasur geh\u00f6rt heute zum t\u00e4glichen oder w\u00f6chentlichen Ritual vieler Frauen.\" \/>\n<meta name=\"robots\" content=\"index, follow, max-snippet:-1, max-image-preview:large, max-video-preview:-1\" \/>\n<link rel=\"canonical\" href=\"https:\/\/nashvilleknifeshop.com\/de\/frauen-rasierer\/frau-perfekte-rasur\/\" \/>\n<meta property=\"og:locale\" content=\"de_DE\" \/>\n<meta property=\"og:type\" content=\"article\" \/>\n<meta property=\"og:title\" content=\"Die perfekte Rasur f\u00fcr die Frau - so rasieren Damen sich richtig\" \/>\n<meta property=\"og:description\" content=\"Moderne Frauen rasieren sich mindestens genau so oft wie M\u00e4nner, denn ein K\u00f6rper ohne K\u00f6rperhaare gilt als schick, feminin und attraktiv. Auch die Intimrasur geh\u00f6rt heute zum t\u00e4glichen oder w\u00f6chentlichen Ritual vieler Frauen.\" \/>\n<meta property=\"og:url\" content=\"https:\/\/nashvilleknifeshop.com\/de\/frauen-rasierer\/frau-perfekte-rasur\/\" \/>\n<meta property=\"og:site_name\" content=\"Deutsch\" \/>\n<meta property=\"article:modified_time\" content=\"2023-04-12T10:30:00+00:00\" \/>\n<meta name=\"twitter:card\" content=\"summary_large_image\" \/>\n<meta name=\"twitter:label1\" content=\"Gesch\u00e4tzte Lesezeit\" \/>\n\t<meta name=\"twitter:data1\" content=\"7\u00a0Minuten\" \/>\n<script type=\"application\/ld+json\" class=\"yoast-schema-graph\">{\"@context\":\"https:\/\/schema.org\",\"@graph\":[{\"@type\":\"WebPage\",\"@id\":\"https:\/\/nashvilleknifeshop.com\/de\/frauen-rasierer\/frau-perfekte-rasur\/\",\"url\":\"https:\/\/nashvilleknifeshop.com\/de\/frauen-rasierer\/frau-perfekte-rasur\/\",\"name\":\"Die perfekte Rasur f\u00fcr die Frau - so rasieren Damen sich richtig\",\"isPartOf\":{\"@id\":\"https:\/\/nashvilleknifeshop.com\/de\/#website\"},\"primaryImageOfPage\":{\"@id\":\"https:\/\/nashvilleknifeshop.com\/de\/frauen-rasierer\/frau-perfekte-rasur\/#primaryimage\"},\"image\":{\"@id\":\"https:\/\/nashvilleknifeshop.com\/de\/frauen-rasierer\/frau-perfekte-rasur\/#primaryimage\"},\"thumbnailUrl\":\"https:\/\/nashvilleknifeshop.com\/de\/wp-content\/uploads\/2023\/03\/woman-shaves-legs.jpg\",\"datePublished\":\"2022-07-25T13:18:13+00:00\",\"dateModified\":\"2023-04-12T10:30:00+00:00\",\"description\":\"Moderne Frauen rasieren sich mindestens genau so oft wie M\u00e4nner, denn ein K\u00f6rper ohne K\u00f6rperhaare gilt als schick, feminin und attraktiv. Auch die Intimrasur geh\u00f6rt heute zum t\u00e4glichen oder w\u00f6chentlichen Ritual vieler Frauen.\",\"breadcrumb\":{\"@id\":\"https:\/\/nashvilleknifeshop.com\/de\/frauen-rasierer\/frau-perfekte-rasur\/#breadcrumb\"},\"inLanguage\":\"de\",\"potentialAction\":[{\"@type\":\"ReadAction\",\"target\":[\"https:\/\/nashvilleknifeshop.com\/de\/frauen-rasierer\/frau-perfekte-rasur\/\"]}]},{\"@type\":\"ImageObject\",\"inLanguage\":\"de\",\"@id\":\"https:\/\/nashvilleknifeshop.com\/de\/frauen-rasierer\/frau-perfekte-rasur\/#primaryimage\",\"url\":\"https:\/\/nashvilleknifeshop.com\/de\/wp-content\/uploads\/2023\/03\/woman-shaves-legs.jpg\",\"contentUrl\":\"https:\/\/nashvilleknifeshop.com\/de\/wp-content\/uploads\/2023\/03\/woman-shaves-legs.jpg\"},{\"@type\":\"BreadcrumbList\",\"@id\":\"https:\/\/nashvilleknifeshop.com\/de\/frauen-rasierer\/frau-perfekte-rasur\/#breadcrumb\",\"itemListElement\":[{\"@type\":\"ListItem\",\"position\":1,\"name\":\"Home\",\"item\":\"https:\/\/nashvilleknifeshop.com\/de\/\"},{\"@type\":\"ListItem\",\"position\":2,\"name\":\"Damenrasur\",\"item\":\"https:\/\/nashvilleknifeshop.com\/de\/frauen-rasierer\/\"},{\"@type\":\"ListItem\",\"position\":3,\"name\":\"Die perfekte Rasur f\u00fcr die Frau\"}]},{\"@type\":\"WebSite\",\"@id\":\"https:\/\/nashvilleknifeshop.com\/de\/#website\",\"url\":\"https:\/\/nashvilleknifeshop.com\/de\/\",\"name\":\"Deutsch\",\"description\":\"Just another nashvilleknifeshop Sites site\",\"publisher\":{\"@id\":\"https:\/\/nashvilleknifeshop.com\/de\/#organization\"},\"potentialAction\":[{\"@type\":\"SearchAction\",\"target\":{\"@type\":\"EntryPoint\",\"urlTemplate\":\"https:\/\/nashvilleknifeshop.com\/de\/?s={search_term_string}\"},\"query-input\":{\"@type\":\"PropertyValueSpecification\",\"valueRequired\":true,\"valueName\":\"search_term_string\"}}],\"inLanguage\":\"de\"},{\"@type\":\"Organization\",\"@id\":\"https:\/\/nashvilleknifeshop.com\/de\/#organization\",\"name\":\"Deutsch\",\"url\":\"https:\/\/nashvilleknifeshop.com\/de\/\",\"logo\":{\"@type\":\"ImageObject\",\"inLanguage\":\"de\",\"@id\":\"https:\/\/nashvilleknifeshop.com\/de\/#\/schema\/logo\/image\/\",\"url\":\"https:\/\/nashvilleknifeshop.com\/de\/wp-content\/uploads\/2023\/03\/cropped-favicon.png\",\"contentUrl\":\"https:\/\/nashvilleknifeshop.com\/de\/wp-content\/uploads\/2023\/03\/cropped-favicon.png\",\"width\":512,\"height\":512,\"caption\":\"Deutsch\"},\"image\":{\"@id\":\"https:\/\/nashvilleknifeshop.com\/de\/#\/schema\/logo\/image\/\"}}]}<\/script>\n<!-- \/ Yoast SEO plugin. -->","yoast_head_json":{"title":"Die perfekte Rasur f\u00fcr die Frau - so rasieren Damen sich richtig","description":"Moderne Frauen rasieren sich mindestens genau so oft wie M\u00e4nner, denn ein K\u00f6rper ohne K\u00f6rperhaare gilt als schick, feminin und attraktiv. Auch die Intimrasur geh\u00f6rt heute zum t\u00e4glichen oder w\u00f6chentlichen Ritual vieler Frauen.","robots":{"index":"index","follow":"follow","max-snippet":"max-snippet:-1","max-image-preview":"max-image-preview:large","max-video-preview":"max-video-preview:-1"},"canonical":"https:\/\/nashvilleknifeshop.com\/de\/frauen-rasierer\/frau-perfekte-rasur\/","og_locale":"de_DE","og_type":"article","og_title":"Die perfekte Rasur f\u00fcr die Frau - so rasieren Damen sich richtig","og_description":"Moderne Frauen rasieren sich mindestens genau so oft wie M\u00e4nner, denn ein K\u00f6rper ohne K\u00f6rperhaare gilt als schick, feminin und attraktiv. Auch die Intimrasur geh\u00f6rt heute zum t\u00e4glichen oder w\u00f6chentlichen Ritual vieler Frauen.","og_url":"https:\/\/nashvilleknifeshop.com\/de\/frauen-rasierer\/frau-perfekte-rasur\/","og_site_name":"Deutsch","article_modified_time":"2023-04-12T10:30:00+00:00","twitter_card":"summary_large_image","twitter_misc":{"Gesch\u00e4tzte Lesezeit":"7\u00a0Minuten"},"schema":{"@context":"https:\/\/schema.org","@graph":[{"@type":"WebPage","@id":"https:\/\/nashvilleknifeshop.com\/de\/frauen-rasierer\/frau-perfekte-rasur\/","url":"https:\/\/nashvilleknifeshop.com\/de\/frauen-rasierer\/frau-perfekte-rasur\/","name":"Die perfekte Rasur f\u00fcr die Frau - so rasieren Damen sich richtig","isPartOf":{"@id":"https:\/\/nashvilleknifeshop.com\/de\/#website"},"primaryImageOfPage":{"@id":"https:\/\/nashvilleknifeshop.com\/de\/frauen-rasierer\/frau-perfekte-rasur\/#primaryimage"},"image":{"@id":"https:\/\/nashvilleknifeshop.com\/de\/frauen-rasierer\/frau-perfekte-rasur\/#primaryimage"},"thumbnailUrl":"https:\/\/nashvilleknifeshop.com\/de\/wp-content\/uploads\/2023\/03\/woman-shaves-legs.jpg","datePublished":"2022-07-25T13:18:13+00:00","dateModified":"2023-04-12T10:30:00+00:00","description":"Moderne Frauen rasieren sich mindestens genau so oft wie M\u00e4nner, denn ein K\u00f6rper ohne K\u00f6rperhaare gilt als schick, feminin und attraktiv. Auch die Intimrasur geh\u00f6rt heute zum t\u00e4glichen oder w\u00f6chentlichen Ritual vieler Frauen.","breadcrumb":{"@id":"https:\/\/nashvilleknifeshop.com\/de\/frauen-rasierer\/frau-perfekte-rasur\/#breadcrumb"},"inLanguage":"de","potentialAction":[{"@type":"ReadAction","target":["https:\/\/nashvilleknifeshop.com\/de\/frauen-rasierer\/frau-perfekte-rasur\/"]}]},{"@type":"ImageObject","inLanguage":"de","@id":"https:\/\/nashvilleknifeshop.com\/de\/frauen-rasierer\/frau-perfekte-rasur\/#primaryimage","url":"https:\/\/nashvilleknifeshop.com\/de\/wp-content\/uploads\/2023\/03\/woman-shaves-legs.jpg","contentUrl":"https:\/\/nashvilleknifeshop.com\/de\/wp-content\/uploads\/2023\/03\/woman-shaves-legs.jpg"},{"@type":"BreadcrumbList","@id":"https:\/\/nashvilleknifeshop.com\/de\/frauen-rasierer\/frau-perfekte-rasur\/#breadcrumb","itemListElement":[{"@type":"ListItem","position":1,"name":"Home","item":"https:\/\/nashvilleknifeshop.com\/de\/"},{"@type":"ListItem","position":2,"name":"Damenrasur","item":"https:\/\/nashvilleknifeshop.com\/de\/frauen-rasierer\/"},{"@type":"ListItem","position":3,"name":"Die perfekte Rasur f\u00fcr die Frau"}]},{"@type":"WebSite","@id":"https:\/\/nashvilleknifeshop.com\/de\/#website","url":"https:\/\/nashvilleknifeshop.com\/de\/","name":"Deutsch","description":"Just another nashvilleknifeshop Sites site","publisher":{"@id":"https:\/\/nashvilleknifeshop.com\/de\/#organization"},"potentialAction":[{"@type":"SearchAction","target":{"@type":"EntryPoint","urlTemplate":"https:\/\/nashvilleknifeshop.com\/de\/?s={search_term_string}"},"query-input":{"@type":"PropertyValueSpecification","valueRequired":true,"valueName":"search_term_string"}}],"inLanguage":"de"},{"@type":"Organization","@id":"https:\/\/nashvilleknifeshop.com\/de\/#organization","name":"Deutsch","url":"https:\/\/nashvilleknifeshop.com\/de\/","logo":{"@type":"ImageObject","inLanguage":"de","@id":"https:\/\/nashvilleknifeshop.com\/de\/#\/schema\/logo\/image\/","url":"https:\/\/nashvilleknifeshop.com\/de\/wp-content\/uploads\/2023\/03\/cropped-favicon.png","contentUrl":"https:\/\/nashvilleknifeshop.com\/de\/wp-content\/uploads\/2023\/03\/cropped-favicon.png","width":512,"height":512,"caption":"Deutsch"},"image":{"@id":"https:\/\/nashvilleknifeshop.com\/de\/#\/schema\/logo\/image\/"}}]}},"_links":{"self":[{"href":"https:\/\/nashvilleknifeshop.com\/de\/wp-json\/wp\/v2\/pages\/48","targetHints":{"allow":["GET"]}}],"collection":[{"href":"https:\/\/nashvilleknifeshop.com\/de\/wp-json\/wp\/v2\/pages"}],"about":[{"href":"https:\/\/nashvilleknifeshop.com\/de\/wp-json\/wp\/v2\/types\/page"}],"author":[{"embeddable":true,"href":"https:\/\/nashvilleknifeshop.com\/de\/wp-json\/wp\/v2\/users\/3"}],"replies":[{"embeddable":true,"href":"https:\/\/nashvilleknifeshop.com\/de\/wp-json\/wp\/v2\/comments?post=48"}],"version-history":[{"count":16,"href":"https:\/\/nashvilleknifeshop.com\/de\/wp-json\/wp\/v2\/pages\/48\/revisions"}],"predecessor-version":[{"id":1315,"href":"https:\/\/nashvilleknifeshop.com\/de\/wp-json\/wp\/v2\/pages\/48\/revisions\/1315"}],"up":[{"embeddable":true,"href":"https:\/\/nashvilleknifeshop.com\/de\/wp-json\/wp\/v2\/pages\/889"}],"wp:featuredmedia":[{"embeddable":true,"href":"https:\/\/nashvilleknifeshop.com\/de\/wp-json\/"}],"wp:attachment":[{"href":"https:\/\/nashvilleknifeshop.com\/de\/wp-json\/wp\/v2\/media?parent=48"}],"curies":[{"name":"wp","href":"https:\/\/api.w.org\/{rel}","templated":true}]}}