{"id":43,"date":"2022-04-10T11:55:33","date_gmt":"2022-04-10T11:55:33","guid":{"rendered":"https:\/\/nashvilleknifeshop.com\/de\/?page_id=43"},"modified":"2023-04-12T10:29:01","modified_gmt":"2023-04-12T10:29:01","slug":"rasierhobel-frauen","status":"publish","type":"page","link":"https:\/\/nashvilleknifeshop.com\/de\/frauen-rasierer\/rasierhobel-frauen\/","title":{"rendered":"Rasierhobel f\u00fcr Frauen"},"content":{"rendered":"\n<p class=\"intro\">Die Verwendung eines Rasierhobels gilt bei M\u00e4nnern neben dem Rasiermesser zur K\u00f6nigsdisziplin beim Rasieren. Doch auch immer mehr Frauen greifen zu einem Rasierhobel. Ist doch die zarte weibliche Haut viel weniger vor Verletzungen gesch\u00fctzt als bei einem Ladyshaver, einem Nassrasierer oder einem elektrischen Rasierer. Warum ist das so?<\/p>\n\n\n\n<p>Sie werden es nicht glauben, aber es gibt spezielle Rasierhobel f\u00fcr Frauen, mit denen Sie nicht nur bessere Ergebnisse bei der Rasur sondern auch Hautunreinheiten und R\u00f6tungen kommen weniger vor. Auch den verletzlichen Intimbereich von Frauen rasieren immer mehr Frauen mit einem Hobel. Wie kann das sein?<\/p>\n\n\n\n<figure class=\"wp-block-image size-full\"><img loading=\"lazy\" decoding=\"async\" width=\"1920\" height=\"800\" src=\"https:\/\/nashvilleknifeshop.com\/wp-content\/uploads\/2023\/03\/razor-plane-for-women-800px.jpg\" alt=\"razor plane fo women\" class=\"wp-image-55\" srcset=\"https:\/\/nashvilleknifeshop.com\/de\/wp-content\/uploads\/2023\/03\/razor-plane-for-women-800px.jpg 1920w, https:\/\/nashvilleknifeshop.com\/de\/wp-content\/uploads\/2023\/03\/razor-plane-for-women-800px-300x125.jpg 300w, https:\/\/nashvilleknifeshop.com\/de\/wp-content\/uploads\/2023\/03\/razor-plane-for-women-800px-1024x427.jpg 1024w, https:\/\/nashvilleknifeshop.com\/de\/wp-content\/uploads\/2023\/03\/razor-plane-for-women-800px-768x320.jpg 768w, https:\/\/nashvilleknifeshop.com\/de\/wp-content\/uploads\/2023\/03\/razor-plane-for-women-800px-1536x640.jpg 1536w\" sizes=\"auto, (max-width: 1920px) 100vw, 1920px\" \/><figcaption class=\"wp-element-caption\">Das Rasieren mit einem Rasierhobel kommt nicht nur bei M\u00e4nner immer mehr in Mode, auch Frauen greifen zu dem Ein-Klingen-Rasierer mit austauschbarerer Klinge. Beim Tausch der Rasierklinge f\u00e4llt kein Plastikm\u00fcll an.<\/figcaption><\/figure>\n\n\n\n<h2 class=\"wp-block-heading\">Rasierhobel: Offener oder geschlossener Kamm?<\/h2>\n\n\n\n<p>Rasierhobel unterscheiden sich im Kamm. So gibt es Hobel mit offenem und mit geschlossenem Kamm. Das sind die Unterschiede:<\/p>\n\n\n\n<h3 class=\"wp-block-heading\">Damen-Rasierhobel mit geschlossenem Kamm<\/h3>\n\n\n\n<p>Der Rasierhobel mit geschlossenem Kamm sch\u00fctzt die Frau, gerade im Intimbereich, besser vor Verletzungen. Die Bezeichnung Kamm ist eher irref\u00fchrend. Damit wird ein B\u00fcgel bezeichnet, der vor der Rasierklinge liegt. Durch den geringeren Abstand zwischen Klinge und B\u00fcgel eignet sich der Rasierhobel f\u00fcr empfindliche Haut. Die Rasur ist sanft und das Verletzungsrisiko ist gering.<\/p>\n\n\n\n<h3 class=\"wp-block-heading\">Damen-Rasierhobel mit offenem Kamm<\/h3>\n\n\n\n<p>Bei einem Rasierhobel mit offenem Kamm ist das Verletzungsrisiko gr\u00f6\u00dfer. Er ist nicht f\u00fcr Anf\u00e4nger geeignet. Die Rasierklinge liegt auf dem gebogenen Kamm auf. Der Hobel mit offenem Kamm rasiert gr\u00fcndlicher und abgetrennte Haare und Rasierschaum k\u00f6nnen den Kamm durch den gr\u00f6\u00dferen Klingenspalt nicht verstopfen.<\/p>\n\n\n\n<figure class=\"wp-block-image size-full\"><img loading=\"lazy\" decoding=\"async\" width=\"1920\" height=\"800\" src=\"https:\/\/nashvilleknifeshop.com\/de\/wp-content\/uploads\/2023\/04\/razor-plane-open-closed-comb-detail.jpg\" alt=\"razor plane with open and closed comb detail\" class=\"wp-image-73\" srcset=\"https:\/\/nashvilleknifeshop.com\/de\/wp-content\/uploads\/2023\/04\/razor-plane-open-closed-comb-detail.jpg 1920w, https:\/\/nashvilleknifeshop.com\/de\/wp-content\/uploads\/2023\/04\/razor-plane-open-closed-comb-detail-300x125.jpg 300w, https:\/\/nashvilleknifeshop.com\/de\/wp-content\/uploads\/2023\/04\/razor-plane-open-closed-comb-detail-1024x427.jpg 1024w, https:\/\/nashvilleknifeshop.com\/de\/wp-content\/uploads\/2023\/04\/razor-plane-open-closed-comb-detail-768x320.jpg 768w, https:\/\/nashvilleknifeshop.com\/de\/wp-content\/uploads\/2023\/04\/razor-plane-open-closed-comb-detail-1536x640.jpg 1536w\" sizes=\"auto, (max-width: 1920px) 100vw, 1920px\" \/><figcaption class=\"wp-element-caption\">Links ein Rasierhobel mit geschlossenem, rechts mit offenem Kamm. Der Unterschied liegt im Abstand zwischen Rasierklinge und Kamm. Ist der Abstand gr\u00f6\u00dfer, wird die Rasur gr\u00fcndlicher. Aber auch die Verletzungsgefahr steigt.<\/figcaption><\/figure>\n\n\n\n<h3 class=\"wp-block-heading\">Rasierhobel f\u00fcr Frauen: Weniger Plastikm\u00fcll<\/h3>\n\n\n\n<p>Abgesehen von den dickeren Haaren der Intimbehaarung kommen Frauen meist mit einem Rasierhobel mit geschlossenem Kamm besser zurecht. Bei diesem liegt die Klinge weniger frei als bei einem Rasierhobel mit offenem Kamm und die Verletzungsgefahr ist geringer. Unge\u00fcbte, nicht nur Frauen, sollten deshalb einen Rasierhobel mit geschlossenem Kamm als Anf\u00e4nger bevorzugen. Zwar ist die Rasur unter Umst\u00e4nden nicht so nachhaltig als wie bei einem Rasierhobel mit offenem Kamm, bei dem die Klinge direkt an der Haut entlang gleitet, aber die Haut wird trotzdem geschont. Im Vergleich zu einem Systemrasierer hat ein Hobel n\u00e4mlich nur eine einzige Klinge. Der Kopf des Rasierhobels ist im Gegensatz zum Systemrasierer starr. Ob Sie lieber einen Hobel mit Butterfly-Verschluss zum Aufklappen oder einen Rasierhobel mit Schraubverschluss zum Drehen beim Klingenwechsel ausw\u00e4hlen, ist Geschmackssache. F\u00fcr einen besseren Halt ist das Griffst\u00fcck meistens geriffelt.<br>Ein Rasierhobel ist meist plastikfrei. Viele Teile bestehen aus Metall und k\u00f6nnen st\u00e4ndig wiederverwertet werden. Als M\u00fcll f\u00e4llt nur die Klinge aus Metall an.<\/p>\n\n\n\n<h3 class=\"wp-block-heading\">Nachhaltiger Rasieren<\/h3>\n\n\n\n<p>W\u00fcnschen sich Frauen einen nachhaltigen Rasierhobel, sollten Sie zu einem Rasierhobel mit einem Griff aus Holz greifen. Der Hobel selbst besteht aus langlebigem Metall. Mit einem Holzgriff und durch die auswechselbaren Rasierklingen kann er mehrere Jahre verwendet werden. Die meisten Rasierhobel sind jedoch komplett aus Metall. F\u00fcr Frauen greifen die Hersteller zu neutralen Farben wie Silber oder Edelstahl, aber auch gerne zu Rosa, Pink oder zu Lila. Oft ist das Material bei einem nachhaltigen Rasierhobel recycelt oder geh\u00f6rt wie Bambus zu den schnell nachwachsenden Rohstoffen.<br>Eine besondere Gr\u00f6\u00dfe hat ein Rasierhobel f\u00fcr Damen nicht. Das liegt daran, dass die Klingen f\u00fcr Rasierhobel generell genormt sind. Eine Rasierklinge kostet nur wenige Cent. Somit ist ein Rasierhobel bei der Verwendung immer noch g\u00fcnstiger als ein Nassrasierer mit mehreren Klingen, bei dem der gesamte Rasierkopf ausgetauscht werden muss. Der einmalige Anschaffungspreis liegt jedoch h\u00f6her.<\/p>\n\n\n\n<figure class=\"wp-block-image size-full\"><img loading=\"lazy\" decoding=\"async\" width=\"1920\" height=\"800\" src=\"https:\/\/nashvilleknifeshop.com\/de\/wp-content\/uploads\/2023\/04\/ladies-razor-sustainable.jpg\" alt=\"ladies razor sustainable\" class=\"wp-image-68\" srcset=\"https:\/\/nashvilleknifeshop.com\/de\/wp-content\/uploads\/2023\/04\/ladies-razor-sustainable.jpg 1920w, https:\/\/nashvilleknifeshop.com\/de\/wp-content\/uploads\/2023\/04\/ladies-razor-sustainable-300x125.jpg 300w, https:\/\/nashvilleknifeshop.com\/de\/wp-content\/uploads\/2023\/04\/ladies-razor-sustainable-1024x427.jpg 1024w, https:\/\/nashvilleknifeshop.com\/de\/wp-content\/uploads\/2023\/04\/ladies-razor-sustainable-768x320.jpg 768w, https:\/\/nashvilleknifeshop.com\/de\/wp-content\/uploads\/2023\/04\/ladies-razor-sustainable-1536x640.jpg 1536w\" sizes=\"auto, (max-width: 1920px) 100vw, 1920px\" \/><figcaption class=\"wp-element-caption\">Damenrasierer werden meist in speziellen Farben f\u00fcr Frauen angeboten. Auch nachhaltige Rasierer mit weniger Plastik sind im Angebot. Hier abgebildet ein Damenrasierer mit eine Griff aus Bambus-Holz.<\/figcaption><\/figure>\n\n\n\n<h2 class=\"wp-block-heading\">Diese Vorteile hat ein Rasierhobel f\u00fcr Damen<\/h2>\n\n\n\n<p>Der Rasierhobel besitzt nur eine einzige Klinge. Dadurch wird die Haut weniger gestresst. Durch das h\u00f6here Eigengewicht des Rasierhobels muss weniger Druck aufgewendet werden. Auch das schont die Haut und sorgt so f\u00fcr weniger Rasurbrand, eingewachsene Haare und Pickel. Ganz ohne Plastik und mit langer Verwendungszeit gilt ein Rasierhobel als nachhaltig. Der Rasierhobel eignet sich f\u00fcr alle Bereiche bei einer Frau, die enthaart werden sollen: Arme, Achseln, Beine und f\u00fcr den Intimbereich.<\/p>\n\n\n\n<h2 class=\"wp-block-heading\">Diese Nachteile hat ein Rasierhobel bei Frauen<\/h2>\n\n\n\n<p>Eine Rasur mit dem Rasierhobel ist nichts auf die Schnelle. Die Rasur sollte langsam und aufmerksam erfolgen, damit man sich nicht schneidet. Der Rasierhobel hat keinen beweglichen Kopf. An Knien, Kn\u00f6cheln und Ellenbogen ist deshalb besondere Vorsicht geboten.<\/p>\n\n\n\n<h2 class=\"wp-block-heading\">Rasieren mit einem Rasierhobel<\/h2>\n\n\n\n<h3 class=\"wp-block-heading\">Anwendung speziell f\u00fcr Frauen<\/h3>\n\n\n\n<p>Wie immer werden die Haare vorab mit warmem Wasser eingeweicht. Die Poren \u00f6ffnen sich und die Haare stellen sich auf. Tragen Sie anschlie\u00dfend Rasierschaum aus Rasierseife, Rasiergel oder Rasiercreme auf, damit die Rasierklinge leichter \u00fcber die Haut gleitet. Nun setzen Sie den Rasierhobel in einem Winkel von rund 30 Grad an. Spannen Sie den zu rasierenden Bereich mit der anderen Hand straff und f\u00fchren Sie den Rasierer mit leichtem Druck \u00fcber die Haut. Nach der Rasur waschen Sie die Seifenreste ab und schlie\u00dfen die Poren mit kaltem Wasser. Tragen Sie zur Pflege eine Feuchtigkeitscreme auf.<\/p>\n\n\n\n<h2 class=\"wp-block-heading\">Frauenrasur im Intimbereich<\/h2>\n\n\n\n<p>Gibt es Erfahrungen von Frauen bei der Rasur mit einem Rasierhobel? Ja, sehr viele. Auch wenn es etwas \u00dcberwindung kostet, den weiblichen Schambereich mit einem Rasierer zu rasieren, greifen immer mehr Frauen zu diesem Rasierer.<br>Denn auch im Intimbereich einer Frau sind verschiedene Rasuren mit dem Rasierhobel m\u00f6glich. Dazu geh\u00f6ren die Rasur an den R\u00e4ndern der Schambehaarung (Bikini-Cut), Schambehaarung und \u00e4u\u00dfere Schamlippen (Brazilian-Cut) und die vollst\u00e4ndige Enthaarung (Hollywood-Cut). Eines vorweg: \u00dcben Sie die Rasur mit einem Rasierhobel erst an anderen Stellen, bevor Sie sich mit dem Rasierhobel als Frau an den Intimbereich wagen.<br>Weichen Sie die Haut vor der Rasur mit warmem Wasser ein, damit sich die Haare aufstellen. Das kann unter der Dusche oder in der Badewanne geschehen oder Sie verwenden ein warmes nasses Handtuch. Tragen Sie anschlie\u00dfend Rasierschaum oder Rasier\u00f6l auf. Durchsichtiges Rasier\u00f6l hat den Vorteil, dass Sie den zu rasierenden Bereich genau in Augenschein nehmen k\u00f6nnen. Spannen Sie die Haut straff und rasieren Sie den Intimbereich in Wuchsrichtung ohne Druck. Es empfiehlt sich, die Klinge nach jedem Zug von Rasierschaum und Haaren zu befreien. Ist der Intimbereich nicht glatt geworden, k\u00f6nnen Sie erneut Rasierseife auftragen und noch einmal gegen den Strich rasieren. Reinigen Sie die Haut anschlie\u00dfend erst unter warmem Wasser und danach mit kaltem Wasser, damit sich die Poren wieder zusammenziehen und tragen Sie nach der Rasur im Intimbereich ein Pflegeprodukt zu Beruhigung der Haut auf.<\/p>\n\n\n\n<figure class=\"wp-block-image size-full\"><img loading=\"lazy\" decoding=\"async\" width=\"1920\" height=\"800\" src=\"https:\/\/nashvilleknifeshop.com\/de\/wp-content\/uploads\/2023\/04\/razor-plane-open-closed-comb-facing.jpg\" alt=\"razor plane with open and closed comb Facing\" class=\"wp-image-72\" srcset=\"https:\/\/nashvilleknifeshop.com\/de\/wp-content\/uploads\/2023\/04\/razor-plane-open-closed-comb-facing.jpg 1920w, https:\/\/nashvilleknifeshop.com\/de\/wp-content\/uploads\/2023\/04\/razor-plane-open-closed-comb-facing-300x125.jpg 300w, https:\/\/nashvilleknifeshop.com\/de\/wp-content\/uploads\/2023\/04\/razor-plane-open-closed-comb-facing-1024x427.jpg 1024w, https:\/\/nashvilleknifeshop.com\/de\/wp-content\/uploads\/2023\/04\/razor-plane-open-closed-comb-facing-768x320.jpg 768w, https:\/\/nashvilleknifeshop.com\/de\/wp-content\/uploads\/2023\/04\/razor-plane-open-closed-comb-facing-1536x640.jpg 1536w\" sizes=\"auto, (max-width: 1920px) 100vw, 1920px\" \/><figcaption class=\"wp-element-caption\">Rasierhobel gibt es f\u00fcr M\u00e4nner aber auch speziell f\u00fcr Frauen. Der Fokus beim Kauf sollte jedoch allein in der Unterscheidung zwischen offenem und geschlossenem Kamm liegen.<\/figcaption><\/figure>\n\n\n\n<h2 class=\"wp-block-heading\">Rasierhobel Test f\u00fcr Frauen \u2013 auf die Gr\u00f6\u00dfe kommt es an<\/h2>\n\n\n\n<p>Rasierhobel f\u00fcr Frauen und M\u00e4nner unterscheiden sich, wenn \u00fcberhaupt, in der Farbgebung von silbern gl\u00e4nzend oder matt und Schwarz bis zu Ros\u00e9golden, Smaragdgr\u00fcn oder Rot. Der Kopf des Rasierhobels ist in der Regel aus Edelstahl. Der Griff kann aus Messing, Metall, Holz oder Edelharz sein. Sehr g\u00fcnstige Rasierhobel besitzen einen Griff aus Kunststoff. F\u00fcr Allergiker sind nickelfreie Rasierhobel erh\u00e4ltlich.<br>F\u00fcr beide Geschlechter gibt es Rasierhobel mit offenem Kamm und geschlossenem Kamm. Unterschiede gibt es im Test jedoch im Gewicht und in der Griffl\u00e4nge. Diese liegt zwischen 9,5 cm und 11 cm. Ein langer Griff kann die Rasur vereinfachen, weil schwer zug\u00e4ngliche Stellen mit einem langen Griff besser erreichbar sind. Auch das Gewicht spielt eine Rolle, denn ein schwerer Rasierhobel gleitet im Test leichter \u00fcber die Haut als ein weniger schwerer Rasierhobel. Das Gewicht des Nassrasierers liegt zwischen 50 g und 95 g.<\/p>\n\n\n\n<p><strong>Wer stellt Rasierhobel her?<\/strong><br>Alle klassischen Hersteller von Rasierern f\u00fcr die Nassrasur f\u00fchren auch Rasierhobel im Sortiment. Besonders online ist das Angebot von Rasierhobeln gr\u00f6\u00dfer als vor Ort.<\/p>\n\n\n\n<p><strong>Gibt es eine Rasierhobel Frauen Bewertung?<\/strong><br>Die meisten Bewertungen im Rasierhobel Vergleich erhielt der Rasierhobel Classic Vintage von Wilkinson. Es folgen der King C von Gillette und der Merkur 23 C vor dem St\u00f6rtebekker Premium, dem Merkur 34 C und dem klassischen Rasierhobel von M\u00fchle.<\/p>\n\n\n\n<h2 class=\"wp-block-heading\">Rasierhobel f\u00fcr Frauen: Das Fazit<\/h2>\n\n\n\n<p>Mit etwas \u00dcbung ist die Anwendung genauso leicht wie mit einem anderen Nassrasierer. Viele Frauen ziehen einen Rasierhobel im Intimbereich jedoch vor, weil die Rasur damit gr\u00fcndlicher ist und das schnelle Nachwachsen l\u00e4stiger Stoppeln vermieden wird.<\/p>\n","protected":false},"excerpt":{"rendered":"<p>Die Verwendung eines Rasierhobels gilt bei M\u00e4nnern neben dem Rasiermesser zur K\u00f6nigsdisziplin beim Rasieren. Doch auch immer mehr Frauen greifen zu einem Rasierhobel. Ist doch &#8230; <a title=\"Rasierhobel f\u00fcr Frauen\" class=\"read-more\" href=\"https:\/\/nashvilleknifeshop.com\/de\/frauen-rasierer\/rasierhobel-frauen\/\" aria-label=\"Mehr Informationen \u00fcber Rasierhobel f\u00fcr Frauen\">Weiterlesen &#8230;<\/a><\/p>\n","protected":false},"author":2,"featured_media":35,"parent":889,"menu_order":0,"comment_status":"closed","ping_status":"closed","template":"","meta":{"inline_featured_image":false,"footnotes":""},"class_list":["post-43","page","type-page","status-publish","has-post-thumbnail"],"yoast_head":"<!-- This site is optimized with the Yoast SEO plugin v26.8 - https:\/\/yoast.com\/product\/yoast-seo-wordpress\/ -->\n<title>Rasierhobel f\u00fcr Frauen<\/title>\n<meta name=\"description\" content=\"Die Verwendung eines Rasierhobels gilt bei M\u00e4nnern neben dem Rasiermesser zur K\u00f6nigsdisziplin beim Rasieren. Doch auch immer mehr Frauen greifen zu einem Rasierhobel. Ist doch die zarte weibliche Haut viel weniger vor Verletzungen gesch\u00fctzt als bei einem Ladyshaver, einem Nassrasierer oder einem elektrischen Rasierer. Warum ist das so?\" \/>\n<meta name=\"robots\" content=\"index, follow, max-snippet:-1, max-image-preview:large, max-video-preview:-1\" \/>\n<link rel=\"canonical\" href=\"https:\/\/nashvilleknifeshop.com\/de\/frauen-rasierer\/rasierhobel-frauen\/\" \/>\n<meta property=\"og:locale\" content=\"de_DE\" \/>\n<meta property=\"og:type\" content=\"article\" \/>\n<meta property=\"og:title\" content=\"Rasierhobel f\u00fcr Frauen\" \/>\n<meta property=\"og:description\" content=\"Die Verwendung eines Rasierhobels gilt bei M\u00e4nnern neben dem Rasiermesser zur K\u00f6nigsdisziplin beim Rasieren. Doch auch immer mehr Frauen greifen zu einem Rasierhobel. Ist doch die zarte weibliche Haut viel weniger vor Verletzungen gesch\u00fctzt als bei einem Ladyshaver, einem Nassrasierer oder einem elektrischen Rasierer. Warum ist das so?\" \/>\n<meta property=\"og:url\" content=\"https:\/\/nashvilleknifeshop.com\/de\/frauen-rasierer\/rasierhobel-frauen\/\" \/>\n<meta property=\"og:site_name\" content=\"Deutsch\" \/>\n<meta property=\"article:modified_time\" content=\"2023-04-12T10:29:01+00:00\" \/>\n<meta name=\"twitter:card\" content=\"summary_large_image\" \/>\n<meta name=\"twitter:label1\" content=\"Gesch\u00e4tzte Lesezeit\" \/>\n\t<meta name=\"twitter:data1\" content=\"7\u00a0Minuten\" \/>\n<script type=\"application\/ld+json\" class=\"yoast-schema-graph\">{\"@context\":\"https:\/\/schema.org\",\"@graph\":[{\"@type\":\"WebPage\",\"@id\":\"https:\/\/nashvilleknifeshop.com\/de\/frauen-rasierer\/rasierhobel-frauen\/\",\"url\":\"https:\/\/nashvilleknifeshop.com\/de\/frauen-rasierer\/rasierhobel-frauen\/\",\"name\":\"Rasierhobel f\u00fcr Frauen\",\"isPartOf\":{\"@id\":\"https:\/\/nashvilleknifeshop.com\/de\/#website\"},\"primaryImageOfPage\":{\"@id\":\"https:\/\/nashvilleknifeshop.com\/de\/frauen-rasierer\/rasierhobel-frauen\/#primaryimage\"},\"image\":{\"@id\":\"https:\/\/nashvilleknifeshop.com\/de\/frauen-rasierer\/rasierhobel-frauen\/#primaryimage\"},\"thumbnailUrl\":\"https:\/\/nashvilleknifeshop.com\/de\/wp-content\/uploads\/2023\/03\/razor-plane-for-women.jpg\",\"datePublished\":\"2022-04-10T11:55:33+00:00\",\"dateModified\":\"2023-04-12T10:29:01+00:00\",\"description\":\"Die Verwendung eines Rasierhobels gilt bei M\u00e4nnern neben dem Rasiermesser zur K\u00f6nigsdisziplin beim Rasieren. Doch auch immer mehr Frauen greifen zu einem Rasierhobel. Ist doch die zarte weibliche Haut viel weniger vor Verletzungen gesch\u00fctzt als bei einem Ladyshaver, einem Nassrasierer oder einem elektrischen Rasierer. Warum ist das so?\",\"breadcrumb\":{\"@id\":\"https:\/\/nashvilleknifeshop.com\/de\/frauen-rasierer\/rasierhobel-frauen\/#breadcrumb\"},\"inLanguage\":\"de\",\"potentialAction\":[{\"@type\":\"ReadAction\",\"target\":[\"https:\/\/nashvilleknifeshop.com\/de\/frauen-rasierer\/rasierhobel-frauen\/\"]}]},{\"@type\":\"ImageObject\",\"inLanguage\":\"de\",\"@id\":\"https:\/\/nashvilleknifeshop.com\/de\/frauen-rasierer\/rasierhobel-frauen\/#primaryimage\",\"url\":\"https:\/\/nashvilleknifeshop.com\/de\/wp-content\/uploads\/2023\/03\/razor-plane-for-women.jpg\",\"contentUrl\":\"https:\/\/nashvilleknifeshop.com\/de\/wp-content\/uploads\/2023\/03\/razor-plane-for-women.jpg\"},{\"@type\":\"BreadcrumbList\",\"@id\":\"https:\/\/nashvilleknifeshop.com\/de\/frauen-rasierer\/rasierhobel-frauen\/#breadcrumb\",\"itemListElement\":[{\"@type\":\"ListItem\",\"position\":1,\"name\":\"Home\",\"item\":\"https:\/\/nashvilleknifeshop.com\/de\/\"},{\"@type\":\"ListItem\",\"position\":2,\"name\":\"Damenrasur\",\"item\":\"https:\/\/nashvilleknifeshop.com\/de\/frauen-rasierer\/\"},{\"@type\":\"ListItem\",\"position\":3,\"name\":\"Rasierhobel f\u00fcr Frauen\"}]},{\"@type\":\"WebSite\",\"@id\":\"https:\/\/nashvilleknifeshop.com\/de\/#website\",\"url\":\"https:\/\/nashvilleknifeshop.com\/de\/\",\"name\":\"Deutsch\",\"description\":\"Just another nashvilleknifeshop Sites site\",\"publisher\":{\"@id\":\"https:\/\/nashvilleknifeshop.com\/de\/#organization\"},\"potentialAction\":[{\"@type\":\"SearchAction\",\"target\":{\"@type\":\"EntryPoint\",\"urlTemplate\":\"https:\/\/nashvilleknifeshop.com\/de\/?s={search_term_string}\"},\"query-input\":{\"@type\":\"PropertyValueSpecification\",\"valueRequired\":true,\"valueName\":\"search_term_string\"}}],\"inLanguage\":\"de\"},{\"@type\":\"Organization\",\"@id\":\"https:\/\/nashvilleknifeshop.com\/de\/#organization\",\"name\":\"Deutsch\",\"url\":\"https:\/\/nashvilleknifeshop.com\/de\/\",\"logo\":{\"@type\":\"ImageObject\",\"inLanguage\":\"de\",\"@id\":\"https:\/\/nashvilleknifeshop.com\/de\/#\/schema\/logo\/image\/\",\"url\":\"https:\/\/nashvilleknifeshop.com\/de\/wp-content\/uploads\/2023\/03\/cropped-favicon.png\",\"contentUrl\":\"https:\/\/nashvilleknifeshop.com\/de\/wp-content\/uploads\/2023\/03\/cropped-favicon.png\",\"width\":512,\"height\":512,\"caption\":\"Deutsch\"},\"image\":{\"@id\":\"https:\/\/nashvilleknifeshop.com\/de\/#\/schema\/logo\/image\/\"}}]}<\/script>\n<!-- \/ Yoast SEO plugin. -->","yoast_head_json":{"title":"Rasierhobel f\u00fcr Frauen","description":"Die Verwendung eines Rasierhobels gilt bei M\u00e4nnern neben dem Rasiermesser zur K\u00f6nigsdisziplin beim Rasieren. Doch auch immer mehr Frauen greifen zu einem Rasierhobel. Ist doch die zarte weibliche Haut viel weniger vor Verletzungen gesch\u00fctzt als bei einem Ladyshaver, einem Nassrasierer oder einem elektrischen Rasierer. Warum ist das so?","robots":{"index":"index","follow":"follow","max-snippet":"max-snippet:-1","max-image-preview":"max-image-preview:large","max-video-preview":"max-video-preview:-1"},"canonical":"https:\/\/nashvilleknifeshop.com\/de\/frauen-rasierer\/rasierhobel-frauen\/","og_locale":"de_DE","og_type":"article","og_title":"Rasierhobel f\u00fcr Frauen","og_description":"Die Verwendung eines Rasierhobels gilt bei M\u00e4nnern neben dem Rasiermesser zur K\u00f6nigsdisziplin beim Rasieren. Doch auch immer mehr Frauen greifen zu einem Rasierhobel. Ist doch die zarte weibliche Haut viel weniger vor Verletzungen gesch\u00fctzt als bei einem Ladyshaver, einem Nassrasierer oder einem elektrischen Rasierer. Warum ist das so?","og_url":"https:\/\/nashvilleknifeshop.com\/de\/frauen-rasierer\/rasierhobel-frauen\/","og_site_name":"Deutsch","article_modified_time":"2023-04-12T10:29:01+00:00","twitter_card":"summary_large_image","twitter_misc":{"Gesch\u00e4tzte Lesezeit":"7\u00a0Minuten"},"schema":{"@context":"https:\/\/schema.org","@graph":[{"@type":"WebPage","@id":"https:\/\/nashvilleknifeshop.com\/de\/frauen-rasierer\/rasierhobel-frauen\/","url":"https:\/\/nashvilleknifeshop.com\/de\/frauen-rasierer\/rasierhobel-frauen\/","name":"Rasierhobel f\u00fcr Frauen","isPartOf":{"@id":"https:\/\/nashvilleknifeshop.com\/de\/#website"},"primaryImageOfPage":{"@id":"https:\/\/nashvilleknifeshop.com\/de\/frauen-rasierer\/rasierhobel-frauen\/#primaryimage"},"image":{"@id":"https:\/\/nashvilleknifeshop.com\/de\/frauen-rasierer\/rasierhobel-frauen\/#primaryimage"},"thumbnailUrl":"https:\/\/nashvilleknifeshop.com\/de\/wp-content\/uploads\/2023\/03\/razor-plane-for-women.jpg","datePublished":"2022-04-10T11:55:33+00:00","dateModified":"2023-04-12T10:29:01+00:00","description":"Die Verwendung eines Rasierhobels gilt bei M\u00e4nnern neben dem Rasiermesser zur K\u00f6nigsdisziplin beim Rasieren. Doch auch immer mehr Frauen greifen zu einem Rasierhobel. Ist doch die zarte weibliche Haut viel weniger vor Verletzungen gesch\u00fctzt als bei einem Ladyshaver, einem Nassrasierer oder einem elektrischen Rasierer. Warum ist das so?","breadcrumb":{"@id":"https:\/\/nashvilleknifeshop.com\/de\/frauen-rasierer\/rasierhobel-frauen\/#breadcrumb"},"inLanguage":"de","potentialAction":[{"@type":"ReadAction","target":["https:\/\/nashvilleknifeshop.com\/de\/frauen-rasierer\/rasierhobel-frauen\/"]}]},{"@type":"ImageObject","inLanguage":"de","@id":"https:\/\/nashvilleknifeshop.com\/de\/frauen-rasierer\/rasierhobel-frauen\/#primaryimage","url":"https:\/\/nashvilleknifeshop.com\/de\/wp-content\/uploads\/2023\/03\/razor-plane-for-women.jpg","contentUrl":"https:\/\/nashvilleknifeshop.com\/de\/wp-content\/uploads\/2023\/03\/razor-plane-for-women.jpg"},{"@type":"BreadcrumbList","@id":"https:\/\/nashvilleknifeshop.com\/de\/frauen-rasierer\/rasierhobel-frauen\/#breadcrumb","itemListElement":[{"@type":"ListItem","position":1,"name":"Home","item":"https:\/\/nashvilleknifeshop.com\/de\/"},{"@type":"ListItem","position":2,"name":"Damenrasur","item":"https:\/\/nashvilleknifeshop.com\/de\/frauen-rasierer\/"},{"@type":"ListItem","position":3,"name":"Rasierhobel f\u00fcr Frauen"}]},{"@type":"WebSite","@id":"https:\/\/nashvilleknifeshop.com\/de\/#website","url":"https:\/\/nashvilleknifeshop.com\/de\/","name":"Deutsch","description":"Just another nashvilleknifeshop Sites site","publisher":{"@id":"https:\/\/nashvilleknifeshop.com\/de\/#organization"},"potentialAction":[{"@type":"SearchAction","target":{"@type":"EntryPoint","urlTemplate":"https:\/\/nashvilleknifeshop.com\/de\/?s={search_term_string}"},"query-input":{"@type":"PropertyValueSpecification","valueRequired":true,"valueName":"search_term_string"}}],"inLanguage":"de"},{"@type":"Organization","@id":"https:\/\/nashvilleknifeshop.com\/de\/#organization","name":"Deutsch","url":"https:\/\/nashvilleknifeshop.com\/de\/","logo":{"@type":"ImageObject","inLanguage":"de","@id":"https:\/\/nashvilleknifeshop.com\/de\/#\/schema\/logo\/image\/","url":"https:\/\/nashvilleknifeshop.com\/de\/wp-content\/uploads\/2023\/03\/cropped-favicon.png","contentUrl":"https:\/\/nashvilleknifeshop.com\/de\/wp-content\/uploads\/2023\/03\/cropped-favicon.png","width":512,"height":512,"caption":"Deutsch"},"image":{"@id":"https:\/\/nashvilleknifeshop.com\/de\/#\/schema\/logo\/image\/"}}]}},"_links":{"self":[{"href":"https:\/\/nashvilleknifeshop.com\/de\/wp-json\/wp\/v2\/pages\/43","targetHints":{"allow":["GET"]}}],"collection":[{"href":"https:\/\/nashvilleknifeshop.com\/de\/wp-json\/wp\/v2\/pages"}],"about":[{"href":"https:\/\/nashvilleknifeshop.com\/de\/wp-json\/wp\/v2\/types\/page"}],"author":[{"embeddable":true,"href":"https:\/\/nashvilleknifeshop.com\/de\/wp-json\/wp\/v2\/users\/2"}],"replies":[{"embeddable":true,"href":"https:\/\/nashvilleknifeshop.com\/de\/wp-json\/wp\/v2\/comments?post=43"}],"version-history":[{"count":8,"href":"https:\/\/nashvilleknifeshop.com\/de\/wp-json\/wp\/v2\/pages\/43\/revisions"}],"predecessor-version":[{"id":1297,"href":"https:\/\/nashvilleknifeshop.com\/de\/wp-json\/wp\/v2\/pages\/43\/revisions\/1297"}],"up":[{"embeddable":true,"href":"https:\/\/nashvilleknifeshop.com\/de\/wp-json\/wp\/v2\/pages\/889"}],"wp:featuredmedia":[{"embeddable":true,"href":"https:\/\/nashvilleknifeshop.com\/de\/wp-json\/"}],"wp:attachment":[{"href":"https:\/\/nashvilleknifeshop.com\/de\/wp-json\/wp\/v2\/media?parent=43"}],"curies":[{"name":"wp","href":"https:\/\/api.w.org\/{rel}","templated":true}]}}