{"id":36,"date":"2022-03-18T14:42:12","date_gmt":"2022-03-18T14:42:12","guid":{"rendered":"https:\/\/nashvilleknifeshop.com\/de\/?page_id=36"},"modified":"2023-04-12T10:12:36","modified_gmt":"2023-04-12T10:12:36","slug":"rasierpinsel","status":"publish","type":"page","link":"https:\/\/nashvilleknifeshop.com\/de\/rasierzubehoer\/rasierpinsel\/","title":{"rendered":"Rasierpinsel"},"content":{"rendered":"\n<p class=\"intro\">Den richtigen Rasierpinsel finden, das ist eine Kunst. W\u00e4hrend viele auf einen Rasierpinsel aus Dachshaar schw\u00f6ren, gibt es auch Rasierpinsel aus Kunsthaar, Echthaar oder Rasierpinsel mit Schweineborste. Sogar vegane Rasierpinsel werden angeboten. Und jeder Rasierpinsel hat seine Vor- und Nachteile.<\/p>\n\n\n\n<h2 class=\"wp-block-heading\">Unterschiedliche Rasierpinsel<\/h2>\n\n\n\n<h3 class=\"wp-block-heading ueberschrift\">Rasierpinsel aus Dachshaar<\/h3>\n\n\n\n<p>Dachshaar Rasierpinsel sind sehr beliebt, denn der Rasierschaum aus Rasierseife oder Rasiergel l\u00e4sst sich mit einem Dachshaar Rasierpinsel hervorragend aufschlagen. Dies liegt daran, da sich die Borsten von einem Dachshaar Rasierpinsel nicht mit Wasser vollsaugen. Dachshaar Rasierpinsel sind in unterschiedlichen Qualit\u00e4ten erh\u00e4ltlich und kommen in der Regel aus China, wo Dachse in Farmen gehalten werden.<\/p>\n\n\n\n<h4 class=\"wp-block-heading\">Rasierpinsel Silberspitz, Silberzupf oder Silvertip<\/h4>\n\n\n\n<p>Ein Rasierpinsel Silberspitz, Silberzupf oder Silvertip geh\u00f6rt im Rasierpinsel Test zu den Luxus Rasierpinseln. Silberspitz stammt von den hellen Haaren von Winterfell am Bauch oder am R\u00fccken des Dachses. Die einzelnen Haare sind an den Spitzen silbergrau bis wei\u00df. Der mittlere Teil ist grauschwarz und der Ansatz beigefarben. Silberspitz gilt als hautfreundlich und eignet sich daher f\u00fcr empfindliche Haut. F\u00fcr Tierfreunde ist synthetischer Silberspitz oder auch Silvertip eine gleichwertige Alternative. Die in Deutschland entwickelte Kunstfaser f\u00fcr Rasierpinsel sieht dem echten Silberspitz \u00e4hnlich und ist in ihren Eigenschaften robuster und langlebiger als das Naturhaar. Mit Dachshaarimitat l\u00e4sst sich cremiger Schaum schlagen und die Borsten aus Synthetik sind schnell trocknend und unempfindlich gegen Rasierseife. Die Pflege des Rasierpinsels ist einfacher als bei echtem Dachshaar.<\/p>\n\n\n\n<h4 class=\"wp-block-heading\">Stockhaar Dachs Rasierpinsel<\/h4>\n\n\n\n<p>Ein weiterer Dachshaar Rasierpinsel besteht aus Stockhaar aus dem Unterfell des Dachses. Weil der Dachs dieses Fell das ganze Jahr tr\u00e4gt und es anders als Silberspitz immer verf\u00fcgbar ist, ist ein Rasierpinsel Stockhaar, Pure Badger oder Grey Badger g\u00fcnstiger als ein Silberspitz Rasierpinsel. Stockhaar hat eine einheitliche graubraune bis grauschwarze Farbe. Es ist an den Spitzen nicht so fein wie Silberspitz und ist f\u00fcr robustere Haut hervorragend geeignet.<\/p>\n\n\n\n<h4 class=\"wp-block-heading\">Zupfhaar Dachs Rasierpinsel<\/h4>\n\n\n\n<p>Zupfhaar ist einige Nuancen feiner als Stockhaar. Zupfhaar wird aus dem R\u00fcckenfell des Dachses gewonnen. Die Farbgebung ist hellbraun bis beige mit deutlich dunkleren Streifen. Mit seinen feinen Spitzen eignet sich Zupfhaar auch f\u00fcr empfindliche Haut.<\/p>\n\n\n\n<figure class=\"wp-block-image size-full\"><img loading=\"lazy\" decoding=\"async\" width=\"1920\" height=\"800\" src=\"https:\/\/nashvilleknifeshop.com\/wp-content\/uploads\/2023\/03\/shaving-brush-800px.jpg\" alt=\"Rasierpinsel\" class=\"wp-image-53\" srcset=\"https:\/\/nashvilleknifeshop.com\/de\/wp-content\/uploads\/2023\/03\/shaving-brush-800px.jpg 1920w, https:\/\/nashvilleknifeshop.com\/de\/wp-content\/uploads\/2023\/03\/shaving-brush-800px-300x125.jpg 300w, https:\/\/nashvilleknifeshop.com\/de\/wp-content\/uploads\/2023\/03\/shaving-brush-800px-1024x427.jpg 1024w, https:\/\/nashvilleknifeshop.com\/de\/wp-content\/uploads\/2023\/03\/shaving-brush-800px-768x320.jpg 768w, https:\/\/nashvilleknifeshop.com\/de\/wp-content\/uploads\/2023\/03\/shaving-brush-800px-1536x640.jpg 1536w\" sizes=\"auto, (max-width: 1920px) 100vw, 1920px\" \/><figcaption class=\"wp-element-caption\">shaving brush<\/figcaption><\/figure>\n\n\n\n<h3 class=\"wp-block-heading ueberschrift\">Rasierpinsel aus Schweineborste<\/h3>\n\n\n\n<p>Bei der Herstellung von Rasierpinseln aus Schweineborsten werden Borsten vom Wildschwein verwendet. Durch ihre H\u00e4rte massieren die Borsten die Haut und sorgen daf\u00fcr, dass sich die Barthaare aufstellen. Das Aufsch\u00e4umen von Rasierseife ist etwas aufwendiger, weil Borsten Wasser nicht so gut halten k\u00f6nnen. Die Schweinborste wird mit der Zeit weicher und vor allem der g\u00fcnstige Preis kann Einsteiger in die Nassrasur \u00fcberzeugen.<\/p>\n\n\n\n<h3 class=\"wp-block-heading ueberschrift\">Der Rosshaar Rasierpinsel<\/h3>\n\n\n\n<p>Rosshaar ist eine Alternative zu Dachshaar, denn die Pinselhaare sich weicher als Rasierpinsel Schweineborste. Allerdings ist die Pflege eines Rosshaar Rasierpinsels aufwendiger. Werden die Pinselhaare nicht ausreichend gereinigt, k\u00f6nnen die Borsten des Rasierpinsels vorzeitig ausfallen.<\/p>\n\n\n\n<h3 class=\"wp-block-heading ueberschrift\">Rasierpinsel aus Kunsthaar<\/h3>\n\n\n\n<p>Kunsthaar Rasierpinsel sind eine Alternative zu einem Echthaar Rasierpinsel. Daf\u00fcr muss kein Tier leiden. Die synthetischen Fasern f\u00fchlen sich auf der Haut identisch an und Rasierschaum l\u00e4sst sich genauso gut aufschlagen. Vegane Rasierpinsel aus Kunstfasern sind pflegeleichter und l\u00e4nger haltbar. Die Fertigung kann wie bei einem Dachshaar Rasierpinsel in einer Manufaktur in Handarbeit erfolgen. Die Bezeichnung Black Fibre oder Tuxedo Fibre bezeichnet immer Rasierpinsel aus synthetischem Haar. Wer eine Alternative zu Dachshaar sucht, ist mit einem Rasierpinsel Synthetik mit veganem Pinselhaar in hoher Qualit\u00e4t sehr gut beraten.<\/p>\n\n\n\n<h2 class=\"wp-block-heading ueberschrift\">Welchen Rasierpinsel Griff ausw\u00e4hlen?<\/h2>\n\n\n\n<p>Ein Rasierpinselgriff muss gut in der Hand liegen, damit sich der Rasierschaum leichter aufschlagen l\u00e4sst. Als Rasierpinselgriff kommen daf\u00fcr Materialien wie Holz, Metall oder Kunststoff infrage. Bei der Auswahl des Materials spielt der pers\u00f6nliche Geschmack eine Rolle, ebenso bei der Form des Griffes: gerade, konisch, bauchig oder schlank. Beachten Sie, dass Griffe aus Metall und jedem anderen schweren Material eventuell eine Rasierschale aus antiker Keramik oder Porzellan besch\u00e4digen k\u00f6nnten. Meistens wird bei besten Rasierpinseln eine ergonomische Griffform, die gut in der Hand liegt, bevorzugt. Sehr geschmackvoll ist ein Rasierpinsel mit Griff aus Olivenholz und anderen H\u00f6lzern mit sch\u00f6ner Maserung. Aber auch ein Griff in den Farben des Lieblingsfu\u00dfballvereins oder mit einem Logo in der Mitte aus Kunstharz findet seine Fans.<\/p>\n\n\n\n<h2 class=\"wp-block-heading ueberschrift\">Brauche ich ein Rasierpinsel Set?<\/h2>\n\n\n\n<p>Anf\u00e4nger in der Nassrasur erwerben mit einem Rasierpinsel Set mehre Komponenten, die f\u00fcr die Rasur unabdinglich sind. Besonders die einheitliche Optik im Set hat ihre Reize. Zudem ist das Rasierpinsel Set immer ein optisches Highlight im Badezimmer.<\/p>\n\n\n\n<ul class=\"wp-block-list\">\n<li><strong>Rasierpinsel mit Schale:<\/strong> Zum Rasierpinsel Set geh\u00f6rt eine Seifenschale, in der der Rasierschaum aufgeschlagen wird. Ist ein St\u00e4nder integriert, l\u00e4sst sich der Rasierpinsel zudem platzsparend aufbewahren.<\/li>\n\n\n\n<li><strong>Rasierpinsel mit St\u00e4nder: <\/strong>Der Rasierpinsel St\u00e4nder besitzt eine Halterung f\u00fcr den Rasierpinsel und eine Halterung f\u00fcr den Rasierhobel f\u00fcr die Nassrasur. Eine Schale kann, muss aber nicht zu diesem Rasierpinsel Set geh\u00f6ren. Ein moderner Rasierpinsel St\u00e4nder ist heutzutage aus verchromtem Edelstahl. Fr\u00fcher wurde Glas oder Acryl verwendet.<\/li>\n<\/ul>\n\n\n\n<p>Weitere Rasierpinsel Sets enthalten Klingen, Rasierseife oder einen Rasierpinsel und Rasierseife im Tiegel. Rasierpinselhalter selbst gemacht bestehen aus dickem Aludraht, der sich biegen l\u00e4sst oder Sie basteln einen Rasierpinselst\u00e4nder DIY aus Holz, \u00e4hnlich eines Bohrmaschinenhalters, damit der Rasierpinsel h\u00e4ngend aufbewahrt werden kann und die Haare nicht aufliegen.<\/p>\n\n\n\n<figure class=\"wp-block-image size-full\"><img loading=\"lazy\" decoding=\"async\" width=\"1920\" height=\"800\" src=\"https:\/\/nashvilleknifeshop.com\/de\/wp-content\/uploads\/2023\/04\/shaving-brush-razor-contour-cutter.jpg\" alt=\"shaving brush razor contour cutter\" class=\"wp-image-77\" srcset=\"https:\/\/nashvilleknifeshop.com\/de\/wp-content\/uploads\/2023\/04\/shaving-brush-razor-contour-cutter.jpg 1920w, https:\/\/nashvilleknifeshop.com\/de\/wp-content\/uploads\/2023\/04\/shaving-brush-razor-contour-cutter-300x125.jpg 300w, https:\/\/nashvilleknifeshop.com\/de\/wp-content\/uploads\/2023\/04\/shaving-brush-razor-contour-cutter-1024x427.jpg 1024w, https:\/\/nashvilleknifeshop.com\/de\/wp-content\/uploads\/2023\/04\/shaving-brush-razor-contour-cutter-768x320.jpg 768w, https:\/\/nashvilleknifeshop.com\/de\/wp-content\/uploads\/2023\/04\/shaving-brush-razor-contour-cutter-1536x640.jpg 1536w\" sizes=\"auto, (max-width: 1920px) 100vw, 1920px\" \/><figcaption class=\"wp-element-caption\">Neben einem Rasierpinsel finden sich bei heutigen M\u00e4nnern oft auch das klassische Rasiermesser und ein Konturenschneider im Badezimmer. Der Konturenschneider erm\u00f6glicht es, die Kante zwischen rasierter Wange und Bart extrem genau nachzurasieren.<\/figcaption><\/figure>\n\n\n\n<h2 class=\"wp-block-heading inversh2\">Rasierpinsel: Tipps zur Pflege<\/h2>\n\n\n\n<p>Nach der Nassrasur wird der Rasierpinsel mit warmem Wasser ausgesp\u00fclt, bis kein Rasierschaum mehr das Wasser tr\u00fcbt. Sch\u00fctteln Sie \u00fcbersch\u00fcssiges Wasser aus den Pinselhaaren. Danach muss der Pinsel lufttrocknen. Am besten mit den Borsten nach unten. Hier eignet sich ein Rasierpinsel St\u00e4nder, in dem der Rasierpinsel eingeh\u00e4ngt wird und die Pinselhaare nach unten abtrocknen k\u00f6nnen. Zur Aufbewahrung im Badschank m\u00fcssen die Pinselhaare trocken sein, damit sich kein Schimmel bildet. Ein Luxus Rasierpinsel sollte niemals mit dem F\u00f6hn oder auf einer Heizung getrocknet werden. <\/p>\n\n\n\n<p><strong>Wie kann ich einen alten Rasierpinsel wieder in Form bringen? <\/strong><br>Ein Rasierpinsel nutzt sich mit der Zeit ab oder die Borsten sind nicht mehr geschmeidig oder der Rasierpinsel f\u00e4ngt an zu m\u00fcffeln. Waschen Sie dann den Rasierpinsel mit einem milden Shampoo und schlagen Sie dieses mit dem Rasierpinsel zu Schaum. Das Shampoo sollte in die Basis des Rasierpinsels einmassiert werden, denn es kann fransige Borsten gl\u00e4tten. Anschlie\u00dfend wird der Pinsel gut ausgesp\u00fclt. Harte Borsten werden mit einer Behandlung mit etwas Conditioner wieder weicher.<\/p>\n\n\n\n<h2 class=\"wp-block-heading inversh2\">Den besten Rasierpinsel finden<\/h2>\n\n\n\n<p>Ein Rasierpinsel ist ein guter Rasierpinsel, wenn die Borsten mit der Zeit weicher werden, aber trotzdem ihre Form behalten. Das Einsch\u00e4umen sollte sich gut anf\u00fchlen und es sollten nach der Rasur keine Irritationen auftreten. Ein leichter Haarausfall am Pinsel ist nach dem Kauf kein Drama. Sollte der Haarausfall jedoch zunehmen oder etwa Pinselhaare mit Kleber am Haarende ausfallen, sollte der Rasierpinsel ausgetauscht werden. Ein Luxus Rasierpinsel aus Bologna wird seit 1931 aus Dachshaar oder synthetischem Haar in Handarbeit produziert. Die K\u00e4ufer sind mit der Qualit\u00e4t hoch zufrieden. Rasierpinsel unterscheiden sich in der Form in f\u00e4cherf\u00f6rmige und birnenf\u00f6rmige Rasierpinsel. Erstere decken eine gro\u00dfe Fl\u00e4che ab. Zweitere eignen sich mit ihrer zur Spitze feiner werdenden Krone zum Einsch\u00e4umen der Konturen. Reiserasierpinsel sind mit 15-18 mm kleiner als normale Rasierpinsel. Sie besitzen zudem eine Abdeckkappe f\u00fcr den Transport. Die Kappe kann mit Luftl\u00f6chern zum Luftaustausch versehen sein. Ein Standard Rasierpinsel ist 20 bis 22 mm gro\u00df. Ein extra gro\u00dfer Rasierpinsel hat die Ma\u00dfe von 24-26 mm. Ein Rasierpinsel 28 mm wird ausschlie\u00dflich zu Dekorationszwecken genutzt.<\/p>\n\n\n\n<h3 class=\"wp-block-heading inversh3\">Dachshaar Rasierpinsel &#8211; der Test<\/h3>\n\n\n\n<p>Einen Rasierpinsel Test von Stiftung Warentest gibt es nicht. Sie m\u00fcssen sich zwischen einem Rasierpinsel aus Echthaar wie Ro\u00df oder  Dachs oder einem Rasierpinsel aus  Kunsthaar entscheiden. Klassische Rasierpinsel verwenden Dachshaar. Moderne vegane Rasierpinsel verwenden Kunstfasern, die zudem das Tierhaar in den Eigenschaften \u00fcbertrumpfen, schneller trocknen oder haltbarer sind. Bei den Rasierpinseln aus Dachshaar ist Silberspitz die High-End-Qualit\u00e4t. Rasierpinsel aus Pferdehaar oder Schweineborste sind Rasierpinseln aus Stockhaar unterlegen. Anf\u00e4nger tun sich mit Kunsthaar mit seiner verst\u00e4rkten Mitte am einfachsten. Luxus Rasierpinsel und hochwertige Rasierpinsel finden Sie am besten in einer Manufaktur. Dort kostet ein Rasierpinsel ab 45 Euro aufw\u00e4rts. Mittelpreisige Rasierpinsel Dachshaar kosten zwischen 20 und 40 Euro. Unter dieser Preisspanne erhalten Sie die g\u00fcnstigen Rasierpinsel.<\/p>\n","protected":false},"excerpt":{"rendered":"<p>Den richtigen Rasierpinsel finden, das ist eine Kunst. W\u00e4hrend viele auf einen Rasierpinsel aus Dachshaar schw\u00f6ren, gibt es auch Rasierpinsel aus Kunsthaar, Echthaar oder Rasierpinsel &#8230; <a title=\"Rasierpinsel\" class=\"read-more\" href=\"https:\/\/nashvilleknifeshop.com\/de\/rasierzubehoer\/rasierpinsel\/\" aria-label=\"Mehr Informationen \u00fcber Rasierpinsel\">Weiterlesen &#8230;<\/a><\/p>\n","protected":false},"author":3,"featured_media":37,"parent":1025,"menu_order":0,"comment_status":"closed","ping_status":"closed","template":"","meta":{"inline_featured_image":false,"footnotes":""},"class_list":["post-36","page","type-page","status-publish","has-post-thumbnail"],"yoast_head":"<!-- This site is optimized with the Yoast SEO plugin v26.8 - https:\/\/yoast.com\/product\/yoast-seo-wordpress\/ -->\n<title>Den besten Rasierpinsel finden<\/title>\n<meta name=\"description\" content=\"Den richtigen Rasierpinsel finden, das ist eine Kunst. W\u00e4hrend viele auf einen Rasierpinsel aus Dachshaar schw\u00f6ren, gibt es auch Rasierpinsel aus Kunsthaar, Rasierpinsel Echthaar oder Rasierpinsel mit Schweineborste und vegane Rasierpinsel. Jeder Rasierpinsel hat seine Vorteile.\" \/>\n<meta name=\"robots\" content=\"index, follow, max-snippet:-1, max-image-preview:large, max-video-preview:-1\" \/>\n<link rel=\"canonical\" href=\"https:\/\/nashvilleknifeshop.com\/de\/rasierzubehoer\/rasierpinsel\/\" \/>\n<meta property=\"og:locale\" content=\"de_DE\" \/>\n<meta property=\"og:type\" content=\"article\" \/>\n<meta property=\"og:title\" content=\"Den besten Rasierpinsel finden\" \/>\n<meta property=\"og:description\" content=\"Den richtigen Rasierpinsel finden, das ist eine Kunst. W\u00e4hrend viele auf einen Rasierpinsel aus Dachshaar schw\u00f6ren, gibt es auch Rasierpinsel aus Kunsthaar, Rasierpinsel Echthaar oder Rasierpinsel mit Schweineborste und vegane Rasierpinsel. Jeder Rasierpinsel hat seine Vorteile.\" \/>\n<meta property=\"og:url\" content=\"https:\/\/nashvilleknifeshop.com\/de\/rasierzubehoer\/rasierpinsel\/\" \/>\n<meta property=\"og:site_name\" content=\"Deutsch\" \/>\n<meta property=\"article:modified_time\" content=\"2023-04-12T10:12:36+00:00\" \/>\n<meta name=\"twitter:card\" content=\"summary_large_image\" \/>\n<meta name=\"twitter:label1\" content=\"Gesch\u00e4tzte Lesezeit\" \/>\n\t<meta name=\"twitter:data1\" content=\"7\u00a0Minuten\" \/>\n<script type=\"application\/ld+json\" class=\"yoast-schema-graph\">{\"@context\":\"https:\/\/schema.org\",\"@graph\":[{\"@type\":\"WebPage\",\"@id\":\"https:\/\/nashvilleknifeshop.com\/de\/rasierzubehoer\/rasierpinsel\/\",\"url\":\"https:\/\/nashvilleknifeshop.com\/de\/rasierzubehoer\/rasierpinsel\/\",\"name\":\"Den besten Rasierpinsel finden\",\"isPartOf\":{\"@id\":\"https:\/\/nashvilleknifeshop.com\/de\/#website\"},\"primaryImageOfPage\":{\"@id\":\"https:\/\/nashvilleknifeshop.com\/de\/rasierzubehoer\/rasierpinsel\/#primaryimage\"},\"image\":{\"@id\":\"https:\/\/nashvilleknifeshop.com\/de\/rasierzubehoer\/rasierpinsel\/#primaryimage\"},\"thumbnailUrl\":\"https:\/\/nashvilleknifeshop.com\/de\/wp-content\/uploads\/2023\/03\/shaving-brush.jpg\",\"datePublished\":\"2022-03-18T14:42:12+00:00\",\"dateModified\":\"2023-04-12T10:12:36+00:00\",\"description\":\"Den richtigen Rasierpinsel finden, das ist eine Kunst. W\u00e4hrend viele auf einen Rasierpinsel aus Dachshaar schw\u00f6ren, gibt es auch Rasierpinsel aus Kunsthaar, Rasierpinsel Echthaar oder Rasierpinsel mit Schweineborste und vegane Rasierpinsel. Jeder Rasierpinsel hat seine Vorteile.\",\"breadcrumb\":{\"@id\":\"https:\/\/nashvilleknifeshop.com\/de\/rasierzubehoer\/rasierpinsel\/#breadcrumb\"},\"inLanguage\":\"de\",\"potentialAction\":[{\"@type\":\"ReadAction\",\"target\":[\"https:\/\/nashvilleknifeshop.com\/de\/rasierzubehoer\/rasierpinsel\/\"]}]},{\"@type\":\"ImageObject\",\"inLanguage\":\"de\",\"@id\":\"https:\/\/nashvilleknifeshop.com\/de\/rasierzubehoer\/rasierpinsel\/#primaryimage\",\"url\":\"https:\/\/nashvilleknifeshop.com\/de\/wp-content\/uploads\/2023\/03\/shaving-brush.jpg\",\"contentUrl\":\"https:\/\/nashvilleknifeshop.com\/de\/wp-content\/uploads\/2023\/03\/shaving-brush.jpg\"},{\"@type\":\"BreadcrumbList\",\"@id\":\"https:\/\/nashvilleknifeshop.com\/de\/rasierzubehoer\/rasierpinsel\/#breadcrumb\",\"itemListElement\":[{\"@type\":\"ListItem\",\"position\":1,\"name\":\"Home\",\"item\":\"https:\/\/nashvilleknifeshop.com\/de\/\"},{\"@type\":\"ListItem\",\"position\":2,\"name\":\"Rasierzubeh\u00f6r\",\"item\":\"https:\/\/nashvilleknifeshop.com\/de\/rasierzubehoer\/\"},{\"@type\":\"ListItem\",\"position\":3,\"name\":\"Rasierpinsel\"}]},{\"@type\":\"WebSite\",\"@id\":\"https:\/\/nashvilleknifeshop.com\/de\/#website\",\"url\":\"https:\/\/nashvilleknifeshop.com\/de\/\",\"name\":\"Deutsch\",\"description\":\"Just another nashvilleknifeshop Sites site\",\"publisher\":{\"@id\":\"https:\/\/nashvilleknifeshop.com\/de\/#organization\"},\"potentialAction\":[{\"@type\":\"SearchAction\",\"target\":{\"@type\":\"EntryPoint\",\"urlTemplate\":\"https:\/\/nashvilleknifeshop.com\/de\/?s={search_term_string}\"},\"query-input\":{\"@type\":\"PropertyValueSpecification\",\"valueRequired\":true,\"valueName\":\"search_term_string\"}}],\"inLanguage\":\"de\"},{\"@type\":\"Organization\",\"@id\":\"https:\/\/nashvilleknifeshop.com\/de\/#organization\",\"name\":\"Deutsch\",\"url\":\"https:\/\/nashvilleknifeshop.com\/de\/\",\"logo\":{\"@type\":\"ImageObject\",\"inLanguage\":\"de\",\"@id\":\"https:\/\/nashvilleknifeshop.com\/de\/#\/schema\/logo\/image\/\",\"url\":\"https:\/\/nashvilleknifeshop.com\/de\/wp-content\/uploads\/2023\/03\/cropped-favicon.png\",\"contentUrl\":\"https:\/\/nashvilleknifeshop.com\/de\/wp-content\/uploads\/2023\/03\/cropped-favicon.png\",\"width\":512,\"height\":512,\"caption\":\"Deutsch\"},\"image\":{\"@id\":\"https:\/\/nashvilleknifeshop.com\/de\/#\/schema\/logo\/image\/\"}}]}<\/script>\n<!-- \/ Yoast SEO plugin. -->","yoast_head_json":{"title":"Den besten Rasierpinsel finden","description":"Den richtigen Rasierpinsel finden, das ist eine Kunst. W\u00e4hrend viele auf einen Rasierpinsel aus Dachshaar schw\u00f6ren, gibt es auch Rasierpinsel aus Kunsthaar, Rasierpinsel Echthaar oder Rasierpinsel mit Schweineborste und vegane Rasierpinsel. Jeder Rasierpinsel hat seine Vorteile.","robots":{"index":"index","follow":"follow","max-snippet":"max-snippet:-1","max-image-preview":"max-image-preview:large","max-video-preview":"max-video-preview:-1"},"canonical":"https:\/\/nashvilleknifeshop.com\/de\/rasierzubehoer\/rasierpinsel\/","og_locale":"de_DE","og_type":"article","og_title":"Den besten Rasierpinsel finden","og_description":"Den richtigen Rasierpinsel finden, das ist eine Kunst. W\u00e4hrend viele auf einen Rasierpinsel aus Dachshaar schw\u00f6ren, gibt es auch Rasierpinsel aus Kunsthaar, Rasierpinsel Echthaar oder Rasierpinsel mit Schweineborste und vegane Rasierpinsel. Jeder Rasierpinsel hat seine Vorteile.","og_url":"https:\/\/nashvilleknifeshop.com\/de\/rasierzubehoer\/rasierpinsel\/","og_site_name":"Deutsch","article_modified_time":"2023-04-12T10:12:36+00:00","twitter_card":"summary_large_image","twitter_misc":{"Gesch\u00e4tzte Lesezeit":"7\u00a0Minuten"},"schema":{"@context":"https:\/\/schema.org","@graph":[{"@type":"WebPage","@id":"https:\/\/nashvilleknifeshop.com\/de\/rasierzubehoer\/rasierpinsel\/","url":"https:\/\/nashvilleknifeshop.com\/de\/rasierzubehoer\/rasierpinsel\/","name":"Den besten Rasierpinsel finden","isPartOf":{"@id":"https:\/\/nashvilleknifeshop.com\/de\/#website"},"primaryImageOfPage":{"@id":"https:\/\/nashvilleknifeshop.com\/de\/rasierzubehoer\/rasierpinsel\/#primaryimage"},"image":{"@id":"https:\/\/nashvilleknifeshop.com\/de\/rasierzubehoer\/rasierpinsel\/#primaryimage"},"thumbnailUrl":"https:\/\/nashvilleknifeshop.com\/de\/wp-content\/uploads\/2023\/03\/shaving-brush.jpg","datePublished":"2022-03-18T14:42:12+00:00","dateModified":"2023-04-12T10:12:36+00:00","description":"Den richtigen Rasierpinsel finden, das ist eine Kunst. W\u00e4hrend viele auf einen Rasierpinsel aus Dachshaar schw\u00f6ren, gibt es auch Rasierpinsel aus Kunsthaar, Rasierpinsel Echthaar oder Rasierpinsel mit Schweineborste und vegane Rasierpinsel. Jeder Rasierpinsel hat seine Vorteile.","breadcrumb":{"@id":"https:\/\/nashvilleknifeshop.com\/de\/rasierzubehoer\/rasierpinsel\/#breadcrumb"},"inLanguage":"de","potentialAction":[{"@type":"ReadAction","target":["https:\/\/nashvilleknifeshop.com\/de\/rasierzubehoer\/rasierpinsel\/"]}]},{"@type":"ImageObject","inLanguage":"de","@id":"https:\/\/nashvilleknifeshop.com\/de\/rasierzubehoer\/rasierpinsel\/#primaryimage","url":"https:\/\/nashvilleknifeshop.com\/de\/wp-content\/uploads\/2023\/03\/shaving-brush.jpg","contentUrl":"https:\/\/nashvilleknifeshop.com\/de\/wp-content\/uploads\/2023\/03\/shaving-brush.jpg"},{"@type":"BreadcrumbList","@id":"https:\/\/nashvilleknifeshop.com\/de\/rasierzubehoer\/rasierpinsel\/#breadcrumb","itemListElement":[{"@type":"ListItem","position":1,"name":"Home","item":"https:\/\/nashvilleknifeshop.com\/de\/"},{"@type":"ListItem","position":2,"name":"Rasierzubeh\u00f6r","item":"https:\/\/nashvilleknifeshop.com\/de\/rasierzubehoer\/"},{"@type":"ListItem","position":3,"name":"Rasierpinsel"}]},{"@type":"WebSite","@id":"https:\/\/nashvilleknifeshop.com\/de\/#website","url":"https:\/\/nashvilleknifeshop.com\/de\/","name":"Deutsch","description":"Just another nashvilleknifeshop Sites site","publisher":{"@id":"https:\/\/nashvilleknifeshop.com\/de\/#organization"},"potentialAction":[{"@type":"SearchAction","target":{"@type":"EntryPoint","urlTemplate":"https:\/\/nashvilleknifeshop.com\/de\/?s={search_term_string}"},"query-input":{"@type":"PropertyValueSpecification","valueRequired":true,"valueName":"search_term_string"}}],"inLanguage":"de"},{"@type":"Organization","@id":"https:\/\/nashvilleknifeshop.com\/de\/#organization","name":"Deutsch","url":"https:\/\/nashvilleknifeshop.com\/de\/","logo":{"@type":"ImageObject","inLanguage":"de","@id":"https:\/\/nashvilleknifeshop.com\/de\/#\/schema\/logo\/image\/","url":"https:\/\/nashvilleknifeshop.com\/de\/wp-content\/uploads\/2023\/03\/cropped-favicon.png","contentUrl":"https:\/\/nashvilleknifeshop.com\/de\/wp-content\/uploads\/2023\/03\/cropped-favicon.png","width":512,"height":512,"caption":"Deutsch"},"image":{"@id":"https:\/\/nashvilleknifeshop.com\/de\/#\/schema\/logo\/image\/"}}]}},"_links":{"self":[{"href":"https:\/\/nashvilleknifeshop.com\/de\/wp-json\/wp\/v2\/pages\/36","targetHints":{"allow":["GET"]}}],"collection":[{"href":"https:\/\/nashvilleknifeshop.com\/de\/wp-json\/wp\/v2\/pages"}],"about":[{"href":"https:\/\/nashvilleknifeshop.com\/de\/wp-json\/wp\/v2\/types\/page"}],"author":[{"embeddable":true,"href":"https:\/\/nashvilleknifeshop.com\/de\/wp-json\/wp\/v2\/users\/3"}],"replies":[{"embeddable":true,"href":"https:\/\/nashvilleknifeshop.com\/de\/wp-json\/wp\/v2\/comments?post=36"}],"version-history":[{"count":9,"href":"https:\/\/nashvilleknifeshop.com\/de\/wp-json\/wp\/v2\/pages\/36\/revisions"}],"predecessor-version":[{"id":1302,"href":"https:\/\/nashvilleknifeshop.com\/de\/wp-json\/wp\/v2\/pages\/36\/revisions\/1302"}],"up":[{"embeddable":true,"href":"https:\/\/nashvilleknifeshop.com\/de\/wp-json\/wp\/v2\/pages\/1025"}],"wp:featuredmedia":[{"embeddable":true,"href":"https:\/\/nashvilleknifeshop.com\/de\/wp-json\/"}],"wp:attachment":[{"href":"https:\/\/nashvilleknifeshop.com\/de\/wp-json\/wp\/v2\/media?parent=36"}],"curies":[{"name":"wp","href":"https:\/\/api.w.org\/{rel}","templated":true}]}}