{"id":30,"date":"2022-03-13T19:32:31","date_gmt":"2022-03-13T19:32:31","guid":{"rendered":"https:\/\/nashvilleknifeshop.com\/de\/?page_id=30"},"modified":"2023-04-12T10:14:26","modified_gmt":"2023-04-12T10:14:26","slug":"rasiermesser","status":"publish","type":"page","link":"https:\/\/nashvilleknifeshop.com\/de\/rasiermesser\/","title":{"rendered":"Rasiermesser"},"content":{"rendered":"\n<p class=\"intro\">Die klassische Nassrasur mit einem Rasiermesser liegt im Trend, denn die Rasur hat einige Vorteile gegen\u00fcber der Rasur mit einem Nassrasierer. Die Rasur mit dem Rasiermesser ist schonender und gr\u00fcndlicher. M\u00e4nner mit empfindlicher Haut profitieren davon. Zudem ben\u00f6tigen Sie keinen elektrischen Strom zum Rasieren und durch Rasiermesser zum Nachsch\u00e4rfen oder mit Wechselklinge l\u00e4sst sich auf l\u00e4ngere Zeit einiges an Geld sparen.<\/p>\n\n\n\n<h2 class=\"wp-block-heading inversh2\">Rasiermesser f\u00fcr M\u00e4nner<\/h2>\n\n\n\n<p>Die Form eines Rasiermessers mit Klinge und Griff gleicht einem Klappmesser. Wird das Rasiermesser nicht benutzt, l\u00e4sst sich die Klinge im Griff aus Holz, Horn oder Kunststoff verbergen. Jedoch ist die Klinge des Rasiermessers um ein Vielfaches sch\u00e4rfer als bei einem Klappmesser. Gute Rasiermesser unterscheiden sich nicht nur durch den Griff. Der Schliff des Rasiermessers und die Form bestimmen, wie gut Sie bei der Nassrasur mit dem Rasiermesser zurechtkommen.<\/p>\n\n\n\n<figure class=\"wp-block-image size-full\"><img loading=\"lazy\" decoding=\"async\" width=\"1920\" height=\"800\" src=\"https:\/\/nashvilleknifeshop.com\/wp-content\/uploads\/2023\/03\/razor-knife-800px.jpg\" alt=\"razor knife\" class=\"wp-image-57\" srcset=\"https:\/\/nashvilleknifeshop.com\/de\/wp-content\/uploads\/2023\/03\/razor-knife-800px.jpg 1920w, https:\/\/nashvilleknifeshop.com\/de\/wp-content\/uploads\/2023\/03\/razor-knife-800px-300x125.jpg 300w, https:\/\/nashvilleknifeshop.com\/de\/wp-content\/uploads\/2023\/03\/razor-knife-800px-1024x427.jpg 1024w, https:\/\/nashvilleknifeshop.com\/de\/wp-content\/uploads\/2023\/03\/razor-knife-800px-768x320.jpg 768w, https:\/\/nashvilleknifeshop.com\/de\/wp-content\/uploads\/2023\/03\/razor-knife-800px-1536x640.jpg 1536w\" sizes=\"auto, (max-width: 1920px) 100vw, 1920px\" \/><figcaption class=\"wp-element-caption\">Ist das Rasieren mit dem Rasiermesser nur ein Fall f\u00fcr den Barbier? Mitnichten! Immer mehr M\u00e4nner wechseln bei der Nassrasur zum klassischen Rasiermesser. Weniger Plastikm\u00fcll, aber auch das Zelebrieren der Rasur und die Entschleunigung lassen M\u00e4nner von heute zur ungesch\u00fctzen Rasierklinge greifen.<\/figcaption><\/figure>\n\n\n\n<h2 class=\"wp-block-heading inversh2\">Rasiermesser kaufen<\/h2>\n\n\n\n<h3 class=\"wp-block-heading inversh3\" id=\"inversh3\">Welche Rasiermesser gibt es?<\/h3>\n\n\n\n<p>Bei Rasiermesser hat sich eine Klingenbreite zwischen 3\/8 oder 6\/8 Zoll durchgesetzt. Dabei z\u00e4hlt ein 3\/8 Zoll Rasiermesser zu den schmalen Rasiermessern. Es eignet sich f\u00fcr feine Rasurarbeiten an Ohren, Nase oder Augenbrauen. Das Rasiermesser mit 6\/8 Zoll ist ein breites Rasiermesser. Es bew\u00e4ltigt auch starken Bartwuchs. Im Rasiermesservergleich merkt man das deutlich h\u00f6here Gewicht des 6\/8 Zoll-Rasiermessers. Es gleitet ohne gro\u00dfen Kraftaufwand \u00fcber die Haut.<br>Ein universelles und f\u00fcr viele M\u00e4nner das beste Rasiermesser f\u00fcr mit viele Einsatzgebiete ist das Rasiermesser 5\/8 Zoll. Es ist ein Rasiermesser Allrounder f\u00fcr Anf\u00e4nger und bew\u00e4ltigt eine sanfte Nassrasur genauso gut wie das Trimmen der Bartkonturen.<\/p>\n\n\n\n<p><strong>Rasiermesser unterscheiden sich zudem im Schliff:<\/strong><\/p>\n\n\n\n<ul class=\"wp-block-list\">\n<li>Vollhohl: H\u00e4ufig bei schmalen Rasiermessern, bis zu 15 Arbeitsg\u00e4nge bei der Herstellung, ideal f\u00fcr Hautunebenheiten. Zudem finden Sie Rasiermesser extrahohl, die als noch flexibler als vollhohl gelten.<\/li>\n\n\n\n<li>Halbhohl: Weniger empfindlich und nicht so flexibel wie ein vollhohles Rasiermesser. Jedoch ein gutes Rasurgef\u00fchl und die Klinge schwingt leicht beim Gebrauch.<\/li>\n\n\n\n<li>Derb: Alte Schleifmethode, die vor dem vollhohlen Schliff zum Einsatz kam. Die Klinge eignet sich f\u00fcr schmale Rasiermesser zum Rasieren der Konturen.<\/li>\n<\/ul>\n\n\n\n<p>Auch die Form des besten Rasiermessers hat einen Einfluss auf die Rasur. Es haben sich folgende Kopfformen herauskristallisiert.<\/p>\n\n\n\n<ol class=\"wp-block-list\">\n<li>Der Rundkopf ist bei einem Rasiermesser wohl die beliebteste Form, auch als Rasiermesser f\u00fcr Anf\u00e4nger. Die runde Form mindert die Verletzungsgefahr.<\/li>\n\n\n\n<li>Der Gradkopf kommt bei einem Profi Rasiermesser zum Einsatz. Seine scharfe Spitze erm\u00f6glicht ein exaktes Ausrasieren und Trimmen, birgt aber auch ein hohes Verletzungsrisiko.<\/li>\n\n\n\n<li>Der franz\u00f6sische Kopf ist eine Alternative aus Rundkopf und Gradkopf. Das Verletzungsrisiko ist geringer als bei einem Gradkopf.<\/li>\n\n\n\n<li>Rasiermesser mit spanischem Kopf besitzen am Ende der Klinge eine konkave Form. Der spanische Kopf eignet sich f\u00fcr die klassische Rasur und das Trimmen der Kanten.<\/li>\n<\/ol>\n\n\n\n<h3 class=\"wp-block-heading inversh3\" id=\"inversh3\">F\u00fcr M\u00e4nner: Aus welchem Material sollte das Rasiermesser sein?<\/h3>\n\n\n\n<p>Ein altes Rasiermesser wurde fr\u00fcher aus Kohlenstoffstahl gefertigt. Dabei wird Stahl auf 1000 Grad erhitzt und danach in einem \u00d6lbad abgeschreckt. Dadurch erhielt der Stahl eine H\u00e4rte bis 61 HRC. Der Nachteil: Ein antikes Rasiermesser aus Kohlenstoffstahl war nicht rostfrei. Moderne Rasiermesser bestehen dagegen aus rostfreiem Edelstahl, pflegeleicht und wartungsarm. Edelstahl ist zudem best\u00e4ndig gegen S\u00e4ure. Deshalb geh\u00f6ren Edelstahl und Carbonstahl zu den bevorzugten Materialien f\u00fcr Rasiermesserklingen.<br>Ein hochwertiges Rasiermesser kann ein japanisches Rasiermesser aus japanischem Stahl mit besonderer Sch\u00e4rfe sein. Eine attraktive Optik zeichnet ein Damast Rasiermesser aus. Die einzelnen Sichten des gefalteten Stahls sind optisch sichtbar.<br>Rasiermesser mit Wechselklinge werden als Shavette bezeichnet. Ist die Klinge nicht mehr scharf, k\u00f6nnen Sie diese auswechseln und m\u00fcssen nicht ein ganz neues Rasiermesser kaufen. Rasierklingen f\u00fcr ein Rasiermesser mit Wechselklinge befinden sich meistens im Rasiermesser Set, das auch einen Rasierpinsel, Rasierseife oder Bart\u00f6l enthalten kann.<\/p>\n\n\n\n<h3 class=\"wp-block-heading inversh3\">Rasiermesser welcher Griff?<\/h3>\n\n\n\n<p>Die Heftschalen des Rasiermessers bestehen aus verschiedenen Materialien, die nach eigenen Vorlieben ausgew\u00e4hlt werden. Welche Varianten gibt es?<\/p>\n\n\n\n<ul class=\"wp-block-list\">\n<li>Rasiermesser mit Holzgriff<\/li>\n\n\n\n<li>Rasiermesser Metall<\/li>\n\n\n\n<li>Rasiermesser Kunststoff<\/li>\n<\/ul>\n\n\n\n<p>Griffschalen von Rasiermesser k\u00f6nnen Einlegearbeiten wie Intarsien, Muster und Verzierungen aufweisen. Auch wasserempfindliche Materialien sind heute so bearbeitet, dass sie sich durch Feuchtigkeit nicht verziehen oder aufquellen.<\/p>\n\n\n\n<figure class=\"wp-block-image size-full\"><img loading=\"lazy\" decoding=\"async\" width=\"1920\" height=\"800\" src=\"https:\/\/nashvilleknifeshop.com\/de\/wp-content\/uploads\/2023\/04\/razor-with-changeable-blade.jpg\" alt=\"razor with changeable blade\" class=\"wp-image-70\" srcset=\"https:\/\/nashvilleknifeshop.com\/de\/wp-content\/uploads\/2023\/04\/razor-with-changeable-blade.jpg 1920w, https:\/\/nashvilleknifeshop.com\/de\/wp-content\/uploads\/2023\/04\/razor-with-changeable-blade-300x125.jpg 300w, https:\/\/nashvilleknifeshop.com\/de\/wp-content\/uploads\/2023\/04\/razor-with-changeable-blade-1024x427.jpg 1024w, https:\/\/nashvilleknifeshop.com\/de\/wp-content\/uploads\/2023\/04\/razor-with-changeable-blade-768x320.jpg 768w, https:\/\/nashvilleknifeshop.com\/de\/wp-content\/uploads\/2023\/04\/razor-with-changeable-blade-1536x640.jpg 1536w\" sizes=\"auto, (max-width: 1920px) 100vw, 1920px\" \/><figcaption class=\"wp-element-caption\">Heutige Rasiermesser werden mit Wechselkingen angeboten. Die Rasierklinge wird in das Rasiermesser eingef\u00fchrt und arretiert. Danach kann sicher rasiert werden.<\/figcaption><\/figure>\n\n\n\n<h2 class=\"wp-block-heading inversh2\" id=\"inversh2\">Wie wechsle ich die Klinge eines Einwegrasiermessers?<\/h2>\n\n\n\n<p>Die Klinge eines Einweg Rasiermessers l\u00e4sst sich nicht wechseln. Nur Klingen eines Wechselklingenrasiermessers sind auswechselbar.<br>\u00d6ffnen Sie eine mitgelieferte Rasierklinge und brechen Sie diese f\u00fcr l\u00e4ngs in der Mitte durch. \u00d6ffnen Sie dann die Halterung des Einwegrasiermessers f\u00fcr die Klinge und positionieren eine Klingenh\u00e4lfte an der daf\u00fcr vorgesehenen Halterung. \u00dcberpr\u00fcfen Sie den korrekten Sitz der Klinge und schlie\u00dfen Sie die Halterung wieder. Fertig!<\/p>\n\n\n\n<h2 class=\"wp-block-heading inversh2\" id=\"inversh2\">Ein antikes Rasiermesser sch\u00e4rfen<\/h2>\n\n\n\n<p>Alte Rasiermesser m\u00fcssen nicht weggeworfen werden. Mit Schleifsteinen (verschiedene K\u00f6rnungen) oder mit einem Pastenriemen wird ein altes Rasiermesser wieder scharf. F\u00fcr die unterschiedlichen Schleifsteine ben\u00f6tigen Sie zus\u00e4tzlich einen Schleifsteinhalter, in den der Schleifstein eingespannt wird. Begonnen wird mit der gr\u00f6bsten K\u00f6rnung bis hin zur feinsten K\u00f6rnung. Die Klinge wird mehrmals von jeder Seite \u00fcber den Schleifstein gezogen, bis der Schleifstein gewechselt wird. Anleitungen dazu gibt es online.<br>Um ein Rasiermesser mit dem Lederriemen zu sch\u00e4rfen haben Sie die Auswahl zwischen Profiriemen mit Hanf- oder Leinenbezug, an dem Sie den Grat abziehen k\u00f6nnen und Pastenriemen. Bei Pastenriemen ist das Leder mit einer Paste bedeckt, wenn das Sch\u00e4rfen am Leder nicht mehr ausreicht. Zudem ist eine Kombination aus Lederriemen und Pastenriemen erh\u00e4ltlich.<br>Zum Sch\u00e4rfen wird der Riemen an einem Ende an einer Halterung aufgeh\u00e4ngt. Die linke Hand ergreift das andere Ende des Riemens und spannt den Riemen. Die andere Hand fasst das Rasiermesser an der d\u00fcnnen Stelle zwischen Klinge und Griff zieht das Rasiermesser \u00fcber das Leder. Dabei wird der Messerr\u00fccken leicht angehoben. Vergessen Sie nicht, das Messer von Zeit zu Zeit auf die andere Seite zu drehen. Trauen Sie sich das Sch\u00e4rfen nicht zu, k\u00f6nnen Sie das alte Rasiermesser auch sch\u00e4rfen lassen.<\/p>\n\n\n\n<h2 class=\"wp-block-heading inversh2\" id=\"inversh2\">Rasiermesser: Der Test<\/h2>\n\n\n\n<p>Die Stiftung Warentest hat bereits im Jahr 2010 Nassrasierer und Rasierhobel getestet. Einen aktuellen Test \u00fcber Rasiermesser gibt es bisher leider noch nicht. Checken Sie deshalb vor allem Kundenbewertungen oder einen Rasiermesser Vergleich, wenn Sie Ihr Rasiermesser online kaufen wollen.<\/p>\n\n\n\n<h3 class=\"wp-block-heading inversh3\">Rasur mit dem Rasiermesser<\/h3>\n\n\n\n<p>In der Vorbereitung ist es wichtig, gute Rasiermesser auf ihre Sch\u00e4rfe zu pr\u00fcfen und wenn notwendig am Lederriemen zu sch\u00e4rfen. Bereiten Sie Ihr Gesicht durch das Waschen mit einer Reinigungslotion auf die Rasur vor. Wie im Barbershop k\u00f6nnen Sie anschlie\u00dfend den zu rasierenden Bereich mit Rasier\u00f6l einreiben und ein hei\u00dfes Handtuch gegen die Haut dr\u00fccken. Die Haut entspannt sich, die Poren \u00f6ffnen sich und die Barthaare treten st\u00e4rker heraus. Danach ben\u00f6tigen Sie Rasierschaum, um das Barthaar aufzuweichen. Entweder Sie stellen Rasierschaum klassisch mit Rasierpinsel und Rasierseife her oder Sie verwenden Rasierschaum aus der Dose. Alternativ verwenden Sie Rasier\u00f6l.<br>Tragen Sie den Rasierschaum oder das Rasier\u00f6l nun auf den Bart auf. Zuerst empfiehlt es sich, den Bereich \u00fcber der Oberlippe und am Kinn einzuseifen. Dort ist das Barthaar besonders st\u00f6rrisch und ben\u00f6tigt eine l\u00e4ngere Einwirkzeit. Danach folgen die Wangen und der Hals. Nach rund f\u00fcnf Minuten k\u00f6nnen Sie mit der Rasur beginnen.<\/p>\n\n\n\n<p><strong>Wie soll ich das Rasiermesser richtig halten?<\/strong><br>Halten Sie das Rasiermesser in einem Winkel von 30 Grad zum Gesicht. Ziehen Sie mit der freien Hand die Haut straff in dem zu rasierenden Bereich straff, damit das Rasiermesser eine ebene Fl\u00e4che rasiert. F\u00fchren Sie das Rasiermesser mit dem Strich in Wuchsrichtung der Haare aus. Rasieren Sie zuerst die Wangen und den Hals. Es folgen das Kinn und der Kiefer.<br>Es ist sinnvoll, die Schneide des Rasiermessers nach einigen Z\u00fcgen an einem weichen Tuch abzustreifen oder kurz unter flie\u00dfendes Wasser zu halten, um anhaftende Haare und Rasierseife zu entfernen. Waschen Sie sich nach der Rasur die Seifenreste aus dem Gesicht. Kaltes Wasser verschlie\u00dft die Poren. Tupfen Sie Ihr Gesicht trocken und geben Sie einen Tropfen After Shave auf die Haut, um Hautirritationen zu vermeiden. Sobald das After Shave eingezogen ist, tragen Sie eine reichhaltige Hautpflege auf, um die Haut zu beruhigen.<\/p>\n","protected":false},"excerpt":{"rendered":"<p>Die klassische Nassrasur mit einem Rasiermesser liegt im Trend, denn die Rasur hat einige Vorteile gegen\u00fcber der Rasur mit einem Nassrasierer. Die Rasur mit dem &#8230; <a title=\"Rasiermesser\" class=\"read-more\" href=\"https:\/\/nashvilleknifeshop.com\/de\/rasiermesser\/\" aria-label=\"Mehr Informationen \u00fcber Rasiermesser\">Weiterlesen &#8230;<\/a><\/p>\n","protected":false},"author":3,"featured_media":33,"parent":0,"menu_order":0,"comment_status":"closed","ping_status":"closed","template":"","meta":{"inline_featured_image":false,"footnotes":""},"class_list":["post-30","page","type-page","status-publish","has-post-thumbnail"],"yoast_head":"<!-- This site is optimized with the Yoast SEO plugin v26.8 - https:\/\/yoast.com\/product\/yoast-seo-wordpress\/ -->\n<title>Rasiermesser: Die Nassrasur mit einem Rasiermesser liegt im Trend<\/title>\n<meta name=\"description\" content=\"Die Rasur mit dem Rasiermesser ist schonender und gr\u00fcndlicher. M\u00e4nner mit empfindlicher Haut profitieren davon. In der Vorbereitung ist es wichtig, das Rasiermesser auf seine Sch\u00e4rfe zu pr\u00fcfen.\" \/>\n<meta name=\"robots\" content=\"index, follow, max-snippet:-1, max-image-preview:large, max-video-preview:-1\" \/>\n<link rel=\"canonical\" href=\"https:\/\/nashvilleknifeshop.com\/de\/rasiermesser\/\" \/>\n<meta property=\"og:locale\" content=\"de_DE\" \/>\n<meta property=\"og:type\" content=\"article\" \/>\n<meta property=\"og:title\" content=\"Rasiermesser: Die Nassrasur mit einem Rasiermesser liegt im Trend\" \/>\n<meta property=\"og:description\" content=\"Die Rasur mit dem Rasiermesser ist schonender und gr\u00fcndlicher. M\u00e4nner mit empfindlicher Haut profitieren davon. In der Vorbereitung ist es wichtig, das Rasiermesser auf seine Sch\u00e4rfe zu pr\u00fcfen.\" \/>\n<meta property=\"og:url\" content=\"https:\/\/nashvilleknifeshop.com\/de\/rasiermesser\/\" \/>\n<meta property=\"og:site_name\" content=\"Deutsch\" \/>\n<meta property=\"article:modified_time\" content=\"2023-04-12T10:14:26+00:00\" \/>\n<meta name=\"twitter:card\" content=\"summary_large_image\" \/>\n<meta name=\"twitter:label1\" content=\"Gesch\u00e4tzte Lesezeit\" \/>\n\t<meta name=\"twitter:data1\" content=\"7\u00a0Minuten\" \/>\n<script type=\"application\/ld+json\" class=\"yoast-schema-graph\">{\"@context\":\"https:\/\/schema.org\",\"@graph\":[{\"@type\":\"WebPage\",\"@id\":\"https:\/\/nashvilleknifeshop.com\/de\/rasiermesser\/\",\"url\":\"https:\/\/nashvilleknifeshop.com\/de\/rasiermesser\/\",\"name\":\"Rasiermesser: Die Nassrasur mit einem Rasiermesser liegt im Trend\",\"isPartOf\":{\"@id\":\"https:\/\/nashvilleknifeshop.com\/de\/#website\"},\"primaryImageOfPage\":{\"@id\":\"https:\/\/nashvilleknifeshop.com\/de\/rasiermesser\/#primaryimage\"},\"image\":{\"@id\":\"https:\/\/nashvilleknifeshop.com\/de\/rasiermesser\/#primaryimage\"},\"thumbnailUrl\":\"https:\/\/nashvilleknifeshop.com\/de\/wp-content\/uploads\/2023\/03\/razor-knife.jpg\",\"datePublished\":\"2022-03-13T19:32:31+00:00\",\"dateModified\":\"2023-04-12T10:14:26+00:00\",\"description\":\"Die Rasur mit dem Rasiermesser ist schonender und gr\u00fcndlicher. M\u00e4nner mit empfindlicher Haut profitieren davon. In der Vorbereitung ist es wichtig, das Rasiermesser auf seine Sch\u00e4rfe zu pr\u00fcfen.\",\"breadcrumb\":{\"@id\":\"https:\/\/nashvilleknifeshop.com\/de\/rasiermesser\/#breadcrumb\"},\"inLanguage\":\"de\",\"potentialAction\":[{\"@type\":\"ReadAction\",\"target\":[\"https:\/\/nashvilleknifeshop.com\/de\/rasiermesser\/\"]}]},{\"@type\":\"ImageObject\",\"inLanguage\":\"de\",\"@id\":\"https:\/\/nashvilleknifeshop.com\/de\/rasiermesser\/#primaryimage\",\"url\":\"https:\/\/nashvilleknifeshop.com\/de\/wp-content\/uploads\/2023\/03\/razor-knife.jpg\",\"contentUrl\":\"https:\/\/nashvilleknifeshop.com\/de\/wp-content\/uploads\/2023\/03\/razor-knife.jpg\"},{\"@type\":\"BreadcrumbList\",\"@id\":\"https:\/\/nashvilleknifeshop.com\/de\/rasiermesser\/#breadcrumb\",\"itemListElement\":[{\"@type\":\"ListItem\",\"position\":1,\"name\":\"Home\",\"item\":\"https:\/\/nashvilleknifeshop.com\/de\/\"},{\"@type\":\"ListItem\",\"position\":2,\"name\":\"Rasiermesser\"}]},{\"@type\":\"WebSite\",\"@id\":\"https:\/\/nashvilleknifeshop.com\/de\/#website\",\"url\":\"https:\/\/nashvilleknifeshop.com\/de\/\",\"name\":\"Deutsch\",\"description\":\"Just another nashvilleknifeshop Sites site\",\"publisher\":{\"@id\":\"https:\/\/nashvilleknifeshop.com\/de\/#organization\"},\"potentialAction\":[{\"@type\":\"SearchAction\",\"target\":{\"@type\":\"EntryPoint\",\"urlTemplate\":\"https:\/\/nashvilleknifeshop.com\/de\/?s={search_term_string}\"},\"query-input\":{\"@type\":\"PropertyValueSpecification\",\"valueRequired\":true,\"valueName\":\"search_term_string\"}}],\"inLanguage\":\"de\"},{\"@type\":\"Organization\",\"@id\":\"https:\/\/nashvilleknifeshop.com\/de\/#organization\",\"name\":\"Deutsch\",\"url\":\"https:\/\/nashvilleknifeshop.com\/de\/\",\"logo\":{\"@type\":\"ImageObject\",\"inLanguage\":\"de\",\"@id\":\"https:\/\/nashvilleknifeshop.com\/de\/#\/schema\/logo\/image\/\",\"url\":\"https:\/\/nashvilleknifeshop.com\/de\/wp-content\/uploads\/2023\/03\/cropped-favicon.png\",\"contentUrl\":\"https:\/\/nashvilleknifeshop.com\/de\/wp-content\/uploads\/2023\/03\/cropped-favicon.png\",\"width\":512,\"height\":512,\"caption\":\"Deutsch\"},\"image\":{\"@id\":\"https:\/\/nashvilleknifeshop.com\/de\/#\/schema\/logo\/image\/\"}}]}<\/script>\n<!-- \/ Yoast SEO plugin. -->","yoast_head_json":{"title":"Rasiermesser: Die Nassrasur mit einem Rasiermesser liegt im Trend","description":"Die Rasur mit dem Rasiermesser ist schonender und gr\u00fcndlicher. M\u00e4nner mit empfindlicher Haut profitieren davon. In der Vorbereitung ist es wichtig, das Rasiermesser auf seine Sch\u00e4rfe zu pr\u00fcfen.","robots":{"index":"index","follow":"follow","max-snippet":"max-snippet:-1","max-image-preview":"max-image-preview:large","max-video-preview":"max-video-preview:-1"},"canonical":"https:\/\/nashvilleknifeshop.com\/de\/rasiermesser\/","og_locale":"de_DE","og_type":"article","og_title":"Rasiermesser: Die Nassrasur mit einem Rasiermesser liegt im Trend","og_description":"Die Rasur mit dem Rasiermesser ist schonender und gr\u00fcndlicher. M\u00e4nner mit empfindlicher Haut profitieren davon. In der Vorbereitung ist es wichtig, das Rasiermesser auf seine Sch\u00e4rfe zu pr\u00fcfen.","og_url":"https:\/\/nashvilleknifeshop.com\/de\/rasiermesser\/","og_site_name":"Deutsch","article_modified_time":"2023-04-12T10:14:26+00:00","twitter_card":"summary_large_image","twitter_misc":{"Gesch\u00e4tzte Lesezeit":"7\u00a0Minuten"},"schema":{"@context":"https:\/\/schema.org","@graph":[{"@type":"WebPage","@id":"https:\/\/nashvilleknifeshop.com\/de\/rasiermesser\/","url":"https:\/\/nashvilleknifeshop.com\/de\/rasiermesser\/","name":"Rasiermesser: Die Nassrasur mit einem Rasiermesser liegt im Trend","isPartOf":{"@id":"https:\/\/nashvilleknifeshop.com\/de\/#website"},"primaryImageOfPage":{"@id":"https:\/\/nashvilleknifeshop.com\/de\/rasiermesser\/#primaryimage"},"image":{"@id":"https:\/\/nashvilleknifeshop.com\/de\/rasiermesser\/#primaryimage"},"thumbnailUrl":"https:\/\/nashvilleknifeshop.com\/de\/wp-content\/uploads\/2023\/03\/razor-knife.jpg","datePublished":"2022-03-13T19:32:31+00:00","dateModified":"2023-04-12T10:14:26+00:00","description":"Die Rasur mit dem Rasiermesser ist schonender und gr\u00fcndlicher. M\u00e4nner mit empfindlicher Haut profitieren davon. In der Vorbereitung ist es wichtig, das Rasiermesser auf seine Sch\u00e4rfe zu pr\u00fcfen.","breadcrumb":{"@id":"https:\/\/nashvilleknifeshop.com\/de\/rasiermesser\/#breadcrumb"},"inLanguage":"de","potentialAction":[{"@type":"ReadAction","target":["https:\/\/nashvilleknifeshop.com\/de\/rasiermesser\/"]}]},{"@type":"ImageObject","inLanguage":"de","@id":"https:\/\/nashvilleknifeshop.com\/de\/rasiermesser\/#primaryimage","url":"https:\/\/nashvilleknifeshop.com\/de\/wp-content\/uploads\/2023\/03\/razor-knife.jpg","contentUrl":"https:\/\/nashvilleknifeshop.com\/de\/wp-content\/uploads\/2023\/03\/razor-knife.jpg"},{"@type":"BreadcrumbList","@id":"https:\/\/nashvilleknifeshop.com\/de\/rasiermesser\/#breadcrumb","itemListElement":[{"@type":"ListItem","position":1,"name":"Home","item":"https:\/\/nashvilleknifeshop.com\/de\/"},{"@type":"ListItem","position":2,"name":"Rasiermesser"}]},{"@type":"WebSite","@id":"https:\/\/nashvilleknifeshop.com\/de\/#website","url":"https:\/\/nashvilleknifeshop.com\/de\/","name":"Deutsch","description":"Just another nashvilleknifeshop Sites site","publisher":{"@id":"https:\/\/nashvilleknifeshop.com\/de\/#organization"},"potentialAction":[{"@type":"SearchAction","target":{"@type":"EntryPoint","urlTemplate":"https:\/\/nashvilleknifeshop.com\/de\/?s={search_term_string}"},"query-input":{"@type":"PropertyValueSpecification","valueRequired":true,"valueName":"search_term_string"}}],"inLanguage":"de"},{"@type":"Organization","@id":"https:\/\/nashvilleknifeshop.com\/de\/#organization","name":"Deutsch","url":"https:\/\/nashvilleknifeshop.com\/de\/","logo":{"@type":"ImageObject","inLanguage":"de","@id":"https:\/\/nashvilleknifeshop.com\/de\/#\/schema\/logo\/image\/","url":"https:\/\/nashvilleknifeshop.com\/de\/wp-content\/uploads\/2023\/03\/cropped-favicon.png","contentUrl":"https:\/\/nashvilleknifeshop.com\/de\/wp-content\/uploads\/2023\/03\/cropped-favicon.png","width":512,"height":512,"caption":"Deutsch"},"image":{"@id":"https:\/\/nashvilleknifeshop.com\/de\/#\/schema\/logo\/image\/"}}]}},"_links":{"self":[{"href":"https:\/\/nashvilleknifeshop.com\/de\/wp-json\/wp\/v2\/pages\/30","targetHints":{"allow":["GET"]}}],"collection":[{"href":"https:\/\/nashvilleknifeshop.com\/de\/wp-json\/wp\/v2\/pages"}],"about":[{"href":"https:\/\/nashvilleknifeshop.com\/de\/wp-json\/wp\/v2\/types\/page"}],"author":[{"embeddable":true,"href":"https:\/\/nashvilleknifeshop.com\/de\/wp-json\/wp\/v2\/users\/3"}],"replies":[{"embeddable":true,"href":"https:\/\/nashvilleknifeshop.com\/de\/wp-json\/wp\/v2\/comments?post=30"}],"version-history":[{"count":9,"href":"https:\/\/nashvilleknifeshop.com\/de\/wp-json\/wp\/v2\/pages\/30\/revisions"}],"predecessor-version":[{"id":1293,"href":"https:\/\/nashvilleknifeshop.com\/de\/wp-json\/wp\/v2\/pages\/30\/revisions\/1293"}],"wp:featuredmedia":[{"embeddable":true,"href":"https:\/\/nashvilleknifeshop.com\/de\/wp-json\/wp\/v2\/posts\/33"}],"wp:attachment":[{"href":"https:\/\/nashvilleknifeshop.com\/de\/wp-json\/wp\/v2\/media?parent=30"}],"curies":[{"name":"wp","href":"https:\/\/api.w.org\/{rel}","templated":true}]}}