{"id":26,"date":"2022-03-05T09:01:39","date_gmt":"2022-03-05T09:01:39","guid":{"rendered":"https:\/\/nashvilleknifeshop.com\/de\/?page_id=26"},"modified":"2023-04-12T10:13:26","modified_gmt":"2023-04-12T10:13:26","slug":"rasierschale","status":"publish","type":"page","link":"https:\/\/nashvilleknifeshop.com\/de\/rasierzubehoer\/rasierschale\/","title":{"rendered":"Brauche ich eine Rasierschale?"},"content":{"rendered":"\n<p class=\"intro\">Wer sich nass rasiert und dazu Rasierseife nutzt, der kommt nicht ohne eine Rasierschale aus. Rasierschalen in Tassenform, auch Mug genannt, nehmen die Rasierseife auf. Nach alter Tradition wird der Rasierschaum dann gleichm\u00e4\u00dfig in der Rasierschale aufgeschlagen.<\/p>\n\n\n\n<p>Stilvoller als Nassrasieren mit Schaum aus der Dose rasieren Sie sich mit einer sch\u00f6nen Rasierschale aus Keramik, Porzellan oder Holz. Selbst aufgeschlagener Rasierschaum aus der Rasierschale ist cremiger als Rasierschaum aus der Dose. Seine Konsistenz ist langlebiger. Dadurch kann das Barthaar l\u00e4nger einweichen und ist dadurch optimal auf die Rasur vorbereitet. Das Rasiermesser verschlei\u00dft bei weicheren Barthaaren nicht zu schnell und R\u00f6tungen und Rasierbrand werden vermindert.<\/p>\n\n\n\n<h2 class=\"wp-block-heading\">Rasierschale: Wof\u00fcr verwenden?<\/h2>\n\n\n\n<ul class=\"wp-block-list\">\n<li>Rasierschaum aus Rasierseife aufschlagen<\/li>\n\n\n\n<li>Rasierschaum aus Rasiercreme aufschlagen<\/li>\n\n\n\n<li>Rasierpinsel ablegen<\/li>\n\n\n\n<li>Rasierpinsel reinigen<\/li>\n<\/ul>\n\n\n\n<figure class=\"wp-block-image size-full\"><img loading=\"lazy\" decoding=\"async\" width=\"1920\" height=\"800\" src=\"https:\/\/nashvilleknifeshop.com\/wp-content\/uploads\/2023\/03\/shaving-bowl-800px.jpg\" alt=\"Antike Rasierschale\" class=\"wp-image-54\" srcset=\"https:\/\/nashvilleknifeshop.com\/de\/wp-content\/uploads\/2023\/03\/shaving-bowl-800px.jpg 1920w, https:\/\/nashvilleknifeshop.com\/de\/wp-content\/uploads\/2023\/03\/shaving-bowl-800px-300x125.jpg 300w, https:\/\/nashvilleknifeshop.com\/de\/wp-content\/uploads\/2023\/03\/shaving-bowl-800px-1024x427.jpg 1024w, https:\/\/nashvilleknifeshop.com\/de\/wp-content\/uploads\/2023\/03\/shaving-bowl-800px-768x320.jpg 768w, https:\/\/nashvilleknifeshop.com\/de\/wp-content\/uploads\/2023\/03\/shaving-bowl-800px-1536x640.jpg 1536w\" sizes=\"auto, (max-width: 1920px) 100vw, 1920px\" \/><figcaption class=\"wp-element-caption\">Eine antike Rasierschale ist ein echter Blickfang im Bad. Neben dem praktischen Nutzen dekorieren M\u00e4nner gerne ihr Badezimmer mit einer Rasierschale. Frauen verstauen eine Rasierschale in der Regel im Badezimmerschrank, so dass die Optik der Rasierschale bei den Damen meist weniger wichtig ist.<\/figcaption><\/figure>\n\n\n\n<p>Nicht zuletzt wertet die Rasierschale das ganze Equipment f\u00fcr die Rasur auf. Am langlebigsten ist eine Rasierschale aus Edelstahl oder eine Rasierschale aus Stein. Letztere ist nat\u00fcrlich nur bedingt f\u00fcr eine Reise geeignet. Sch\u00f6ner und ein wahrer Eyecatcher sind jedoch antike Rasierschalen aus Keramik oder Holz. Sie k\u00f6nnen die Rasierschale passend zum Rasier-Equipment oder zum Badezimmer ausw\u00e4hlen. Wollen Sie die Rasierseife in der Rasierschale aufbewahren oder auf Reisen gehen, sollten Sie eine Rasierschale mit Deckel kaufen. Ein hoher Rand garantiert ein gro\u00dfes Fassungsverm\u00f6gen. Wegen der dauernden Feuchtigkeit ist schimmelresistentes Material von Vorteil.<\/p>\n\n\n\n<ul class=\"wp-block-list\">\n<li><strong>Rasierschale Keramik:<\/strong> Klassisches Material f\u00fcr eine beste Rasierschale und ein zeitloser Blickfang: Handget\u00f6pfert als Mug wei\u00df oder farbig, oft mit Rillen am Boden, wo sich Feuchtigkeit sammeln kann oder mit Schriftzug.<\/li>\n\n\n\n<li><strong>Rasierschale Porzellan:<\/strong> Rund oder oval, als Rasierschale antik mit Rand oder Vertiefung in der Mitte, mit Mulden an der Griffseite f\u00fcr sicheres Halten und praktischer Halterung f\u00fcr den nassen oder trockenen Rasierpinsel.<\/li>\n\n\n\n<li><strong>Rasierschale Holz:<\/strong> Aus Mango, Bambus oder Olivenholz mit sch\u00f6ner Maserung. Oft mit Standfu\u00df, mit oder ohne Deckel, mit glattem Boden, bruchsicher aber pflegeintensiv.<\/li>\n\n\n\n<li><strong>Rasierschale Edelstahl:<\/strong> Sehr langlebig und bruchsicher, zeitloses Design, modernes Aussehen. Kann bei Bedarf ganz ins Wasser getaucht werden, eignet sich auch, um den Rasierpinsel von Seifenresten zu befreien.<\/li>\n\n\n\n<li><strong>Rasierschale Stein:<\/strong> aus Naturgranit, schweres Gewicht.<\/li>\n\n\n\n<li><strong>Rasierschale Ton:<\/strong> Aus naturfarbenen Bunzlauer-Naumburger Ton oder Salzbrand Ton mit hochgezogenem Rand (die Finger bleiben beim Rasierschaum aufschlagen sauber), aus Badkeramik, im Ofen gebrannt \u00e4hnlich wie eine Rasierschale aus Keramik.<\/li>\n<\/ul>\n\n\n\n<h2 class=\"wp-block-heading\">Worauf achten beim Kauf Rasierschale?<\/h2>\n\n\n\n<p>Bei besten Rasierschalen handelt es sich meist um runde Rasierschalen, da die runde Form das Aufschlagen des Rasierschaums erleichtert. Im Handel finden sich Rasierschalen mit Deckel und Rasierschalen ohne Deckel. Ob mit oder ohne Deckel, das ist eine Ansichtssache. Eher kommt es beim Kauf einer Rasierschale auf die Gr\u00f6\u00dfe an. Ist die Rasierschale zu klein, l\u00e4sst sich der Rasierschaum nicht richtig aufschlagen und quillt im schlimmsten Fall aus der Rasierschale. Ein Durchmesser von 8 bis 12 Zentimeter hat sich im Rasierschale Test als optimal erwiesen. Au\u00dferdem spielt die H\u00f6he der Schale einer Rolle. Im Test lie\u00df sich der Rasierschaum aus Rasierseife bei einer H\u00f6he von 3,5 bis 8 cm am besten aufschlagen.<\/p>\n\n\n\n<h2 class=\"wp-block-heading\">Rasierschaum aus Rasiercreme in der Rasierschale aufschlagen<\/h2>\n\n\n\n<p>W\u00e4rmen Sie die Rasierschale zuerst etwas an, indem Sie die Rasierschale unter warmes Wasser halten. Feuchten Sie auch die Haare des Rasierpinsels an und sch\u00fctteln Sie das \u00fcbersch\u00fcssige Wasser aus dem Rasierpinsel wieder aus. Geben Sie 2 bis 3 Zentimeter Rasiercreme in die Rasierschale und f\u00fcgen Sie etwas warmes Wasser hinzu, aber nicht zu viel. Verr\u00fchren Sie beide Komponenten mit kreisenden Bewegungen. Es entsteht ein fluffiger Rasierschaum. Ist der Rasierschaum zu d\u00fcnn, geben Sie noch etwas Rasiercreme dazu.<\/p>\n\n\n\n<h2 class=\"wp-block-heading\">Rasierschaum aus Rasierseife in die Rasierschale aufschlagen<\/h2>\n\n\n\n<p>Feuchten Sie den Rasierpinsel in warmem Wasser an. Legen Sie die ganze Rasierseife, nur ein St\u00fcck der Rasierseife oder ein paar abgeschabte Sp\u00e4ne von der Rasierseife in die Rasierschale. Geben Sie ein paar Tropfen hei\u00dfes Wasser hinzu. Nun beginnen Sie den Rasierpinsel mit kreisenden Bewegungen und etwas Druck \u00fcber die Rasierseife zu f\u00fchren. Es entsteht Rasierschaum. Ist der entstehende Schaum zu fest, geben Sie noch etwas Wasser hinzu. Ist der Schaum zu fl\u00fcssig, geben Sie noch etwas Rasierseife dazu. Schlagen Sie den Rasierschaum leicht aus dem Handgelenk auf. Manchmal braucht es mehrere Anl\u00e4ufe, bis der perfekte Rasierschaum gelingt.<\/p>\n\n\n\n<h2 class=\"wp-block-heading\">S\u00e4ubern der Rasierschale<\/h2>\n\n\n\n<p>Rasierschalen sind pflegeleicht. Sp\u00fclen Sie die Rasierschaumreste mit Wasser ab und trocknen Sie die Schale ab oder lassen Sie die Rasierschale an der Luft trocknen.<\/p>\n\n\n\n<h2 class=\"wp-block-heading\">Gute Rasierschale f\u00fcr Frauen<\/h2>\n\n\n\n<p>Frauen w\u00e4hlen f\u00fcr die Nassrasur von K\u00f6rperhaaren gerne eine Rasierschale aus wei\u00dfem Porzellan oder aus Keramik aus. Anders als M\u00e4nner pr\u00e4sentieren Frauen ihre Rasierschale f\u00fcr Rasierseife nicht f\u00fcr alle sichtbar, sondern stellen diese in der Regel im Badeschrank. Auch eine runde Edelstahl-Rasierschale mit Deckel oder eine Rasierseife ohne Duft oder f\u00fcr empfindliche Haut in der Metalldose mit Deckel liegen als Rasierschale Frauen in der Gunst. Dann wird keine extra Rasierschale ben\u00f6tigt, denn die sensitive Rasierseife l\u00e4sst sich direkt in der Dose aufsch\u00e4umen.<\/p>\n","protected":false},"excerpt":{"rendered":"<p>Wer sich nass rasiert und dazu Rasierseife nutzt, der kommt nicht ohne eine Rasierschale aus. Rasierschalen in Tassenform, auch Mug genannt, nehmen die Rasierseife auf. &#8230; <a title=\"Brauche ich eine Rasierschale?\" class=\"read-more\" href=\"https:\/\/nashvilleknifeshop.com\/de\/rasierzubehoer\/rasierschale\/\" aria-label=\"Mehr Informationen \u00fcber Brauche ich eine Rasierschale?\">Weiterlesen &#8230;<\/a><\/p>\n","protected":false},"author":3,"featured_media":36,"parent":1025,"menu_order":0,"comment_status":"closed","ping_status":"closed","template":"","meta":{"inline_featured_image":false,"footnotes":""},"class_list":["post-26","page","type-page","status-publish","has-post-thumbnail"],"yoast_head":"<!-- This site is optimized with the Yoast SEO plugin v26.8 - https:\/\/yoast.com\/product\/yoast-seo-wordpress\/ -->\n<title>Eine Rasierschale - wozu brauche ich dieses Zubeh\u00f6r?<\/title>\n<meta name=\"description\" content=\"Wer sich nass rasiert und dazu Rasierseife nutzt, der kommt nicht ohne eine Rasierschale, zum Beispiel in Tassenform auch Mug genannt, aus. Die Rasierschale nimmt die Rasierseife auf und eignet sich hervorragend, um den Rasierschaum nach alter Tradition aufzuschlagen, wenn die Rasierseife nicht in einer Dose geliefert wird.\" \/>\n<meta name=\"robots\" content=\"index, follow, max-snippet:-1, max-image-preview:large, max-video-preview:-1\" \/>\n<link rel=\"canonical\" href=\"https:\/\/nashvilleknifeshop.com\/de\/rasierzubehoer\/rasierschale\/\" \/>\n<meta property=\"og:locale\" content=\"de_DE\" \/>\n<meta property=\"og:type\" content=\"article\" \/>\n<meta property=\"og:title\" content=\"Eine Rasierschale - wozu brauche ich dieses Zubeh\u00f6r?\" \/>\n<meta property=\"og:description\" content=\"Wer sich nass rasiert und dazu Rasierseife nutzt, der kommt nicht ohne eine Rasierschale, zum Beispiel in Tassenform auch Mug genannt, aus. Die Rasierschale nimmt die Rasierseife auf und eignet sich hervorragend, um den Rasierschaum nach alter Tradition aufzuschlagen, wenn die Rasierseife nicht in einer Dose geliefert wird.\" \/>\n<meta property=\"og:url\" content=\"https:\/\/nashvilleknifeshop.com\/de\/rasierzubehoer\/rasierschale\/\" \/>\n<meta property=\"og:site_name\" content=\"Deutsch\" \/>\n<meta property=\"article:modified_time\" content=\"2023-04-12T10:13:26+00:00\" \/>\n<meta name=\"twitter:card\" content=\"summary_large_image\" \/>\n<meta name=\"twitter:label1\" content=\"Gesch\u00e4tzte Lesezeit\" \/>\n\t<meta name=\"twitter:data1\" content=\"4\u00a0Minuten\" \/>\n<script type=\"application\/ld+json\" class=\"yoast-schema-graph\">{\"@context\":\"https:\/\/schema.org\",\"@graph\":[{\"@type\":\"WebPage\",\"@id\":\"https:\/\/nashvilleknifeshop.com\/de\/rasierzubehoer\/rasierschale\/\",\"url\":\"https:\/\/nashvilleknifeshop.com\/de\/rasierzubehoer\/rasierschale\/\",\"name\":\"Eine Rasierschale - wozu brauche ich dieses Zubeh\u00f6r?\",\"isPartOf\":{\"@id\":\"https:\/\/nashvilleknifeshop.com\/de\/#website\"},\"primaryImageOfPage\":{\"@id\":\"https:\/\/nashvilleknifeshop.com\/de\/rasierzubehoer\/rasierschale\/#primaryimage\"},\"image\":{\"@id\":\"https:\/\/nashvilleknifeshop.com\/de\/rasierzubehoer\/rasierschale\/#primaryimage\"},\"thumbnailUrl\":\"https:\/\/nashvilleknifeshop.com\/de\/wp-content\/uploads\/2023\/03\/shaving-bowl.jpg\",\"datePublished\":\"2022-03-05T09:01:39+00:00\",\"dateModified\":\"2023-04-12T10:13:26+00:00\",\"description\":\"Wer sich nass rasiert und dazu Rasierseife nutzt, der kommt nicht ohne eine Rasierschale, zum Beispiel in Tassenform auch Mug genannt, aus. Die Rasierschale nimmt die Rasierseife auf und eignet sich hervorragend, um den Rasierschaum nach alter Tradition aufzuschlagen, wenn die Rasierseife nicht in einer Dose geliefert wird.\",\"breadcrumb\":{\"@id\":\"https:\/\/nashvilleknifeshop.com\/de\/rasierzubehoer\/rasierschale\/#breadcrumb\"},\"inLanguage\":\"de\",\"potentialAction\":[{\"@type\":\"ReadAction\",\"target\":[\"https:\/\/nashvilleknifeshop.com\/de\/rasierzubehoer\/rasierschale\/\"]}]},{\"@type\":\"ImageObject\",\"inLanguage\":\"de\",\"@id\":\"https:\/\/nashvilleknifeshop.com\/de\/rasierzubehoer\/rasierschale\/#primaryimage\",\"url\":\"https:\/\/nashvilleknifeshop.com\/de\/wp-content\/uploads\/2023\/03\/shaving-bowl.jpg\",\"contentUrl\":\"https:\/\/nashvilleknifeshop.com\/de\/wp-content\/uploads\/2023\/03\/shaving-bowl.jpg\"},{\"@type\":\"BreadcrumbList\",\"@id\":\"https:\/\/nashvilleknifeshop.com\/de\/rasierzubehoer\/rasierschale\/#breadcrumb\",\"itemListElement\":[{\"@type\":\"ListItem\",\"position\":1,\"name\":\"Home\",\"item\":\"https:\/\/nashvilleknifeshop.com\/de\/\"},{\"@type\":\"ListItem\",\"position\":2,\"name\":\"Rasierzubeh\u00f6r\",\"item\":\"https:\/\/nashvilleknifeshop.com\/de\/rasierzubehoer\/\"},{\"@type\":\"ListItem\",\"position\":3,\"name\":\"Brauche ich eine Rasierschale?\"}]},{\"@type\":\"WebSite\",\"@id\":\"https:\/\/nashvilleknifeshop.com\/de\/#website\",\"url\":\"https:\/\/nashvilleknifeshop.com\/de\/\",\"name\":\"Deutsch\",\"description\":\"Just another nashvilleknifeshop Sites site\",\"publisher\":{\"@id\":\"https:\/\/nashvilleknifeshop.com\/de\/#organization\"},\"potentialAction\":[{\"@type\":\"SearchAction\",\"target\":{\"@type\":\"EntryPoint\",\"urlTemplate\":\"https:\/\/nashvilleknifeshop.com\/de\/?s={search_term_string}\"},\"query-input\":{\"@type\":\"PropertyValueSpecification\",\"valueRequired\":true,\"valueName\":\"search_term_string\"}}],\"inLanguage\":\"de\"},{\"@type\":\"Organization\",\"@id\":\"https:\/\/nashvilleknifeshop.com\/de\/#organization\",\"name\":\"Deutsch\",\"url\":\"https:\/\/nashvilleknifeshop.com\/de\/\",\"logo\":{\"@type\":\"ImageObject\",\"inLanguage\":\"de\",\"@id\":\"https:\/\/nashvilleknifeshop.com\/de\/#\/schema\/logo\/image\/\",\"url\":\"https:\/\/nashvilleknifeshop.com\/de\/wp-content\/uploads\/2023\/03\/cropped-favicon.png\",\"contentUrl\":\"https:\/\/nashvilleknifeshop.com\/de\/wp-content\/uploads\/2023\/03\/cropped-favicon.png\",\"width\":512,\"height\":512,\"caption\":\"Deutsch\"},\"image\":{\"@id\":\"https:\/\/nashvilleknifeshop.com\/de\/#\/schema\/logo\/image\/\"}}]}<\/script>\n<!-- \/ Yoast SEO plugin. -->","yoast_head_json":{"title":"Eine Rasierschale - wozu brauche ich dieses Zubeh\u00f6r?","description":"Wer sich nass rasiert und dazu Rasierseife nutzt, der kommt nicht ohne eine Rasierschale, zum Beispiel in Tassenform auch Mug genannt, aus. Die Rasierschale nimmt die Rasierseife auf und eignet sich hervorragend, um den Rasierschaum nach alter Tradition aufzuschlagen, wenn die Rasierseife nicht in einer Dose geliefert wird.","robots":{"index":"index","follow":"follow","max-snippet":"max-snippet:-1","max-image-preview":"max-image-preview:large","max-video-preview":"max-video-preview:-1"},"canonical":"https:\/\/nashvilleknifeshop.com\/de\/rasierzubehoer\/rasierschale\/","og_locale":"de_DE","og_type":"article","og_title":"Eine Rasierschale - wozu brauche ich dieses Zubeh\u00f6r?","og_description":"Wer sich nass rasiert und dazu Rasierseife nutzt, der kommt nicht ohne eine Rasierschale, zum Beispiel in Tassenform auch Mug genannt, aus. Die Rasierschale nimmt die Rasierseife auf und eignet sich hervorragend, um den Rasierschaum nach alter Tradition aufzuschlagen, wenn die Rasierseife nicht in einer Dose geliefert wird.","og_url":"https:\/\/nashvilleknifeshop.com\/de\/rasierzubehoer\/rasierschale\/","og_site_name":"Deutsch","article_modified_time":"2023-04-12T10:13:26+00:00","twitter_card":"summary_large_image","twitter_misc":{"Gesch\u00e4tzte Lesezeit":"4\u00a0Minuten"},"schema":{"@context":"https:\/\/schema.org","@graph":[{"@type":"WebPage","@id":"https:\/\/nashvilleknifeshop.com\/de\/rasierzubehoer\/rasierschale\/","url":"https:\/\/nashvilleknifeshop.com\/de\/rasierzubehoer\/rasierschale\/","name":"Eine Rasierschale - wozu brauche ich dieses Zubeh\u00f6r?","isPartOf":{"@id":"https:\/\/nashvilleknifeshop.com\/de\/#website"},"primaryImageOfPage":{"@id":"https:\/\/nashvilleknifeshop.com\/de\/rasierzubehoer\/rasierschale\/#primaryimage"},"image":{"@id":"https:\/\/nashvilleknifeshop.com\/de\/rasierzubehoer\/rasierschale\/#primaryimage"},"thumbnailUrl":"https:\/\/nashvilleknifeshop.com\/de\/wp-content\/uploads\/2023\/03\/shaving-bowl.jpg","datePublished":"2022-03-05T09:01:39+00:00","dateModified":"2023-04-12T10:13:26+00:00","description":"Wer sich nass rasiert und dazu Rasierseife nutzt, der kommt nicht ohne eine Rasierschale, zum Beispiel in Tassenform auch Mug genannt, aus. Die Rasierschale nimmt die Rasierseife auf und eignet sich hervorragend, um den Rasierschaum nach alter Tradition aufzuschlagen, wenn die Rasierseife nicht in einer Dose geliefert wird.","breadcrumb":{"@id":"https:\/\/nashvilleknifeshop.com\/de\/rasierzubehoer\/rasierschale\/#breadcrumb"},"inLanguage":"de","potentialAction":[{"@type":"ReadAction","target":["https:\/\/nashvilleknifeshop.com\/de\/rasierzubehoer\/rasierschale\/"]}]},{"@type":"ImageObject","inLanguage":"de","@id":"https:\/\/nashvilleknifeshop.com\/de\/rasierzubehoer\/rasierschale\/#primaryimage","url":"https:\/\/nashvilleknifeshop.com\/de\/wp-content\/uploads\/2023\/03\/shaving-bowl.jpg","contentUrl":"https:\/\/nashvilleknifeshop.com\/de\/wp-content\/uploads\/2023\/03\/shaving-bowl.jpg"},{"@type":"BreadcrumbList","@id":"https:\/\/nashvilleknifeshop.com\/de\/rasierzubehoer\/rasierschale\/#breadcrumb","itemListElement":[{"@type":"ListItem","position":1,"name":"Home","item":"https:\/\/nashvilleknifeshop.com\/de\/"},{"@type":"ListItem","position":2,"name":"Rasierzubeh\u00f6r","item":"https:\/\/nashvilleknifeshop.com\/de\/rasierzubehoer\/"},{"@type":"ListItem","position":3,"name":"Brauche ich eine Rasierschale?"}]},{"@type":"WebSite","@id":"https:\/\/nashvilleknifeshop.com\/de\/#website","url":"https:\/\/nashvilleknifeshop.com\/de\/","name":"Deutsch","description":"Just another nashvilleknifeshop Sites site","publisher":{"@id":"https:\/\/nashvilleknifeshop.com\/de\/#organization"},"potentialAction":[{"@type":"SearchAction","target":{"@type":"EntryPoint","urlTemplate":"https:\/\/nashvilleknifeshop.com\/de\/?s={search_term_string}"},"query-input":{"@type":"PropertyValueSpecification","valueRequired":true,"valueName":"search_term_string"}}],"inLanguage":"de"},{"@type":"Organization","@id":"https:\/\/nashvilleknifeshop.com\/de\/#organization","name":"Deutsch","url":"https:\/\/nashvilleknifeshop.com\/de\/","logo":{"@type":"ImageObject","inLanguage":"de","@id":"https:\/\/nashvilleknifeshop.com\/de\/#\/schema\/logo\/image\/","url":"https:\/\/nashvilleknifeshop.com\/de\/wp-content\/uploads\/2023\/03\/cropped-favicon.png","contentUrl":"https:\/\/nashvilleknifeshop.com\/de\/wp-content\/uploads\/2023\/03\/cropped-favicon.png","width":512,"height":512,"caption":"Deutsch"},"image":{"@id":"https:\/\/nashvilleknifeshop.com\/de\/#\/schema\/logo\/image\/"}}]}},"_links":{"self":[{"href":"https:\/\/nashvilleknifeshop.com\/de\/wp-json\/wp\/v2\/pages\/26","targetHints":{"allow":["GET"]}}],"collection":[{"href":"https:\/\/nashvilleknifeshop.com\/de\/wp-json\/wp\/v2\/pages"}],"about":[{"href":"https:\/\/nashvilleknifeshop.com\/de\/wp-json\/wp\/v2\/types\/page"}],"author":[{"embeddable":true,"href":"https:\/\/nashvilleknifeshop.com\/de\/wp-json\/wp\/v2\/users\/3"}],"replies":[{"embeddable":true,"href":"https:\/\/nashvilleknifeshop.com\/de\/wp-json\/wp\/v2\/comments?post=26"}],"version-history":[{"count":7,"href":"https:\/\/nashvilleknifeshop.com\/de\/wp-json\/wp\/v2\/pages\/26\/revisions"}],"predecessor-version":[{"id":1319,"href":"https:\/\/nashvilleknifeshop.com\/de\/wp-json\/wp\/v2\/pages\/26\/revisions\/1319"}],"up":[{"embeddable":true,"href":"https:\/\/nashvilleknifeshop.com\/de\/wp-json\/wp\/v2\/pages\/1025"}],"wp:featuredmedia":[{"embeddable":true,"href":"https:\/\/nashvilleknifeshop.com\/de\/wp-json\/wp\/v2\/pages\/36"}],"wp:attachment":[{"href":"https:\/\/nashvilleknifeshop.com\/de\/wp-json\/wp\/v2\/media?parent=26"}],"curies":[{"name":"wp","href":"https:\/\/api.w.org\/{rel}","templated":true}]}}