{"id":23,"date":"2022-02-25T13:52:20","date_gmt":"2022-02-25T13:52:20","guid":{"rendered":"https:\/\/nashvilleknifeshop.com\/de\/?page_id=23"},"modified":"2023-04-12T10:26:29","modified_gmt":"2023-04-12T10:26:29","slug":"bart-schneiden-leicht-gemacht","status":"publish","type":"page","link":"https:\/\/nashvilleknifeshop.com\/de\/nassrasur\/bart-schneiden-leicht-gemacht\/","title":{"rendered":"Bart schneiden leicht gemacht"},"content":{"rendered":"\n<p class=\"intro\">Wer sich einen Bart stehen lassen will, muss diesen pflegen, damit der Vollbart, Oberlippenbart oder 3-Tage-Bart auch gut aussieht. In unserer hippen Zeit ist das Bart selber schneiden wieder zum Trend geworden.<\/p>\n\n\n\n<p>Bart schneiden, trimmen und stutzen geht mit dem richtigen Equipment jedem Barttr\u00e4ger bald so gut von der Hand wie einem Friseur. Bevor der Vollbart ausfranst und der Oberlippenbart mit Essensresten verziert wird, sollten Sie t\u00e4tig werden. Bei einem Vollbart gilt: Sobald der Bart aus der Form ger\u00e4t oder einzelne Haare hervorstehen, geh\u00f6rt ein Vollbart gestutzt.<\/p>\n\n\n\n<h2 class=\"wp-block-heading\">Was brauche ich zum Bart schneiden?<\/h2>\n\n\n\n<p>Das wichtigste Zubeh\u00f6r ist ein Barttrimmer. Hoch im Kurs stehen Trimmer mit verschiedenen Aufs\u00e4tzen f\u00fcr unterschiedliche Schnittl\u00e4ngen, der sich auch ohne Aufsatz f\u00fcr die Konturen an Hals und Wangen verwenden l\u00e4sst. Wer es sich zutraut, kann die Konturen auch mit einem Nassrasierer oder dem Rasiermesser ziehen. Je hochwertiger der Scherkopf eines Barttrimmers, umso l\u00e4nger erzielen Sie bei der Nassrasur Bart zufriedenstellende Ergebnisse. Gute Qualit\u00e4t zeigt sich mindestens durch einen Scherkopf und Klingen aus Edelstahl. \nEin l\u00e4ngerer Vollbart wird mit einer scharfen Schere in Form gebracht, bestenfalls einer Bartschere, die rund f\u00fcnf Zentimeter lang ist. Diese L\u00e4nge gilt als ideal, ist weder zu kurz noch zu lang und l\u00e4sst sich gut handhaben. Sie ben\u00f6tigen au\u00dferdem einen feinzinkigen Kamm zum Durchk\u00e4mmen des Bartes, durchsichtiges Rasiergel und einen Nassrasierer oder ein Rasiermesser. F\u00fcr die Pflege danach empfiehlt sich ein Bart\u00f6l.<\/p>\n\n\n\n<figure class=\"wp-block-image size-full\"><img loading=\"lazy\" decoding=\"async\" width=\"1920\" height=\"800\" src=\"https:\/\/nashvilleknifeshop.com\/wp-content\/uploads\/2023\/03\/beard-trimming-800px.jpg\" alt=\"beard trimming\" class=\"wp-image-60\" srcset=\"https:\/\/nashvilleknifeshop.com\/de\/wp-content\/uploads\/2023\/03\/beard-trimming-800px.jpg 1920w, https:\/\/nashvilleknifeshop.com\/de\/wp-content\/uploads\/2023\/03\/beard-trimming-800px-300x125.jpg 300w, https:\/\/nashvilleknifeshop.com\/de\/wp-content\/uploads\/2023\/03\/beard-trimming-800px-1024x427.jpg 1024w, https:\/\/nashvilleknifeshop.com\/de\/wp-content\/uploads\/2023\/03\/beard-trimming-800px-768x320.jpg 768w, https:\/\/nashvilleknifeshop.com\/de\/wp-content\/uploads\/2023\/03\/beard-trimming-800px-1536x640.jpg 1536w\" sizes=\"auto, (max-width: 1920px) 100vw, 1920px\" \/><\/figure>\n\n\n\n<h3 class=\"wp-block-heading\">3-Tage-Bart schneiden in wenigen Schritten<\/h3>\n\n\n\n<ol class=\"wp-block-list\">\n<li>Waschen Sie sich das Gesicht mit einem Peeling.<\/li>\n\n\n\n<li>Trocknen Sie den Bart mit einem Handtuch.<\/li>\n\n\n\n<li>K\u00e4mmen Sie den Bart in und entgegengesetzt der Wuchsrichtung, damit Sie alle Barthaare erwischen.<\/li>\n\n\n\n<li>Stellen Sie an der zum Bart schneiden Maschine die gew\u00fcnschte L\u00e4nge ein und fahren Sie mit dem Trimmer entgegen der Wuchsrichtung der Barthaare \u00fcber den gesamten Bart.<\/li>\n\n\n\n<li>Sorgen Sie mit einem Nassrasierer f\u00fcr saubere Konturen.<\/li>\n\n\n\n<li>Entfernen Sie die abgetrennten Bartstoppeln, indem Sie das Gesicht nach der Rasur mit klarem Wasser abwaschen.<\/li>\n<\/ol>\n\n\n\n<h3 class=\"wp-block-heading\">Schnurrbart selber schneiden<\/h3>\n\n\n\n<p>W\u00e4hlen Sie zuerst die l\u00e4ngste Einstellung. Beim Bart selber schneiden k\u00f6nnen Sie sp\u00e4ter immer noch nachschneiden.<\/p>\n\n\n\n<ol class=\"wp-block-list\">\n<li>K\u00e4mmen Sie den Schnurrbart, damit die Barthaare richtig liegen.<\/li>\n\n\n\n<li>Versehen Sie den Trimmer mit dem richtigen Aufsatz und stellen Sie die L\u00e4nge ein.<\/li>\n\n\n\n<li>Setzen Sie den Trimmer von leicht schr\u00e4g unten entgegen der Wuchsrichtung des Schnurrbartes an, um jedes Barthaar zu erwischen.<\/li>\n\n\n\n<li>Entfernen Sie den Trimm-Aufsatz und ziehen Sie an der Lippe und zwischen Bart und Nase eine saubere Linie.<\/li>\n\n\n\n<li>Bart selber schneiden mit Schere.<\/li>\n<\/ol>\n\n\n\n<p><strong>Tipp: Bart selber schneiden mit Schere<\/strong><br>K\u00e4mmen Sie die Haare des Schnurrbartes nach unten und schneiden Sie die Haare kurz vor der Oberlippe ab.<\/p>\n\n\n\n<h3 class=\"wp-block-heading\">Langen Bart schneiden<\/h3>\n\n\n\n<p>Waschen Sie Ihren Vollbart zuerst mit einem Shampoo und trocknen Sie die Barthaare mit einem Handtuch ab. Danach definieren Sie die Bartkonturen mit einem Nassrasierer. F\u00fcr das Bart schneiden am Hals tragen Sie unterhalb des Adamsapfels und an den Wangen transparentes Rasiergel oder Rasier\u00f6l auf. Haare au\u00dferhalb der gew\u00fcnschten Linie werden anschlie\u00dfend mit einem Rasiermesser gekappt. Wollen Sie den Vollbart anschlie\u00dfend noch stutzen, ben\u00f6tigen Sie einen Kamm. K\u00e4mmen Sie den Bart durch. Alle Haare, die bei der gew\u00fcnschten L\u00e4nge \u00fcber dem Kamm herausstehen, werden mit der Bartschere weggeschnitten. In diesem Arbeitsschritt k\u00f6nnen Sie den Bart auch spitz schneiden. Hier gilt: Erst mal weniger als zu viel wegschneiden. Pflegen Sie das gestutzte Barthaar zum Schluss mit Bart\u00f6l.<\/p>\n\n\n\n<h2 class=\"wp-block-heading\">Tipps und Tricks zum Bart selber schneiden<\/h2>\n\n\n\n<p>Wenn das Bart waschen zu lange dauert, weichen die Barthaare auf. Hartn\u00e4ckige Pflegeprodukte lassen sich mit Bartseife entfernen. Beim 3-Tage-Bart schneiden kann dieser nach dem Waschen mit einem Handtuch getrocknet werden. L\u00e4ngeres Barthaar wird gef\u00f6hnt oder trocknet an der Luft. Es ist sinnvoll, den Bart vor dem Trimmen in Form zu b\u00fcrsten. So bekommen Sie einen \u00dcberblick, was entfernt werden muss. Beispielsweise bei einem Wirbel werden die Barthaare in diesem Bereich nicht auf die gleiche L\u00e4nge getrimmt.<br>Wer ein Doppelkinn kaschieren m\u00f6chte, kann die Konturlinie oberhalb des Kehlkopfes ansetzen. Das Gesicht erscheint spitzer, wenn die Barthaare am Kinn l\u00e4nger sind als die Barthaare an den Wangen. Wenn Sie den Bart spitz schneiden m\u00f6chten, lassen Sie die Wangenhaare k\u00fcrzer. Schmale Lippen werden durch einen l\u00e4ngeren Oberlippenbart ausgeglichen, solange die Barthaare nicht in den Mund h\u00e4ngen. Die Schnurrbarthaare werden so lang wie das \u00fcbrige Barthaar gehalten. Ein l\u00e4ngerer Schnurrbart f\u00e4llt st\u00e4rker auf als ein k\u00fcrzerer Oberlippenbart. Beim Schnurrbart kommt es vor allem auf einen sauberen Abschluss \u00fcber den Lippen an. Schlie\u00dfen Sie daf\u00fcr Ihren Mund und l\u00e4cheln Sie, um eine zirka einen Millimeter breite Linie mit dem Barschneider ohne Kammaufsatz zu schneiden.<\/p>\n\n\n\n<h2 class=\"wp-block-heading\">Bart schneiden &#8211; die Anleitung<\/h2>\n\n\n\n<h3 class=\"wp-block-heading\">Henriquatre-Bart schneiden<\/h3>\n\n\n\n<p>Ein Henriquatre-Bart ist eine Kombination aus Oberlippen- und Kinnbart. F\u00fcr einen Henriquatre-Bart ben\u00f6tigen viel und langes Barthaar. Sie m\u00fcssen Ihren Bart vorher also kr\u00e4ftig wachsen lassen. Am besten l\u00e4sst sich der Henriquate-Bart aus einem Vollbart schneiden. F\u00fcr Fans dieser Bartform gibt es zum selber schneiden eine Schablone f\u00fcr die korrekte Form. Wer es sich nicht selbst zutraut, sollte den Bart beim Friseur scheiden lassen, denn der Henriquatre-Bart sieht nur in perfekter Geometrie gut aus.<br>Immer mehr M\u00e4nner gehen in speziellen Barber-Shop. Diese Herrenfrisuren sind spezialisiert auf die Bartpflege der m\u00e4nnlichen Kunden.<\/p>\n\n\n\n<figure class=\"wp-block-image size-full\"><img loading=\"lazy\" decoding=\"async\" width=\"1920\" height=\"800\" src=\"https:\/\/nashvilleknifeshop.com\/wp-content\/uploads\/2023\/03\/henriquatre-beard.jpg\" alt=\"Henriquatre-Bart\" class=\"wp-image-23\" srcset=\"https:\/\/nashvilleknifeshop.com\/de\/wp-content\/uploads\/2023\/03\/henriquatre-beard.jpg 1920w, https:\/\/nashvilleknifeshop.com\/de\/wp-content\/uploads\/2023\/03\/henriquatre-beard-300x125.jpg 300w, https:\/\/nashvilleknifeshop.com\/de\/wp-content\/uploads\/2023\/03\/henriquatre-beard-1024x427.jpg 1024w, https:\/\/nashvilleknifeshop.com\/de\/wp-content\/uploads\/2023\/03\/henriquatre-beard-768x320.jpg 768w, https:\/\/nashvilleknifeshop.com\/de\/wp-content\/uploads\/2023\/03\/henriquatre-beard-1536x640.jpg 1536w\" sizes=\"auto, (max-width: 1920px) 100vw, 1920px\" \/><figcaption class=\"wp-element-caption\">Bei einem Henriquatre-Bart handelt es sich um einen Oberlippen- und Unterlippenbart. In kennzeichnet, dass er komplett um den Mund herum verl\u00e4uft. Die Wangenpartien werden rasiert.<\/figcaption><\/figure>\n\n\n\n<ol class=\"wp-block-list\">\n<li>Rasieren Sie alle Barthaare bis auf die Barthaare rund um den Mund herum ab.<\/li>\n\n\n\n<li>Lassen Sie zwei Verbindungslinien zwischen Oberlippenbart und Kinnbart stehen. Die Auswahl der Breite der Verbindungslinien reicht von gleichm\u00e4\u00dfig bis nach unten breiter oder schmaler werdend.<\/li>\n\n\n\n<li>Der Oberlippenbart kann je nachdem l\u00e4nger oder k\u00fcrzer gehalten werden. Die L\u00e4nge richtet sich nach der Dicke des Bartes.<\/li>\n\n\n\n<li>Der Bart unter dem Mund orientiert sich an dem Rest des Bartes.<\/li>\n\n\n\n<li>K\u00fcmmern Sie sich zuletzt um saubere Kanten, denn nur mit exakten Konturen entfaltet der Henriquatre-Bart seine volle Wirkung.<\/li>\n<\/ol>\n\n\n\n<p><strong>Wie lang sollten die Bartharre des Henriquatre-Bartes sein?<\/strong><br>Drei bis f\u00fcnf Millimeter werden als optimal empfohlen.<\/p>\n\n\n\n<h3 class=\"wp-block-heading\">Welche Werkzeuge brauche ich f\u00fcr den Henriquatre-Bart?<\/h3>\n\n\n\n<p>Bevor Sie sich den Bart selbst schneiden oder schneiden lassen, brauchen Sie ein Rasiermesser oder einen Rasierhobel. Ein elektrischer Rasierer eignet sich auch, jedoch gelingen die Konturen oft nicht so perfekt wie bei der Nassrasur. Um die Konturen perfekt zu trimmen, werden diese vor der Rasur mit durchsichtigem Rasier\u00f6l eingerieben. So sehen Sie genau, wo Sie schneiden. Gr\u00f6\u00dfer Gesichtsfl\u00e4chen werden vor dem Rasieren mit Rasierschaum oder Rasierseife bearbeitet. Nach der Rasur hilft die Pflege mit einem Aftershave um Rasurbrand und Pickel vorzubeugen.<\/p>\n\n\n\n<h3 class=\"wp-block-heading\">Wickinger Bart schneiden<\/h3>\n\n\n\n<p>Der Wikinger Bart ist eine Variation des Vollbartes inklusive Oberlippenbart. Die Enden des Oberlippenbartes gehen dabei in den Vollbart \u00fcber. F\u00fcr den Wikinger Bart ben\u00f6tigen Sie vor allem viele lange Barthaare. Lassen Sie sich also zuerst einen Vollbart wachsen. W\u00e4hrend des Wachsens trimmen Sie regelm\u00e4\u00dfig die Bartkonturen. Um den Vollbart nach Art der Wikinger zu flechten, sollten kleine Z\u00f6pfe 7-10 Zentimeter und ein gro\u00dfer Zopf mindestens 15 Zentimeter lang sein. Teilen Sie Ihren Vollbart vor dem Flechten mit dem Bartkamm in einzelne Str\u00e4nge, aus denen Sie die Z\u00f6pfe flechten.<\/p>\n\n\n\n<figure class=\"wp-block-image size-full\"><img loading=\"lazy\" decoding=\"async\" width=\"1920\" height=\"800\" src=\"https:\/\/nashvilleknifeshop.com\/wp-content\/uploads\/2023\/03\/viking-beard.jpg\" alt=\"Wikinger Bart\" class=\"wp-image-43\" srcset=\"https:\/\/nashvilleknifeshop.com\/de\/wp-content\/uploads\/2023\/03\/viking-beard.jpg 1920w, https:\/\/nashvilleknifeshop.com\/de\/wp-content\/uploads\/2023\/03\/viking-beard-300x125.jpg 300w, https:\/\/nashvilleknifeshop.com\/de\/wp-content\/uploads\/2023\/03\/viking-beard-1024x427.jpg 1024w, https:\/\/nashvilleknifeshop.com\/de\/wp-content\/uploads\/2023\/03\/viking-beard-768x320.jpg 768w, https:\/\/nashvilleknifeshop.com\/de\/wp-content\/uploads\/2023\/03\/viking-beard-1536x640.jpg 1536w\" sizes=\"auto, (max-width: 1920px) 100vw, 1920px\" \/><figcaption class=\"wp-element-caption\">Der Vikinger-Bart ist ein l\u00e4ngerer Vollbart. Dieser kann auch mit Z\u00f6pfen ausgef\u00fchrt sein.<\/figcaption><\/figure>\n\n\n\n<h3 class=\"wp-block-heading\">Wolferine Bart schneiden<\/h3>\n\n\n\n<p>Ein Wolferine Bart ist ein Backenbart in Kombination mit einem Schnurrbart. Daf\u00fcr lassen Sie sich die Koteletten bis hinunter zum Kinn wachsen. Die Zonen seitlich der Nase werden bei einem Wolferine Bart glatt rasiert. Je nachdem wie stark der Backenbart ist, umso mehr oder weniger kommt aber der Oberlippenbart zur Geltung.<\/p>\n\n\n\n<h3 class=\"wp-block-heading\">Hipster Bart schneiden<\/h3>\n\n\n\n<p>Ein Hipster-Bart ist im Grunde genommen ein Vollbart, nur etwas l\u00e4nger und f\u00fclliger. Ab rund f\u00fcnf Zentimeter L\u00e4nge spricht man gerne von einem Hipster-Bart. Dabei gilt es, den Bart nicht einfach wachsen zu lassen, sondern ordentlich zu pflegen. Anfangs lohnt sich das Bart schneiden im Barber Shop, um alle Haare gleich lang zu trimmen und die Konturen zu definieren. Danach kann der Bart in Ruhe zwei bis drei Wochen wachsen. In dieser Zeit m\u00fcssen die Konturen regelm\u00e4\u00dfig mit einem Nassrasierer nachrasiert werden. Nach drei Wochen bringen Sie den Hauptbart mit der Bartschere wie einen Vollbart in Form.<br><br><strong>Was hilft gegen den Juckreiz beim Bart wachsen?<\/strong><br>Eine gute Feuchtigkeitscreme kann die juckenden Hautirritationen vermindern.<\/p>\n\n\n\n<figure class=\"wp-block-image size-full\"><img loading=\"lazy\" decoding=\"async\" width=\"1920\" height=\"800\" src=\"https:\/\/nashvilleknifeshop.com\/wp-content\/uploads\/2023\/03\/hipster-beard.jpg\" alt=\"Hipster Bart\" class=\"wp-image-24\" srcset=\"https:\/\/nashvilleknifeshop.com\/de\/wp-content\/uploads\/2023\/03\/hipster-beard.jpg 1920w, https:\/\/nashvilleknifeshop.com\/de\/wp-content\/uploads\/2023\/03\/hipster-beard-300x125.jpg 300w, https:\/\/nashvilleknifeshop.com\/de\/wp-content\/uploads\/2023\/03\/hipster-beard-1024x427.jpg 1024w, https:\/\/nashvilleknifeshop.com\/de\/wp-content\/uploads\/2023\/03\/hipster-beard-768x320.jpg 768w, https:\/\/nashvilleknifeshop.com\/de\/wp-content\/uploads\/2023\/03\/hipster-beard-1536x640.jpg 1536w\" sizes=\"auto, (max-width: 1920px) 100vw, 1920px\" \/><figcaption class=\"wp-element-caption\">Bei einem Hipster-Bart handelt es sich im Grunde genommen um einen klassischen Vollbart. Die Variationen reichen von verwildert bis hin zu akkurat geschnitten. Aber auch in einem verwildert aussehenden Bart steckt viel Arbeit und Pflege.<\/figcaption><\/figure>\n\n\n\n<h3 class=\"wp-block-heading\">Anker-Bart schneiden<\/h3>\n\n\n\n<p>Der Anker- oder Anchor-Bart kombiniert einen Oberlippenbart mit einem Kinnbart. Die Kinnpartie wird seitlich einige Zentimeter nach oben gezogen, sodass am Kinn eine Ankerform entsteht. Der Schnurrbart l\u00e4uft bei diesem Bart an den Enden spitz zu. Um die Bartkonturen richtig zu schneiden, ben\u00f6tigen Sie einen Rasierhobel, einen Barttrimmer und eine Rasierschere. Die nachwachsenden Stoppeln au\u00dferhalb der Bartkonturen m\u00fcssen alle paar Tage mit dem Nassrasierer abrasiert werden. F\u00fcr das Styling hilft Bartwichse.<\/p>\n","protected":false},"excerpt":{"rendered":"<p>Wer sich einen Bart stehen lassen will, muss diesen pflegen, damit der Vollbart, Oberlippenbart oder 3-Tage-Bart auch gut aussieht. In unserer hippen Zeit ist das &#8230; <a title=\"Bart schneiden leicht gemacht\" class=\"read-more\" href=\"https:\/\/nashvilleknifeshop.com\/de\/nassrasur\/bart-schneiden-leicht-gemacht\/\" aria-label=\"Mehr Informationen \u00fcber Bart schneiden leicht gemacht\">Weiterlesen &#8230;<\/a><\/p>\n","protected":false},"author":3,"featured_media":21,"parent":995,"menu_order":0,"comment_status":"closed","ping_status":"closed","template":"","meta":{"inline_featured_image":false,"footnotes":""},"class_list":["post-23","page","type-page","status-publish","has-post-thumbnail"],"yoast_head":"<!-- This site is optimized with the Yoast SEO plugin v26.8 - https:\/\/yoast.com\/product\/yoast-seo-wordpress\/ -->\n<title>Bart schneiden leicht gemacht - Nicht nur f\u00fcr Hipster<\/title>\n<meta name=\"description\" content=\"Ob Henriquatre-Bart, Wikinger- oder Hipster Bart - allen gemein ist, dass ein Bart gepflegt werden muss. Worauf Sie achten sollen, erfahren Sie in unserem Artikel.\" \/>\n<meta name=\"robots\" content=\"index, follow, max-snippet:-1, max-image-preview:large, max-video-preview:-1\" \/>\n<link rel=\"canonical\" href=\"https:\/\/nashvilleknifeshop.com\/de\/nassrasur\/bart-schneiden-leicht-gemacht\/\" \/>\n<meta property=\"og:locale\" content=\"de_DE\" \/>\n<meta property=\"og:type\" content=\"article\" \/>\n<meta property=\"og:title\" content=\"Bart schneiden leicht gemacht - Nicht nur f\u00fcr Hipster\" \/>\n<meta property=\"og:description\" content=\"Ob Henriquatre-Bart, Wikinger- oder Hipster Bart - allen gemein ist, dass ein Bart gepflegt werden muss. Worauf Sie achten sollen, erfahren Sie in unserem Artikel.\" \/>\n<meta property=\"og:url\" content=\"https:\/\/nashvilleknifeshop.com\/de\/nassrasur\/bart-schneiden-leicht-gemacht\/\" \/>\n<meta property=\"og:site_name\" content=\"Deutsch\" \/>\n<meta property=\"article:modified_time\" content=\"2023-04-12T10:26:29+00:00\" \/>\n<meta name=\"twitter:card\" content=\"summary_large_image\" \/>\n<meta name=\"twitter:label1\" content=\"Gesch\u00e4tzte Lesezeit\" \/>\n\t<meta name=\"twitter:data1\" content=\"8\u00a0Minuten\" \/>\n<script type=\"application\/ld+json\" class=\"yoast-schema-graph\">{\"@context\":\"https:\/\/schema.org\",\"@graph\":[{\"@type\":\"WebPage\",\"@id\":\"https:\/\/nashvilleknifeshop.com\/de\/nassrasur\/bart-schneiden-leicht-gemacht\/\",\"url\":\"https:\/\/nashvilleknifeshop.com\/de\/nassrasur\/bart-schneiden-leicht-gemacht\/\",\"name\":\"Bart schneiden leicht gemacht - Nicht nur f\u00fcr Hipster\",\"isPartOf\":{\"@id\":\"https:\/\/nashvilleknifeshop.com\/de\/#website\"},\"primaryImageOfPage\":{\"@id\":\"https:\/\/nashvilleknifeshop.com\/de\/nassrasur\/bart-schneiden-leicht-gemacht\/#primaryimage\"},\"image\":{\"@id\":\"https:\/\/nashvilleknifeshop.com\/de\/nassrasur\/bart-schneiden-leicht-gemacht\/#primaryimage\"},\"thumbnailUrl\":\"https:\/\/nashvilleknifeshop.com\/de\/wp-content\/uploads\/2023\/03\/beard-trimming.jpg\",\"datePublished\":\"2022-02-25T13:52:20+00:00\",\"dateModified\":\"2023-04-12T10:26:29+00:00\",\"description\":\"Ob Henriquatre-Bart, Wikinger- oder Hipster Bart - allen gemein ist, dass ein Bart gepflegt werden muss. Worauf Sie achten sollen, erfahren Sie in unserem Artikel.\",\"breadcrumb\":{\"@id\":\"https:\/\/nashvilleknifeshop.com\/de\/nassrasur\/bart-schneiden-leicht-gemacht\/#breadcrumb\"},\"inLanguage\":\"de\",\"potentialAction\":[{\"@type\":\"ReadAction\",\"target\":[\"https:\/\/nashvilleknifeshop.com\/de\/nassrasur\/bart-schneiden-leicht-gemacht\/\"]}]},{\"@type\":\"ImageObject\",\"inLanguage\":\"de\",\"@id\":\"https:\/\/nashvilleknifeshop.com\/de\/nassrasur\/bart-schneiden-leicht-gemacht\/#primaryimage\",\"url\":\"https:\/\/nashvilleknifeshop.com\/de\/wp-content\/uploads\/2023\/03\/beard-trimming.jpg\",\"contentUrl\":\"https:\/\/nashvilleknifeshop.com\/de\/wp-content\/uploads\/2023\/03\/beard-trimming.jpg\"},{\"@type\":\"BreadcrumbList\",\"@id\":\"https:\/\/nashvilleknifeshop.com\/de\/nassrasur\/bart-schneiden-leicht-gemacht\/#breadcrumb\",\"itemListElement\":[{\"@type\":\"ListItem\",\"position\":1,\"name\":\"Home\",\"item\":\"https:\/\/nashvilleknifeshop.com\/de\/\"},{\"@type\":\"ListItem\",\"position\":2,\"name\":\"Nassrasur\",\"item\":\"https:\/\/nashvilleknifeshop.com\/de\/nassrasur\/\"},{\"@type\":\"ListItem\",\"position\":3,\"name\":\"Bart schneiden leicht gemacht\"}]},{\"@type\":\"WebSite\",\"@id\":\"https:\/\/nashvilleknifeshop.com\/de\/#website\",\"url\":\"https:\/\/nashvilleknifeshop.com\/de\/\",\"name\":\"Deutsch\",\"description\":\"Just another nashvilleknifeshop Sites site\",\"publisher\":{\"@id\":\"https:\/\/nashvilleknifeshop.com\/de\/#organization\"},\"potentialAction\":[{\"@type\":\"SearchAction\",\"target\":{\"@type\":\"EntryPoint\",\"urlTemplate\":\"https:\/\/nashvilleknifeshop.com\/de\/?s={search_term_string}\"},\"query-input\":{\"@type\":\"PropertyValueSpecification\",\"valueRequired\":true,\"valueName\":\"search_term_string\"}}],\"inLanguage\":\"de\"},{\"@type\":\"Organization\",\"@id\":\"https:\/\/nashvilleknifeshop.com\/de\/#organization\",\"name\":\"Deutsch\",\"url\":\"https:\/\/nashvilleknifeshop.com\/de\/\",\"logo\":{\"@type\":\"ImageObject\",\"inLanguage\":\"de\",\"@id\":\"https:\/\/nashvilleknifeshop.com\/de\/#\/schema\/logo\/image\/\",\"url\":\"https:\/\/nashvilleknifeshop.com\/de\/wp-content\/uploads\/2023\/03\/cropped-favicon.png\",\"contentUrl\":\"https:\/\/nashvilleknifeshop.com\/de\/wp-content\/uploads\/2023\/03\/cropped-favicon.png\",\"width\":512,\"height\":512,\"caption\":\"Deutsch\"},\"image\":{\"@id\":\"https:\/\/nashvilleknifeshop.com\/de\/#\/schema\/logo\/image\/\"}}]}<\/script>\n<!-- \/ Yoast SEO plugin. -->","yoast_head_json":{"title":"Bart schneiden leicht gemacht - Nicht nur f\u00fcr Hipster","description":"Ob Henriquatre-Bart, Wikinger- oder Hipster Bart - allen gemein ist, dass ein Bart gepflegt werden muss. Worauf Sie achten sollen, erfahren Sie in unserem Artikel.","robots":{"index":"index","follow":"follow","max-snippet":"max-snippet:-1","max-image-preview":"max-image-preview:large","max-video-preview":"max-video-preview:-1"},"canonical":"https:\/\/nashvilleknifeshop.com\/de\/nassrasur\/bart-schneiden-leicht-gemacht\/","og_locale":"de_DE","og_type":"article","og_title":"Bart schneiden leicht gemacht - Nicht nur f\u00fcr Hipster","og_description":"Ob Henriquatre-Bart, Wikinger- oder Hipster Bart - allen gemein ist, dass ein Bart gepflegt werden muss. Worauf Sie achten sollen, erfahren Sie in unserem Artikel.","og_url":"https:\/\/nashvilleknifeshop.com\/de\/nassrasur\/bart-schneiden-leicht-gemacht\/","og_site_name":"Deutsch","article_modified_time":"2023-04-12T10:26:29+00:00","twitter_card":"summary_large_image","twitter_misc":{"Gesch\u00e4tzte Lesezeit":"8\u00a0Minuten"},"schema":{"@context":"https:\/\/schema.org","@graph":[{"@type":"WebPage","@id":"https:\/\/nashvilleknifeshop.com\/de\/nassrasur\/bart-schneiden-leicht-gemacht\/","url":"https:\/\/nashvilleknifeshop.com\/de\/nassrasur\/bart-schneiden-leicht-gemacht\/","name":"Bart schneiden leicht gemacht - Nicht nur f\u00fcr Hipster","isPartOf":{"@id":"https:\/\/nashvilleknifeshop.com\/de\/#website"},"primaryImageOfPage":{"@id":"https:\/\/nashvilleknifeshop.com\/de\/nassrasur\/bart-schneiden-leicht-gemacht\/#primaryimage"},"image":{"@id":"https:\/\/nashvilleknifeshop.com\/de\/nassrasur\/bart-schneiden-leicht-gemacht\/#primaryimage"},"thumbnailUrl":"https:\/\/nashvilleknifeshop.com\/de\/wp-content\/uploads\/2023\/03\/beard-trimming.jpg","datePublished":"2022-02-25T13:52:20+00:00","dateModified":"2023-04-12T10:26:29+00:00","description":"Ob Henriquatre-Bart, Wikinger- oder Hipster Bart - allen gemein ist, dass ein Bart gepflegt werden muss. Worauf Sie achten sollen, erfahren Sie in unserem Artikel.","breadcrumb":{"@id":"https:\/\/nashvilleknifeshop.com\/de\/nassrasur\/bart-schneiden-leicht-gemacht\/#breadcrumb"},"inLanguage":"de","potentialAction":[{"@type":"ReadAction","target":["https:\/\/nashvilleknifeshop.com\/de\/nassrasur\/bart-schneiden-leicht-gemacht\/"]}]},{"@type":"ImageObject","inLanguage":"de","@id":"https:\/\/nashvilleknifeshop.com\/de\/nassrasur\/bart-schneiden-leicht-gemacht\/#primaryimage","url":"https:\/\/nashvilleknifeshop.com\/de\/wp-content\/uploads\/2023\/03\/beard-trimming.jpg","contentUrl":"https:\/\/nashvilleknifeshop.com\/de\/wp-content\/uploads\/2023\/03\/beard-trimming.jpg"},{"@type":"BreadcrumbList","@id":"https:\/\/nashvilleknifeshop.com\/de\/nassrasur\/bart-schneiden-leicht-gemacht\/#breadcrumb","itemListElement":[{"@type":"ListItem","position":1,"name":"Home","item":"https:\/\/nashvilleknifeshop.com\/de\/"},{"@type":"ListItem","position":2,"name":"Nassrasur","item":"https:\/\/nashvilleknifeshop.com\/de\/nassrasur\/"},{"@type":"ListItem","position":3,"name":"Bart schneiden leicht gemacht"}]},{"@type":"WebSite","@id":"https:\/\/nashvilleknifeshop.com\/de\/#website","url":"https:\/\/nashvilleknifeshop.com\/de\/","name":"Deutsch","description":"Just another nashvilleknifeshop Sites site","publisher":{"@id":"https:\/\/nashvilleknifeshop.com\/de\/#organization"},"potentialAction":[{"@type":"SearchAction","target":{"@type":"EntryPoint","urlTemplate":"https:\/\/nashvilleknifeshop.com\/de\/?s={search_term_string}"},"query-input":{"@type":"PropertyValueSpecification","valueRequired":true,"valueName":"search_term_string"}}],"inLanguage":"de"},{"@type":"Organization","@id":"https:\/\/nashvilleknifeshop.com\/de\/#organization","name":"Deutsch","url":"https:\/\/nashvilleknifeshop.com\/de\/","logo":{"@type":"ImageObject","inLanguage":"de","@id":"https:\/\/nashvilleknifeshop.com\/de\/#\/schema\/logo\/image\/","url":"https:\/\/nashvilleknifeshop.com\/de\/wp-content\/uploads\/2023\/03\/cropped-favicon.png","contentUrl":"https:\/\/nashvilleknifeshop.com\/de\/wp-content\/uploads\/2023\/03\/cropped-favicon.png","width":512,"height":512,"caption":"Deutsch"},"image":{"@id":"https:\/\/nashvilleknifeshop.com\/de\/#\/schema\/logo\/image\/"}}]}},"_links":{"self":[{"href":"https:\/\/nashvilleknifeshop.com\/de\/wp-json\/wp\/v2\/pages\/23","targetHints":{"allow":["GET"]}}],"collection":[{"href":"https:\/\/nashvilleknifeshop.com\/de\/wp-json\/wp\/v2\/pages"}],"about":[{"href":"https:\/\/nashvilleknifeshop.com\/de\/wp-json\/wp\/v2\/types\/page"}],"author":[{"embeddable":true,"href":"https:\/\/nashvilleknifeshop.com\/de\/wp-json\/wp\/v2\/users\/3"}],"replies":[{"embeddable":true,"href":"https:\/\/nashvilleknifeshop.com\/de\/wp-json\/wp\/v2\/comments?post=23"}],"version-history":[{"count":10,"href":"https:\/\/nashvilleknifeshop.com\/de\/wp-json\/wp\/v2\/pages\/23\/revisions"}],"predecessor-version":[{"id":1325,"href":"https:\/\/nashvilleknifeshop.com\/de\/wp-json\/wp\/v2\/pages\/23\/revisions\/1325"}],"up":[{"embeddable":true,"href":"https:\/\/nashvilleknifeshop.com\/de\/wp-json\/wp\/v2\/pages\/995"}],"wp:featuredmedia":[{"embeddable":true,"href":"https:\/\/nashvilleknifeshop.com\/de\/wp-json\/wp\/v2\/pages\/21"}],"wp:attachment":[{"href":"https:\/\/nashvilleknifeshop.com\/de\/wp-json\/wp\/v2\/media?parent=23"}],"curies":[{"name":"wp","href":"https:\/\/api.w.org\/{rel}","templated":true}]}}