{"id":21,"date":"2022-02-12T21:16:16","date_gmt":"2022-02-12T21:16:16","guid":{"rendered":"https:\/\/nashvilleknifeshop.com\/de\/?page_id=21"},"modified":"2023-04-12T10:21:32","modified_gmt":"2023-04-12T10:21:32","slug":"rasierschaum","status":"publish","type":"page","link":"https:\/\/nashvilleknifeshop.com\/de\/nassrasur\/rasierschaum\/","title":{"rendered":"Rasierschaum"},"content":{"rendered":"\n<p class=\"intro\">Die Nassrasur ist ohne Rasierschaum undenkbar, denn Rasierschaum verbessert die Gleiteigenschaften der Rasierklinge, sodass die Haut bei der Rasur weniger gereizt wird. Rasierschaum enth\u00e4lt Pflegestoffe, die der Haut Feuchtigkeit schenken, denn jede Rasur ist im Gesicht wie ein kleines Peeling.<\/p>\n\n\n\n<h2 class=\"wp-block-heading\">Rasierschaum \u2013 ein Multitalent<\/h2>\n\n\n\n<p>Rasierschaum unterscheidet sich in Rasierschaum f\u00fcr normale Haut, Schaum mit k\u00fchlender Wirkung zur Vorbeugung gegen Rasierbrand und Rasierschaum f\u00fcr empfindliche Haut. Die Inhaltsstoffe von fertigem Rasierschaum aus der Dose reichen \u00fcber Allantoin (spendet Feuchtigkeit und wirkt gl\u00e4ttend), Aloe-Vera (entz\u00fcndungshemmend, feuchtigkeitsspendend), Panthenol (regenerierend, reizmildernd, feuchtigkeitsspendend) bis zu Vitamin E (f\u00f6rdert die Zellteilung, regenerierend gegen freie Radikale) und Tocopherolacetat (Zellschutz, Antioxidans, Langzeitschutz in Verbindung mit Vitamin E). Neben diesen wichtigen Inhaltsstoffen enth\u00e4lt Rasierschaum Stearins\u00e4ure und Vaseline oder Wollwachs und Glyzerin, damit der aufgespr\u00fchte Schaum stabil bleibt. Rasierschaum aus der Dose ist sofort gebrauchsfertig, ben\u00f6tigt nur eine geringe Einwirkzeit und l\u00e4sst sich gut absp\u00fclen. Rasierschaum f\u00fcr M\u00e4nner und Frauen ist das optimale Produkt f\u00fcr eine schnelle, zeitsparende Nassrasur.<\/p>\n\n\n\n<figure class=\"wp-block-image size-full\"><img loading=\"lazy\" decoding=\"async\" width=\"1920\" height=\"800\" src=\"https:\/\/nashvilleknifeshop.com\/wp-content\/uploads\/2023\/03\/shaving-foam-800px.jpg\" alt=\"shaving foam\" class=\"wp-image-52\" srcset=\"https:\/\/nashvilleknifeshop.com\/de\/wp-content\/uploads\/2023\/03\/shaving-foam-800px.jpg 1920w, https:\/\/nashvilleknifeshop.com\/de\/wp-content\/uploads\/2023\/03\/shaving-foam-800px-300x125.jpg 300w, https:\/\/nashvilleknifeshop.com\/de\/wp-content\/uploads\/2023\/03\/shaving-foam-800px-1024x427.jpg 1024w, https:\/\/nashvilleknifeshop.com\/de\/wp-content\/uploads\/2023\/03\/shaving-foam-800px-768x320.jpg 768w, https:\/\/nashvilleknifeshop.com\/de\/wp-content\/uploads\/2023\/03\/shaving-foam-800px-1536x640.jpg 1536w\" sizes=\"auto, (max-width: 1920px) 100vw, 1920px\" \/><figcaption class=\"wp-element-caption\">Eine Nassrasur ohne Rasierschaum oder Gel kann der Haut sehr schaden. Gr\u00fcndliches Einweichen der Haut vor der Anwendung von Rasierschaum und eine saubere und scharfe Klinge sind Garanten f\u00fcr eine gr\u00fcndliche Nassrasur.<\/figcaption><\/figure>\n\n\n\n<h3 class=\"wp-block-heading\" id=\"rasierschaum-selber-machen\">Rasierschaum selber machen<\/h3>\n\n\n\n<p>Steht am Sonntag die Nassrasur an und ist der Rasierschaum ausgegangen, k\u00f6nnen Sie Rasierschaum selber aufschlagen. Dazu ben\u00f6tigen Sie einen Rasierpinsel, eine Schale zum Aufschlagen und fertige Rasierseife oder Rasiercreme. Mit Rasiercreme gelingt das Aufschlagen im Rasierschaum Test leichter. F\u00fcr Rasierseife aufschlagen ben\u00f6tigen Sie etwas mehr \u00dcbung. W\u00e4rmen Sie zuerst die Rasierschale und die Spitzen der Haare des Rasierpinsels mit warmem Wasser an. Sch\u00fctteln Sie das Wasser aus dem Pinsel aus und geben Sie zwei bis drei Zentimeter Rasiercreme in die Rasierschale. Gegebenenfalls geben Sie noch etwas warmes Wasser in die Rasierschale. Nun verr\u00fchren Sie die Rasiercreme und das Wasser zirka zwei Minuten mit kreisendenden Bewegungen, bis fluffiger Rasierschaum entsteht. F\u00fcr Rasierschaum aus Rasierseife legen Sie die Rasierseife in die angew\u00e4rmte Rasierschale. Tropfen einige Tropfen warmes Wasser auf die Rasierseife. Feuchten Sie den Rasierpinsel an und reiben Sie diesen an der Rasierseife mit etwas Druck. Ist der entstandene Rasierschaum zu fest, geben Sie noch etwas Wasser hinzu. Haben Sie weder Rasiercreme noch Rasierseife zur Hand, k\u00f6nnen Sie Rasiercreme im Thermomix selber machen. Sie ben\u00f6tigen dazu:<\/p>\n\n\n\n<ul class=\"wp-block-list\">\n<li>120g fl\u00fcssige Seifenbasis<\/li>\n\n\n\n<li>60 g Aloe-Vera-Gel<\/li>\n\n\n\n<li>60 g Wasser<\/li>\n\n\n\n<li>40 g pflanzliches Glyzerin<\/li>\n\n\n\n<li>10 Tropfen Teebaum\u00f6l<\/li>\n\n\n\n<li>10 Tropfen Mandel\u00f6l<\/li>\n\n\n\n<li>10 Tropfen Duft\u00f6l nach Wunsch<\/li>\n<\/ul>\n\n\n\n<p>Geben Sie die Zutaten in den Mixbecher des Thermomixes und mixen Sie alles 30 Sekunden auf der Stufe 1,5 durch. Damit sich bei der Entnahme zur Rasur Schaum bildet, f\u00fcllen Sie die Fl\u00fcssigkeit in einen Schaumspender, der die Fl\u00fcssigkeit auf Knopfdruck in Schaum verwandelt.<\/p>\n\n\n\n<h3 class=\"wp-block-heading\" id=\"rasierschaum-ersatz-eine-alternative-zu-rasierschaum\">Rasierschaum Ersatz &#8211; Eine Alternative zu Rasierschaum<\/h3>\n\n\n\n<p>Ersatz f\u00fcr Rasierschaum findet sich in der K\u00fcche oder im Badezimmer. Ein Klecks Haarsp\u00fclung eignet sich genauso wie Oliven\u00f6l oder Kokos\u00f6l. Fl\u00fcssiger Honig ist ebenso eine gute Alternative f\u00fcr Rasierschaum. Honig wirkt zudem antibakteriell und kann gereizte Haut beruhigen.<\/p>\n\n\n\n<h2 class=\"wp-block-heading\" id=\"rasierschaum-oder-rasiergel\">Rasierschaum oder Rasiergel?<\/h2>\n\n\n\n<p>Rasiergel ist gleitf\u00e4higer als Rasierschaum, denn Gel legt sich als sch\u00fctzender Film \u00fcber die Haut. Die Einwirkzeit ist minimal l\u00e4nger als bei Rasierschaum. Daf\u00fcr kommt Rasiergel ganz ohne Treibgas aus.<\/p>\n\n\n\n<h2 class=\"wp-block-heading\" id=\"rasierschaum-im-haushalt-verwenden\">Rasierschaum im Haushalt verwenden<\/h2>\n\n\n\n<p>Rasierschaum entfernt Schmutz, Flecken und Verkrustungen von glatten Fl\u00e4chen, Polstern und Kleidung. Sogar Rotweinflecken lassen sich mit Rasierschaum entfernen. Wollen Sie Rasierschaum zum Putzen verwenden, d\u00fcrfen Sie auf billigen Rasierschaum aus dem Supermarkt zur\u00fcckgreifen, denn die Pflegestoffe aus dem Rasierschaum werden bei der Fleckentfernung nicht gebraucht. Rasierschaum enth\u00e4lt Kaliumseife. Der Inhaltsstoff l\u00f6st Fettflecke, Make-up und Rotwein aus Postern und Teppichen. \nLassen Sie den Schaum eine Viertelstunde einwirken, bevor Sie die Stelle mit einem angefeuchteten Schwamm abreiben. Bei Bedarf kann der Vorgang wiederholt werden. Die Inhaltsstoffe von Rasierschaum l\u00f6sen hartn\u00e4ckige Verkrustungen, sodass das Backofen reinigen mit Rasierschaum und das Ceranfeld reinigen mit Rasierschaum nach einer kurzen Einwirkzeit leicht von der Hand geht. Gleiches funktioniert mit angebrannten T\u00f6pfen und Pfannen. \nFensterputzen mit Rasierschaum ist jedoch keine gute Idee. Aber Spiegel und Armaturen im Badezimmer profitieren von der Anti-Beschlag-Wirkung von Rasierschaum. An Armaturen perlt das Wasser zuk\u00fcnftig ab. Rasierschaum wirkt Kalkflecken im Bad und im gesamten Haushalt entgegen.<\/p>\n\n\n\n<h3 class=\"wp-block-heading\">Das k\u00f6nnen Sie mit Rasierschaum alles reinigen<\/h3>\n\n\n\n<ul class=\"wp-block-list\">\n<li><strong>Teppich und Polster reinigen mit Rasierschaum:<\/strong> Rasierschaum auf den Fleck aufspr\u00fchen, leicht einwirken lassen und anschlie\u00dfend die Stelle mit einem feuchten Tuch abreiben.<\/li>\n\n\n\n<li><strong>Wildlederschuhe reinigen mit Rasierschaum:<\/strong> Schaum auftragen, trocknen lassen und den getrockneten Rasierschaum mit einer weichen B\u00fcrste abb\u00fcrsten.<\/li>\n\n\n\n<li><strong>Stoffschuhe reinigen mit Rasierschaum:<\/strong> Schaum auftragen und nach kurzer Einwirkzeit mit einem feuchten Tuch entfernen.<\/li>\n\n\n\n<li><strong>Autositze reinigen mit Rasierschaum:<\/strong> Sitz bzw. Fleck mit Rasierschaum einspr\u00fchen und anschlie\u00dfend feucht abreiben und trocknen lassen.<\/li>\n\n\n\n<li><strong>Autohimmel reinigen mit Rasierschaum:<\/strong> Fleck einspr\u00fchen und anschlie\u00dfend mit einer Polsterb\u00fcrste vorsichtig ausb\u00fcrsten.<\/li>\n<\/ul>\n\n\n\n<h3 class=\"wp-block-heading\">Wozu Rasierschaum noch gut ist<\/h3>\n\n\n\n<ul class=\"wp-block-list\">\n<li><strong>Eier f\u00e4rben mit Rasierschaum:<\/strong> Wei\u00dfe Eier hart kochen, Rasierschaum auf einen Pappteller verteilen und mit Lebensmittelfarbe und einem Zahnstocher bunte Muster in den Schaum malen. Dann die Eier vorsichtig in dem bunten Rasierschaum rollen. Die Eier herausnehmen und den \u00fcbersch\u00fcssigen Schaum abtupfen und die Eier \u00fcber Nacht trocknen lassen. Je bunter der Rasierschaum, umso bunter werden die gef\u00e4rbten Eier.<\/li>\n\n\n\n<li><strong>Rasierschaum gegen Hornhaut:<\/strong> Rasierschaum auf die Hornhaut auftragen. Ein Handtuch mit in einer Mischung aus Listerin Mundwasser und Wasser im Verh\u00e4ltnis 1:1 mischen, die F\u00fc\u00dfe 30 Minuten darin einwickeln und anschlie\u00dfend die Hornhaut wegschaben.<\/li>\n\n\n\n<li><strong>Slime mit Rasierschaum und Bastelkleber herstellen:<\/strong> Geben Sie eine halbe Dose Rasierschaum in eine gro\u00dfe Sch\u00fcssel. F\u00fcgen Sie einige Tropfen Lebensmittelfarbe hinzu. Geben Sie rund 60 ml l\u00f6sungsmittelfreien Bastelkleber in die Mischung und r\u00fchren Sie den selbstgemachten Slime mit einem L\u00f6ffel um. Nun f\u00fcgen Sie unter R\u00fchren eine Flasche Kontaktlinsenl\u00f6sung dazu, bis die richtige Konsistenz erreicht ist. Der Slime l\u00e4sst sich mit den H\u00e4nden kneten, die vorher angefeuchtet wurden. In einer verschlossen Dose der selber gemachte Slime eine Zeit lang haltbar. Allerdings schrumpft der Slime mit der Zeit.<\/li>\n<\/ul>\n\n\n\n<h2 class=\"wp-block-heading\" id=\"rasierschaum-fur-damen\">Rasierschaum f\u00fcr Damen<\/h2>\n\n\n\n<p>Frauen haben andere Anspr\u00fcche an Rasierschaum. Rasierschaum f\u00fcr M\u00e4nner haben in der Regel einen herben Duft, der Frauen meist nicht gerecht wird. Rasierschaum f\u00fcr Damen riecht meistens blumig und wird oft in einer rosa oder pinkfarbigen Spr\u00fchdose verkauft. Bei Produkten f\u00fcr die Frauen gehen die Hersteller besonders auf die weiche Hautbeschaffenheit der Damenwelt ein. Rasierschaum f\u00fcr Frauen findet sich als universeller Schaum, der sich am ganzen K\u00f6rper verwenden l\u00e4sst. <\/p>\n\n\n\n<p>F\u00fcr die Intimrasur von Damen eignen sich ein sensitiver Rasierschaum oder ein Rasier\u00f6l, damit die Haut nicht irritiert wird. Gerade f\u00fcr den Intimbereich sollten Sie f\u00fcr empfindliche Haut nutzen. Oft wird auch Shaving-Balsam, der der Bildung von Rasierpusteln, Rasierbrand und anderen und Hautreizungen entgegenwirkt und f\u00fcr ein weiches Hautgef\u00fchl sorgt, f\u00fcr die Rasur im Intimbereich genutzt. <\/p>\n\n\n\n<p><strong>Rasierschaum oder Gel?<\/strong><br>Rasierschaum ist gegen\u00fcber Rasiergel sofort verwendbar, erzeugt auf der Haut ein luftig leichtes Gef\u00fchl und l\u00e4sst sich schneller absp\u00fclen. Besser als Rasierschaum f\u00fcr den Intimregion von Frauen eignen sich im Test jedoch Rasierseife oder Rasiergel, da sie einen stabileren Schaum erzeugen. Gerne wird auch veganer Rasierschaum oder Rasierschaum ohne Parf\u00fcm f\u00fcr die Intimregion verwendet.  Die Beine rasieren ohne Rasierschaum?  Als Rasierschaum Ersatz gelten Bodylotionen oder Conditioner, die die Haare ebenfalls weich machen. <\/p>\n\n\n\n<h3 class=\"wp-block-heading\"><strong>Die Beine rasieren ohne Rasierschaum?<\/strong><\/h3>\n\n\n\n<p>Als Rasierschaum Ersatz gelten Bodylotionen oder Conditioner, die die Haare ebenfalls weich machen.<\/p>\n\n\n\n<h2 class=\"wp-block-heading\" id=\"test-rasierschaum\">Im Test: Rasierschaum<\/h2>\n\n\n\n<p>Was bringt der Verwendung von Rasierschaum im Test? Die Haut wird weich, die Poren \u00f6ffnen sich und die Haare stellen sich auf, sodass sie besser mit dem Nassrasierer geschnitten werden k\u00f6nnen, denn die Klinge gleitet besser. Rasierschaum kann gegen Pickel wirken. Wenn Sie empfindliche Haut haben, nutzen Sie Rasierschaum f\u00fcr empfindliche Haut. Dies ist in jedem Fall besser, als Rasieren ohne Rasierschaum, weil Hautirritationen vermieden werden.<\/p>\n\n\n\n<p>Oekotest kritisiert im Rasierschaum Test bedenkliche Duftstoffe, die sich im K\u00f6rper anreichern k\u00f6nnen und auch die Umwelt sch\u00e4digen. In den meisten Rasierschaum Testlisten rangieren die Marktanbieter Nivea und Gilette vorn, wobei Gilette nach Kundenmeinungen den besten Rasierschaum f\u00fcr empfindliche Haut anbietet. Der beste Bio Rasierschaum kommt laut Kundenmeinungen von Logona. Die leicht \u00f6lige Konsistenz h\u00e4lt l\u00e4nger als bei vergleichbaren Produkten und trocknet die Haut nicht aus. <\/p>\n","protected":false},"excerpt":{"rendered":"<p>Die Nassrasur ist ohne Rasierschaum undenkbar, denn Rasierschaum verbessert die Gleiteigenschaften der Rasierklinge, sodass die Haut bei der Rasur weniger gereizt wird. Rasierschaum enth\u00e4lt Pflegestoffe, &#8230; <a title=\"Rasierschaum\" class=\"read-more\" href=\"https:\/\/nashvilleknifeshop.com\/de\/nassrasur\/rasierschaum\/\" aria-label=\"Mehr Informationen \u00fcber Rasierschaum\">Weiterlesen &#8230;<\/a><\/p>\n","protected":false},"author":2,"featured_media":38,"parent":995,"menu_order":0,"comment_status":"closed","ping_status":"closed","template":"","meta":{"inline_featured_image":false,"footnotes":""},"class_list":["post-21","page","type-page","status-publish","has-post-thumbnail"],"yoast_head":"<!-- This site is optimized with the Yoast SEO plugin v26.8 - https:\/\/yoast.com\/product\/yoast-seo-wordpress\/ -->\n<title>Rasierschaum \u2013 ein Multitalent nicht nur f\u00fcr die Nassrasur<\/title>\n<meta name=\"description\" content=\"Die Nassrasur ist ohne Rasierschaum undenkbar, denn Rasierschaum verbessert die Gleiteigenschaften der Rasierklinge, sodass die Haut bei der Rasur weniger gereizt wird. Rasierschaum enth\u00e4lt Pflegestoffe, die der Haut Feuchtigkeit schenken, denn jede Rasur ist im Gesicht wie ein kleines Peeling.\" \/>\n<meta name=\"robots\" content=\"index, follow, max-snippet:-1, max-image-preview:large, max-video-preview:-1\" \/>\n<link rel=\"canonical\" href=\"https:\/\/nashvilleknifeshop.com\/de\/nassrasur\/rasierschaum\/\" \/>\n<meta property=\"og:locale\" content=\"de_DE\" \/>\n<meta property=\"og:type\" content=\"article\" \/>\n<meta property=\"og:title\" content=\"Rasierschaum \u2013 ein Multitalent nicht nur f\u00fcr die Nassrasur\" \/>\n<meta property=\"og:description\" content=\"Die Nassrasur ist ohne Rasierschaum undenkbar, denn Rasierschaum verbessert die Gleiteigenschaften der Rasierklinge, sodass die Haut bei der Rasur weniger gereizt wird. Rasierschaum enth\u00e4lt Pflegestoffe, die der Haut Feuchtigkeit schenken, denn jede Rasur ist im Gesicht wie ein kleines Peeling.\" \/>\n<meta property=\"og:url\" content=\"https:\/\/nashvilleknifeshop.com\/de\/nassrasur\/rasierschaum\/\" \/>\n<meta property=\"og:site_name\" content=\"Deutsch\" \/>\n<meta property=\"article:modified_time\" content=\"2023-04-12T10:21:32+00:00\" \/>\n<meta name=\"twitter:card\" content=\"summary_large_image\" \/>\n<meta name=\"twitter:label1\" content=\"Gesch\u00e4tzte Lesezeit\" \/>\n\t<meta name=\"twitter:data1\" content=\"7\u00a0Minuten\" \/>\n<script type=\"application\/ld+json\" class=\"yoast-schema-graph\">{\"@context\":\"https:\/\/schema.org\",\"@graph\":[{\"@type\":\"WebPage\",\"@id\":\"https:\/\/nashvilleknifeshop.com\/de\/nassrasur\/rasierschaum\/\",\"url\":\"https:\/\/nashvilleknifeshop.com\/de\/nassrasur\/rasierschaum\/\",\"name\":\"Rasierschaum \u2013 ein Multitalent nicht nur f\u00fcr die Nassrasur\",\"isPartOf\":{\"@id\":\"https:\/\/nashvilleknifeshop.com\/de\/#website\"},\"primaryImageOfPage\":{\"@id\":\"https:\/\/nashvilleknifeshop.com\/de\/nassrasur\/rasierschaum\/#primaryimage\"},\"image\":{\"@id\":\"https:\/\/nashvilleknifeshop.com\/de\/nassrasur\/rasierschaum\/#primaryimage\"},\"thumbnailUrl\":\"https:\/\/nashvilleknifeshop.com\/de\/wp-content\/uploads\/2023\/03\/shaving-foam.jpg\",\"datePublished\":\"2022-02-12T21:16:16+00:00\",\"dateModified\":\"2023-04-12T10:21:32+00:00\",\"description\":\"Die Nassrasur ist ohne Rasierschaum undenkbar, denn Rasierschaum verbessert die Gleiteigenschaften der Rasierklinge, sodass die Haut bei der Rasur weniger gereizt wird. Rasierschaum enth\u00e4lt Pflegestoffe, die der Haut Feuchtigkeit schenken, denn jede Rasur ist im Gesicht wie ein kleines Peeling.\",\"breadcrumb\":{\"@id\":\"https:\/\/nashvilleknifeshop.com\/de\/nassrasur\/rasierschaum\/#breadcrumb\"},\"inLanguage\":\"de\",\"potentialAction\":[{\"@type\":\"ReadAction\",\"target\":[\"https:\/\/nashvilleknifeshop.com\/de\/nassrasur\/rasierschaum\/\"]}]},{\"@type\":\"ImageObject\",\"inLanguage\":\"de\",\"@id\":\"https:\/\/nashvilleknifeshop.com\/de\/nassrasur\/rasierschaum\/#primaryimage\",\"url\":\"https:\/\/nashvilleknifeshop.com\/de\/wp-content\/uploads\/2023\/03\/shaving-foam.jpg\",\"contentUrl\":\"https:\/\/nashvilleknifeshop.com\/de\/wp-content\/uploads\/2023\/03\/shaving-foam.jpg\"},{\"@type\":\"BreadcrumbList\",\"@id\":\"https:\/\/nashvilleknifeshop.com\/de\/nassrasur\/rasierschaum\/#breadcrumb\",\"itemListElement\":[{\"@type\":\"ListItem\",\"position\":1,\"name\":\"Home\",\"item\":\"https:\/\/nashvilleknifeshop.com\/de\/\"},{\"@type\":\"ListItem\",\"position\":2,\"name\":\"Nassrasur\",\"item\":\"https:\/\/nashvilleknifeshop.com\/de\/nassrasur\/\"},{\"@type\":\"ListItem\",\"position\":3,\"name\":\"Rasierschaum\"}]},{\"@type\":\"WebSite\",\"@id\":\"https:\/\/nashvilleknifeshop.com\/de\/#website\",\"url\":\"https:\/\/nashvilleknifeshop.com\/de\/\",\"name\":\"Deutsch\",\"description\":\"Just another nashvilleknifeshop Sites site\",\"publisher\":{\"@id\":\"https:\/\/nashvilleknifeshop.com\/de\/#organization\"},\"potentialAction\":[{\"@type\":\"SearchAction\",\"target\":{\"@type\":\"EntryPoint\",\"urlTemplate\":\"https:\/\/nashvilleknifeshop.com\/de\/?s={search_term_string}\"},\"query-input\":{\"@type\":\"PropertyValueSpecification\",\"valueRequired\":true,\"valueName\":\"search_term_string\"}}],\"inLanguage\":\"de\"},{\"@type\":\"Organization\",\"@id\":\"https:\/\/nashvilleknifeshop.com\/de\/#organization\",\"name\":\"Deutsch\",\"url\":\"https:\/\/nashvilleknifeshop.com\/de\/\",\"logo\":{\"@type\":\"ImageObject\",\"inLanguage\":\"de\",\"@id\":\"https:\/\/nashvilleknifeshop.com\/de\/#\/schema\/logo\/image\/\",\"url\":\"https:\/\/nashvilleknifeshop.com\/de\/wp-content\/uploads\/2023\/03\/cropped-favicon.png\",\"contentUrl\":\"https:\/\/nashvilleknifeshop.com\/de\/wp-content\/uploads\/2023\/03\/cropped-favicon.png\",\"width\":512,\"height\":512,\"caption\":\"Deutsch\"},\"image\":{\"@id\":\"https:\/\/nashvilleknifeshop.com\/de\/#\/schema\/logo\/image\/\"}}]}<\/script>\n<!-- \/ Yoast SEO plugin. -->","yoast_head_json":{"title":"Rasierschaum \u2013 ein Multitalent nicht nur f\u00fcr die Nassrasur","description":"Die Nassrasur ist ohne Rasierschaum undenkbar, denn Rasierschaum verbessert die Gleiteigenschaften der Rasierklinge, sodass die Haut bei der Rasur weniger gereizt wird. Rasierschaum enth\u00e4lt Pflegestoffe, die der Haut Feuchtigkeit schenken, denn jede Rasur ist im Gesicht wie ein kleines Peeling.","robots":{"index":"index","follow":"follow","max-snippet":"max-snippet:-1","max-image-preview":"max-image-preview:large","max-video-preview":"max-video-preview:-1"},"canonical":"https:\/\/nashvilleknifeshop.com\/de\/nassrasur\/rasierschaum\/","og_locale":"de_DE","og_type":"article","og_title":"Rasierschaum \u2013 ein Multitalent nicht nur f\u00fcr die Nassrasur","og_description":"Die Nassrasur ist ohne Rasierschaum undenkbar, denn Rasierschaum verbessert die Gleiteigenschaften der Rasierklinge, sodass die Haut bei der Rasur weniger gereizt wird. Rasierschaum enth\u00e4lt Pflegestoffe, die der Haut Feuchtigkeit schenken, denn jede Rasur ist im Gesicht wie ein kleines Peeling.","og_url":"https:\/\/nashvilleknifeshop.com\/de\/nassrasur\/rasierschaum\/","og_site_name":"Deutsch","article_modified_time":"2023-04-12T10:21:32+00:00","twitter_card":"summary_large_image","twitter_misc":{"Gesch\u00e4tzte Lesezeit":"7\u00a0Minuten"},"schema":{"@context":"https:\/\/schema.org","@graph":[{"@type":"WebPage","@id":"https:\/\/nashvilleknifeshop.com\/de\/nassrasur\/rasierschaum\/","url":"https:\/\/nashvilleknifeshop.com\/de\/nassrasur\/rasierschaum\/","name":"Rasierschaum \u2013 ein Multitalent nicht nur f\u00fcr die Nassrasur","isPartOf":{"@id":"https:\/\/nashvilleknifeshop.com\/de\/#website"},"primaryImageOfPage":{"@id":"https:\/\/nashvilleknifeshop.com\/de\/nassrasur\/rasierschaum\/#primaryimage"},"image":{"@id":"https:\/\/nashvilleknifeshop.com\/de\/nassrasur\/rasierschaum\/#primaryimage"},"thumbnailUrl":"https:\/\/nashvilleknifeshop.com\/de\/wp-content\/uploads\/2023\/03\/shaving-foam.jpg","datePublished":"2022-02-12T21:16:16+00:00","dateModified":"2023-04-12T10:21:32+00:00","description":"Die Nassrasur ist ohne Rasierschaum undenkbar, denn Rasierschaum verbessert die Gleiteigenschaften der Rasierklinge, sodass die Haut bei der Rasur weniger gereizt wird. Rasierschaum enth\u00e4lt Pflegestoffe, die der Haut Feuchtigkeit schenken, denn jede Rasur ist im Gesicht wie ein kleines Peeling.","breadcrumb":{"@id":"https:\/\/nashvilleknifeshop.com\/de\/nassrasur\/rasierschaum\/#breadcrumb"},"inLanguage":"de","potentialAction":[{"@type":"ReadAction","target":["https:\/\/nashvilleknifeshop.com\/de\/nassrasur\/rasierschaum\/"]}]},{"@type":"ImageObject","inLanguage":"de","@id":"https:\/\/nashvilleknifeshop.com\/de\/nassrasur\/rasierschaum\/#primaryimage","url":"https:\/\/nashvilleknifeshop.com\/de\/wp-content\/uploads\/2023\/03\/shaving-foam.jpg","contentUrl":"https:\/\/nashvilleknifeshop.com\/de\/wp-content\/uploads\/2023\/03\/shaving-foam.jpg"},{"@type":"BreadcrumbList","@id":"https:\/\/nashvilleknifeshop.com\/de\/nassrasur\/rasierschaum\/#breadcrumb","itemListElement":[{"@type":"ListItem","position":1,"name":"Home","item":"https:\/\/nashvilleknifeshop.com\/de\/"},{"@type":"ListItem","position":2,"name":"Nassrasur","item":"https:\/\/nashvilleknifeshop.com\/de\/nassrasur\/"},{"@type":"ListItem","position":3,"name":"Rasierschaum"}]},{"@type":"WebSite","@id":"https:\/\/nashvilleknifeshop.com\/de\/#website","url":"https:\/\/nashvilleknifeshop.com\/de\/","name":"Deutsch","description":"Just another nashvilleknifeshop Sites site","publisher":{"@id":"https:\/\/nashvilleknifeshop.com\/de\/#organization"},"potentialAction":[{"@type":"SearchAction","target":{"@type":"EntryPoint","urlTemplate":"https:\/\/nashvilleknifeshop.com\/de\/?s={search_term_string}"},"query-input":{"@type":"PropertyValueSpecification","valueRequired":true,"valueName":"search_term_string"}}],"inLanguage":"de"},{"@type":"Organization","@id":"https:\/\/nashvilleknifeshop.com\/de\/#organization","name":"Deutsch","url":"https:\/\/nashvilleknifeshop.com\/de\/","logo":{"@type":"ImageObject","inLanguage":"de","@id":"https:\/\/nashvilleknifeshop.com\/de\/#\/schema\/logo\/image\/","url":"https:\/\/nashvilleknifeshop.com\/de\/wp-content\/uploads\/2023\/03\/cropped-favicon.png","contentUrl":"https:\/\/nashvilleknifeshop.com\/de\/wp-content\/uploads\/2023\/03\/cropped-favicon.png","width":512,"height":512,"caption":"Deutsch"},"image":{"@id":"https:\/\/nashvilleknifeshop.com\/de\/#\/schema\/logo\/image\/"}}]}},"_links":{"self":[{"href":"https:\/\/nashvilleknifeshop.com\/de\/wp-json\/wp\/v2\/pages\/21","targetHints":{"allow":["GET"]}}],"collection":[{"href":"https:\/\/nashvilleknifeshop.com\/de\/wp-json\/wp\/v2\/pages"}],"about":[{"href":"https:\/\/nashvilleknifeshop.com\/de\/wp-json\/wp\/v2\/types\/page"}],"author":[{"embeddable":true,"href":"https:\/\/nashvilleknifeshop.com\/de\/wp-json\/wp\/v2\/users\/2"}],"replies":[{"embeddable":true,"href":"https:\/\/nashvilleknifeshop.com\/de\/wp-json\/wp\/v2\/comments?post=21"}],"version-history":[{"count":5,"href":"https:\/\/nashvilleknifeshop.com\/de\/wp-json\/wp\/v2\/pages\/21\/revisions"}],"predecessor-version":[{"id":1196,"href":"https:\/\/nashvilleknifeshop.com\/de\/wp-json\/wp\/v2\/pages\/21\/revisions\/1196"}],"up":[{"embeddable":true,"href":"https:\/\/nashvilleknifeshop.com\/de\/wp-json\/wp\/v2\/pages\/995"}],"wp:featuredmedia":[{"embeddable":true,"href":"https:\/\/nashvilleknifeshop.com\/de\/wp-json\/wp\/v2\/pages\/38"}],"wp:attachment":[{"href":"https:\/\/nashvilleknifeshop.com\/de\/wp-json\/wp\/v2\/media?parent=21"}],"curies":[{"name":"wp","href":"https:\/\/api.w.org\/{rel}","templated":true}]}}