{"id":16,"date":"2022-02-06T13:02:29","date_gmt":"2022-02-06T13:02:29","guid":{"rendered":"https:\/\/nashvilleknifeshop.com\/de\/?page_id=16"},"modified":"2023-04-12T10:23:22","modified_gmt":"2023-04-12T10:23:22","slug":"rasiergel","status":"publish","type":"page","link":"https:\/\/nashvilleknifeshop.com\/de\/nassrasur\/rasiergel\/","title":{"rendered":"Rasiergel f\u00fcr die Nassrasur"},"content":{"rendered":"\n<p class=\"intro\">Transparentes Rasiergel oder Rasiergel in blauer Farbe ist eine gebr\u00e4uchliche Alterative zu Rasierschaum aus der Dose. Rasiergel bereitet die Haut durch seine l\u00e4ngere Einwirkzeit optimaler auf die Rasur vor als Rasierschaum.<\/p>\n\n\n\n<p>Rasiergel hat wie Rasierschaum mehrere Aufgaben: Es macht die Haare weich, sorgt daf\u00fcr, dass sich die Haare f\u00fcr die Rasur aufrichten und erh\u00f6ht durch einen d\u00fcnnen Film die Gleitf\u00e4higkeit der Rasierklinge.<\/p>\n\n\n\n<h2 class=\"wp-block-heading\" id=\"rasiergel-die-anwendung\">Rasiergel: Die Anwendung<\/h2>\n\n\n\n<p>Anders als Rasierschaum ist das Gel aus der Tube oder aus dem Pumpspender nach der Entnahme nicht sofort gebrauchsfertig. Es muss erst zwischen den Handfl\u00e4chen oder mit einem sch\u00f6nen Rasierpinsel fertig aufgesch\u00e4umt werden. Anschlie\u00dfend kann es leicht in die Haut einmassiert werden. F\u00fcr einmal Bart nass rasieren reicht eine erbsengro\u00dfe Menge Rasiergel.<\/p>\n\n\n\n<p>Rasiergel haftet im Vergleich besser auf der Haut als Rasierschaum und im Test ist Rasiergel deutlich sparsamer im Verbrauch als der Schaum aus der Dose. Rasiergel f\u00fcr empfindliche Haut verzichtet auf:<\/p>\n\n\n\n<ul class=\"wp-block-list\">\n<li>Silikone<\/li>\n\n\n\n<li>Mineral\u00f6le<\/li>\n\n\n\n<li>Parabene<\/li>\n\n\n\n<li>Sulfate<\/li>\n\n\n\n<li>Aluminium<\/li>\n\n\n\n<li>Mikroplastik<\/li>\n\n\n\n<li>Palm\u00f6l<\/li>\n\n\n\n<li>k\u00fcnstliche Duftstoffe<\/li>\n<\/ul>\n\n\n\n<figure class=\"wp-block-image size-full is-resized\"><img loading=\"lazy\" decoding=\"async\" src=\"https:\/\/nashvilleknifeshop.com\/de\/wp-content\/uploads\/2023\/03\/shaving-gel-800px.jpg\" alt=\"Rasiergel ist ist farbig wie auch in transparent erh\u00e4ltlich.\" class=\"wp-image-51\" width=\"1120\" height=\"746\" srcset=\"https:\/\/nashvilleknifeshop.com\/de\/wp-content\/uploads\/2023\/03\/shaving-gel-800px.jpg 1920w, https:\/\/nashvilleknifeshop.com\/de\/wp-content\/uploads\/2023\/03\/shaving-gel-800px-300x200.jpg 300w, https:\/\/nashvilleknifeshop.com\/de\/wp-content\/uploads\/2023\/03\/shaving-gel-800px-1024x683.jpg 1024w, https:\/\/nashvilleknifeshop.com\/de\/wp-content\/uploads\/2023\/03\/shaving-gel-800px-768x512.jpg 768w, https:\/\/nashvilleknifeshop.com\/de\/wp-content\/uploads\/2023\/03\/shaving-gel-800px-1536x1024.jpg 1536w\" sizes=\"auto, (max-width: 1120px) 100vw, 1120px\" \/><\/figure>\n\n\n\n<h2 class=\"wp-block-heading\" id=\"vorteile-und-nachteile-von-rasiergel\">Vorteile und Nachteile von Rasiergel<\/h2>\n\n\n\n<p>Rasiergel gilt aktuell wieder als modisch. Der Schaum von Rasiergel ist best\u00e4ndiger als der Schaum von Rasierschaum. Deshalb bleibt f\u00fcr die eigentliche Rasur mehr Zeit. Viele M\u00e4nner wechseln auch einfach zwischen jeder Rasur oder beim Neukauf immer mal wieder ab.<\/p>\n\n\n\n<p>Rasiergel ist deutlich ergiebiger als die gleiche Menge Rasierschaum. Deshalb amortisiert sich der etwas teurere Preis von Rasiergel innerhalb kurzer Zeit. F\u00fcr die Reise sind gerade die kleinen Verpackungen von Rasiergel gut geeignet, da die kleinen Tuben oder Flaschen deutlich l\u00e4nger halten, als die gleiche Menge an Schaum. Bei transparentem Rasiergel bleiben sogar die Konturen des Bartes sichtbar, was bei Teilrasuren von Vorteil sein kann. <\/p>\n\n\n\n<p>Wirkliche Nachteile hat Rasiergel nicht. Lediglich das eigene Empfinden kann Schaum gegen\u00fcber dem Geld den Vorzug geben. Auf der Haut f\u00fchlt sich Rasiergel schwerer an als Rasierschaum.<\/p>\n\n\n\n<h2 class=\"wp-block-heading\" id=\"rasiergel-als-naturkosmetik\">Rasiergel als Naturkosmetik<\/h2>\n\n\n\n<p>Bio Rasiergel sollte ganz ohne chemische Zus\u00e4tze auskommen. Sie finden Rasiergel bei der Naturkosmetik als Aloe-Vera-Rasiergel bei Alverde mit dem zus\u00e4tzlichen Inhaltssoff Kamille, der die Haut nach der Rasur beruhigt. Die meisten Bio-Produkte aber finden Sie in der Kategorie Rasierseife, da die Gelbildung bei Rasiergel auf chemische Stabilisatoren angewiesen ist. Trotzdem gibt es veganen Rasiergel, der ohne Tierversuche entwickelt wurde, und ohne oder mit nur einem geringen Prozentsatz allergieausl\u00f6sendem Nickel f\u00fcr empfindliche Haut.<\/p>\n\n\n\n<h2 class=\"wp-block-heading\" id=\"rasiergel-fur-den-intimbereich-von-frauen\">Rasiergel f\u00fcr den Intimbereich von Frauen<\/h2>\n\n\n\n<p>Die klassische Rasur im Intimbereich von Frauen ist eine g\u00e4ngige Art, gegen st\u00f6renden Haarwuchs vorzugehen. Normaler Rasierschaum ist meist f\u00fcr den Intimbereich bei Frauen ungeeignet, da dieser meist mit Duftstoffen versetzt ist. Deshalb kommt bei Frauen speziell daf\u00fcr vorgesehenes Intim-Rasiergel oder eine Intim-Waschlotion zum Einsatz.  Weil die Haut im Intimbereich sehr empfindlich ist und direkt an die Vagina grenzt, enth\u00e4lt Intim-Rasiergel f\u00fcr Frauen pflegende und beruhigende Inhaltsstoffe, Milchs\u00e4urebakterien oder ist pH-neutral, um Hautreizungen entgegenzuwirken. Rasiergel f\u00fcr den Intimbereich macht die Haare weich und hinterl\u00e4sst einen Film auf der Haut, auf dem die Rasierklinge leichter gleitet.<\/p>\n\n\n\n<p>Verwenden Sie f\u00fcr die Intimrasur einen Rasierer mit beweglichem Kopf. Sie ben\u00f6tigen keinen Rasierer mit f\u00fcnf Klingen. Drei Klingen und ein kleiner Rasierkopf sind v\u00f6llig ausreichend. Trimmen Sie die langen Haare vor der Rasur. Im zweiten Schritt rasieren Sie die Haare in Wuchsrichtung.<\/p>\n\n\n\n<p>Um die Rasur richtig gr\u00fcndlich abzuschlie\u00dfen, rasieren Sie die Intimregion anschlie\u00dfend noch einmal gegen die Wuchsrichtung. Nach der Rasur ist eine Pflege notwendig. Baby\u00f6l eignet sich genauso wie ein Babypuder oder eine Wundcreme. Achten Sie bei der Pflege auf ein nat\u00fcrliches Produkt ohne oder mit nur wenig chemischen Inhaltsstoffe. Verzichten Sie auf die Haut austrocknenden Alkohol-Zus\u00e4tze und achten Sie auf Rasiergel ohne Parf\u00fcm. <\/p>\n\n\n\n<h2 class=\"wp-block-heading\" id=\"rasiergel-fur-den-intimbereich-mann\">Rasiergel f\u00fcr den Intimbereich von M\u00e4nner<\/h2>\n\n\n\n<p>Weil die Haut der m\u00e4nnlichen Intimregion nicht so empfindlich ist wie bei Frauen, ben\u00f6tigen M\u00e4nner in der Regel kein spezielles Rasiergel f\u00fcr die Intimrasur. M\u00e4nner k\u00f6nnen das Rasiergel f\u00fcr das Gesicht oder Rasiergel f\u00fcr den K\u00f6rper auch im Intimbereich benutzen. Rasierschaum ist nicht geeignet.<br>Wenn Ihr Rasiergel auf der Haut brennt, nutzen Sie eines mit weniger oder noch besser, ganz ohne Parfum. F\u00fcr ein glattes Hautgef\u00fchl m\u00fcssen Sie sich mindesten zweimal in der Woche im Intimbereich rasieren. Tragen Sie 24 Stunden nach der Rasur keine enganliegenden Sachen, denn nach der Rasur ist die Haut noch sehr empfindlich.<\/p>\n\n\n\n<h2 class=\"wp-block-heading\" id=\"das-universal-rasiergel\">Das Universal Rasiergel<\/h2>\n\n\n\n<p>Immer mehr M\u00e4nner nutzen Universal-Rasiergel, das ohne Parfum oder reizende Inhaltsstoffe hergestellt wird. Es eignet sich neben der klassischen Nassrasur im Gesicht auch f\u00fcr die Brust oder f\u00fcr den Intimbereich.<br>Rasiergel f\u00fcr Damen l\u00e4sst sich nicht nur f\u00fcr den Intimbereich, sondern auch f\u00fcr Beine, Achseln und das Gesicht verwenden. Auch Rasiergel ohne Duft f\u00fcr die empfindliche Haut l\u00e4sst sich universal einsetzen. <\/p>\n\n\n\n<h2 class=\"wp-block-heading\" id=\"test-rasiergel\">Im Test: Rasiergel<\/h2>\n\n\n\n<p>Was ist ein gutes Rasiergel oder das beste Rasiergel f\u00fcr die Nassrasur? \u00d6kotest hat Rasiergel und Rasierschaum bereits 2020 unter die Lupe genommen. Dabei erhielten zwei Rasiergele und vier Rasiersch\u00e4ume Bestnoten. Ein Rasiergel und ein Rasierschaum sind aufgrund des bedenklichen Duftstoffs Lilial, der in Tierversuchen die Fortpflanzungsf\u00e4higkeit beeintr\u00e4chtigt, im Rasiergel Test durchgefallen. Au\u00dferdem enthielten einige Produkte k\u00fcnstlichen Moschusduft, der sich im menschlichen Fettgewebe und \u00fcberall in der Umwelt anreichert. F\u00fcnf Gele und ein Rasierschaum erhielten synthetische Polymere, deren Wirkung noch nicht ausreichend erforscht ist.<\/p>\n\n\n\n<p>Unbedenklich und ohne PEG ist Bio-Rasiergel, das mit Feuchtigkeitspflege als Aloe-Vera-Rasiergel erh\u00e4ltlich ist. Das beste Rasiergel enth\u00e4lt Glyzerin, beruhigende Kamille, Vitamine und Mineralien. Achten Sie beim Rasiergel kaufen auf eine gute Pflegewirkung und hautberuhigende Eigenschaften. Auf Wunsch finden Sie auch ein veganes Rasiergel ohne tierische Inhaltsstoffe.<\/p>\n\n\n\n<p><strong>Gibt es Rasiergel ohne Schaum?<\/strong><br>Ja, beispielsweise von Barber Tools, Bandidos Shavin oder von Australien Body Care. Der Vorteil: Ohne Schaum bleiben die Klingen l\u00e4nger scharf, ohne dass sie abgesp\u00fclt werden m\u00fcssen und auch Konturen bleiben sichtbar.<\/p>\n\n\n\n<h2 class=\"wp-block-heading\" id=\"rasiergel-moglicher-ersatz\">Rasiergel: M\u00f6glicher Ersatz<\/h2>\n\n\n\n<ul class=\"wp-block-list\">\n<li>Conditioner<\/li>\n\n\n\n<li>Body-Lotion<\/li>\n\n\n\n<li>Oliven\u00f6l<\/li>\n\n\n\n<li>Kokos\u00f6l<\/li>\n\n\n\n<li>fl\u00fcssiger Honig<\/li>\n<\/ul>\n\n\n\n<p>Shampoo und Duschgel eignen sich nicht als Rasiergel Ersatz. Sie verstopfen die Klingen des Rasierers und k\u00f6nnen die Haut reizen.<\/p>\n\n\n\n<h2 class=\"wp-block-heading\" id=\"body-rasiergel-fur-manner\">Body Rasiergel f\u00fcr M\u00e4nner<\/h2>\n\n\n\n<p>F\u00fcr die Achsel-, die Brust- und die Schambehaarung, die Leistengegend, den R\u00fccken und die Beine verwenden M\u00e4nner ein Body Rasiergel. Es sch\u00fctzt die Haut beim Rasieren am besten. Das Body Rasiergel wird nach dem Trimmen der langen Haare, die \u00fcber 1 cm L\u00e4nge aufweisen, direkt unter der Dusche aufgetragen. Das Body Rasiergel macht die Haare weich und verbessert die Gleitf\u00e4higkeit der Rasierklinge, damit die Rasur besser gelingt. Besonders gut gelingt die Nassrasur mit einem speziellen Body-Rasierer, wie beispielsweise mit dem Gilette Body. Der Abstand der Klingen bei einem Body-Rasierer ist gr\u00f6\u00dfer, sodass die Haare Zug um Zug entfernt werden k\u00f6nnen.<\/p>\n","protected":false},"excerpt":{"rendered":"<p>Transparentes Rasiergel oder Rasiergel in blauer Farbe ist eine gebr\u00e4uchliche Alterative zu Rasierschaum aus der Dose. Rasiergel bereitet die Haut durch seine l\u00e4ngere Einwirkzeit optimaler &#8230; <a title=\"Rasiergel f\u00fcr die Nassrasur\" class=\"read-more\" href=\"https:\/\/nashvilleknifeshop.com\/de\/nassrasur\/rasiergel\/\" aria-label=\"Mehr Informationen \u00fcber Rasiergel f\u00fcr die Nassrasur\">Weiterlesen &#8230;<\/a><\/p>\n","protected":false},"author":2,"featured_media":39,"parent":995,"menu_order":0,"comment_status":"closed","ping_status":"closed","template":"","meta":{"inline_featured_image":false,"footnotes":""},"class_list":["post-16","page","type-page","status-publish","has-post-thumbnail"],"yoast_head":"<!-- This site is optimized with the Yoast SEO plugin v26.8 - https:\/\/yoast.com\/product\/yoast-seo-wordpress\/ -->\n<title>Rasiergel f\u00fcr die Nassrasur: Vorteile und Nachteile<\/title>\n<meta name=\"description\" content=\"Rasiergel hat wie Rasierschaum mehrere Aufgaben: Es macht die Haare weich, sorgt daf\u00fcr, dass sich die Haare f\u00fcr die Rasur aufrichten und erh\u00f6ht durch einen d\u00fcnnen Film die Gleitf\u00e4higkeit der Rasierklinge.\" \/>\n<meta name=\"robots\" content=\"index, follow, max-snippet:-1, max-image-preview:large, max-video-preview:-1\" \/>\n<link rel=\"canonical\" href=\"https:\/\/nashvilleknifeshop.com\/de\/nassrasur\/rasiergel\/\" \/>\n<meta property=\"og:locale\" content=\"de_DE\" \/>\n<meta property=\"og:type\" content=\"article\" \/>\n<meta property=\"og:title\" content=\"Rasiergel f\u00fcr die Nassrasur: Vorteile und Nachteile\" \/>\n<meta property=\"og:description\" content=\"Rasiergel hat wie Rasierschaum mehrere Aufgaben: Es macht die Haare weich, sorgt daf\u00fcr, dass sich die Haare f\u00fcr die Rasur aufrichten und erh\u00f6ht durch einen d\u00fcnnen Film die Gleitf\u00e4higkeit der Rasierklinge.\" \/>\n<meta property=\"og:url\" content=\"https:\/\/nashvilleknifeshop.com\/de\/nassrasur\/rasiergel\/\" \/>\n<meta property=\"og:site_name\" content=\"Deutsch\" \/>\n<meta property=\"article:modified_time\" content=\"2023-04-12T10:23:22+00:00\" \/>\n<meta name=\"twitter:card\" content=\"summary_large_image\" \/>\n<meta name=\"twitter:label1\" content=\"Gesch\u00e4tzte Lesezeit\" \/>\n\t<meta name=\"twitter:data1\" content=\"6\u00a0Minuten\" \/>\n<script type=\"application\/ld+json\" class=\"yoast-schema-graph\">{\"@context\":\"https:\/\/schema.org\",\"@graph\":[{\"@type\":\"WebPage\",\"@id\":\"https:\/\/nashvilleknifeshop.com\/de\/nassrasur\/rasiergel\/\",\"url\":\"https:\/\/nashvilleknifeshop.com\/de\/nassrasur\/rasiergel\/\",\"name\":\"Rasiergel f\u00fcr die Nassrasur: Vorteile und Nachteile\",\"isPartOf\":{\"@id\":\"https:\/\/nashvilleknifeshop.com\/de\/#website\"},\"primaryImageOfPage\":{\"@id\":\"https:\/\/nashvilleknifeshop.com\/de\/nassrasur\/rasiergel\/#primaryimage\"},\"image\":{\"@id\":\"https:\/\/nashvilleknifeshop.com\/de\/nassrasur\/rasiergel\/#primaryimage\"},\"thumbnailUrl\":\"https:\/\/nashvilleknifeshop.com\/de\/wp-content\/uploads\/2023\/03\/shaving-gel.jpg\",\"datePublished\":\"2022-02-06T13:02:29+00:00\",\"dateModified\":\"2023-04-12T10:23:22+00:00\",\"description\":\"Rasiergel hat wie Rasierschaum mehrere Aufgaben: Es macht die Haare weich, sorgt daf\u00fcr, dass sich die Haare f\u00fcr die Rasur aufrichten und erh\u00f6ht durch einen d\u00fcnnen Film die Gleitf\u00e4higkeit der Rasierklinge.\",\"breadcrumb\":{\"@id\":\"https:\/\/nashvilleknifeshop.com\/de\/nassrasur\/rasiergel\/#breadcrumb\"},\"inLanguage\":\"de\",\"potentialAction\":[{\"@type\":\"ReadAction\",\"target\":[\"https:\/\/nashvilleknifeshop.com\/de\/nassrasur\/rasiergel\/\"]}]},{\"@type\":\"ImageObject\",\"inLanguage\":\"de\",\"@id\":\"https:\/\/nashvilleknifeshop.com\/de\/nassrasur\/rasiergel\/#primaryimage\",\"url\":\"https:\/\/nashvilleknifeshop.com\/de\/wp-content\/uploads\/2023\/03\/shaving-gel.jpg\",\"contentUrl\":\"https:\/\/nashvilleknifeshop.com\/de\/wp-content\/uploads\/2023\/03\/shaving-gel.jpg\"},{\"@type\":\"BreadcrumbList\",\"@id\":\"https:\/\/nashvilleknifeshop.com\/de\/nassrasur\/rasiergel\/#breadcrumb\",\"itemListElement\":[{\"@type\":\"ListItem\",\"position\":1,\"name\":\"Home\",\"item\":\"https:\/\/nashvilleknifeshop.com\/de\/\"},{\"@type\":\"ListItem\",\"position\":2,\"name\":\"Nassrasur\",\"item\":\"https:\/\/nashvilleknifeshop.com\/de\/nassrasur\/\"},{\"@type\":\"ListItem\",\"position\":3,\"name\":\"Rasiergel f\u00fcr die Nassrasur\"}]},{\"@type\":\"WebSite\",\"@id\":\"https:\/\/nashvilleknifeshop.com\/de\/#website\",\"url\":\"https:\/\/nashvilleknifeshop.com\/de\/\",\"name\":\"Deutsch\",\"description\":\"Just another nashvilleknifeshop Sites site\",\"publisher\":{\"@id\":\"https:\/\/nashvilleknifeshop.com\/de\/#organization\"},\"potentialAction\":[{\"@type\":\"SearchAction\",\"target\":{\"@type\":\"EntryPoint\",\"urlTemplate\":\"https:\/\/nashvilleknifeshop.com\/de\/?s={search_term_string}\"},\"query-input\":{\"@type\":\"PropertyValueSpecification\",\"valueRequired\":true,\"valueName\":\"search_term_string\"}}],\"inLanguage\":\"de\"},{\"@type\":\"Organization\",\"@id\":\"https:\/\/nashvilleknifeshop.com\/de\/#organization\",\"name\":\"Deutsch\",\"url\":\"https:\/\/nashvilleknifeshop.com\/de\/\",\"logo\":{\"@type\":\"ImageObject\",\"inLanguage\":\"de\",\"@id\":\"https:\/\/nashvilleknifeshop.com\/de\/#\/schema\/logo\/image\/\",\"url\":\"https:\/\/nashvilleknifeshop.com\/de\/wp-content\/uploads\/2023\/03\/cropped-favicon.png\",\"contentUrl\":\"https:\/\/nashvilleknifeshop.com\/de\/wp-content\/uploads\/2023\/03\/cropped-favicon.png\",\"width\":512,\"height\":512,\"caption\":\"Deutsch\"},\"image\":{\"@id\":\"https:\/\/nashvilleknifeshop.com\/de\/#\/schema\/logo\/image\/\"}}]}<\/script>\n<!-- \/ Yoast SEO plugin. -->","yoast_head_json":{"title":"Rasiergel f\u00fcr die Nassrasur: Vorteile und Nachteile","description":"Rasiergel hat wie Rasierschaum mehrere Aufgaben: Es macht die Haare weich, sorgt daf\u00fcr, dass sich die Haare f\u00fcr die Rasur aufrichten und erh\u00f6ht durch einen d\u00fcnnen Film die Gleitf\u00e4higkeit der Rasierklinge.","robots":{"index":"index","follow":"follow","max-snippet":"max-snippet:-1","max-image-preview":"max-image-preview:large","max-video-preview":"max-video-preview:-1"},"canonical":"https:\/\/nashvilleknifeshop.com\/de\/nassrasur\/rasiergel\/","og_locale":"de_DE","og_type":"article","og_title":"Rasiergel f\u00fcr die Nassrasur: Vorteile und Nachteile","og_description":"Rasiergel hat wie Rasierschaum mehrere Aufgaben: Es macht die Haare weich, sorgt daf\u00fcr, dass sich die Haare f\u00fcr die Rasur aufrichten und erh\u00f6ht durch einen d\u00fcnnen Film die Gleitf\u00e4higkeit der Rasierklinge.","og_url":"https:\/\/nashvilleknifeshop.com\/de\/nassrasur\/rasiergel\/","og_site_name":"Deutsch","article_modified_time":"2023-04-12T10:23:22+00:00","twitter_card":"summary_large_image","twitter_misc":{"Gesch\u00e4tzte Lesezeit":"6\u00a0Minuten"},"schema":{"@context":"https:\/\/schema.org","@graph":[{"@type":"WebPage","@id":"https:\/\/nashvilleknifeshop.com\/de\/nassrasur\/rasiergel\/","url":"https:\/\/nashvilleknifeshop.com\/de\/nassrasur\/rasiergel\/","name":"Rasiergel f\u00fcr die Nassrasur: Vorteile und Nachteile","isPartOf":{"@id":"https:\/\/nashvilleknifeshop.com\/de\/#website"},"primaryImageOfPage":{"@id":"https:\/\/nashvilleknifeshop.com\/de\/nassrasur\/rasiergel\/#primaryimage"},"image":{"@id":"https:\/\/nashvilleknifeshop.com\/de\/nassrasur\/rasiergel\/#primaryimage"},"thumbnailUrl":"https:\/\/nashvilleknifeshop.com\/de\/wp-content\/uploads\/2023\/03\/shaving-gel.jpg","datePublished":"2022-02-06T13:02:29+00:00","dateModified":"2023-04-12T10:23:22+00:00","description":"Rasiergel hat wie Rasierschaum mehrere Aufgaben: Es macht die Haare weich, sorgt daf\u00fcr, dass sich die Haare f\u00fcr die Rasur aufrichten und erh\u00f6ht durch einen d\u00fcnnen Film die Gleitf\u00e4higkeit der Rasierklinge.","breadcrumb":{"@id":"https:\/\/nashvilleknifeshop.com\/de\/nassrasur\/rasiergel\/#breadcrumb"},"inLanguage":"de","potentialAction":[{"@type":"ReadAction","target":["https:\/\/nashvilleknifeshop.com\/de\/nassrasur\/rasiergel\/"]}]},{"@type":"ImageObject","inLanguage":"de","@id":"https:\/\/nashvilleknifeshop.com\/de\/nassrasur\/rasiergel\/#primaryimage","url":"https:\/\/nashvilleknifeshop.com\/de\/wp-content\/uploads\/2023\/03\/shaving-gel.jpg","contentUrl":"https:\/\/nashvilleknifeshop.com\/de\/wp-content\/uploads\/2023\/03\/shaving-gel.jpg"},{"@type":"BreadcrumbList","@id":"https:\/\/nashvilleknifeshop.com\/de\/nassrasur\/rasiergel\/#breadcrumb","itemListElement":[{"@type":"ListItem","position":1,"name":"Home","item":"https:\/\/nashvilleknifeshop.com\/de\/"},{"@type":"ListItem","position":2,"name":"Nassrasur","item":"https:\/\/nashvilleknifeshop.com\/de\/nassrasur\/"},{"@type":"ListItem","position":3,"name":"Rasiergel f\u00fcr die Nassrasur"}]},{"@type":"WebSite","@id":"https:\/\/nashvilleknifeshop.com\/de\/#website","url":"https:\/\/nashvilleknifeshop.com\/de\/","name":"Deutsch","description":"Just another nashvilleknifeshop Sites site","publisher":{"@id":"https:\/\/nashvilleknifeshop.com\/de\/#organization"},"potentialAction":[{"@type":"SearchAction","target":{"@type":"EntryPoint","urlTemplate":"https:\/\/nashvilleknifeshop.com\/de\/?s={search_term_string}"},"query-input":{"@type":"PropertyValueSpecification","valueRequired":true,"valueName":"search_term_string"}}],"inLanguage":"de"},{"@type":"Organization","@id":"https:\/\/nashvilleknifeshop.com\/de\/#organization","name":"Deutsch","url":"https:\/\/nashvilleknifeshop.com\/de\/","logo":{"@type":"ImageObject","inLanguage":"de","@id":"https:\/\/nashvilleknifeshop.com\/de\/#\/schema\/logo\/image\/","url":"https:\/\/nashvilleknifeshop.com\/de\/wp-content\/uploads\/2023\/03\/cropped-favicon.png","contentUrl":"https:\/\/nashvilleknifeshop.com\/de\/wp-content\/uploads\/2023\/03\/cropped-favicon.png","width":512,"height":512,"caption":"Deutsch"},"image":{"@id":"https:\/\/nashvilleknifeshop.com\/de\/#\/schema\/logo\/image\/"}}]}},"_links":{"self":[{"href":"https:\/\/nashvilleknifeshop.com\/de\/wp-json\/wp\/v2\/pages\/16","targetHints":{"allow":["GET"]}}],"collection":[{"href":"https:\/\/nashvilleknifeshop.com\/de\/wp-json\/wp\/v2\/pages"}],"about":[{"href":"https:\/\/nashvilleknifeshop.com\/de\/wp-json\/wp\/v2\/types\/page"}],"author":[{"embeddable":true,"href":"https:\/\/nashvilleknifeshop.com\/de\/wp-json\/wp\/v2\/users\/2"}],"replies":[{"embeddable":true,"href":"https:\/\/nashvilleknifeshop.com\/de\/wp-json\/wp\/v2\/comments?post=16"}],"version-history":[{"count":10,"href":"https:\/\/nashvilleknifeshop.com\/de\/wp-json\/wp\/v2\/pages\/16\/revisions"}],"predecessor-version":[{"id":1220,"href":"https:\/\/nashvilleknifeshop.com\/de\/wp-json\/wp\/v2\/pages\/16\/revisions\/1220"}],"up":[{"embeddable":true,"href":"https:\/\/nashvilleknifeshop.com\/de\/wp-json\/wp\/v2\/pages\/995"}],"wp:featuredmedia":[{"embeddable":true,"href":"https:\/\/nashvilleknifeshop.com\/de\/wp-json\/"}],"wp:attachment":[{"href":"https:\/\/nashvilleknifeshop.com\/de\/wp-json\/wp\/v2\/media?parent=16"}],"curies":[{"name":"wp","href":"https:\/\/api.w.org\/{rel}","templated":true}]}}