{"id":13,"date":"2022-02-02T12:50:09","date_gmt":"2022-02-02T12:50:09","guid":{"rendered":"https:\/\/nashvilleknifeshop.com\/de\/?page_id=13"},"modified":"2023-04-12T10:22:22","modified_gmt":"2023-04-12T10:22:22","slug":"rasieroel","status":"publish","type":"page","link":"https:\/\/nashvilleknifeshop.com\/de\/nassrasur\/rasieroel\/","title":{"rendered":"Rasier\u00f6l richtig verwenden"},"content":{"rendered":"\n<p class=\"intro\">Neben Rasierschaum, Rasiergel und Rasierseife ist Rasier\u00f6l ein weiteres Produkt, um die Haare auf die Rasur vorzubereiten. Warum aber Rasier\u00f6l verwenden? Welche Vorteile hat Rasier\u00f6l, dass seit ein paar Jahren einen Aufschwung erlebt, gegen\u00fcber den anderen Produkten f\u00fcr die Nassrasur?<\/p>\n\n\n\n<h2 class=\"wp-block-heading\" id=\"eigenschaften-von-rasierol\">Eigenschaften von Rasier\u00f6l<\/h2>\n\n\n\n<p>Besonders wenn Rasierschaum oder Rasiergel Irritationen auf der Haut hervorrufen, kann Rasier\u00f6l eine Alternative sein. Das \u00d6l erzeugt einen Film auf der Haut, der die Rasierklinge besser \u00fcber die Haut gleiten l\u00e4sst. Gerade bei empfindlicher Haut ist das \u00d6l wegen der verbesserten Gleitfunktion die erste Wahl. Wie Rasierschaum und Rasiergel macht auch Rasier\u00f6l die Barthaare weich, sodass sich diese bei der Nassrasur besser schneiden lassen. F\u00fcr trockene Haut und sensible Rasierbereiche enth\u00e4lt Rasier\u00f6l r\u00fcckfettende Inhaltsstoffe, die die Rasur besonders sanft machen.<\/p>\n\n\n\n<p>Rasier\u00f6l kann die Haut aufweichen, damit sich die Haare besser aufstellen. Es wirkt beruhigend und rasierbrandhemmend. Verzichten Sie in sensiblen Bereichen auf \u00e4therische \u00d6le und Parf\u00fcmstoffe bei der Rasur. Diese k\u00f6nnten die Haut reizen. Bei fettiger Haut w\u00e4hlen Sie eher ein schnell einziehendes \u00d6l. F\u00fcr die Rasur des Bartes k\u00f6nnen Sie Produkte mit erfrischender Wirkung ausw\u00e4hlen.  Der Vorteil von Rasier\u00f6l: Es ben\u00f6tigt keine Parabene, Silicone, Alkohol oder Mineral\u00f6l als Inhaltsstoffe. Alle hautsch\u00fctzenden Eigenschaften sind bereits in den \u00d6len enthalten. Gerade Allergiker profitieren davon, die auf chemische Inhaltsstoffe oder Parf\u00fcmstoffe allergisch reagieren. Rasier\u00f6le ganz ohne Zusatzstoffe bieten Hersteller wie Sommersets oder Fair Squared an.<\/p>\n\n\n\n<p>Ein Nachteil von Rasier\u00f6l ist, dass es teurer als Rasierschaum ist. Es erzeugt keinen Schaum, sodass die Anwendung gew\u00f6hnungsbed\u00fcrftig ist. <\/p>\n\n\n\n<figure class=\"wp-block-image size-full\"><img loading=\"lazy\" decoding=\"async\" width=\"1920\" height=\"800\" src=\"https:\/\/nashvilleknifeshop.com\/wp-content\/uploads\/2023\/03\/shaving-oil-800px.jpg\" alt=\"shaving oil\" class=\"wp-image-50\" srcset=\"https:\/\/nashvilleknifeshop.com\/de\/wp-content\/uploads\/2023\/03\/shaving-oil-800px.jpg 1920w, https:\/\/nashvilleknifeshop.com\/de\/wp-content\/uploads\/2023\/03\/shaving-oil-800px-300x125.jpg 300w, https:\/\/nashvilleknifeshop.com\/de\/wp-content\/uploads\/2023\/03\/shaving-oil-800px-1024x427.jpg 1024w, https:\/\/nashvilleknifeshop.com\/de\/wp-content\/uploads\/2023\/03\/shaving-oil-800px-768x320.jpg 768w, https:\/\/nashvilleknifeshop.com\/de\/wp-content\/uploads\/2023\/03\/shaving-oil-800px-1536x640.jpg 1536w\" sizes=\"auto, (max-width: 1920px) 100vw, 1920px\" \/><figcaption class=\"wp-element-caption\">Das Rasieren mit Rasier\u00f6l kommt immer mehr in Mode. Doch es ist mehr als nur eine Modeerscheinung. Gerade die hautsch\u00fctzenden Eigenschaften von \u00d6l macht die Rasur mit Rasier\u00f6l durchaus interessant.<\/figcaption><\/figure>\n\n\n\n<h3 class=\"wp-block-heading\" id=\"rasierol-so-sparsam\">Rasier\u00f6l: So sparsam!<\/h3>\n\n\n\n<p>Zur Rasur mit Rasier\u00f6l gen\u00fcgen ein paar Tropfen des Produkts. Ein Fl\u00e4schchen mit 12 ml Rasier\u00f6l reicht f\u00fcr rund 80 Rasuren. Rasier\u00f6l im Pumpspender ist besonders sparsam, weil die f\u00fcnf bis acht Tropfen genauer dosiert werden. Der etwas teurere Preis amortisiert sich also schon in kurzer Zeit. Rasier\u00f6l im kleinen Fl\u00e4schchen eignet sich gut, um auf Reisen mitgenommen zu werden.<\/p>\n\n\n\n<h3 class=\"wp-block-heading\" id=\"rasierol-die-inhaltsstoffe\">Rasier\u00f6l: Die Inhaltsstoffe<\/h3>\n\n\n\n<p>Wie der Name schon vermuten l\u00e4sst, besteht Rasier\u00f6l aus verschiedenen \u00d6len. M\u00f6gliche Inhaltstoffe sind:<\/p>\n\n\n\n<ul class=\"wp-block-list\">\n<li>Argan\u00f6l<\/li>\n\n\n\n<li>Jojoba\u00f6l<\/li>\n\n\n\n<li>Mandel\u00f6l<\/li>\n\n\n\n<li>Aloe-Vera-\u00d6l<\/li>\n\n\n\n<li>Rizinus\u00f6l<\/li>\n\n\n\n<li>Teebaum\u00f6l<\/li>\n\n\n\n<li>Distel\u00f6l<\/li>\n\n\n\n<li>Baobab \u00d6l<\/li>\n\n\n\n<li>Orangen\u00f6l<\/li>\n<\/ul>\n\n\n\n<p>Baobab \u00d6l ist besonders f\u00fcr trockene Haut geeignet. Bei fettiger Haut ist Argan\u00f6l eine Alternative, denn es zieht schnell ein und die Haut gl\u00e4nzt nach der Rasur nicht. Auch Distel\u00f6l oder Hanf\u00f6l wirken mattierend. Teebaum\u00f6l fettet nicht und eignet sich f\u00fcr die Rasur im Intimbereich. Aloe-Vera-, Mandel- und Jojoba\u00f6l sowie Orangen\u00f6l k\u00f6nnen Hautreizungen verhindern.<\/p>\n\n\n\n<h3 class=\"wp-block-heading\" id=\"eignet-sich-bartol-fur-die-rasur\">Eignet sich Bart\u00f6l f\u00fcr die Rasur?<\/h3>\n\n\n\n<p>Rasier\u00f6l f\u00fcr M\u00e4nner hat hautpflegende Eigenschaften und Bart\u00f6l ist einzig auf die Pflege des Barthaares abgestimmt. Nein, Sie sollten in keinem Fall Bart\u00f6l f\u00fcr die Rasur verwenden. Sie k\u00f6nnen Bart\u00f6l nach der Rasur und zwischendurch verwenden.<\/p>\n\n\n\n<h3 class=\"wp-block-heading\" id=\"welches-rasierol-fur-den-intimbereich\">Welches Rasier\u00f6l f\u00fcr den Intimbereich?<\/h3>\n\n\n\n<p>Neben den hautpflegenden Eigenschaften hat Rasier\u00f6l f\u00fcr den Intimbereich zus\u00e4tzlich entz\u00fcndungshemmende Eigenschaften. Die Haut im Intimbereich ist besonders d\u00fcnn und empfindlich, sodass es leichter zu Irritation kommen kann. Die Hersteller geben auf dem Etikett an, wenn das Rasier\u00f6l f\u00fcr den Intimbereich geeignet ist. Viele Frauen nutzen Rasier\u00f6l f\u00fcr den Intimbereich. Als Tipp wird hier der entz\u00fcndungshemmende Inhaltsstoff Hagebutten \u00d6l gehandelt. Aprikosen \u00d6l sorgt daf\u00fcr, dass kleine Schnittwunden schneller heilen.<\/p>\n\n\n\n<p><strong>Rasieren mit Baby\u00f6l?<\/strong><br>Ein besonderes Rasier\u00f6l f\u00fcr den Intimbereich ist Baby\u00f6l. Es ist besonders mild und reizt die Haut am wenigsten. <\/p>\n\n\n\n<h2 class=\"wp-block-heading\" id=\"rasierol-optimale-anwendung\">Rasier\u00f6l: Optimale Anwendung<\/h2>\n\n\n\n<p>Reinigen Sie zuerst die entsprechenden Hautstellen mit warmem Wasser, damit sich die Poren \u00f6ffnen. Dann geben Sie das Rasier\u00f6l auf Ihre Handfl\u00e4chen und massieren das \u00d6l leicht ein. Anders als Rasierschaum oder Rasierseife entsteht kein Schaum. Geben Sie dem \u00d6l etwas Zeit, um Haut und Stoppeln einzuweichen, bevor Sie sich rasieren. Es hat sich als sinnvoll herausgestellt, bei der Verwendung von Rasier\u00f6l das Rasiermesser, den Nassrasierer oder den Rasierhobel immer wieder unter warmem Wasser abzusp\u00fclen, damit das Rasier\u00f6l von der Klinge entfernt wird. Erfahrungsgem\u00e4\u00df bleiben bei der Rasur mit Rasier\u00f6l am Rasierhobel weniger Haare an der Rasierklinge h\u00e4ngen als am Nassrasierer. Das transparente \u00d6l erleichtert im Gegensatz von hautverdeckendem Rasierschaum das Stutzen von Konturb\u00e4rten.<\/p>\n\n\n\n<p>Nach der Rasur beruhigen Sie die Haut mit einigen Tropfen geruchsneutralem Rasier\u00f6l, bevor Sie Ihr \u00fcbliches Aftershave aufragen. Rasier\u00f6l f\u00fcr Herren kann aber auch das Aftershave und eine Feuchtigkeitscreme komplett ersetzen. Erfrischen Sie Ihre Haut mit duftendem Rasier\u00f6l f\u00fcr mehr Wohlgef\u00fchl zwischendurch!<\/p>\n\n\n\n<h3 class=\"wp-block-heading\" id=\"welcher-rasierer-fur-rasierol\">Welcher Rasierer mit Rasier\u00f6l verwenden?<\/h3>\n\n\n\n<p>Jeder Nassrasierer ist f\u00fcr die Rasur mit Rasier\u00f6l geeignet. Sollte die Klinge stumpf werden, reinigen Sie diese unter der Rasur mit hei\u00dfem Wasser.<\/p>\n\n\n\n<h2 class=\"wp-block-heading\" id=\"rasierol-selber-machen\">Rasier\u00f6l selber machen<\/h2>\n\n\n\n<p>Zur Herstellung von Rasier\u00f6l ben\u00f6tigen Sie je nach Hautbeschaffenheit mehre verschiede \u00d6le. F\u00fcllen Sie diese in eine Glasflasche und sch\u00fctteln Sie die Flasche. Dann ist das Rasier\u00f6l fertig.  <\/p>\n\n\n\n<p><strong>Welche \u00d6le eignen sich f\u00fcr selber gemachtes Rasier\u00f6l?<\/strong><br>Wenn Sie Rasier\u00f6l selbst herstellen wollen, nehmen Sie 3 EL Sonnenblumen\u00f6l, 1 TL Aloe-Vera-Gel, 5 Tropfen Vitamin E und 1 TL pflanzlichem Glyzerin. F\u00fcr gereizte Haut mischen Sie ein Rasier\u00f6l aus 10 ml Avocado-; 5 ml Jojoba-, 10 ml Hanf-, 15 ml Rizinus- und drei Topfen Orangen\u00f6l.<\/p>\n\n\n\n<p>DIY-Rasier\u00f6l entsteht aus 80 ml Soja\u00f6l, je 10 g Raps\u00f6l, Aloe-Vera-Gel und Glyzerin. F\u00fcgen Sie noch ein TL Vitamin E dazu. Durch die Zugabe von Glyzerin trocknet die Haut nicht aus. Vitamin E verhindert, dass das selbst gemachte Rasier\u00f6l schnell ranzig wird. Die weiteren Inhaltsstoffe sorgen daf\u00fcr, dass sich das Rasier\u00f6l gut auf der Haut verteilen l\u00e4sst.<\/p>\n\n\n\n<h2 class=\"wp-block-heading\" id=\"rasierol-der-test\">Rasier\u00f6l: Der Test<\/h2>\n\n\n\n<p>Im Handel ist Rasier\u00f6l im Bereich Naturkosmetik, in Bio-Qualit\u00e4t, \u00d6l ohne Parf\u00fcm und sensitives Rasier\u00f6l f\u00fcr die empfindliche Haut erh\u00e4ltlich. Es gibt bisher noch keinen Rasier\u00f6l Test der Stiftung Warentest.<\/p>\n\n\n\n<p>Das beste Rasier\u00f6l ist immer von den Bed\u00fcrfnissen der Haut abh\u00e4ngig. Was f\u00fcr ein Mann das Beste ist, kann ein anderer Mann nicht vertragen. Deshalb m\u00fcssen Sie sich nach den Bewertungen der Anwender richten oder selbst einen Rasier\u00f6l Test machen. Oft ausschlaggebend ist der Duft des \u00d6les. Viele M\u00e4nner, aber auch Frauen, bevorzugen Rasier\u00f6l, das dezent duftet. Diese Rasier\u00f6le sind sehr beliebt.<\/p>\n","protected":false},"excerpt":{"rendered":"<p>Neben Rasierschaum, Rasiergel und Rasierseife ist Rasier\u00f6l ein weiteres Produkt, um die Haare auf die Rasur vorzubereiten. Warum aber Rasier\u00f6l verwenden? Welche Vorteile hat Rasier\u00f6l, &#8230; <a title=\"Rasier\u00f6l richtig verwenden\" class=\"read-more\" href=\"https:\/\/nashvilleknifeshop.com\/de\/nassrasur\/rasieroel\/\" aria-label=\"Mehr Informationen \u00fcber Rasier\u00f6l richtig verwenden\">Weiterlesen &#8230;<\/a><\/p>\n","protected":false},"author":3,"featured_media":40,"parent":995,"menu_order":0,"comment_status":"closed","ping_status":"closed","template":"","meta":{"inline_featured_image":false,"footnotes":""},"class_list":["post-13","page","type-page","status-publish","has-post-thumbnail"],"yoast_head":"<!-- This site is optimized with the Yoast SEO plugin v26.8 - https:\/\/yoast.com\/product\/yoast-seo-wordpress\/ -->\n<title>F\u00fcr ganze Kerle: Rasier\u00f6l richtig verwenden<\/title>\n<meta name=\"description\" content=\"Besonders wenn Rasierschaum oder Rasiergel Irritationen auf der Haut hervorrufen, kann Rasier\u00f6l eine Alternative sein. Das \u00d6l erzeugt einen Film auf der Haut, der die Rasierklinge besser \u00fcber die Haut gleiten l\u00e4sst. Gerade bei empfindlicher Haut ist das \u00d6l wegen der verbesserten Gleitfunktion die erste Wahl.\" \/>\n<meta name=\"robots\" content=\"index, follow, max-snippet:-1, max-image-preview:large, max-video-preview:-1\" \/>\n<link rel=\"canonical\" href=\"https:\/\/nashvilleknifeshop.com\/de\/nassrasur\/rasieroel\/\" \/>\n<meta property=\"og:locale\" content=\"de_DE\" \/>\n<meta property=\"og:type\" content=\"article\" \/>\n<meta property=\"og:title\" content=\"F\u00fcr ganze Kerle: Rasier\u00f6l richtig verwenden\" \/>\n<meta property=\"og:description\" content=\"Besonders wenn Rasierschaum oder Rasiergel Irritationen auf der Haut hervorrufen, kann Rasier\u00f6l eine Alternative sein. Das \u00d6l erzeugt einen Film auf der Haut, der die Rasierklinge besser \u00fcber die Haut gleiten l\u00e4sst. Gerade bei empfindlicher Haut ist das \u00d6l wegen der verbesserten Gleitfunktion die erste Wahl.\" \/>\n<meta property=\"og:url\" content=\"https:\/\/nashvilleknifeshop.com\/de\/nassrasur\/rasieroel\/\" \/>\n<meta property=\"og:site_name\" content=\"Deutsch\" \/>\n<meta property=\"article:modified_time\" content=\"2023-04-12T10:22:22+00:00\" \/>\n<meta name=\"twitter:card\" content=\"summary_large_image\" \/>\n<meta name=\"twitter:label1\" content=\"Gesch\u00e4tzte Lesezeit\" \/>\n\t<meta name=\"twitter:data1\" content=\"6\u00a0Minuten\" \/>\n<script type=\"application\/ld+json\" class=\"yoast-schema-graph\">{\"@context\":\"https:\/\/schema.org\",\"@graph\":[{\"@type\":\"WebPage\",\"@id\":\"https:\/\/nashvilleknifeshop.com\/de\/nassrasur\/rasieroel\/\",\"url\":\"https:\/\/nashvilleknifeshop.com\/de\/nassrasur\/rasieroel\/\",\"name\":\"F\u00fcr ganze Kerle: Rasier\u00f6l richtig verwenden\",\"isPartOf\":{\"@id\":\"https:\/\/nashvilleknifeshop.com\/de\/#website\"},\"primaryImageOfPage\":{\"@id\":\"https:\/\/nashvilleknifeshop.com\/de\/nassrasur\/rasieroel\/#primaryimage\"},\"image\":{\"@id\":\"https:\/\/nashvilleknifeshop.com\/de\/nassrasur\/rasieroel\/#primaryimage\"},\"thumbnailUrl\":\"https:\/\/nashvilleknifeshop.com\/de\/wp-content\/uploads\/2023\/03\/shaving-oil.jpg\",\"datePublished\":\"2022-02-02T12:50:09+00:00\",\"dateModified\":\"2023-04-12T10:22:22+00:00\",\"description\":\"Besonders wenn Rasierschaum oder Rasiergel Irritationen auf der Haut hervorrufen, kann Rasier\u00f6l eine Alternative sein. Das \u00d6l erzeugt einen Film auf der Haut, der die Rasierklinge besser \u00fcber die Haut gleiten l\u00e4sst. Gerade bei empfindlicher Haut ist das \u00d6l wegen der verbesserten Gleitfunktion die erste Wahl.\",\"breadcrumb\":{\"@id\":\"https:\/\/nashvilleknifeshop.com\/de\/nassrasur\/rasieroel\/#breadcrumb\"},\"inLanguage\":\"de\",\"potentialAction\":[{\"@type\":\"ReadAction\",\"target\":[\"https:\/\/nashvilleknifeshop.com\/de\/nassrasur\/rasieroel\/\"]}]},{\"@type\":\"ImageObject\",\"inLanguage\":\"de\",\"@id\":\"https:\/\/nashvilleknifeshop.com\/de\/nassrasur\/rasieroel\/#primaryimage\",\"url\":\"https:\/\/nashvilleknifeshop.com\/de\/wp-content\/uploads\/2023\/03\/shaving-oil.jpg\",\"contentUrl\":\"https:\/\/nashvilleknifeshop.com\/de\/wp-content\/uploads\/2023\/03\/shaving-oil.jpg\"},{\"@type\":\"BreadcrumbList\",\"@id\":\"https:\/\/nashvilleknifeshop.com\/de\/nassrasur\/rasieroel\/#breadcrumb\",\"itemListElement\":[{\"@type\":\"ListItem\",\"position\":1,\"name\":\"Home\",\"item\":\"https:\/\/nashvilleknifeshop.com\/de\/\"},{\"@type\":\"ListItem\",\"position\":2,\"name\":\"Nassrasur\",\"item\":\"https:\/\/nashvilleknifeshop.com\/de\/nassrasur\/\"},{\"@type\":\"ListItem\",\"position\":3,\"name\":\"Rasier\u00f6l richtig verwenden\"}]},{\"@type\":\"WebSite\",\"@id\":\"https:\/\/nashvilleknifeshop.com\/de\/#website\",\"url\":\"https:\/\/nashvilleknifeshop.com\/de\/\",\"name\":\"Deutsch\",\"description\":\"Just another nashvilleknifeshop Sites site\",\"publisher\":{\"@id\":\"https:\/\/nashvilleknifeshop.com\/de\/#organization\"},\"potentialAction\":[{\"@type\":\"SearchAction\",\"target\":{\"@type\":\"EntryPoint\",\"urlTemplate\":\"https:\/\/nashvilleknifeshop.com\/de\/?s={search_term_string}\"},\"query-input\":{\"@type\":\"PropertyValueSpecification\",\"valueRequired\":true,\"valueName\":\"search_term_string\"}}],\"inLanguage\":\"de\"},{\"@type\":\"Organization\",\"@id\":\"https:\/\/nashvilleknifeshop.com\/de\/#organization\",\"name\":\"Deutsch\",\"url\":\"https:\/\/nashvilleknifeshop.com\/de\/\",\"logo\":{\"@type\":\"ImageObject\",\"inLanguage\":\"de\",\"@id\":\"https:\/\/nashvilleknifeshop.com\/de\/#\/schema\/logo\/image\/\",\"url\":\"https:\/\/nashvilleknifeshop.com\/de\/wp-content\/uploads\/2023\/03\/cropped-favicon.png\",\"contentUrl\":\"https:\/\/nashvilleknifeshop.com\/de\/wp-content\/uploads\/2023\/03\/cropped-favicon.png\",\"width\":512,\"height\":512,\"caption\":\"Deutsch\"},\"image\":{\"@id\":\"https:\/\/nashvilleknifeshop.com\/de\/#\/schema\/logo\/image\/\"}}]}<\/script>\n<!-- \/ Yoast SEO plugin. -->","yoast_head_json":{"title":"F\u00fcr ganze Kerle: Rasier\u00f6l richtig verwenden","description":"Besonders wenn Rasierschaum oder Rasiergel Irritationen auf der Haut hervorrufen, kann Rasier\u00f6l eine Alternative sein. Das \u00d6l erzeugt einen Film auf der Haut, der die Rasierklinge besser \u00fcber die Haut gleiten l\u00e4sst. Gerade bei empfindlicher Haut ist das \u00d6l wegen der verbesserten Gleitfunktion die erste Wahl.","robots":{"index":"index","follow":"follow","max-snippet":"max-snippet:-1","max-image-preview":"max-image-preview:large","max-video-preview":"max-video-preview:-1"},"canonical":"https:\/\/nashvilleknifeshop.com\/de\/nassrasur\/rasieroel\/","og_locale":"de_DE","og_type":"article","og_title":"F\u00fcr ganze Kerle: Rasier\u00f6l richtig verwenden","og_description":"Besonders wenn Rasierschaum oder Rasiergel Irritationen auf der Haut hervorrufen, kann Rasier\u00f6l eine Alternative sein. Das \u00d6l erzeugt einen Film auf der Haut, der die Rasierklinge besser \u00fcber die Haut gleiten l\u00e4sst. Gerade bei empfindlicher Haut ist das \u00d6l wegen der verbesserten Gleitfunktion die erste Wahl.","og_url":"https:\/\/nashvilleknifeshop.com\/de\/nassrasur\/rasieroel\/","og_site_name":"Deutsch","article_modified_time":"2023-04-12T10:22:22+00:00","twitter_card":"summary_large_image","twitter_misc":{"Gesch\u00e4tzte Lesezeit":"6\u00a0Minuten"},"schema":{"@context":"https:\/\/schema.org","@graph":[{"@type":"WebPage","@id":"https:\/\/nashvilleknifeshop.com\/de\/nassrasur\/rasieroel\/","url":"https:\/\/nashvilleknifeshop.com\/de\/nassrasur\/rasieroel\/","name":"F\u00fcr ganze Kerle: Rasier\u00f6l richtig verwenden","isPartOf":{"@id":"https:\/\/nashvilleknifeshop.com\/de\/#website"},"primaryImageOfPage":{"@id":"https:\/\/nashvilleknifeshop.com\/de\/nassrasur\/rasieroel\/#primaryimage"},"image":{"@id":"https:\/\/nashvilleknifeshop.com\/de\/nassrasur\/rasieroel\/#primaryimage"},"thumbnailUrl":"https:\/\/nashvilleknifeshop.com\/de\/wp-content\/uploads\/2023\/03\/shaving-oil.jpg","datePublished":"2022-02-02T12:50:09+00:00","dateModified":"2023-04-12T10:22:22+00:00","description":"Besonders wenn Rasierschaum oder Rasiergel Irritationen auf der Haut hervorrufen, kann Rasier\u00f6l eine Alternative sein. Das \u00d6l erzeugt einen Film auf der Haut, der die Rasierklinge besser \u00fcber die Haut gleiten l\u00e4sst. Gerade bei empfindlicher Haut ist das \u00d6l wegen der verbesserten Gleitfunktion die erste Wahl.","breadcrumb":{"@id":"https:\/\/nashvilleknifeshop.com\/de\/nassrasur\/rasieroel\/#breadcrumb"},"inLanguage":"de","potentialAction":[{"@type":"ReadAction","target":["https:\/\/nashvilleknifeshop.com\/de\/nassrasur\/rasieroel\/"]}]},{"@type":"ImageObject","inLanguage":"de","@id":"https:\/\/nashvilleknifeshop.com\/de\/nassrasur\/rasieroel\/#primaryimage","url":"https:\/\/nashvilleknifeshop.com\/de\/wp-content\/uploads\/2023\/03\/shaving-oil.jpg","contentUrl":"https:\/\/nashvilleknifeshop.com\/de\/wp-content\/uploads\/2023\/03\/shaving-oil.jpg"},{"@type":"BreadcrumbList","@id":"https:\/\/nashvilleknifeshop.com\/de\/nassrasur\/rasieroel\/#breadcrumb","itemListElement":[{"@type":"ListItem","position":1,"name":"Home","item":"https:\/\/nashvilleknifeshop.com\/de\/"},{"@type":"ListItem","position":2,"name":"Nassrasur","item":"https:\/\/nashvilleknifeshop.com\/de\/nassrasur\/"},{"@type":"ListItem","position":3,"name":"Rasier\u00f6l richtig verwenden"}]},{"@type":"WebSite","@id":"https:\/\/nashvilleknifeshop.com\/de\/#website","url":"https:\/\/nashvilleknifeshop.com\/de\/","name":"Deutsch","description":"Just another nashvilleknifeshop Sites site","publisher":{"@id":"https:\/\/nashvilleknifeshop.com\/de\/#organization"},"potentialAction":[{"@type":"SearchAction","target":{"@type":"EntryPoint","urlTemplate":"https:\/\/nashvilleknifeshop.com\/de\/?s={search_term_string}"},"query-input":{"@type":"PropertyValueSpecification","valueRequired":true,"valueName":"search_term_string"}}],"inLanguage":"de"},{"@type":"Organization","@id":"https:\/\/nashvilleknifeshop.com\/de\/#organization","name":"Deutsch","url":"https:\/\/nashvilleknifeshop.com\/de\/","logo":{"@type":"ImageObject","inLanguage":"de","@id":"https:\/\/nashvilleknifeshop.com\/de\/#\/schema\/logo\/image\/","url":"https:\/\/nashvilleknifeshop.com\/de\/wp-content\/uploads\/2023\/03\/cropped-favicon.png","contentUrl":"https:\/\/nashvilleknifeshop.com\/de\/wp-content\/uploads\/2023\/03\/cropped-favicon.png","width":512,"height":512,"caption":"Deutsch"},"image":{"@id":"https:\/\/nashvilleknifeshop.com\/de\/#\/schema\/logo\/image\/"}}]}},"_links":{"self":[{"href":"https:\/\/nashvilleknifeshop.com\/de\/wp-json\/wp\/v2\/pages\/13","targetHints":{"allow":["GET"]}}],"collection":[{"href":"https:\/\/nashvilleknifeshop.com\/de\/wp-json\/wp\/v2\/pages"}],"about":[{"href":"https:\/\/nashvilleknifeshop.com\/de\/wp-json\/wp\/v2\/types\/page"}],"author":[{"embeddable":true,"href":"https:\/\/nashvilleknifeshop.com\/de\/wp-json\/wp\/v2\/users\/3"}],"replies":[{"embeddable":true,"href":"https:\/\/nashvilleknifeshop.com\/de\/wp-json\/wp\/v2\/comments?post=13"}],"version-history":[{"count":4,"href":"https:\/\/nashvilleknifeshop.com\/de\/wp-json\/wp\/v2\/pages\/13\/revisions"}],"predecessor-version":[{"id":1194,"href":"https:\/\/nashvilleknifeshop.com\/de\/wp-json\/wp\/v2\/pages\/13\/revisions\/1194"}],"up":[{"embeddable":true,"href":"https:\/\/nashvilleknifeshop.com\/de\/wp-json\/wp\/v2\/pages\/995"}],"wp:featuredmedia":[{"embeddable":true,"href":"https:\/\/nashvilleknifeshop.com\/de\/wp-json\/"}],"wp:attachment":[{"href":"https:\/\/nashvilleknifeshop.com\/de\/wp-json\/wp\/v2\/media?parent=13"}],"curies":[{"name":"wp","href":"https:\/\/api.w.org\/{rel}","templated":true}]}}