{"id":1039,"date":"2023-03-27T14:54:38","date_gmt":"2023-03-27T14:54:38","guid":{"rendered":"https:\/\/nashvilleknifeshop.com\/de\/?page_id=1039"},"modified":"2023-04-12T06:42:30","modified_gmt":"2023-04-12T06:42:30","slug":"nashville-knife-shop-sei-stolz-auf-deinen-bart","status":"publish","type":"page","link":"https:\/\/nashvilleknifeshop.com\/de\/","title":{"rendered":"Home"},"content":{"rendered":"<div class=\"gb-container gb-container-53ff3c59\"><div class=\"gb-inside-container\">\n\n<h6 class=\"gb-headline gb-headline-1e75eccf gb-headline-text\">SEI STOLZ AUF DEINEN BART<\/h6>\n\n\n\n<h1 class=\"gb-headline gb-headline-ebad4560 gb-headline-text\">NASHVILLE KNIFE SHOP<\/h1>\n\n<\/div><\/div>\n\n<div class=\"gb-container gb-container-5548fb0d\"><div class=\"gb-inside-container\">\n<div class=\"gb-grid-wrapper gb-grid-wrapper-8dd52d30\">\n<div class=\"gb-grid-column gb-grid-column-314fd8e2\"><div class=\"gb-container gb-container-314fd8e2\"><div class=\"gb-inside-container\"><\/div><\/div><\/div>\n\n<div class=\"gb-grid-column gb-grid-column-51361c10\"><div class=\"gb-container gb-container-51361c10\"><div class=\"gb-inside-container\">\n\n<p class=\"gb-headline gb-headline-efa10e8e icon-reversed\"><span class=\"gb-icon\"><svg viewBox=\"0 0 218.28 17.62\" xmlns=\"http:\/\/www.w3.org\/2000\/svg\" data-name=\"Capa 1\"><path d=\"M0 0h217.92v17.62H0z\"><\/path><\/svg><\/span><span class=\"gb-headline-text\">UNSERE MISSION<\/span><\/p>\n\n\n\n<p>Jeder Tag ist ein Abenteuer. Und will neu erobert werden. Mach ihn zu <strong>deinem<\/strong> Tag. <strong>Mit deinem Style.<\/strong><br>Ganz gleich ob du mit deinen H\u00e4nden arbeitest. Im Homeoffice. Unterwegs zum Meeeting oder chillig in der Freizeit: Dein Style ist nichts ohne dich, aber ohne ihn wirkst du wie nichts.<\/p>\n\n\n\n<h2 class=\"gb-headline gb-headline-900cf081 gb-headline-text\">Dein Style: roots!<\/h2>\n\n\n\n<p>Darum pflege deinen Look. Pflege deinen Bart. Hinterlass Eindruck, egal wo du aufschl\u00e4gst. Denn eine Chance f\u00fcr den ersten Eindruck hast du exakt einmal.<br>Und genau dabei wollen wir dich unterst\u00fctzen: f\u00fcr einen <strong>perfekten ersten Eindruck<\/strong> geben wir t\u00e4glich unser Bestes.<\/p>\n\n\n\n<h2 class=\"wp-block-heading\">Go ahead Punk! Make my day.<\/h2>\n\n\n<div class=\"gb-button-wrapper gb-button-wrapper-defb038c\">\n\n<a class=\"gb-button gb-button-ca3b35ea\" href=\"https:\/\/nashvilleknifeshop.com\/de\/nassrasur\/\"><span class=\"gb-button-text\">Learn more<\/span><span class=\"gb-icon\"><svg viewBox=\"0 0 247 165\" xmlns=\"http:\/\/www.w3.org\/2000\/svg\" data-name=\"Capa 1\"><path d=\"M33 0H0l66 82-66 83h33l66-83L33 0z\"><\/path><path d=\"M83 0H50l66 82-66 83h33l66-83L83 0z\"><\/path><path d=\"M181 0H99l66 82-66 83h82l66-83-66-82z\"><\/path><\/svg><\/span><\/a>\n\n<\/div>\n<\/div><\/div><\/div>\n<\/div>\n<\/div><\/div>\n\n<div class=\"gb-container gb-container-4b458e7b\"><div class=\"gb-inside-container\">\n<div class=\"wp-block-image\">\n<figure class=\"aligncenter size-full\"><img decoding=\"async\" src=\"https:\/\/nashvilleknifeshop.com\/wp-content\/uploads\/2023\/03\/nashvilleknifeshop-logo-small.png\" alt=\"nashvilleknifeshop-logo\" class=\"wp-image-51\"\/><\/figure><\/div>\n\n\n<p class=\"gb-headline gb-headline-da857073 icon-reversed\"><span class=\"gb-icon\"><svg viewBox=\"0 0 218.28 17.62\" xmlns=\"http:\/\/www.w3.org\/2000\/svg\" data-name=\"Capa 1\"><path d=\"M0 0h217.92v17.62H0z\"><\/path><\/svg><\/span><span class=\"gb-headline-text\">PFLEGE DEINEN STYLE<\/span><\/p>\n\n\n<div class=\"gb-grid-wrapper gb-grid-wrapper-7238ccdc\">\n<div class=\"gb-grid-column gb-grid-column-8825e873\"><div class=\"gb-container gb-container-8825e873\"><div class=\"gb-inside-container\">\n<div class=\"gb-container gb-container-ddedadf4\"><a class=\"gb-container-link\" href=\"https:\/\/nashvilleknifeshop.com\/de\/rasiermesser\/\"><\/a><div class=\"gb-inside-container\"><\/div><\/div>\n\n<div class=\"gb-container gb-container-e8321ce1\"><div class=\"gb-inside-container\">\n\n<h4 class=\"gb-headline gb-headline-7d12dcf2 gb-headline-text\">Rasiermesser f\u00fcr M\u00e4nner<\/h4>\n\n\n\n<p class=\"gb-headline gb-headline-93a93936 gb-headline-text\">Die klassische Nassrasur mit einem Rasiermesser liegt im Trend, denn die Rasur mit einem Messer hat einige Vorteile gegen\u00fcber der Rasur mit einem Nassrasierer. M\u00e4nner mit empfindlicher Haut profitieren von der schonenden und gr\u00fcndlichen Rasur mit dem Rasiermesser. Sie ben\u00f6tigen keinen elektrischen Strom zum Rasieren und durch das Nachsch\u00e4rfen der Rasiermesser  oder Wechselklingen l\u00e4sst sich auf l\u00e4ngere Zeit einiges an Geld sparen.<\/p>\n\n\n<div class=\"gb-button-wrapper gb-button-wrapper-4c966cca\">\n\n<a class=\"gb-button gb-button-fe56df04 gb-button-text\" href=\"https:\/\/nashvilleknifeshop.com\/de\/rasiermesser\/\">MEHR ERFAHREN<\/a>\n\n<\/div>\n<\/div><\/div>\n<\/div><\/div><\/div>\n\n<div class=\"gb-grid-column gb-grid-column-914e4231\"><div class=\"gb-container gb-container-914e4231\"><div class=\"gb-inside-container\">\n<div class=\"gb-container gb-container-e5b09c97\"><a class=\"gb-container-link\" href=\"https:\/\/nashvilleknifeshop.com\/de\/rasierhobel\/\"><\/a><div class=\"gb-inside-container\"><\/div><\/div>\n\n<div class=\"gb-container gb-container-405d09c7\"><div class=\"gb-inside-container\">\n\n<h4 class=\"gb-headline gb-headline-a40e389d gb-headline-text\">Rasieren mit dem Rasierhobel<\/h4>\n\n\n\n<p class=\"gb-headline gb-headline-450c5f7a gb-headline-text\">Viele M\u00e4nner und Frauen kommen mit einem Rasierhobel gleich bei der ersten Rasur zurecht. Andere schneiden sich und es ist ein rechtes Gemetzel. Negative Erfahrungen k\u00f6nnen mit der falschen Rasurtechnik oder der falschen Vorbereitung zusammenh\u00e4ngen. Einsteiger sollten sich genau \u00fcberlegen, welchen Rasierhobel sie kaufen, bevor sie sich damit rasieren.<\/p>\n\n\n<div class=\"gb-button-wrapper gb-button-wrapper-094f9f28\">\n\n<a class=\"gb-button gb-button-97e5921e gb-button-text\" href=\"https:\/\/nashvilleknifeshop.com\/de\/rasierhobel\/\">MEHR ERFAHREN<\/a>\n\n<\/div>\n<\/div><\/div>\n<\/div><\/div><\/div>\n\n<div class=\"gb-grid-column gb-grid-column-93c36eb0\"><div class=\"gb-container gb-container-93c36eb0\"><div class=\"gb-inside-container\">\n<div class=\"gb-container gb-container-b90fcf2b\"><a class=\"gb-container-link\" href=\"https:\/\/nashvilleknifeshop.com\/de\/nassrasur\/bart-schneiden-leicht-gemacht\/\"><\/a><div class=\"gb-inside-container\"><\/div><\/div>\n\n<div class=\"gb-container gb-container-ec6e8f4c\"><div class=\"gb-inside-container\">\n\n<h4 class=\"gb-headline gb-headline-582840a8 gb-headline-text\">Bart schneiden leicht gemacht<\/h4>\n\n\n\n<p class=\"gb-headline gb-headline-3f08f73c gb-headline-text\">Wer sich einen Bart stehen lassen will, muss diesen pflegen, damit der  auch gut aussieht. Das wichtigste Zubeh\u00f6r ist ein Barttrimmer. Hoch im Kurs stehen Trimmer mit verschiedenen Aufs\u00e4tzen f\u00fcr unterschiedliche Schnittl\u00e4ngen, der sich auch ohne Aufsatz f\u00fcr die Konturen an Hals und Wangen verwenden l\u00e4sst. Wer es sich zutraut, kann die Konturen auch mit einem Nassrasierer oder dem Rasiermesser ziehen.<\/p>\n\n\n<div class=\"gb-button-wrapper gb-button-wrapper-d8e04e44\">\n\n<a class=\"gb-button gb-button-92672da4 gb-button-text\" href=\"https:\/\/nashvilleknifeshop.com\/de\/nassrasur\/bart-schneiden-leicht-gemacht\/\">MEHR ERFAHREN<\/a>\n\n<\/div>\n<\/div><\/div>\n<\/div><\/div><\/div>\n\n<div class=\"gb-grid-column gb-grid-column-13d0524f\"><div class=\"gb-container gb-container-13d0524f\"><div class=\"gb-inside-container\">\n<div class=\"gb-container gb-container-dd8424ec\"><a class=\"gb-container-link\" href=\"https:\/\/nashvilleknifeshop.com\/de\/nassrasur\/rasieroel\/\"><\/a><div class=\"gb-inside-container\"><\/div><\/div>\n\n<div class=\"gb-container gb-container-b92f6c57\"><div class=\"gb-inside-container\">\n\n<h4 class=\"gb-headline gb-headline-670b3629 gb-headline-text\">Rasier\u00f6l richtig verwenden<\/h4>\n\n\n\n<p class=\"gb-headline gb-headline-b32fbf8b gb-headline-text\">Neben Rasierschaum, Rasiergel und Rasierseife ist Rasier\u00f6l ein weiteres Produkt, um die Haare auf die Rasur vorzubereiten. Warum aber Rasier\u00f6l verwenden? Welche Vorteile hat Rasier\u00f6l, dass seit ein paar Jahren einen Aufschwung erlebt, gegen\u00fcber den anderen Produkten f\u00fcr die Nassrasur?<\/p>\n\n\n<div class=\"gb-button-wrapper gb-button-wrapper-8ce380ed\">\n\n<a class=\"gb-button gb-button-ccdc72bf gb-button-text\" href=\"https:\/\/nashvilleknifeshop.com\/de\/nassrasur\/rasieroel\/\">MEHR ERFAHREN<\/a>\n\n<\/div>\n<\/div><\/div>\n<\/div><\/div><\/div>\n\n<div class=\"gb-grid-column gb-grid-column-22700866\"><div class=\"gb-container gb-container-22700866\"><div class=\"gb-inside-container\">\n<div class=\"gb-container gb-container-4b68c7c7\"><a class=\"gb-container-link\" href=\"https:\/\/nashvilleknifeshop.com\/de\/nassrasur\/nassrasur-maenner\/\"><\/a><div class=\"gb-inside-container\"><\/div><\/div>\n\n<div class=\"gb-container gb-container-0778e48a\"><div class=\"gb-inside-container\">\n\n<h4 class=\"gb-headline gb-headline-565804fc gb-headline-text\">Was macht den besten Nassrasierer aus?<\/h4>\n\n\n\n<p class=\"gb-headline gb-headline-422e89b7 gb-headline-text\">Die Ausstattungen bester Nassrasierer sind unterschiedlich. In der Regel besitzen sie einen Rasierkopf mit zwei bis sechs Klingen. Nur der Rasierhobel und der Eimalrasierer kommen mit einer Klinge aus, wobei es Einmalrasierer auch mit mehreren Klingen gibt. Wir zeigen, welches der beste Nassrasierer ist.<\/p>\n\n\n<div class=\"gb-button-wrapper gb-button-wrapper-e758ed5f\">\n\n<a class=\"gb-button gb-button-b9509e14 gb-button-text\" href=\"https:\/\/nashvilleknifeshop.com\/de\/nassrasur\/nassrasur-maenner\/\">MEHR ERFAHREN<\/a>\n\n<\/div>\n<\/div><\/div>\n<\/div><\/div><\/div>\n\n<div class=\"gb-grid-column gb-grid-column-243e369f\"><div class=\"gb-container gb-container-243e369f\"><div class=\"gb-inside-container\">\n<div class=\"gb-container gb-container-c09298c2\"><a class=\"gb-container-link\" href=\"https:\/\/nashvilleknifeshop.com\/de\/rasierzubehoer\/rasierpinsel\/\"><\/a><div class=\"gb-inside-container\"><\/div><\/div>\n\n<div class=\"gb-container gb-container-eb018cd5\"><div class=\"gb-inside-container\">\n\n<h4 class=\"gb-headline gb-headline-65eea431 gb-headline-text\">Den besten Rasierpinsel finden<\/h4>\n\n\n\n<p class=\"gb-headline gb-headline-fd1e92a4 gb-headline-text\">Den richtigen Rasierpinsel finden, das ist eine Kunst. W\u00e4hrend viele auf einen Rasierpinsel aus Dachshaar schw\u00f6ren, gibt es auch Rasierpinsel aus Kunsthaar, aus Echthaar oder Rasierpinsel mit Schweineborste. Sogar vegane Rasierpinsel werden angeboten. Jeder Rasierpinsel hat seine Vorteile.<\/p>\n\n\n<div class=\"gb-button-wrapper gb-button-wrapper-1c6ffe37\">\n\n<a class=\"gb-button gb-button-1d7cdd8d gb-button-text\" href=\"https:\/\/nashvilleknifeshop.com\/de\/rasierzubehoer\/rasierpinsel\/\">MEHR ERFAHREN<\/a>\n\n<\/div>\n<\/div><\/div>\n<\/div><\/div><\/div>\n<\/div>\n<\/div><\/div>","protected":false},"excerpt":{"rendered":"<p>SEI STOLZ AUF DEINEN BART NASHVILLE KNIFE SHOP PFLEGE DEINEN STYLE<\/p>\n","protected":false},"author":1,"featured_media":0,"parent":0,"menu_order":0,"comment_status":"closed","ping_status":"closed","template":"","meta":{"inline_featured_image":false,"footnotes":""},"class_list":["post-1039","page","type-page","status-publish"],"yoast_head":"<!-- This site is optimized with the Yoast SEO plugin v26.8 - https:\/\/yoast.com\/product\/yoast-seo-wordpress\/ -->\n<title>Nashville Knife Shop - Sei stolz auf deinen Bart!<\/title>\n<meta name=\"description\" content=\"Pflege deinen Bart. Hinterlass Eindruck. Und genau dabei wollen wir dich unterst\u00fctzen: F\u00fcr einen perfekten ersten Eindruck geben wir t\u00e4glich unser Bestes.\" \/>\n<meta name=\"robots\" content=\"index, follow, max-snippet:-1, max-image-preview:large, max-video-preview:-1\" \/>\n<link rel=\"canonical\" href=\"https:\/\/nashvilleknifeshop.com\/de\/\" \/>\n<meta property=\"og:locale\" content=\"de_DE\" \/>\n<meta property=\"og:type\" content=\"article\" \/>\n<meta property=\"og:title\" content=\"Nashville Knife Shop - Sei stolz auf deinen Bart!\" \/>\n<meta property=\"og:description\" content=\"Pflege deinen Bart. Hinterlass Eindruck. Und genau dabei wollen wir dich unterst\u00fctzen: F\u00fcr einen perfekten ersten Eindruck geben wir t\u00e4glich unser Bestes.\" \/>\n<meta property=\"og:url\" content=\"https:\/\/nashvilleknifeshop.com\/de\/\" \/>\n<meta property=\"og:site_name\" content=\"Deutsch\" \/>\n<meta property=\"article:modified_time\" content=\"2023-04-12T06:42:30+00:00\" \/>\n<meta property=\"og:image\" content=\"https:\/\/nashvilleknifeshop.com\/wp-content\/uploads\/2023\/03\/nashvilleknifeshop-logo-small.png\" \/>\n<meta name=\"twitter:card\" content=\"summary_large_image\" \/>\n<meta name=\"twitter:label1\" content=\"Gesch\u00e4tzte Lesezeit\" \/>\n\t<meta name=\"twitter:data1\" content=\"2\u00a0Minuten\" \/>\n<script type=\"application\/ld+json\" class=\"yoast-schema-graph\">{\"@context\":\"https:\/\/schema.org\",\"@graph\":[{\"@type\":\"WebPage\",\"@id\":\"https:\/\/nashvilleknifeshop.com\/de\/\",\"url\":\"https:\/\/nashvilleknifeshop.com\/de\/\",\"name\":\"Nashville Knife Shop - Sei stolz auf deinen Bart!\",\"isPartOf\":{\"@id\":\"https:\/\/nashvilleknifeshop.com\/de\/#website\"},\"primaryImageOfPage\":{\"@id\":\"https:\/\/nashvilleknifeshop.com\/de\/#primaryimage\"},\"image\":{\"@id\":\"https:\/\/nashvilleknifeshop.com\/de\/#primaryimage\"},\"thumbnailUrl\":\"https:\/\/nashvilleknifeshop.com\/wp-content\/uploads\/2023\/03\/nashvilleknifeshop-logo-small.png\",\"datePublished\":\"2023-03-27T14:54:38+00:00\",\"dateModified\":\"2023-04-12T06:42:30+00:00\",\"description\":\"Pflege deinen Bart. Hinterlass Eindruck. Und genau dabei wollen wir dich unterst\u00fctzen: F\u00fcr einen perfekten ersten Eindruck geben wir t\u00e4glich unser Bestes.\",\"breadcrumb\":{\"@id\":\"https:\/\/nashvilleknifeshop.com\/de\/#breadcrumb\"},\"inLanguage\":\"de\",\"potentialAction\":[{\"@type\":\"ReadAction\",\"target\":[\"https:\/\/nashvilleknifeshop.com\/de\/\"]}]},{\"@type\":\"ImageObject\",\"inLanguage\":\"de\",\"@id\":\"https:\/\/nashvilleknifeshop.com\/de\/#primaryimage\",\"url\":\"https:\/\/nashvilleknifeshop.com\/wp-content\/uploads\/2023\/03\/nashvilleknifeshop-logo-small.png\",\"contentUrl\":\"https:\/\/nashvilleknifeshop.com\/wp-content\/uploads\/2023\/03\/nashvilleknifeshop-logo-small.png\"},{\"@type\":\"BreadcrumbList\",\"@id\":\"https:\/\/nashvilleknifeshop.com\/de\/#breadcrumb\",\"itemListElement\":[{\"@type\":\"ListItem\",\"position\":1,\"name\":\"Home\",\"item\":\"https:\/\/nashvilleknifeshop.com\/de\/\"},{\"@type\":\"ListItem\",\"position\":2,\"name\":\"Home\"}]},{\"@type\":\"WebSite\",\"@id\":\"https:\/\/nashvilleknifeshop.com\/de\/#website\",\"url\":\"https:\/\/nashvilleknifeshop.com\/de\/\",\"name\":\"Deutsch\",\"description\":\"Just another nashvilleknifeshop Sites site\",\"publisher\":{\"@id\":\"https:\/\/nashvilleknifeshop.com\/de\/#organization\"},\"potentialAction\":[{\"@type\":\"SearchAction\",\"target\":{\"@type\":\"EntryPoint\",\"urlTemplate\":\"https:\/\/nashvilleknifeshop.com\/de\/?s={search_term_string}\"},\"query-input\":{\"@type\":\"PropertyValueSpecification\",\"valueRequired\":true,\"valueName\":\"search_term_string\"}}],\"inLanguage\":\"de\"},{\"@type\":\"Organization\",\"@id\":\"https:\/\/nashvilleknifeshop.com\/de\/#organization\",\"name\":\"Deutsch\",\"url\":\"https:\/\/nashvilleknifeshop.com\/de\/\",\"logo\":{\"@type\":\"ImageObject\",\"inLanguage\":\"de\",\"@id\":\"https:\/\/nashvilleknifeshop.com\/de\/#\/schema\/logo\/image\/\",\"url\":\"https:\/\/nashvilleknifeshop.com\/de\/wp-content\/uploads\/2023\/03\/cropped-favicon.png\",\"contentUrl\":\"https:\/\/nashvilleknifeshop.com\/de\/wp-content\/uploads\/2023\/03\/cropped-favicon.png\",\"width\":512,\"height\":512,\"caption\":\"Deutsch\"},\"image\":{\"@id\":\"https:\/\/nashvilleknifeshop.com\/de\/#\/schema\/logo\/image\/\"}}]}<\/script>\n<!-- \/ Yoast SEO plugin. -->","yoast_head_json":{"title":"Nashville Knife Shop - Sei stolz auf deinen Bart!","description":"Pflege deinen Bart. Hinterlass Eindruck. Und genau dabei wollen wir dich unterst\u00fctzen: F\u00fcr einen perfekten ersten Eindruck geben wir t\u00e4glich unser Bestes.","robots":{"index":"index","follow":"follow","max-snippet":"max-snippet:-1","max-image-preview":"max-image-preview:large","max-video-preview":"max-video-preview:-1"},"canonical":"https:\/\/nashvilleknifeshop.com\/de\/","og_locale":"de_DE","og_type":"article","og_title":"Nashville Knife Shop - Sei stolz auf deinen Bart!","og_description":"Pflege deinen Bart. Hinterlass Eindruck. Und genau dabei wollen wir dich unterst\u00fctzen: F\u00fcr einen perfekten ersten Eindruck geben wir t\u00e4glich unser Bestes.","og_url":"https:\/\/nashvilleknifeshop.com\/de\/","og_site_name":"Deutsch","article_modified_time":"2023-04-12T06:42:30+00:00","og_image":[{"url":"https:\/\/nashvilleknifeshop.com\/wp-content\/uploads\/2023\/03\/nashvilleknifeshop-logo-small.png","type":"","width":"","height":""}],"twitter_card":"summary_large_image","twitter_misc":{"Gesch\u00e4tzte Lesezeit":"2\u00a0Minuten"},"schema":{"@context":"https:\/\/schema.org","@graph":[{"@type":"WebPage","@id":"https:\/\/nashvilleknifeshop.com\/de\/","url":"https:\/\/nashvilleknifeshop.com\/de\/","name":"Nashville Knife Shop - Sei stolz auf deinen Bart!","isPartOf":{"@id":"https:\/\/nashvilleknifeshop.com\/de\/#website"},"primaryImageOfPage":{"@id":"https:\/\/nashvilleknifeshop.com\/de\/#primaryimage"},"image":{"@id":"https:\/\/nashvilleknifeshop.com\/de\/#primaryimage"},"thumbnailUrl":"https:\/\/nashvilleknifeshop.com\/wp-content\/uploads\/2023\/03\/nashvilleknifeshop-logo-small.png","datePublished":"2023-03-27T14:54:38+00:00","dateModified":"2023-04-12T06:42:30+00:00","description":"Pflege deinen Bart. Hinterlass Eindruck. Und genau dabei wollen wir dich unterst\u00fctzen: F\u00fcr einen perfekten ersten Eindruck geben wir t\u00e4glich unser Bestes.","breadcrumb":{"@id":"https:\/\/nashvilleknifeshop.com\/de\/#breadcrumb"},"inLanguage":"de","potentialAction":[{"@type":"ReadAction","target":["https:\/\/nashvilleknifeshop.com\/de\/"]}]},{"@type":"ImageObject","inLanguage":"de","@id":"https:\/\/nashvilleknifeshop.com\/de\/#primaryimage","url":"https:\/\/nashvilleknifeshop.com\/wp-content\/uploads\/2023\/03\/nashvilleknifeshop-logo-small.png","contentUrl":"https:\/\/nashvilleknifeshop.com\/wp-content\/uploads\/2023\/03\/nashvilleknifeshop-logo-small.png"},{"@type":"BreadcrumbList","@id":"https:\/\/nashvilleknifeshop.com\/de\/#breadcrumb","itemListElement":[{"@type":"ListItem","position":1,"name":"Home","item":"https:\/\/nashvilleknifeshop.com\/de\/"},{"@type":"ListItem","position":2,"name":"Home"}]},{"@type":"WebSite","@id":"https:\/\/nashvilleknifeshop.com\/de\/#website","url":"https:\/\/nashvilleknifeshop.com\/de\/","name":"Deutsch","description":"Just another nashvilleknifeshop Sites site","publisher":{"@id":"https:\/\/nashvilleknifeshop.com\/de\/#organization"},"potentialAction":[{"@type":"SearchAction","target":{"@type":"EntryPoint","urlTemplate":"https:\/\/nashvilleknifeshop.com\/de\/?s={search_term_string}"},"query-input":{"@type":"PropertyValueSpecification","valueRequired":true,"valueName":"search_term_string"}}],"inLanguage":"de"},{"@type":"Organization","@id":"https:\/\/nashvilleknifeshop.com\/de\/#organization","name":"Deutsch","url":"https:\/\/nashvilleknifeshop.com\/de\/","logo":{"@type":"ImageObject","inLanguage":"de","@id":"https:\/\/nashvilleknifeshop.com\/de\/#\/schema\/logo\/image\/","url":"https:\/\/nashvilleknifeshop.com\/de\/wp-content\/uploads\/2023\/03\/cropped-favicon.png","contentUrl":"https:\/\/nashvilleknifeshop.com\/de\/wp-content\/uploads\/2023\/03\/cropped-favicon.png","width":512,"height":512,"caption":"Deutsch"},"image":{"@id":"https:\/\/nashvilleknifeshop.com\/de\/#\/schema\/logo\/image\/"}}]}},"_links":{"self":[{"href":"https:\/\/nashvilleknifeshop.com\/de\/wp-json\/wp\/v2\/pages\/1039","targetHints":{"allow":["GET"]}}],"collection":[{"href":"https:\/\/nashvilleknifeshop.com\/de\/wp-json\/wp\/v2\/pages"}],"about":[{"href":"https:\/\/nashvilleknifeshop.com\/de\/wp-json\/wp\/v2\/types\/page"}],"author":[{"embeddable":true,"href":"https:\/\/nashvilleknifeshop.com\/de\/wp-json\/wp\/v2\/users\/1"}],"replies":[{"embeddable":true,"href":"https:\/\/nashvilleknifeshop.com\/de\/wp-json\/wp\/v2\/comments?post=1039"}],"version-history":[{"count":22,"href":"https:\/\/nashvilleknifeshop.com\/de\/wp-json\/wp\/v2\/pages\/1039\/revisions"}],"predecessor-version":[{"id":1329,"href":"https:\/\/nashvilleknifeshop.com\/de\/wp-json\/wp\/v2\/pages\/1039\/revisions\/1329"}],"wp:attachment":[{"href":"https:\/\/nashvilleknifeshop.com\/de\/wp-json\/wp\/v2\/media?parent=1039"}],"curies":[{"name":"wp","href":"https:\/\/api.w.org\/{rel}","templated":true}]}}