{"id":1035,"date":"2023-03-27T13:25:55","date_gmt":"2023-03-27T13:25:55","guid":{"rendered":"https:\/\/nashvilleknifeshop.com\/de\/?page_id=1035"},"modified":"2023-05-28T06:42:13","modified_gmt":"2023-05-28T06:42:13","slug":"bildernachweis","status":"publish","type":"page","link":"https:\/\/nashvilleknifeshop.com\/de\/bildernachweis\/","title":{"rendered":"Bildernachweis"},"content":{"rendered":"<div class=\"gb-container gb-container-a68f7ee7\"><div class=\"gb-inside-container\">\n\n<p class=\"gb-headline gb-headline-da857073 icon-reversed\"><span class=\"gb-icon\"><svg viewBox=\"0 0 218.28 17.62\" xmlns=\"http:\/\/www.w3.org\/2000\/svg\" data-name=\"Capa 1\"><path d=\"M0 0h217.92v17.62H0z\"><\/path><\/svg><\/span><span class=\"gb-headline-text\">BILDERNACHWEIS<\/span><\/p>\n\n\n\n<p>Bei den Produkten zugeordneten Bildern handelt es sich ausschlie\u00dflich um Produktbilder, die die H\u00e4ndler im Rahmen des Amazon H\u00e4ndlerprogrammes den Produkten hinzugef\u00fcgt haben. F\u00fcr die Richtigkeit oder Abweichungen k\u00f6nnen wir keine Gew\u00e4hr \u00fcbernehmen.<\/p>\n\n\n\n<h3 class=\"wp-block-heading\">Stockfotos<\/h3>\n\n\n\n<ul class=\"wp-block-list\">\n<li><a href=\"https:\/\/nashvilleknifeshop.com\/\">Headerbild<\/a>, Datei-ID: 26998161, Urheberrecht: <a rel=\"nofollow\" href=\"https:\/\/de.depositphotos.com\/26998161\/stock-photo-handsome-men-for-shaving.html\">Depositfoto<\/a><\/li>\n\n\n\n<li><a href=\"https:\/\/nashvilleknifeshop.com\/\">Headerbild<\/a>, Datei-ID: 161543648, Urheberrecht: <a rel=\"nofollow\" href=\"https:\/\/de.depositphotos.com\/161543648\/stock-photo-barber-applying-foam-before-shaving.html\">Depositfoto<\/a><\/li>\n\n\n\n<li><a href=\"https:\/\/nashvilleknifeshop.com\/\">Headerbild<\/a>, Datei-ID: 126613826, Urheberrecht: <a rel=\"nofollow\" href=\"https:\/\/de.depositphotos.com\/126613826\/stock-photo-man-hipster-cutting-beard.html\">Tverdohlib.com<\/a><\/li>\n\n\n\n<li><a href=\"https:\/\/nashvilleknifeshop.com\/de\/rasierzubehoer\/rasierpinsel\/\">Rasierpinsel<\/a>, Datei-ID: 322069020, Urheberrecht: <a rel=\"nofollow\" href=\"https:\/\/de.depositphotos.com\/322069020\/stock-photo-close-barber-applying-shaving-cream.html\">VitalikRadko<\/a><\/li>\n\n\n\n<li><a href=\"https:\/\/nashvilleknifeshop.com\/de\/rasiermesser\/\">Rasiermesser<\/a>, Datei-ID: 161543790, Urheberrecht: <a rel=\"nofollow\" href=\"https:\/\/de.depositphotos.com\/161543790\/stock-photo-barber-shaving-customer.html\">SashaKhalabuzar<\/a><\/li>\n\n\n\n<li><a href=\"https:\/\/nashvilleknifeshop.com\/de\/rasierhobel\/\">Rasierhobel<\/a>, Datei-ID: 85018506, Urheberrecht: <a rel=\"nofollow\" href=\"https:\/\/de.depositphotos.com\/85018506\/stock-photo-man-with-tattoes-and-beard.html\">fxquadro<\/a><\/li>\n\n\n\n<li><a href=\"https:\/\/nashvilleknifeshop.com\/de\/frauen-rasierer\/\">Damenrasur<\/a>, Datei-ID: 413035762, Urheberrecht: <a rel=\"nofollow\" href=\"https:\/\/de.depositphotos.com\/413035762\/stock-photo-partial-view-woman-wearing-white.html\">IgorVetushko<\/a><\/li>\n\n\n\n<li><a href=\"https:\/\/nashvilleknifeshop.com\/de\/frauen-rasierer\/richtig-rasieren-damen\/\">So rasieren sich Frauen besser<\/a>, Datei-ID: 378560142, Urheberrecht: <a rel=\"nofollow\" href=\"https:\/\/de.depositphotos.com\/378560142\/stock-photo-woman-white-panties-shaves-her.html\">VGeorgiev<\/a><\/li>\n\n\n\n<li><a href=\"https:\/\/nashvilleknifeshop.com\/de\/nassrasur\/rasierschaum\/\">Rasierschaum<\/a>, Datei-ID: 104787926, Urheberrecht: <a rel=\"nofollow\" href=\"https:\/\/de.depositphotos.com\/104787926\/stock-photo-man-applying-shaving-foam-on.html\">Wavebreakmedia<\/a><\/li>\n\n\n\n<li><a href=\"https:\/\/nashvilleknifeshop.com\/de\/nassrasur\/rasieroel\/\">Rasier\u00f6l<\/a>, Datei-ID: 274325618, Urheberrecht: <a rel=\"nofollow\" href=\"https:\/\/de.depositphotos.com\/274325618\/stock-photo-personal-care-bearded-mature-hipster.html\">stetsik<\/a><\/li>\n\n\n\n<li><a href=\"https:\/\/nashvilleknifeshop.com\/de\/nassrasur\/rasiergel\/\">Rasiergel f\u00fcr die Nassrasur<\/a>, Datei-ID: 224339630, Urheberrecht: <a rel=\"nofollow\" href=\"https:\/\/de.depositphotos.com\/224339630\/stock-photo-mature-man-using-cosmetics-for.html\">yacobchuk1<\/a><\/li>\n\n\n\n<li><a href=\"https:\/\/nashvilleknifeshop.com\/de\/nassrasur\/rasierseife\/\">Die beste Rasierseife finden<\/a>, Datei-ID: 55197353, Urheberrecht: <a rel=\"nofollow\" href=\"https:\/\/de.depositphotos.com\/55197353\/stock-photo-young-man-shaving.html\">beornbjorn<\/a><\/li>\n\n\n\n<li><a href=\"https:\/\/nashvilleknifeshop.com\/de\/rasierzubehoer\/rasierschale\/\">Brauche ich eine Rasierschale?<\/a>, Datei-ID: 55197353, Urheberrecht: <a rel=\"nofollow\" href=\"https:\/\/de.depositphotos.com\/92517806\/stock-photo-vintage-shaving-equipment-on-blue.html\">Gutzemberg<\/a><\/li>\n<\/ul>\n\n\n\n<h3 class=\"wp-block-heading\">Blog<\/h3>\n\n\n\n<ul class=\"wp-block-list\">\n<li><a href=\"https:\/\/nashvilleknifeshop.com\/de\/blog\/sechs-tipps-zur-perfekten-rasur\/\">Mit sechs einfachen Tipps zur perfekten Rasur<\/a>, Datei-ID: 26998167, Urheberrecht: <a rel=\"nofollow\" href=\"https:\/\/de.depositphotos.com\/26998167\/stock-photo-handsome-man-with-a-shaved.html\">Dualshock<\/a><\/li>\n\n\n\n<li><a href=\"https:\/\/nashvilleknifeshop.com\/de\/blog\/so-rasieren-sie-sich-richtig\/\">So rasieren Sie sich richtig!<\/a>, Datei-ID: 169732326, Urheberrecht: <a href=\"https:\/\/de.depositphotos.com\/169732326\/stock-photo-man-shaving-with-ax.html\" rel=\"nofollow\">DmitryPoch<\/a><\/li>\n\n\n\n<li><a href=\"https:\/\/nashvilleknifeshop.com\/de\/blog\/soll-man-das-rasiermesser-vor-der-rasur-anfeuchten\/\">Soll man das Rasiermesser vor der Rasur anfeuchten?<\/a>, Datei-ID: 247236424, Urheberrecht: <a href=\"https:\/\/de.depositphotos.com\/247236424\/stock-photo-close-young-man-washing-his.html\" rel=\"nofollow\">DragonImages<\/a><\/li>\n\n\n\n<li><a href=\"https:\/\/nashvilleknifeshop.com\/de\/blog\/wie-lange-dauert-eine-nassrasur\/\">Wie lange dauert eine Nassrasur?<\/a>, Datei-ID: 85166088, Urheberrecht: <a href=\"https:\/\/de.depositphotos.com\/85166088\/stock-photo-man-shaving-with-razor.html\" rel=\"nofollow\">Voyagerix<\/a><\/li>\n\n\n\n<li><a href=\"https:\/\/nashvilleknifeshop.com\/de\/blog\/wie-oft-sollten-sich-maenner-rasieren\/\">Wie oft sollten sich M\u00e4nner rasieren?<\/a>, Datei-ID: 4179797, Urheberrecht: <a href=\"https:\/\/de.depositphotos.com\/4179797\/stock-photo-handsome-man-shaving.html\" rel=\"nofollow\">krivenko<\/a><\/li>\n\n\n\n<li><a href=\"https:\/\/nashvilleknifeshop.com\/de\/blog\/wie-lange-haelt-die-klinge-meines-sicherheitsrasierers\/\">Wie lange h\u00e4lt die Klinge meines Sicherheitsrasierers?<\/a>, Datei-ID: 646554800, Urheberrecht: <a href=\"https:\/\/de.depositphotos.com\/646554800\/stock-photo-young-man-shaving-home.html\" rel=\"nofollow\">Elnur_<\/a><\/li>\n<\/ul>\n\n<\/div><\/div>","protected":false},"excerpt":{"rendered":"<p>BILDERNACHWEIS Bei den Produkten zugeordneten Bildern handelt es sich ausschlie\u00dflich um Produktbilder, die die H\u00e4ndler im Rahmen des Amazon H\u00e4ndlerprogrammes den Produkten hinzugef\u00fcgt haben. F\u00fcr &#8230; <a title=\"Bildernachweis\" class=\"read-more\" href=\"https:\/\/nashvilleknifeshop.com\/de\/bildernachweis\/\" aria-label=\"Mehr Informationen \u00fcber Bildernachweis\">Weiterlesen &#8230;<\/a><\/p>\n","protected":false},"author":1,"featured_media":0,"parent":0,"menu_order":0,"comment_status":"closed","ping_status":"closed","template":"","meta":{"inline_featured_image":false,"footnotes":""},"class_list":["post-1035","page","type-page","status-publish"],"yoast_head":"<!-- This site is optimized with the Yoast SEO plugin v26.8 - https:\/\/yoast.com\/product\/yoast-seo-wordpress\/ -->\n<title>Bildernachweis - Deutsch<\/title>\n<meta name=\"robots\" content=\"index, follow, max-snippet:-1, max-image-preview:large, max-video-preview:-1\" \/>\n<link rel=\"canonical\" href=\"https:\/\/nashvilleknifeshop.com\/de\/bildernachweis\/\" \/>\n<meta property=\"og:locale\" content=\"de_DE\" \/>\n<meta property=\"og:type\" content=\"article\" \/>\n<meta property=\"og:title\" content=\"Bildernachweis - Deutsch\" \/>\n<meta property=\"og:description\" content=\"BILDERNACHWEIS Bei den Produkten zugeordneten Bildern handelt es sich ausschlie\u00dflich um Produktbilder, die die H\u00e4ndler im Rahmen des Amazon H\u00e4ndlerprogrammes den Produkten hinzugef\u00fcgt haben. F\u00fcr ... Weiterlesen ...\" \/>\n<meta property=\"og:url\" content=\"https:\/\/nashvilleknifeshop.com\/de\/bildernachweis\/\" \/>\n<meta property=\"og:site_name\" content=\"Deutsch\" \/>\n<meta property=\"article:modified_time\" content=\"2023-05-28T06:42:13+00:00\" \/>\n<meta name=\"twitter:card\" content=\"summary_large_image\" \/>\n<meta name=\"twitter:label1\" content=\"Gesch\u00e4tzte Lesezeit\" \/>\n\t<meta name=\"twitter:data1\" content=\"1\u00a0Minute\" \/>\n<script type=\"application\/ld+json\" class=\"yoast-schema-graph\">{\"@context\":\"https:\/\/schema.org\",\"@graph\":[{\"@type\":\"WebPage\",\"@id\":\"https:\/\/nashvilleknifeshop.com\/de\/bildernachweis\/\",\"url\":\"https:\/\/nashvilleknifeshop.com\/de\/bildernachweis\/\",\"name\":\"Bildernachweis - Deutsch\",\"isPartOf\":{\"@id\":\"https:\/\/nashvilleknifeshop.com\/de\/#website\"},\"datePublished\":\"2023-03-27T13:25:55+00:00\",\"dateModified\":\"2023-05-28T06:42:13+00:00\",\"breadcrumb\":{\"@id\":\"https:\/\/nashvilleknifeshop.com\/de\/bildernachweis\/#breadcrumb\"},\"inLanguage\":\"de\",\"potentialAction\":[{\"@type\":\"ReadAction\",\"target\":[\"https:\/\/nashvilleknifeshop.com\/de\/bildernachweis\/\"]}]},{\"@type\":\"BreadcrumbList\",\"@id\":\"https:\/\/nashvilleknifeshop.com\/de\/bildernachweis\/#breadcrumb\",\"itemListElement\":[{\"@type\":\"ListItem\",\"position\":1,\"name\":\"Home\",\"item\":\"https:\/\/nashvilleknifeshop.com\/de\/\"},{\"@type\":\"ListItem\",\"position\":2,\"name\":\"Bildernachweis\"}]},{\"@type\":\"WebSite\",\"@id\":\"https:\/\/nashvilleknifeshop.com\/de\/#website\",\"url\":\"https:\/\/nashvilleknifeshop.com\/de\/\",\"name\":\"Deutsch\",\"description\":\"Just another nashvilleknifeshop Sites site\",\"publisher\":{\"@id\":\"https:\/\/nashvilleknifeshop.com\/de\/#organization\"},\"potentialAction\":[{\"@type\":\"SearchAction\",\"target\":{\"@type\":\"EntryPoint\",\"urlTemplate\":\"https:\/\/nashvilleknifeshop.com\/de\/?s={search_term_string}\"},\"query-input\":{\"@type\":\"PropertyValueSpecification\",\"valueRequired\":true,\"valueName\":\"search_term_string\"}}],\"inLanguage\":\"de\"},{\"@type\":\"Organization\",\"@id\":\"https:\/\/nashvilleknifeshop.com\/de\/#organization\",\"name\":\"Deutsch\",\"url\":\"https:\/\/nashvilleknifeshop.com\/de\/\",\"logo\":{\"@type\":\"ImageObject\",\"inLanguage\":\"de\",\"@id\":\"https:\/\/nashvilleknifeshop.com\/de\/#\/schema\/logo\/image\/\",\"url\":\"https:\/\/nashvilleknifeshop.com\/de\/wp-content\/uploads\/2023\/03\/cropped-favicon.png\",\"contentUrl\":\"https:\/\/nashvilleknifeshop.com\/de\/wp-content\/uploads\/2023\/03\/cropped-favicon.png\",\"width\":512,\"height\":512,\"caption\":\"Deutsch\"},\"image\":{\"@id\":\"https:\/\/nashvilleknifeshop.com\/de\/#\/schema\/logo\/image\/\"}}]}<\/script>\n<!-- \/ Yoast SEO plugin. -->","yoast_head_json":{"title":"Bildernachweis - Deutsch","robots":{"index":"index","follow":"follow","max-snippet":"max-snippet:-1","max-image-preview":"max-image-preview:large","max-video-preview":"max-video-preview:-1"},"canonical":"https:\/\/nashvilleknifeshop.com\/de\/bildernachweis\/","og_locale":"de_DE","og_type":"article","og_title":"Bildernachweis - Deutsch","og_description":"BILDERNACHWEIS Bei den Produkten zugeordneten Bildern handelt es sich ausschlie\u00dflich um Produktbilder, die die H\u00e4ndler im Rahmen des Amazon H\u00e4ndlerprogrammes den Produkten hinzugef\u00fcgt haben. F\u00fcr ... Weiterlesen ...","og_url":"https:\/\/nashvilleknifeshop.com\/de\/bildernachweis\/","og_site_name":"Deutsch","article_modified_time":"2023-05-28T06:42:13+00:00","twitter_card":"summary_large_image","twitter_misc":{"Gesch\u00e4tzte Lesezeit":"1\u00a0Minute"},"schema":{"@context":"https:\/\/schema.org","@graph":[{"@type":"WebPage","@id":"https:\/\/nashvilleknifeshop.com\/de\/bildernachweis\/","url":"https:\/\/nashvilleknifeshop.com\/de\/bildernachweis\/","name":"Bildernachweis - Deutsch","isPartOf":{"@id":"https:\/\/nashvilleknifeshop.com\/de\/#website"},"datePublished":"2023-03-27T13:25:55+00:00","dateModified":"2023-05-28T06:42:13+00:00","breadcrumb":{"@id":"https:\/\/nashvilleknifeshop.com\/de\/bildernachweis\/#breadcrumb"},"inLanguage":"de","potentialAction":[{"@type":"ReadAction","target":["https:\/\/nashvilleknifeshop.com\/de\/bildernachweis\/"]}]},{"@type":"BreadcrumbList","@id":"https:\/\/nashvilleknifeshop.com\/de\/bildernachweis\/#breadcrumb","itemListElement":[{"@type":"ListItem","position":1,"name":"Home","item":"https:\/\/nashvilleknifeshop.com\/de\/"},{"@type":"ListItem","position":2,"name":"Bildernachweis"}]},{"@type":"WebSite","@id":"https:\/\/nashvilleknifeshop.com\/de\/#website","url":"https:\/\/nashvilleknifeshop.com\/de\/","name":"Deutsch","description":"Just another nashvilleknifeshop Sites site","publisher":{"@id":"https:\/\/nashvilleknifeshop.com\/de\/#organization"},"potentialAction":[{"@type":"SearchAction","target":{"@type":"EntryPoint","urlTemplate":"https:\/\/nashvilleknifeshop.com\/de\/?s={search_term_string}"},"query-input":{"@type":"PropertyValueSpecification","valueRequired":true,"valueName":"search_term_string"}}],"inLanguage":"de"},{"@type":"Organization","@id":"https:\/\/nashvilleknifeshop.com\/de\/#organization","name":"Deutsch","url":"https:\/\/nashvilleknifeshop.com\/de\/","logo":{"@type":"ImageObject","inLanguage":"de","@id":"https:\/\/nashvilleknifeshop.com\/de\/#\/schema\/logo\/image\/","url":"https:\/\/nashvilleknifeshop.com\/de\/wp-content\/uploads\/2023\/03\/cropped-favicon.png","contentUrl":"https:\/\/nashvilleknifeshop.com\/de\/wp-content\/uploads\/2023\/03\/cropped-favicon.png","width":512,"height":512,"caption":"Deutsch"},"image":{"@id":"https:\/\/nashvilleknifeshop.com\/de\/#\/schema\/logo\/image\/"}}]}},"_links":{"self":[{"href":"https:\/\/nashvilleknifeshop.com\/de\/wp-json\/wp\/v2\/pages\/1035","targetHints":{"allow":["GET"]}}],"collection":[{"href":"https:\/\/nashvilleknifeshop.com\/de\/wp-json\/wp\/v2\/pages"}],"about":[{"href":"https:\/\/nashvilleknifeshop.com\/de\/wp-json\/wp\/v2\/types\/page"}],"author":[{"embeddable":true,"href":"https:\/\/nashvilleknifeshop.com\/de\/wp-json\/wp\/v2\/users\/1"}],"replies":[{"embeddable":true,"href":"https:\/\/nashvilleknifeshop.com\/de\/wp-json\/wp\/v2\/comments?post=1035"}],"version-history":[{"count":10,"href":"https:\/\/nashvilleknifeshop.com\/de\/wp-json\/wp\/v2\/pages\/1035\/revisions"}],"predecessor-version":[{"id":1370,"href":"https:\/\/nashvilleknifeshop.com\/de\/wp-json\/wp\/v2\/pages\/1035\/revisions\/1370"}],"wp:attachment":[{"href":"https:\/\/nashvilleknifeshop.com\/de\/wp-json\/wp\/v2\/media?parent=1035"}],"curies":[{"name":"wp","href":"https:\/\/api.w.org\/{rel}","templated":true}]}}