{"id":1025,"date":"2023-03-27T13:08:05","date_gmt":"2023-03-27T13:08:05","guid":{"rendered":"https:\/\/nashvilleknifeshop.com\/de\/?page_id=1025"},"modified":"2023-04-12T06:50:34","modified_gmt":"2023-04-12T06:50:34","slug":"rasierzubehoer","status":"publish","type":"page","link":"https:\/\/nashvilleknifeshop.com\/de\/rasierzubehoer\/","title":{"rendered":"Rasierzubeh\u00f6r"},"content":{"rendered":"<div class=\"gb-container gb-container-a68f7ee7\"><div class=\"gb-inside-container\">\n\n<p class=\"gb-headline gb-headline-da857073 icon-reversed\"><span class=\"gb-icon\"><svg viewBox=\"0 0 218.28 17.62\" xmlns=\"http:\/\/www.w3.org\/2000\/svg\" data-name=\"Capa 1\"><path d=\"M0 0h217.92v17.62H0z\"><\/path><\/svg><\/span><span class=\"gb-headline-text\">WICHTIGES RASIERZUBEH\u00d6R<\/span><\/p>\n\n<\/div><\/div>\n\n<div class=\"gb-container gb-container-72aaaf6c\"><div class=\"gb-inside-container\">\n<div class=\"gb-grid-wrapper gb-grid-wrapper-97dd5751\">\n<div class=\"gb-grid-column gb-grid-column-cfc59179\"><div class=\"gb-container gb-container-cfc59179\"><div class=\"gb-inside-container\">\n<a class=\"gb-container gb-container-989de8ad\" href=\"https:\/\/nashvilleknifeshop.com\/de\/rasierzubehoer\/rasierschale\/\"><div class=\"gb-inside-container\"><\/div><\/a>\n\n<div class=\"gb-container gb-container-4adb3d94\"><div class=\"gb-inside-container\">\n\n<h4 class=\"gb-headline gb-headline-9f7a434d gb-headline-text\">Brauche ich eine Rasierschale?<\/h4>\n\n\n\n<p class=\"gb-headline gb-headline-e8b326cd gb-headline-text\">Wer sich nass rasiert und dazu Rasierseife nutzt, der kommt nicht ohne eine Rasierschale aus. Nach alter Tradition wird der Rasierschaum dann gleichm\u00e4\u00dfig in der Rasierschale aufgeschlagen. Stilvoller rasieren Sie sich jedoch mit einer sch\u00f6nen Rasierschale aus Keramik, Porzellan oder Holz. Selbst aufgeschlagener Rasierschaum aus der Rasierschale ist cremiger als Rasierschaum aus der Dose.<\/p>\n\n\n<div class=\"gb-button-wrapper gb-button-wrapper-4c966cca\">\n\n<a class=\"gb-button gb-button-fe56df04 gb-button-text\" href=\"https:\/\/nashvilleknifeshop.com\/de\/rasierzubehoer\/rasierschale\/\">MEHR ERFAHREN<\/a>\n\n<\/div>\n<\/div><\/div>\n<\/div><\/div><\/div>\n\n<div class=\"gb-grid-column gb-grid-column-7d7743f8\"><div class=\"gb-container gb-container-7d7743f8\"><div class=\"gb-inside-container\">\n<a class=\"gb-container gb-container-74988aa5\" href=\"https:\/\/nashvilleknifeshop.com\/de\/nassrasur\/rasierschaum\/\"><div class=\"gb-inside-container\"><\/div><\/a>\n\n<div class=\"gb-container gb-container-348b2423\"><div class=\"gb-inside-container\">\n\n<h4 class=\"gb-headline gb-headline-b1827398 gb-headline-text\">Rasierschaum \u2013 ein Multitalent<\/h4>\n\n\n\n<p class=\"gb-headline gb-headline-70170f97 gb-headline-text\">Die Nassrasur ohne Rasierschaum ist undenkbar, denn Rasierschaum verbessert die Gleiteigenschaften der Rasierklinge, sodass die Haut bei der Rasur weniger gereizt wird. Rasierschaum enth\u00e4lt Pflegestoffe, die der Haut Feuchtigkeit schenken, denn jede Rasur ist im Gesicht wie ein kleines Peeling.<\/p>\n\n\n<div class=\"gb-button-wrapper gb-button-wrapper-41cf8c85\">\n\n<a class=\"gb-button gb-button-7c6ddbc0 gb-button-text\" href=\"https:\/\/nashvilleknifeshop.com\/de\/nassrasur\/rasierschaum\/\">MEHR ERFAHREN<\/a>\n\n<\/div>\n<\/div><\/div>\n<\/div><\/div><\/div>\n\n<div class=\"gb-grid-column gb-grid-column-dbb32930\"><div class=\"gb-container gb-container-dbb32930\"><div class=\"gb-inside-container\">\n<a class=\"gb-container gb-container-bec2e3db\" href=\"https:\/\/nashvilleknifeshop.com\/de\/rasierzubehoer\/rasierpinsel\/\"><div class=\"gb-inside-container\"><\/div><\/a>\n\n<div class=\"gb-container gb-container-3757e8a6\"><div class=\"gb-inside-container\">\n\n<h4 class=\"gb-headline gb-headline-d7767cef gb-headline-text\">Den besten Rasierpinsel finden<\/h4>\n\n\n\n<p class=\"gb-headline gb-headline-95cbf062 gb-headline-text\">Den richtigen Rasierpinsel finden, das ist eine Kunst. W\u00e4hrend viele auf einen Rasierpinsel aus Dachshaar schw\u00f6ren, gibt es auch Rasierpinsel aus Kunsthaar, aus Echthaar oder Rasierpinsel mit Schweineborste. Sogar vegane Rasierpinsel werden angeboten. Jeder Rasierpinsel hat seine Vorteile.<\/p>\n\n\n<div class=\"gb-button-wrapper gb-button-wrapper-cba0a28b\">\n\n<a class=\"gb-button gb-button-60fbd9dc gb-button-text\" href=\"https:\/\/nashvilleknifeshop.com\/de\/rasierzubehoer\/rasierpinsel\/\">MEHR ERFAHREN<\/a>\n\n<\/div>\n<\/div><\/div>\n<\/div><\/div><\/div>\n<\/div>\n<\/div><\/div>","protected":false},"excerpt":{"rendered":"<p>WICHTIGES RASIERZUBEH\u00d6R<\/p>\n","protected":false},"author":1,"featured_media":36,"parent":0,"menu_order":0,"comment_status":"closed","ping_status":"closed","template":"","meta":{"inline_featured_image":false,"footnotes":""},"class_list":["post-1025","page","type-page","status-publish","has-post-thumbnail"],"yoast_head":"<!-- This site is optimized with the Yoast SEO plugin v26.8 - https:\/\/yoast.com\/product\/yoast-seo-wordpress\/ -->\n<title>Optimale Nassrasur: Wichtiges Rasierzubeh\u00f6r<\/title>\n<meta name=\"description\" content=\"Die Nassrasur ist ohne Rasierschaum undenkbar. Aber auch eine Rasierschale und ein Rasierpinsel geh\u00f6rt zum sinnvollen Rasierzubeh\u00f6r.\" \/>\n<meta name=\"robots\" content=\"index, follow, max-snippet:-1, max-image-preview:large, max-video-preview:-1\" \/>\n<link rel=\"canonical\" href=\"https:\/\/nashvilleknifeshop.com\/de\/rasierzubehoer\/\" \/>\n<meta property=\"og:locale\" content=\"de_DE\" \/>\n<meta property=\"og:type\" content=\"article\" \/>\n<meta property=\"og:title\" content=\"Optimale Nassrasur: Wichtiges Rasierzubeh\u00f6r\" \/>\n<meta property=\"og:description\" content=\"Die Nassrasur ist ohne Rasierschaum undenkbar. Aber auch eine Rasierschale und ein Rasierpinsel geh\u00f6rt zum sinnvollen Rasierzubeh\u00f6r.\" \/>\n<meta property=\"og:url\" content=\"https:\/\/nashvilleknifeshop.com\/de\/rasierzubehoer\/\" \/>\n<meta property=\"og:site_name\" content=\"Deutsch\" \/>\n<meta property=\"article:modified_time\" content=\"2023-04-12T06:50:34+00:00\" \/>\n<meta name=\"twitter:card\" content=\"summary_large_image\" \/>\n<meta name=\"twitter:label1\" content=\"Gesch\u00e4tzte Lesezeit\" \/>\n\t<meta name=\"twitter:data1\" content=\"1\u00a0Minute\" \/>\n<script type=\"application\/ld+json\" class=\"yoast-schema-graph\">{\"@context\":\"https:\/\/schema.org\",\"@graph\":[{\"@type\":\"WebPage\",\"@id\":\"https:\/\/nashvilleknifeshop.com\/de\/rasierzubehoer\/\",\"url\":\"https:\/\/nashvilleknifeshop.com\/de\/rasierzubehoer\/\",\"name\":\"Optimale Nassrasur: Wichtiges Rasierzubeh\u00f6r\",\"isPartOf\":{\"@id\":\"https:\/\/nashvilleknifeshop.com\/de\/#website\"},\"primaryImageOfPage\":{\"@id\":\"https:\/\/nashvilleknifeshop.com\/de\/rasierzubehoer\/#primaryimage\"},\"image\":{\"@id\":\"https:\/\/nashvilleknifeshop.com\/de\/rasierzubehoer\/#primaryimage\"},\"thumbnailUrl\":\"https:\/\/nashvilleknifeshop.com\/de\/wp-content\/uploads\/2023\/03\/shaving-bowl.jpg\",\"datePublished\":\"2023-03-27T13:08:05+00:00\",\"dateModified\":\"2023-04-12T06:50:34+00:00\",\"description\":\"Die Nassrasur ist ohne Rasierschaum undenkbar. Aber auch eine Rasierschale und ein Rasierpinsel geh\u00f6rt zum sinnvollen Rasierzubeh\u00f6r.\",\"breadcrumb\":{\"@id\":\"https:\/\/nashvilleknifeshop.com\/de\/rasierzubehoer\/#breadcrumb\"},\"inLanguage\":\"de\",\"potentialAction\":[{\"@type\":\"ReadAction\",\"target\":[\"https:\/\/nashvilleknifeshop.com\/de\/rasierzubehoer\/\"]}]},{\"@type\":\"ImageObject\",\"inLanguage\":\"de\",\"@id\":\"https:\/\/nashvilleknifeshop.com\/de\/rasierzubehoer\/#primaryimage\",\"url\":\"https:\/\/nashvilleknifeshop.com\/de\/wp-content\/uploads\/2023\/03\/shaving-bowl.jpg\",\"contentUrl\":\"https:\/\/nashvilleknifeshop.com\/de\/wp-content\/uploads\/2023\/03\/shaving-bowl.jpg\"},{\"@type\":\"BreadcrumbList\",\"@id\":\"https:\/\/nashvilleknifeshop.com\/de\/rasierzubehoer\/#breadcrumb\",\"itemListElement\":[{\"@type\":\"ListItem\",\"position\":1,\"name\":\"Home\",\"item\":\"https:\/\/nashvilleknifeshop.com\/de\/\"},{\"@type\":\"ListItem\",\"position\":2,\"name\":\"Rasierzubeh\u00f6r\"}]},{\"@type\":\"WebSite\",\"@id\":\"https:\/\/nashvilleknifeshop.com\/de\/#website\",\"url\":\"https:\/\/nashvilleknifeshop.com\/de\/\",\"name\":\"Deutsch\",\"description\":\"Just another nashvilleknifeshop Sites site\",\"publisher\":{\"@id\":\"https:\/\/nashvilleknifeshop.com\/de\/#organization\"},\"potentialAction\":[{\"@type\":\"SearchAction\",\"target\":{\"@type\":\"EntryPoint\",\"urlTemplate\":\"https:\/\/nashvilleknifeshop.com\/de\/?s={search_term_string}\"},\"query-input\":{\"@type\":\"PropertyValueSpecification\",\"valueRequired\":true,\"valueName\":\"search_term_string\"}}],\"inLanguage\":\"de\"},{\"@type\":\"Organization\",\"@id\":\"https:\/\/nashvilleknifeshop.com\/de\/#organization\",\"name\":\"Deutsch\",\"url\":\"https:\/\/nashvilleknifeshop.com\/de\/\",\"logo\":{\"@type\":\"ImageObject\",\"inLanguage\":\"de\",\"@id\":\"https:\/\/nashvilleknifeshop.com\/de\/#\/schema\/logo\/image\/\",\"url\":\"https:\/\/nashvilleknifeshop.com\/de\/wp-content\/uploads\/2023\/03\/cropped-favicon.png\",\"contentUrl\":\"https:\/\/nashvilleknifeshop.com\/de\/wp-content\/uploads\/2023\/03\/cropped-favicon.png\",\"width\":512,\"height\":512,\"caption\":\"Deutsch\"},\"image\":{\"@id\":\"https:\/\/nashvilleknifeshop.com\/de\/#\/schema\/logo\/image\/\"}}]}<\/script>\n<!-- \/ Yoast SEO plugin. -->","yoast_head_json":{"title":"Optimale Nassrasur: Wichtiges Rasierzubeh\u00f6r","description":"Die Nassrasur ist ohne Rasierschaum undenkbar. Aber auch eine Rasierschale und ein Rasierpinsel geh\u00f6rt zum sinnvollen Rasierzubeh\u00f6r.","robots":{"index":"index","follow":"follow","max-snippet":"max-snippet:-1","max-image-preview":"max-image-preview:large","max-video-preview":"max-video-preview:-1"},"canonical":"https:\/\/nashvilleknifeshop.com\/de\/rasierzubehoer\/","og_locale":"de_DE","og_type":"article","og_title":"Optimale Nassrasur: Wichtiges Rasierzubeh\u00f6r","og_description":"Die Nassrasur ist ohne Rasierschaum undenkbar. Aber auch eine Rasierschale und ein Rasierpinsel geh\u00f6rt zum sinnvollen Rasierzubeh\u00f6r.","og_url":"https:\/\/nashvilleknifeshop.com\/de\/rasierzubehoer\/","og_site_name":"Deutsch","article_modified_time":"2023-04-12T06:50:34+00:00","twitter_card":"summary_large_image","twitter_misc":{"Gesch\u00e4tzte Lesezeit":"1\u00a0Minute"},"schema":{"@context":"https:\/\/schema.org","@graph":[{"@type":"WebPage","@id":"https:\/\/nashvilleknifeshop.com\/de\/rasierzubehoer\/","url":"https:\/\/nashvilleknifeshop.com\/de\/rasierzubehoer\/","name":"Optimale Nassrasur: Wichtiges Rasierzubeh\u00f6r","isPartOf":{"@id":"https:\/\/nashvilleknifeshop.com\/de\/#website"},"primaryImageOfPage":{"@id":"https:\/\/nashvilleknifeshop.com\/de\/rasierzubehoer\/#primaryimage"},"image":{"@id":"https:\/\/nashvilleknifeshop.com\/de\/rasierzubehoer\/#primaryimage"},"thumbnailUrl":"https:\/\/nashvilleknifeshop.com\/de\/wp-content\/uploads\/2023\/03\/shaving-bowl.jpg","datePublished":"2023-03-27T13:08:05+00:00","dateModified":"2023-04-12T06:50:34+00:00","description":"Die Nassrasur ist ohne Rasierschaum undenkbar. Aber auch eine Rasierschale und ein Rasierpinsel geh\u00f6rt zum sinnvollen Rasierzubeh\u00f6r.","breadcrumb":{"@id":"https:\/\/nashvilleknifeshop.com\/de\/rasierzubehoer\/#breadcrumb"},"inLanguage":"de","potentialAction":[{"@type":"ReadAction","target":["https:\/\/nashvilleknifeshop.com\/de\/rasierzubehoer\/"]}]},{"@type":"ImageObject","inLanguage":"de","@id":"https:\/\/nashvilleknifeshop.com\/de\/rasierzubehoer\/#primaryimage","url":"https:\/\/nashvilleknifeshop.com\/de\/wp-content\/uploads\/2023\/03\/shaving-bowl.jpg","contentUrl":"https:\/\/nashvilleknifeshop.com\/de\/wp-content\/uploads\/2023\/03\/shaving-bowl.jpg"},{"@type":"BreadcrumbList","@id":"https:\/\/nashvilleknifeshop.com\/de\/rasierzubehoer\/#breadcrumb","itemListElement":[{"@type":"ListItem","position":1,"name":"Home","item":"https:\/\/nashvilleknifeshop.com\/de\/"},{"@type":"ListItem","position":2,"name":"Rasierzubeh\u00f6r"}]},{"@type":"WebSite","@id":"https:\/\/nashvilleknifeshop.com\/de\/#website","url":"https:\/\/nashvilleknifeshop.com\/de\/","name":"Deutsch","description":"Just another nashvilleknifeshop Sites site","publisher":{"@id":"https:\/\/nashvilleknifeshop.com\/de\/#organization"},"potentialAction":[{"@type":"SearchAction","target":{"@type":"EntryPoint","urlTemplate":"https:\/\/nashvilleknifeshop.com\/de\/?s={search_term_string}"},"query-input":{"@type":"PropertyValueSpecification","valueRequired":true,"valueName":"search_term_string"}}],"inLanguage":"de"},{"@type":"Organization","@id":"https:\/\/nashvilleknifeshop.com\/de\/#organization","name":"Deutsch","url":"https:\/\/nashvilleknifeshop.com\/de\/","logo":{"@type":"ImageObject","inLanguage":"de","@id":"https:\/\/nashvilleknifeshop.com\/de\/#\/schema\/logo\/image\/","url":"https:\/\/nashvilleknifeshop.com\/de\/wp-content\/uploads\/2023\/03\/cropped-favicon.png","contentUrl":"https:\/\/nashvilleknifeshop.com\/de\/wp-content\/uploads\/2023\/03\/cropped-favicon.png","width":512,"height":512,"caption":"Deutsch"},"image":{"@id":"https:\/\/nashvilleknifeshop.com\/de\/#\/schema\/logo\/image\/"}}]}},"_links":{"self":[{"href":"https:\/\/nashvilleknifeshop.com\/de\/wp-json\/wp\/v2\/pages\/1025","targetHints":{"allow":["GET"]}}],"collection":[{"href":"https:\/\/nashvilleknifeshop.com\/de\/wp-json\/wp\/v2\/pages"}],"about":[{"href":"https:\/\/nashvilleknifeshop.com\/de\/wp-json\/wp\/v2\/types\/page"}],"author":[{"embeddable":true,"href":"https:\/\/nashvilleknifeshop.com\/de\/wp-json\/wp\/v2\/users\/1"}],"replies":[{"embeddable":true,"href":"https:\/\/nashvilleknifeshop.com\/de\/wp-json\/wp\/v2\/comments?post=1025"}],"version-history":[{"count":14,"href":"https:\/\/nashvilleknifeshop.com\/de\/wp-json\/wp\/v2\/pages\/1025\/revisions"}],"predecessor-version":[{"id":1331,"href":"https:\/\/nashvilleknifeshop.com\/de\/wp-json\/wp\/v2\/pages\/1025\/revisions\/1331"}],"wp:featuredmedia":[{"embeddable":true,"href":"https:\/\/nashvilleknifeshop.com\/de\/wp-json\/wp\/v2\/pages\/36"}],"wp:attachment":[{"href":"https:\/\/nashvilleknifeshop.com\/de\/wp-json\/wp\/v2\/media?parent=1025"}],"curies":[{"name":"wp","href":"https:\/\/api.w.org\/{rel}","templated":true}]}}